{"id":1905,"date":"2023-02-06T18:43:35","date_gmt":"2023-02-06T17:43:35","guid":{"rendered":"https:\/\/siessen.org\/quem-somos\/"},"modified":"2024-04-11T14:39:44","modified_gmt":"2024-04-11T12:39:44","slug":"quem-somos","status":"publish","type":"page","link":"https:\/\/siessen.org\/pt-br\/quem-somos\/","title":{"rendered":"Quem somos"},"content":{"rendered":"<div class=\"wpb-content-wrapper\">[vc_row][vc_column]<div class=\"vcex-spacing wpex-w-100 wpex-clear\"><\/div>[vc_column_text]\n<h1 style=\"text-align: center;\"><span class=\"wpex-text-4xl\">Quem somos<\/span><\/h1>\n[\/vc_column_text]<div class=\"vcex-module vcex-divider-dots wpex-mx-auto wpex-last-mr-0 wpex-text-center\"><span class=\"wpex-inline-block wpex-rounded-full wpex-bg-accent wpex-mr-10\"><\/span><span class=\"wpex-inline-block wpex-rounded-full wpex-bg-accent wpex-mr-10\"><\/span><span class=\"wpex-inline-block wpex-rounded-full wpex-bg-accent wpex-mr-10\"><\/span><\/div>[vc_column_text]N\u00f3s, Irm\u00e3s Franciscanas de Siessen, fomos fundadas em 1854 como uma funda\u00e7\u00e3o filha das Irm\u00e3s Franciscanas de Dillingen. De um in\u00edcio pequeno, cresceu uma Congrega\u00e7\u00e3o que hoje tem Prov\u00edncias na Alemanha, na \u00c1frica do Sul e no Brasil e est\u00e1 comprometida de v\u00e1rias maneiras a tornar o Reino de Deus cada vez mais tang\u00edvel e percept\u00edvel em nosso mundo.[\/vc_column_text][\/vc_column][\/vc_row][vc_row][vc_column width=&#8221;1\/4&#8243;]<div class=\"vcex-module vcex-teaser wpex-flex wpex-flex-col\"><div class=\"vcex-teaser-media wpex-mb-20\"><a href=\"https:\/\/siessen.org\/pt-br\/quem-somos\/lideranca-da-congregacao\/\" class=\"wpex-no-underline\" title=\"Kongregationsleitung\"><img width=\"1701\" height=\"1092\" src=\"https:\/\/siessen.org\/wp-content\/uploads\/2023\/02\/Kongregationsleitung-2022-in-D-e1676016841526.jpg\" class=\"wpex-align-middle\" alt=\"\" loading=\"lazy\" decoding=\"async\" srcset=\"https:\/\/siessen.org\/wp-content\/uploads\/2023\/02\/Kongregationsleitung-2022-in-D-e1676016841526.jpg 1701w, https:\/\/siessen.org\/wp-content\/uploads\/2023\/02\/Kongregationsleitung-2022-in-D-e1676016841526-300x193.jpg 300w, https:\/\/siessen.org\/wp-content\/uploads\/2023\/02\/Kongregationsleitung-2022-in-D-e1676016841526-1024x657.jpg 1024w, https:\/\/siessen.org\/wp-content\/uploads\/2023\/02\/Kongregationsleitung-2022-in-D-e1676016841526-768x493.jpg 768w, https:\/\/siessen.org\/wp-content\/uploads\/2023\/02\/Kongregationsleitung-2022-in-D-e1676016841526-1536x986.jpg 1536w, https:\/\/siessen.org\/wp-content\/uploads\/2023\/02\/Kongregationsleitung-2022-in-D-e1676016841526-1200x770.jpg 1200w\" sizes=\"auto, (max-width: 1701px) 100vw, 1701px\" \/><\/a><\/div><div class=\"vcex-teaser-content\"><h2 class=\"vcex-teaser-heading wpex-heading wpex-text-lg\"><a href=\"https:\/\/siessen.org\/pt-br\/quem-somos\/lideranca-da-congregacao\/\" class=\"wpex-no-underline\" title=\"Kongregationsleitung\">Dire\u00e7\u00e3o Congregacional<\/a><\/h2><div class=\"vcex-teaser-text wpex-mt-10 wpex-last-mb-0 wpex-clr\"><p>Se quase 300 mulheres que vivem em tr\u00eas continentes, em cinco pa\u00edses, quiserem formar uma Congrega\u00e7\u00e3o e caminhar juntas para o futuro, ent\u00e3o o compromisso e a agilidade de cada indiv\u00edduo s\u00e3o necess\u00e1rios, e isso requer muito do Esp\u00edrito Santo, bem como uma Dire\u00e7\u00e3o para acompanhar esse processo.<\/p>\n<p><a href=\"https:\/\/siessen.org\/pt-br\/quem-somos\/lideranca-da-congregacao\/\"><em>mais&#8230;<\/em><\/a><\/p>\n<\/div><\/div><\/div>[\/vc_column][vc_column width=&#8221;1\/4&#8243;]<div class=\"vcex-module vcex-teaser wpex-flex wpex-flex-col\"><div class=\"vcex-teaser-media wpex-mb-20\"><a href=\"https:\/\/siessen.org\/pt-br\/quem-somos\/generalato\/\" class=\"wpex-no-underline\" title=\"Generalat\"><img width=\"533\" height=\"400\" src=\"https:\/\/siessen.org\/wp-content\/uploads\/2023\/06\/Klostergelaende-2023_Gesamt-c-massong.jpg\" class=\"wpex-align-middle\" alt=\"\" loading=\"lazy\" decoding=\"async\" srcset=\"https:\/\/siessen.org\/wp-content\/uploads\/2023\/06\/Klostergelaende-2023_Gesamt-c-massong.jpg 533w, https:\/\/siessen.org\/wp-content\/uploads\/2023\/06\/Klostergelaende-2023_Gesamt-c-massong-300x225.jpg 300w\" sizes=\"auto, (max-width: 533px) 100vw, 533px\" \/><\/a><\/div><div class=\"vcex-teaser-content\"><h2 class=\"vcex-teaser-heading wpex-heading wpex-text-lg\"><a href=\"https:\/\/siessen.org\/pt-br\/quem-somos\/generalato\/\" class=\"wpex-no-underline\" title=\"Generalat\">Generalato<\/a><\/h2><div class=\"vcex-teaser-text wpex-mt-10 wpex-last-mb-0 wpex-clr\"><p>A Casa Geral \u00e9 o lugar onde se re\u00fanem os fios da Congrega\u00e7\u00e3o. A sua sede \u00e9 na Casa de Santa Angela em Siessen.<\/p>\n<p><a href=\"https:\/\/siessen.org\/pt-br\/quem-somos\/generalato\/\"><em>mais&#8230;<\/em><\/a><\/p>\n<\/div><\/div><\/div>[\/vc_column][vc_column width=&#8221;1\/4&#8243;]<div class=\"vcex-module vcex-teaser wpex-flex wpex-flex-col\"><div class=\"vcex-teaser-media wpex-mb-20\"><a href=\"https:\/\/siessen.org\/pt-br\/quem-somos\/declaracoes\/\" class=\"wpex-no-underline\" title=\"Statements\"><img width=\"533\" height=\"400\" src=\"https:\/\/siessen.org\/wp-content\/uploads\/2023\/06\/Schwestern.jpg\" class=\"wpex-align-middle\" alt=\"\" loading=\"lazy\" decoding=\"async\" srcset=\"https:\/\/siessen.org\/wp-content\/uploads\/2023\/06\/Schwestern.jpg 533w, https:\/\/siessen.org\/wp-content\/uploads\/2023\/06\/Schwestern-300x225.jpg 300w\" sizes=\"auto, (max-width: 533px) 100vw, 533px\" \/><\/a><\/div><div class=\"vcex-teaser-content\"><h2 class=\"vcex-teaser-heading wpex-heading wpex-text-lg\"><a href=\"https:\/\/siessen.org\/pt-br\/quem-somos\/declaracoes\/\" class=\"wpex-no-underline\" title=\"Statements\">Declara\u00e7\u00f5es<\/a><\/h2><div class=\"vcex-teaser-text wpex-mt-10 wpex-last-mb-0 wpex-clr\"><p>Sempre quiseste saber porque \u00e9 que gostamos de ser Irm\u00e3s Franciscanas de Siessen? Assista aos v\u00eddeos e voc\u00ea saber\u00e1 algumas das respostas.<\/p>\n<p><a href=\"https:\/\/siessen.org\/pt-br\/quem-somos\/declaracoes\/\"><em>mais&#8230;.<\/em><\/a><\/p>\n<\/div><\/div><\/div>[\/vc_column][vc_column width=&#8221;1\/4&#8243;]<div class=\"vcex-module vcex-teaser wpex-flex wpex-flex-col\"><div class=\"vcex-teaser-media wpex-mb-20\"><a href=\"https:\/\/siessen.org\/pt-br\/quem-somos\/historia-da-congregacao\/\" class=\"wpex-no-underline\" title=\"Geschichte der Kongregation\"><img width=\"1160\" height=\"991\" src=\"https:\/\/siessen.org\/wp-content\/uploads\/2023\/08\/Klosteranlage-1903.jpg\" class=\"wpex-align-middle\" alt=\"\" loading=\"lazy\" decoding=\"async\" srcset=\"https:\/\/siessen.org\/wp-content\/uploads\/2023\/08\/Klosteranlage-1903.jpg 1160w, https:\/\/siessen.org\/wp-content\/uploads\/2023\/08\/Klosteranlage-1903-300x256.jpg 300w, https:\/\/siessen.org\/wp-content\/uploads\/2023\/08\/Klosteranlage-1903-1024x875.jpg 1024w, https:\/\/siessen.org\/wp-content\/uploads\/2023\/08\/Klosteranlage-1903-768x656.jpg 768w\" sizes=\"auto, (max-width: 1160px) 100vw, 1160px\" \/><\/a><\/div><div class=\"vcex-teaser-content\"><h2 class=\"vcex-teaser-heading wpex-heading wpex-text-lg\"><a href=\"https:\/\/siessen.org\/pt-br\/quem-somos\/historia-da-congregacao\/\" class=\"wpex-no-underline\" title=\"Geschichte der Kongregation\">Hist\u00f3ria da Congrega\u00e7\u00e3o<\/a><\/h2><div class=\"vcex-teaser-text wpex-mt-10 wpex-last-mb-0 wpex-clr\"><p>Muita coisa aconteceu desde que nossa Congrega\u00e7\u00e3o foi fundada em 1854. Aqui voc\u00ea pode encontrar nossa hist\u00f3ria em resumo ou em mais detalhes.<\/p>\n<p><a href=\"https:\/\/siessen.org\/pt-br\/quem-somos\/historia-da-congregacao\/\"><em>mais<\/em><\/a><\/p>\n<\/div><\/div><\/div>[\/vc_column][\/vc_row]\n<\/div>","protected":false},"excerpt":{"rendered":"<p>[vc_row][vc_column][vc_column_text] Quem somos [\/vc_column_text][vc_column_text]N\u00f3s, Irm\u00e3s Franciscanas de Siessen, fomos fundadas em 1854 como uma funda\u00e7\u00e3o filha das Irm\u00e3s Franciscanas de Dillingen. De um in\u00edcio pequeno, cresceu uma Congrega\u00e7\u00e3o que hoje tem Prov\u00edncias na Alemanha, na \u00c1frica do Sul e no Brasil e est\u00e1 comprometida de v\u00e1rias maneiras a tornar o Reino de Deus cada vez&hellip;<\/p>\n","protected":false},"author":1,"featured_media":0,"parent":0,"menu_order":0,"comment_status":"closed","ping_status":"closed","template":"","meta":{"footnotes":""},"class_list":["post-1905","page","type-page","status-publish","hentry","entry","no-media"],"_links":{"self":[{"href":"https:\/\/siessen.org\/pt-br\/wp-json\/wp\/v2\/pages\/1905","targetHints":{"allow":["GET"]}}],"collection":[{"href":"https:\/\/siessen.org\/pt-br\/wp-json\/wp\/v2\/pages"}],"about":[{"href":"https:\/\/siessen.org\/pt-br\/wp-json\/wp\/v2\/types\/page"}],"author":[{"embeddable":true,"href":"https:\/\/siessen.org\/pt-br\/wp-json\/wp\/v2\/users\/1"}],"replies":[{"embeddable":true,"href":"https:\/\/siessen.org\/pt-br\/wp-json\/wp\/v2\/comments?post=1905"}],"version-history":[{"count":10,"href":"https:\/\/siessen.org\/pt-br\/wp-json\/wp\/v2\/pages\/1905\/revisions"}],"predecessor-version":[{"id":4255,"href":"https:\/\/siessen.org\/pt-br\/wp-json\/wp\/v2\/pages\/1905\/revisions\/4255"}],"wp:attachment":[{"href":"https:\/\/siessen.org\/pt-br\/wp-json\/wp\/v2\/media?parent=1905"}],"curies":[{"name":"wp","href":"https:\/\/api.w.org\/{rel}","templated":true}]}}