{"id":1913,"date":"2016-08-17T00:51:58","date_gmt":"2016-08-16T22:51:58","guid":{"rendered":"https:\/\/siessen.org\/servicos\/"},"modified":"2023-10-10T14:22:34","modified_gmt":"2023-10-10T12:22:34","slug":"servicos","status":"publish","type":"page","link":"https:\/\/siessen.org\/pt-br\/servicos\/","title":{"rendered":"Servi\u00e7os"},"content":{"rendered":"<div class=\"wpb-content-wrapper\">[vc_row column_spacing=&#8221;40&#8243; css=&#8221;.vc_custom_1503443804721{border-bottom-width: 40px !important;padding-top: 40px !important;}&#8221;][vc_column width=&#8221;1\/3&#8243;][vc_single_image image=&#8221;58&#8243; img_size=&#8221;600&#215;400&#8243; el_class=&#8221;380&#215;250&#8243;]<style>.vcex-heading.vcex_69dec63c3fed9{font-size:18px;font-weight:600;}<\/style><h2 class=\"vcex-heading vcex-heading-plain vcex-module wpex-heading wpex-text-2xl vc_custom_1503443558904 vcex_69dec63c3fed9\"><span class=\"vcex-heading-inner wpex-inline-block\">Conce\u00e7\u00e3o Web personalizada<\/span><\/h2>[vc_column_text]Fornecemos servi\u00e7os de web design da mais alta qualidade com padr\u00f5es e pr\u00e1ticas de codifica\u00e7\u00e3o modernos.[\/vc_column_text][\/vc_column][vc_column width=&#8221;1\/3&#8243;][vc_single_image image=&#8221;16&#8243; img_size=&#8221;600&#215;400&#8243;]<style>.vcex-heading.vcex_69dec63c40bb2{font-size:18px;font-weight:600;}<\/style><h2 class=\"vcex-heading vcex-heading-plain vcex-module wpex-heading wpex-text-2xl vc_custom_1503443589460 vcex_69dec63c40bb2\"><span class=\"vcex-heading-inner wpex-inline-block\">An\u00e1lise pormenorizada da atividade<\/span><\/h2>[vc_column_text]Obtenha uma an\u00e1lise detalhada da sua empresa e veja onde est\u00e1 a perder oportunidades e aprenda a melhorar.[\/vc_column_text][\/vc_column][vc_column width=&#8221;1\/3&#8243;][vc_single_image image=&#8221;63&#8243; img_size=&#8221;600&#215;400&#8243;]<style>.vcex-heading.vcex_69dec63c40ebe{font-size:18px;font-weight:600;}<\/style><h2 class=\"vcex-heading vcex-heading-plain vcex-module wpex-heading wpex-text-2xl vc_custom_1503443602574 vcex_69dec63c40ebe\"><span class=\"vcex-heading-inner wpex-inline-block\">Planeamento estrat\u00e9gico empresarial<\/span><\/h2>[vc_column_text]Trabalharemos consigo para definir objectivos e criar um bom plano para a sua empresa, de modo a garantir o sucesso nos pr\u00f3ximos anos.[\/vc_column_text][\/vc_column][\/vc_row][vc_row full_width=&#8221;stretch_row&#8221; wpex_bg_overlay=&#8221;color&#8221; wpex_bg_overlay_color=&#8221;#2a2f38&#8243; css=&#8221;.vc_custom_1546228357829{padding-top: 60px !important;padding-bottom: 40px !important;background: #333333 url(https:\/\/siessen.org\/wp-content\/uploads\/2017\/08\/writers.jpg?id=69) !important;background-position: center !important;background-repeat: no-repeat !important;background-size: cover !important;}&#8221;][vc_column]<style>.vcex-heading.vcex_69dec63c411ac{color:#ffffff;font-size:36px;}<\/style><h2 class=\"vcex-heading vcex-heading-plain vcex-module wpex-heading wpex-text-2xl wpex-text-center vcex_69dec63c411ac\"><span class=\"vcex-heading-inner wpex-inline-block\">Comece a trabalhar hoje<\/span><\/h2><div class=\"vcex-module vcex-divider-dots wpex-mx-auto wpex-last-mr-0 wpex-text-center\"><span class=\"wpex-inline-block wpex-rounded-full wpex-mr-10\" style=\"background:#748e9e;\"><\/span><span class=\"wpex-inline-block wpex-rounded-full wpex-mr-10\" style=\"background:#748e9e;\"><\/span><span class=\"wpex-inline-block wpex-rounded-full wpex-mr-10\" style=\"background:#748e9e;\"><\/span><\/div>[vc_column_text font_size=&#8221;20px&#8221; text_align=&#8221;center&#8221; color=&#8221;#ffffff&#8221; width=&#8221;700px&#8221;]Gostar\u00edamos de come\u00e7ar a trabalhar no seu projeto. A nossa equipa est\u00e1 pronta para enfrentar qualquer projeto, grande ou pequeno, e oferecemos op\u00e7\u00f5es de pacotes flex\u00edveis para ajudar. Precisa de mais alguma coisa? Contacte-nos e elaboraremos uma proposta personalizada s\u00f3 para si![\/vc_column_text]<div class=\"vcex-spacing wpex-w-100 wpex-clear\"><\/div><style>.vcex-button.vcex_69dec63c41a9d{background:rgba(255,255,255,0.21);padding-block:10px;padding-inline:30px;font-size:16px;letter-spacing:1px;}.vcex-button.vcex_69dec63c41a9d:hover{background:#ffffff!important;color:#666666!important;}<\/style><div class=\"theme-button-wrap textcenter wpex-clr\"><a href=\"https:\/\/siessen.org\/contact\/\" class=\"vcex-button theme-button align-center inline vcex_69dec63c41a9d\"><span class=\"vcex-button-inner theme-button-inner wpex-flex wpex-flex-wrap wpex-items-center wpex-justify-center\">Pedir um or\u00e7amento<\/span><\/a><\/div> [\/vc_column][\/vc_row][vc_row css=&#8221;.vc_custom_1503251585215{padding-top: 60px !important;}&#8221;][vc_column]<style>.vcex-heading.vcex_69dec63c42090{font-size:36px;}<\/style><h2 class=\"vcex-heading vcex-heading-plain vcex-module wpex-heading wpex-text-2xl wpex-text-center vcex_69dec63c42090\"><span class=\"vcex-heading-inner wpex-inline-block\">Op\u00e7\u00f5es de pre\u00e7os de base<\/span><\/h2><div class=\"vcex-module vcex-divider-dots wpex-mx-auto wpex-last-mr-0 wpex-text-center\"><span class=\"wpex-inline-block wpex-rounded-full wpex-mr-10\" style=\"background:#748e9e;\"><\/span><span class=\"wpex-inline-block wpex-rounded-full wpex-mr-10\" style=\"background:#748e9e;\"><\/span><span class=\"wpex-inline-block wpex-rounded-full wpex-mr-10\" style=\"background:#748e9e;\"><\/span><\/div>[\/vc_column][\/vc_row][vc_row css=&#8221;.vc_custom_1503252035638{padding-bottom: 40px !important;}&#8221;][vc_column width=&#8221;1\/4&#8243;]<style>.vcex-pricing.vcex_69dec63c42863 .vcex-pricing-plan{font-size:18px;letter-spacing:1px;background:#ffffff;border-width:0px;}.vcex-pricing.vcex_69dec63c42863 .vcex-pricing-ammount{font-weight:600;color:#45719e;}.vcex-pricing.vcex_69dec63c42863 .vcex-pricing-cost{background:#eeeeee;border-width:0px;}.vcex-pricing.vcex_69dec63c42863 .vcex-pricing-content{border-width:0px;}.vcex-pricing.vcex_69dec63c42863 .vcex-pricing-button__link{font-size:14px;padding-inline:18px;}.vcex-pricing.vcex_69dec63c42863 .vcex-pricing-button{padding-block-start:0px;padding-block-end:20px;border-width:0px;}<\/style><div class=\"vcex-module vcex-pricing wpex-flex wpex-flex-col vcex-pricing-style-default wpex-leading-normal wpex-surface-1 wpex-text-center vc_custom_1503520932231 vcex_69dec63c42863\"><div class=\"vcex-pricing-plan vcex-pricing-header wpex-surface-3 wpex-text-1 wpex-border-surface-4 wpex-border wpex-border-solid wpex-py-15 wpex-px-20 wpex-uppercase wpex-bold\">Basic<\/div><div class=\"vcex-pricing-cost wpex-surface-2 wpex-p-20 wpex-border-x wpex-border-solid wpex-border-surface-4\"><span class=\"vcex-pricing-ammount wpex-text-6xl wpex-leading-tight wpex-font-light\">$20<\/span><\/div><div class=\"vcex-pricing-content wpex-flex-grow wpex-last-mb-0 wpex-p-20 wpex-border wpex-border-solid wpex-border-surface-4 wpex-clr\"><ul>\n<li>Rebranding<\/li>\n<li>Conce\u00e7\u00e3o do log\u00f3tipo<\/li>\n<li>Estrat\u00e9gia empresarial<\/li>\n<li>Configura\u00e7\u00e3o do s\u00edtio Web<\/li>\n<li>Campanha de marketing<\/li>\n<\/ul>\n<\/div><div class=\"vcex-pricing-button wpex-mt-auto wpex-p-20 wpex-border wpex-border-t-0 wpex-border-solid wpex-border-surface-4\"><a href=\"#\" title=\"Get Started\" class=\"vcex-pricing-button__link theme-button\">Come\u00e7ar a trabalhar<\/a><\/div><\/div>[\/vc_column][vc_column width=&#8221;1\/4&#8243;]<style>.vcex-pricing.vcex_69dec63c43175 .vcex-pricing-plan{font-size:18px;letter-spacing:1px;background:#ffffff;border-width:0px;}.vcex-pricing.vcex_69dec63c43175 .vcex-pricing-ammount{font-weight:600;color:#45719e;}.vcex-pricing.vcex_69dec63c43175 .vcex-pricing-cost{background:#eeeeee;border-width:0px;}.vcex-pricing.vcex_69dec63c43175 .vcex-pricing-content{border-width:0px;}.vcex-pricing.vcex_69dec63c43175 .vcex-pricing-button__link{font-size:14px;padding-inline:18px;}.vcex-pricing.vcex_69dec63c43175 .vcex-pricing-button{padding-block-start:0px;padding-block-end:20px;border-width:0px;}<\/style><div class=\"vcex-module vcex-pricing wpex-flex wpex-flex-col vcex-pricing-style-default wpex-leading-normal wpex-surface-1 wpex-text-center vc_custom_1503520937381 vcex_69dec63c43175\"><div class=\"vcex-pricing-plan vcex-pricing-header wpex-surface-3 wpex-text-1 wpex-border-surface-4 wpex-border wpex-border-solid wpex-py-15 wpex-px-20 wpex-uppercase wpex-bold\">Mais<\/div><div class=\"vcex-pricing-cost wpex-surface-2 wpex-p-20 wpex-border-x wpex-border-solid wpex-border-surface-4\"><span class=\"vcex-pricing-ammount wpex-text-6xl wpex-leading-tight wpex-font-light\">$40<\/span><\/div><div class=\"vcex-pricing-content wpex-flex-grow wpex-last-mb-0 wpex-p-20 wpex-border wpex-border-solid wpex-border-surface-4 wpex-clr\"><ul>\n<li>Rebranding<\/li>\n<li>Conce\u00e7\u00e3o do log\u00f3tipo<\/li>\n<li>Estrat\u00e9gia empresarial<\/li>\n<li>Configura\u00e7\u00e3o do s\u00edtio Web<\/li>\n<li>Campanha de marketing<\/li>\n<\/ul>\n<\/div><div class=\"vcex-pricing-button wpex-mt-auto wpex-p-20 wpex-border wpex-border-t-0 wpex-border-solid wpex-border-surface-4\"><a href=\"#\" title=\"Get Started\" class=\"vcex-pricing-button__link theme-button\">Come\u00e7ar a trabalhar<\/a><\/div><\/div>[\/vc_column][vc_column width=&#8221;1\/4&#8243;]<style>.vcex-pricing.vcex_69dec63c436c1 .vcex-pricing-plan{font-size:18px;letter-spacing:1px;background:#ffffff;border-width:0px;}.vcex-pricing.vcex_69dec63c436c1 .vcex-pricing-ammount{font-weight:600;color:#45719e;}.vcex-pricing.vcex_69dec63c436c1 .vcex-pricing-cost{background:#eeeeee;border-width:0px;}.vcex-pricing.vcex_69dec63c436c1 .vcex-pricing-content{border-width:0px;}.vcex-pricing.vcex_69dec63c436c1 .vcex-pricing-button__link{font-size:14px;padding-inline:18px;}.vcex-pricing.vcex_69dec63c436c1 .vcex-pricing-button{padding-block-start:0px;padding-block-end:20px;border-width:0px;}<\/style><div class=\"vcex-module vcex-pricing wpex-flex wpex-flex-col vcex-pricing-style-default wpex-leading-normal wpex-surface-1 wpex-text-center vc_custom_1503520943608 vcex_69dec63c436c1\"><div class=\"vcex-pricing-plan vcex-pricing-header wpex-surface-3 wpex-text-1 wpex-border-surface-4 wpex-border wpex-border-solid wpex-py-15 wpex-px-20 wpex-uppercase wpex-bold\">Padr\u00e3o<\/div><div class=\"vcex-pricing-cost wpex-surface-2 wpex-p-20 wpex-border-x wpex-border-solid wpex-border-surface-4\"><span class=\"vcex-pricing-ammount wpex-text-6xl wpex-leading-tight wpex-font-light\">$60<\/span><\/div><div class=\"vcex-pricing-content wpex-flex-grow wpex-last-mb-0 wpex-p-20 wpex-border wpex-border-solid wpex-border-surface-4 wpex-clr\"><ul>\n<li>Rebranding<\/li>\n<li>Conce\u00e7\u00e3o do log\u00f3tipo<\/li>\n<li>Estrat\u00e9gia empresarial<\/li>\n<li>Configura\u00e7\u00e3o do s\u00edtio Web<\/li>\n<li>Campanha de marketing<\/li>\n<\/ul>\n<\/div><div class=\"vcex-pricing-button wpex-mt-auto wpex-p-20 wpex-border wpex-border-t-0 wpex-border-solid wpex-border-surface-4\"><a href=\"#\" title=\"Get Started\" class=\"vcex-pricing-button__link theme-button\">Come\u00e7ar a trabalhar<\/a><\/div><\/div>[\/vc_column][vc_column width=&#8221;1\/4&#8243;]<style>.vcex-pricing.vcex_69dec63c43bc9 .vcex-pricing-plan{font-size:18px;letter-spacing:1px;background:#ffffff;border-width:0px;}.vcex-pricing.vcex_69dec63c43bc9 .vcex-pricing-ammount{font-weight:600;color:#45719e;}.vcex-pricing.vcex_69dec63c43bc9 .vcex-pricing-cost{background:#eeeeee;border-width:0px;}.vcex-pricing.vcex_69dec63c43bc9 .vcex-pricing-content{border-width:0px;}.vcex-pricing.vcex_69dec63c43bc9 .vcex-pricing-button__link{font-size:14px;padding-inline:18px;}.vcex-pricing.vcex_69dec63c43bc9 .vcex-pricing-button{padding-block-start:0px;padding-block-end:20px;border-width:0px;}<\/style><div class=\"vcex-module vcex-pricing wpex-flex wpex-flex-col vcex-pricing-style-default wpex-leading-normal wpex-surface-1 wpex-text-center vc_custom_1503520951445 vcex_69dec63c43bc9\"><div class=\"vcex-pricing-plan vcex-pricing-header wpex-surface-3 wpex-text-1 wpex-border-surface-4 wpex-border wpex-border-solid wpex-py-15 wpex-px-20 wpex-uppercase wpex-bold\">Pr\u00e9mio<\/div><div class=\"vcex-pricing-cost wpex-surface-2 wpex-p-20 wpex-border-x wpex-border-solid wpex-border-surface-4\"><span class=\"vcex-pricing-ammount wpex-text-6xl wpex-leading-tight wpex-font-light\">$80<\/span><\/div><div class=\"vcex-pricing-content wpex-flex-grow wpex-last-mb-0 wpex-p-20 wpex-border wpex-border-solid wpex-border-surface-4 wpex-clr\"><ul>\n<li>Rebranding<\/li>\n<li>Conce\u00e7\u00e3o do log\u00f3tipo<\/li>\n<li>Estrat\u00e9gia empresarial<\/li>\n<li>Configura\u00e7\u00e3o do s\u00edtio Web<\/li>\n<li>Campanha de marketing<\/li>\n<\/ul>\n<\/div><div class=\"vcex-pricing-button wpex-mt-auto wpex-p-20 wpex-border wpex-border-t-0 wpex-border-solid wpex-border-surface-4\"><a href=\"#\" title=\"Get Started\" class=\"vcex-pricing-button__link theme-button\">Come\u00e7ar a trabalhar<\/a><\/div><\/div>[\/vc_column][\/vc_row][vc_row full_width=&#8221;stretch_row_content_no_spaces&#8221; column_spacing=&#8221;0px&#8221;][vc_column]<style class=\"vcex-carousel-preload-css\">.vcex_69dec63c46490{--wpex-carousel-gap:0px;}.vcex_69dec63c46490{--wpex-carousel-columns:1;}.vcex_69dec63c46490.wpex-carousel:not(.wpex-carousel--loaded) > *:not(:nth-child(1n+2)){display: flex !important;}@media only screen and (min-width: 480px) {.vcex_69dec63c46490{--wpex-carousel-columns:2;}.vcex_69dec63c46490.wpex-carousel:not(.wpex-carousel--loaded) > *:not(:nth-child(1n+3)){display: flex !important;}}@media only screen and (min-width: 768px) {.vcex_69dec63c46490{--wpex-carousel-columns:3;}.vcex_69dec63c46490.wpex-carousel:not(.wpex-carousel--loaded) > *:not(:nth-child(1n+4)){display: flex !important;}}@media only screen and (min-width: 960px) {.vcex_69dec63c46490{--wpex-carousel-columns:4;}.vcex_69dec63c46490.wpex-carousel:not(.wpex-carousel--loaded) > *:not(:nth-child(1n+5)){display: flex !important;}}<\/style><div class=\"vcex-portfolio-carousel wpex-carousel wpex-carousel-portfolio wpex-clr vcex-module owl-carousel wpex-carousel--render-onload vcex_69dec63c46490 arrwstyle-default arrwpos-abs wpex-carousel-lightbox\" data-wpex-carousel=\"{&quot;slideBy&quot;:1,&quot;margin&quot;:0,&quot;items&quot;:4,&quot;responsive&quot;:{&quot;0&quot;:{&quot;items&quot;:&quot;1&quot;},&quot;480&quot;:{&quot;items&quot;:&quot;2&quot;},&quot;768&quot;:{&quot;items&quot;:&quot;3&quot;},&quot;960&quot;:{&quot;items&quot;:4}},&quot;smartSpeed&quot;:1000}\"><div class=\"wpex-carousel-slide\"><div class=\"wpex-carousel-entry-media entry-media wpex-relative wpex-image-hover grow overlay-parent overlay-parent-plus-hover wpex-overflow-hidden\"><a href=\"https:\/\/siessen.org\/wp-content\/uploads\/2025\/01\/img-20250112-wa00785020264672566710927-1200x554.jpg\" class=\"wpex-carousel-entry-img wpex-carousel-lightbox-item\" title=\"Fim do blog de viagens\" data-title=\"Fim do blog de viagens\" data-count=\"1\"><img data-no-lazy=\"1\" class=\"wpex-carousel-entry-img wpex-align-middle skip-lazy\" src=\"https:\/\/siessen.org\/wp-content\/uploads\/2025\/01\/img-20250112-wa00785020264672566710927-600x400.jpg\" alt=\"\" width=\"600\" height=\"400\">\n<div class=\"overlay-plus-hover overlay-hide theme-overlay wpex-absolute wpex-inset-0 wpex-transition-all wpex-duration-300\" aria-hidden=\"true\">\n\t<span class=\"overlay-bg wpex-flex wpex-items-center wpex-justify-center wpex-bg-black wpex-block wpex-absolute wpex-inset-0 wpex-opacity-60\"><svg xmlns=\"http:\/\/www.w3.org\/2000\/svg\" height=\"40\" width=\"40\" stroke=\"#fff\"><path d=\"M-83 26.947h7.225v234.297H-83zM20 0h0v20h20 0-20v20h0V20H0h0 20z\"\/><\/svg><\/span>\n<\/div>\n<\/a><\/div><\/div><div class=\"wpex-carousel-slide\"><div class=\"wpex-carousel-entry-media entry-media wpex-relative wpex-image-hover grow overlay-parent overlay-parent-plus-hover wpex-overflow-hidden\"><a href=\"https:\/\/siessen.org\/wp-content\/uploads\/2025\/01\/weltkugel-1504707624xwi6089354065815316362-1200x900.jpg\" class=\"wpex-carousel-entry-img wpex-carousel-lightbox-item\" title=\"Partida\" data-title=\"Partida\" data-count=\"2\"><img data-no-lazy=\"1\" class=\"wpex-carousel-entry-img wpex-align-middle skip-lazy\" src=\"https:\/\/siessen.org\/wp-content\/uploads\/2025\/01\/weltkugel-1504707624xwi6089354065815316362-600x400.jpg\" alt=\"\" width=\"600\" height=\"400\">\n<div class=\"overlay-plus-hover overlay-hide theme-overlay wpex-absolute wpex-inset-0 wpex-transition-all wpex-duration-300\" aria-hidden=\"true\">\n\t<span class=\"overlay-bg wpex-flex wpex-items-center wpex-justify-center wpex-bg-black wpex-block wpex-absolute wpex-inset-0 wpex-opacity-60\"><svg xmlns=\"http:\/\/www.w3.org\/2000\/svg\" height=\"40\" width=\"40\" stroke=\"#fff\"><path d=\"M-83 26.947h7.225v234.297H-83zM20 0h0v20h20 0-20v20h0V20H0h0 20z\"\/><\/svg><\/span>\n<\/div>\n<\/a><\/div><\/div><div class=\"wpex-carousel-slide\"><div class=\"wpex-carousel-entry-media entry-media wpex-relative wpex-image-hover grow overlay-parent overlay-parent-plus-hover wpex-overflow-hidden\"><a href=\"https:\/\/siessen.org\/wp-content\/uploads\/2025\/01\/pxl_20250116_1601594478489398403238786234-1200x900.jpg\" class=\"wpex-carousel-entry-img wpex-carousel-lightbox-item\" title=\"Ora\u00e7\u00e3o na rodada final\" data-title=\"Ora\u00e7\u00e3o na rodada final\" data-count=\"3\"><img data-no-lazy=\"1\" class=\"wpex-carousel-entry-img wpex-align-middle skip-lazy\" src=\"https:\/\/siessen.org\/wp-content\/uploads\/2025\/01\/pxl_20250116_1601594478489398403238786234-600x400.jpg\" alt=\"\" width=\"600\" height=\"400\">\n<div class=\"overlay-plus-hover overlay-hide theme-overlay wpex-absolute wpex-inset-0 wpex-transition-all wpex-duration-300\" aria-hidden=\"true\">\n\t<span class=\"overlay-bg wpex-flex wpex-items-center wpex-justify-center wpex-bg-black wpex-block wpex-absolute wpex-inset-0 wpex-opacity-60\"><svg xmlns=\"http:\/\/www.w3.org\/2000\/svg\" height=\"40\" width=\"40\" stroke=\"#fff\"><path d=\"M-83 26.947h7.225v234.297H-83zM20 0h0v20h20 0-20v20h0V20H0h0 20z\"\/><\/svg><\/span>\n<\/div>\n<\/a><\/div><\/div><div class=\"wpex-carousel-slide\"><div class=\"wpex-carousel-entry-media entry-media wpex-relative wpex-image-hover grow overlay-parent overlay-parent-plus-hover wpex-overflow-hidden\"><a href=\"https:\/\/siessen.org\/wp-content\/uploads\/2025\/01\/pxl_20250116_1106571245935805048131804887-1200x900.jpg\" class=\"wpex-carousel-entry-img wpex-carousel-lightbox-item\" title=\"Gra\u00e7as ao Centro Regina Pacis\" data-title=\"Gra\u00e7as ao Centro Regina Pacis\" data-count=\"4\"><img data-no-lazy=\"1\" class=\"wpex-carousel-entry-img wpex-align-middle skip-lazy\" src=\"https:\/\/siessen.org\/wp-content\/uploads\/2025\/01\/pxl_20250116_1106571245935805048131804887-600x400.jpg\" alt=\"\" width=\"600\" height=\"400\">\n<div class=\"overlay-plus-hover overlay-hide theme-overlay wpex-absolute wpex-inset-0 wpex-transition-all wpex-duration-300\" aria-hidden=\"true\">\n\t<span class=\"overlay-bg wpex-flex wpex-items-center wpex-justify-center wpex-bg-black wpex-block wpex-absolute wpex-inset-0 wpex-opacity-60\"><svg xmlns=\"http:\/\/www.w3.org\/2000\/svg\" height=\"40\" width=\"40\" stroke=\"#fff\"><path d=\"M-83 26.947h7.225v234.297H-83zM20 0h0v20h20 0-20v20h0V20H0h0 20z\"\/><\/svg><\/span>\n<\/div>\n<\/a><\/div><\/div><div class=\"wpex-carousel-slide\"><div class=\"wpex-carousel-entry-media entry-media wpex-relative wpex-image-hover grow overlay-parent overlay-parent-plus-hover wpex-overflow-hidden\"><a href=\"https:\/\/siessen.org\/wp-content\/uploads\/2025\/01\/pxl_20250116_0953497847056815131094112673-1200x1600.jpg\" class=\"wpex-carousel-entry-img wpex-carousel-lightbox-item\" title=\"Continua\u00e7\u00e3o do trabalho\" data-title=\"Continua\u00e7\u00e3o do trabalho\" data-count=\"5\"><img data-no-lazy=\"1\" class=\"wpex-carousel-entry-img wpex-align-middle skip-lazy\" src=\"https:\/\/siessen.org\/wp-content\/uploads\/2025\/01\/pxl_20250116_0953497847056815131094112673-600x400.jpg\" alt=\"\" width=\"600\" height=\"400\">\n<div class=\"overlay-plus-hover overlay-hide theme-overlay wpex-absolute wpex-inset-0 wpex-transition-all wpex-duration-300\" aria-hidden=\"true\">\n\t<span class=\"overlay-bg wpex-flex wpex-items-center wpex-justify-center wpex-bg-black wpex-block wpex-absolute wpex-inset-0 wpex-opacity-60\"><svg xmlns=\"http:\/\/www.w3.org\/2000\/svg\" height=\"40\" width=\"40\" stroke=\"#fff\"><path d=\"M-83 26.947h7.225v234.297H-83zM20 0h0v20h20 0-20v20h0V20H0h0 20z\"\/><\/svg><\/span>\n<\/div>\n<\/a><\/div><\/div><div class=\"wpex-carousel-slide\"><div class=\"wpex-carousel-entry-media entry-media wpex-relative wpex-image-hover grow overlay-parent overlay-parent-plus-hover wpex-overflow-hidden\"><a href=\"https:\/\/siessen.org\/wp-content\/uploads\/2025\/01\/pxl_20250115_1930117138794075267157135905-1200x1600.jpg\" class=\"wpex-carousel-entry-img wpex-carousel-lightbox-item\" title=\"Bloemfontein\" data-title=\"Bloemfontein\" data-count=\"6\"><img data-no-lazy=\"1\" class=\"wpex-carousel-entry-img wpex-align-middle skip-lazy\" src=\"https:\/\/siessen.org\/wp-content\/uploads\/2025\/01\/pxl_20250115_1930117138794075267157135905-600x400.jpg\" alt=\"\" width=\"600\" height=\"400\">\n<div class=\"overlay-plus-hover overlay-hide theme-overlay wpex-absolute wpex-inset-0 wpex-transition-all wpex-duration-300\" aria-hidden=\"true\">\n\t<span class=\"overlay-bg wpex-flex wpex-items-center wpex-justify-center wpex-bg-black wpex-block wpex-absolute wpex-inset-0 wpex-opacity-60\"><svg xmlns=\"http:\/\/www.w3.org\/2000\/svg\" height=\"40\" width=\"40\" stroke=\"#fff\"><path d=\"M-83 26.947h7.225v234.297H-83zM20 0h0v20h20 0-20v20h0V20H0h0 20z\"\/><\/svg><\/span>\n<\/div>\n<\/a><\/div><\/div><div class=\"wpex-carousel-slide\"><div class=\"wpex-carousel-entry-media entry-media wpex-relative wpex-image-hover grow overlay-parent overlay-parent-plus-hover wpex-overflow-hidden\"><a href=\"https:\/\/siessen.org\/wp-content\/uploads\/2025\/01\/img-20250114-wa00121791598476864132139.jpg\" class=\"wpex-carousel-entry-img wpex-carousel-lightbox-item\" title=\"Kimberley\" data-title=\"Kimberley\" data-count=\"7\"><img data-no-lazy=\"1\" class=\"wpex-carousel-entry-img wpex-align-middle skip-lazy\" src=\"https:\/\/siessen.org\/wp-content\/uploads\/2025\/01\/img-20250114-wa00121791598476864132139-600x400.jpg\" alt=\"\" width=\"600\" height=\"400\">\n<div class=\"overlay-plus-hover overlay-hide theme-overlay wpex-absolute wpex-inset-0 wpex-transition-all wpex-duration-300\" aria-hidden=\"true\">\n\t<span class=\"overlay-bg wpex-flex wpex-items-center wpex-justify-center wpex-bg-black wpex-block wpex-absolute wpex-inset-0 wpex-opacity-60\"><svg xmlns=\"http:\/\/www.w3.org\/2000\/svg\" height=\"40\" width=\"40\" stroke=\"#fff\"><path d=\"M-83 26.947h7.225v234.297H-83zM20 0h0v20h20 0-20v20h0V20H0h0 20z\"\/><\/svg><\/span>\n<\/div>\n<\/a><\/div><\/div><div class=\"wpex-carousel-slide\"><div class=\"wpex-carousel-entry-media entry-media wpex-relative wpex-image-hover grow overlay-parent overlay-parent-plus-hover wpex-overflow-hidden\"><a href=\"https:\/\/siessen.org\/wp-content\/uploads\/2025\/01\/img-20250113-wa0031666520884230868140-1200x764.jpg\" class=\"wpex-carousel-entry-img wpex-carousel-lightbox-item\" title=\"Trov\u00f5es e rel\u00e2mpagos\" data-title=\"Trov\u00f5es e rel\u00e2mpagos\" data-count=\"8\"><img data-no-lazy=\"1\" class=\"wpex-carousel-entry-img wpex-align-middle skip-lazy\" src=\"https:\/\/siessen.org\/wp-content\/uploads\/2025\/01\/img-20250113-wa0031666520884230868140-600x400.jpg\" alt=\"\" width=\"600\" height=\"400\">\n<div class=\"overlay-plus-hover overlay-hide theme-overlay wpex-absolute wpex-inset-0 wpex-transition-all wpex-duration-300\" aria-hidden=\"true\">\n\t<span class=\"overlay-bg wpex-flex wpex-items-center wpex-justify-center wpex-bg-black wpex-block wpex-absolute wpex-inset-0 wpex-opacity-60\"><svg xmlns=\"http:\/\/www.w3.org\/2000\/svg\" height=\"40\" width=\"40\" stroke=\"#fff\"><path d=\"M-83 26.947h7.225v234.297H-83zM20 0h0v20h20 0-20v20h0V20H0h0 20z\"\/><\/svg><\/span>\n<\/div>\n<\/a><\/div><\/div><\/div>[\/vc_column][\/vc_row]\n<\/div>","protected":false},"excerpt":{"rendered":"<p>[vc_row column_spacing=&#8221;40&#8243; css=&#8221;.vc_custom_1503443804721{border-bottom-width: 40px !important;padding-top: 40px !important;}&#8221;][vc_column width=&#8221;1\/3&#8243;][vc_single_image image=&#8221;58&#8243; img_size=&#8221;600&#215;400&#8243; el_class=&#8221;380&#215;250&#8243;][vc_column_text]Fornecemos servi\u00e7os de web design da mais alta qualidade com padr\u00f5es e pr\u00e1ticas de codifica\u00e7\u00e3o modernos.[\/vc_column_text][\/vc_column][vc_column width=&#8221;1\/3&#8243;][vc_single_image image=&#8221;16&#8243; img_size=&#8221;600&#215;400&#8243;][vc_column_text]Obtenha uma an\u00e1lise detalhada da sua empresa e veja onde est\u00e1 a perder oportunidades e aprenda a melhorar.[\/vc_column_text][\/vc_column][vc_column width=&#8221;1\/3&#8243;][vc_single_image image=&#8221;63&#8243; img_size=&#8221;600&#215;400&#8243;][vc_column_text]Trabalharemos consigo para definir objectivos e criar&hellip;<\/p>\n","protected":false},"author":1,"featured_media":0,"parent":0,"menu_order":0,"comment_status":"closed","ping_status":"closed","template":"","meta":{"footnotes":""},"class_list":["post-1913","page","type-page","status-publish","hentry","entry","has-media"],"_links":{"self":[{"href":"https:\/\/siessen.org\/pt-br\/wp-json\/wp\/v2\/pages\/1913","targetHints":{"allow":["GET"]}}],"collection":[{"href":"https:\/\/siessen.org\/pt-br\/wp-json\/wp\/v2\/pages"}],"about":[{"href":"https:\/\/siessen.org\/pt-br\/wp-json\/wp\/v2\/types\/page"}],"author":[{"embeddable":true,"href":"https:\/\/siessen.org\/pt-br\/wp-json\/wp\/v2\/users\/1"}],"replies":[{"embeddable":true,"href":"https:\/\/siessen.org\/pt-br\/wp-json\/wp\/v2\/comments?post=1913"}],"version-history":[{"count":1,"href":"https:\/\/siessen.org\/pt-br\/wp-json\/wp\/v2\/pages\/1913\/revisions"}],"predecessor-version":[{"id":1918,"href":"https:\/\/siessen.org\/pt-br\/wp-json\/wp\/v2\/pages\/1913\/revisions\/1918"}],"wp:attachment":[{"href":"https:\/\/siessen.org\/pt-br\/wp-json\/wp\/v2\/media?parent=1913"}],"curies":[{"name":"wp","href":"https:\/\/api.w.org\/{rel}","templated":true}]}}