{"id":1925,"date":"2023-02-06T18:44:27","date_gmt":"2023-02-06T17:44:27","guid":{"rendered":"https:\/\/siessen.org\/protecao-de-dados\/"},"modified":"2024-06-14T09:58:51","modified_gmt":"2024-06-14T07:58:51","slug":"protecao-de-dados","status":"publish","type":"page","link":"https:\/\/siessen.org\/pt-br\/protecao-de-dados\/","title":{"rendered":"Prote\u00e7\u00e3o de dados"},"content":{"rendered":"<h2>Lei de Prote\u00e7\u00e3o ao Denunciante<\/h2>\n<p> <a href=\"https:\/\/siessen.org\/wp-content\/uploads\/2024\/06\/DDW-Hinweisgebersystem.pdf\" target=\"_blank\" rel=\"noopener\"> Sistema de den\u00fancia de irregular <\/a>idades &#8211; da Congrega\u00e7\u00e3o das Irm\u00e3s Franciscanas de Sie\u00dfen e.V.<\/p>\n","protected":false},"excerpt":{"rendered":"<p>Lei de Prote\u00e7\u00e3o ao Denunciante Sistema de den\u00fancia de irregular idades &#8211; da Congrega\u00e7\u00e3o das Irm\u00e3s Franciscanas de Sie\u00dfen e.V.<\/p>\n","protected":false},"author":1,"featured_media":0,"parent":0,"menu_order":0,"comment_status":"closed","ping_status":"closed","template":"","meta":{"footnotes":""},"class_list":["post-1925","page","type-page","status-publish","hentry","entry","no-media"],"_links":{"self":[{"href":"https:\/\/siessen.org\/pt-br\/wp-json\/wp\/v2\/pages\/1925","targetHints":{"allow":["GET"]}}],"collection":[{"href":"https:\/\/siessen.org\/pt-br\/wp-json\/wp\/v2\/pages"}],"about":[{"href":"https:\/\/siessen.org\/pt-br\/wp-json\/wp\/v2\/types\/page"}],"author":[{"embeddable":true,"href":"https:\/\/siessen.org\/pt-br\/wp-json\/wp\/v2\/users\/1"}],"replies":[{"embeddable":true,"href":"https:\/\/siessen.org\/pt-br\/wp-json\/wp\/v2\/comments?post=1925"}],"version-history":[{"count":3,"href":"https:\/\/siessen.org\/pt-br\/wp-json\/wp\/v2\/pages\/1925\/revisions"}],"predecessor-version":[{"id":4409,"href":"https:\/\/siessen.org\/pt-br\/wp-json\/wp\/v2\/pages\/1925\/revisions\/4409"}],"wp:attachment":[{"href":"https:\/\/siessen.org\/pt-br\/wp-json\/wp\/v2\/media?parent=1925"}],"curies":[{"name":"wp","href":"https:\/\/api.w.org\/{rel}","templated":true}]}}