{"id":1939,"date":"2023-02-06T18:44:34","date_gmt":"2023-02-06T17:44:34","guid":{"rendered":"https:\/\/siessen.org\/impressao\/"},"modified":"2023-10-10T14:22:37","modified_gmt":"2023-10-10T12:22:37","slug":"impressao","status":"publish","type":"page","link":"https:\/\/siessen.org\/pt-br\/impressao\/","title":{"rendered":"Impress\u00e3o"},"content":{"rendered":"<div class=\"wpb-content-wrapper\">[vc_row][vc_column][vc_column_text]\n<div class=\"vc_row wpb_row vc_row-fluid vc_custom_1470236608459\">\n<div class=\"wpb_column vc_column_container vc_col-sm-12\">\n<div class=\"vc_column-inner\">\n<div class=\"wpb_wrapper\">\n<div class=\"wpb_text_column wpb_content_element \">\n<div class=\"wpb_wrapper\">\n<h3><strong>Informa\u00e7\u00e3o de acordo com o \u00a7 5 TMG:<\/strong><\/h3>\n<p>Congrega\u00e7\u00e3o das Irm\u00e3s Franciscanas de Sie\u00dfen &#8211; Generalat e.V.<\/p>\n<h3><strong>Conselho de Administra\u00e7\u00e3o \/ Superior Geral:<\/strong><\/h3>\n<p>Ir. M. Karin Berger<\/p>\n<h3>Endere\u00e7o:<\/h3>\n<p>Sie\u00dfen Monastery 3, D-88348 Bad Saulgau<br \/>\nTelefone 07581 800<br \/>\nCorreio eletr\u00f3nico: generalat(at)klostersiessen(dot)de<br \/>\nRegisto de associa\u00e7\u00f5es: Tribunal local de Ulm VR721693<\/p>\n<p>&nbsp;<\/p>\n<h3><strong>Respons\u00e1vel pelo conte\u00fado<\/strong><\/h3>\n<p>Ir. M. Karin Berger, Superiora Geral<br \/>\nSie\u00dfen Monastery 3, D-88348 Bad Saulgau<br \/>\nCorreio eletr\u00f3nico: <a href=\"mailto:generalat@klostersiessen.de\">generalat(at)klostersiessen(dot)de<\/a><\/p>\n<h3><strong>Desenvolvimento deste s\u00edtio Web:<\/strong><\/h3>\n<p>Ulrich Berens,<br \/>\nFlorian-Wengenmayr-Str. 24, 86609 Donauw\u00f6rth<br \/>\n<a href=\"http:\/\/ubecon.de\" target=\"_blank\" rel=\"noopener noreferrer\">ubecon &#8211; Ulrich Berens IT Consulting<\/a><br \/>\nCorreio eletr\u00f3nico: <a href=\"mailto:buero@ubecon.de\" target=\"_blank\" rel=\"noopener noreferrer\">buero(at)ubecon(dot)de<\/a><\/p>\n<h3><strong>Fotos:<\/strong><\/h3>\n<p>Irm\u00e3s Franciscanas de Sie\u00dfen<\/p>\n<h3><strong>Textos:<\/strong><\/h3>\n<p>Ir. M. Karin Berger et al.<\/p>\n<h3><strong>Aviso de direitos de autor:<\/strong><\/h3>\n<p>Todos os textos e imagens publicados est\u00e3o protegidos por direitos de autor e n\u00e3o podem ser utilizados sem a autoriza\u00e7\u00e3o do Conselho Geral, nem mesmo para uso privado. A distribui\u00e7\u00e3o e reprodu\u00e7\u00e3o de conte\u00fados, bem como a inclus\u00e3o em bases de dados electr\u00f3nicas, requer autoriza\u00e7\u00e3o por escrito. Em particular, \u00e9 expressamente proibida a utiliza\u00e7\u00e3o das informa\u00e7\u00f5es publicadas para fins publicit\u00e1rios ou similares.<br \/>\nA coloca\u00e7\u00e3o de hiperliga\u00e7\u00f5es (texto ou banners) para a nossa oferta www.siessen.org \u00e9 desejada e permitida.<\/p>\n<h3><strong>Aviso legal:<\/strong><\/h3>\n<p>Apesar do controlo cuidadoso do conte\u00fado, n\u00e3o assumimos qualquer responsabilidade pelo conte\u00fado das liga\u00e7\u00f5es externas. Os operadores das p\u00e1ginas ligadas s\u00e3o os \u00fanicos respons\u00e1veis pelo seu conte\u00fado. O Kloster Sie\u00dfen n\u00e3o se responsabiliza pela exatid\u00e3o e integridade dos conte\u00fados fornecidos por outros patrocinadores, nem pela aus\u00eancia de direitos de terceiros.<\/p>\n<h3><strong>Direitos de terceiros:<\/strong><\/h3>\n<p>Se nesta p\u00e1gina inicial forem utilizados textos ou gr\u00e1ficos protegidos por direitos de autor ou que violem os direitos de terceiros, tal foi feito apesar de uma an\u00e1lise conscienciosa e sem qualquer inten\u00e7\u00e3o.<br \/>\nInforme-nos se detetar algum conte\u00fado deste tipo.<br \/>\nA men\u00e7\u00e3o de nomes de empresas ou de marcas \u00e9 feita sem verifica\u00e7\u00e3o dos direitos de terceiros. N\u00e3o se pode concluir que estes nomes e\/ou designa\u00e7\u00f5es estejam isentos de direitos de terceiros devido \u00e0 aus\u00eancia de prote\u00e7\u00e3o de marca registada ou de um aviso de direitos de autor.<\/p>\n<\/div>\n<\/div>\n<\/div>\n<\/div>\n<\/div>\n<\/div>\n[\/vc_column_text][\/vc_column][\/vc_row]\n<\/div>","protected":false},"excerpt":{"rendered":"<p>[vc_row][vc_column][vc_column_text] Informa\u00e7\u00e3o de acordo com o \u00a7 5 TMG: Congrega\u00e7\u00e3o das Irm\u00e3s Franciscanas de Sie\u00dfen &#8211; Generalat e.V. Conselho de Administra\u00e7\u00e3o \/ Superior Geral: Ir. M. Karin Berger Endere\u00e7o: Sie\u00dfen Monastery 3, D-88348 Bad Saulgau Telefone 07581 800 Correio eletr\u00f3nico: generalat(at)klostersiessen(dot)de Registo de associa\u00e7\u00f5es: Tribunal local de Ulm VR721693 &nbsp; Respons\u00e1vel pelo conte\u00fado Ir. M.&hellip;<\/p>\n","protected":false},"author":1,"featured_media":0,"parent":0,"menu_order":0,"comment_status":"closed","ping_status":"closed","template":"","meta":{"footnotes":""},"class_list":["post-1939","page","type-page","status-publish","hentry","entry","no-media"],"_links":{"self":[{"href":"https:\/\/siessen.org\/pt-br\/wp-json\/wp\/v2\/pages\/1939","targetHints":{"allow":["GET"]}}],"collection":[{"href":"https:\/\/siessen.org\/pt-br\/wp-json\/wp\/v2\/pages"}],"about":[{"href":"https:\/\/siessen.org\/pt-br\/wp-json\/wp\/v2\/types\/page"}],"author":[{"embeddable":true,"href":"https:\/\/siessen.org\/pt-br\/wp-json\/wp\/v2\/users\/1"}],"replies":[{"embeddable":true,"href":"https:\/\/siessen.org\/pt-br\/wp-json\/wp\/v2\/comments?post=1939"}],"version-history":[{"count":2,"href":"https:\/\/siessen.org\/pt-br\/wp-json\/wp\/v2\/pages\/1939\/revisions"}],"predecessor-version":[{"id":1941,"href":"https:\/\/siessen.org\/pt-br\/wp-json\/wp\/v2\/pages\/1939\/revisions\/1941"}],"wp:attachment":[{"href":"https:\/\/siessen.org\/pt-br\/wp-json\/wp\/v2\/media?parent=1939"}],"curies":[{"name":"wp","href":"https:\/\/api.w.org\/{rel}","templated":true}]}}