{"id":1948,"date":"2023-02-06T18:53:08","date_gmt":"2023-02-06T17:53:08","guid":{"rendered":"https:\/\/siessen.org\/quem-somos\/declaracoes\/"},"modified":"2025-01-27T17:27:47","modified_gmt":"2025-01-27T16:27:47","slug":"declaracoes","status":"publish","type":"page","link":"https:\/\/siessen.org\/pt-br\/quem-somos\/declaracoes\/","title":{"rendered":"Declara\u00e7\u00f5es"},"content":{"rendered":"<div class=\"wpb-content-wrapper\">[vc_row][vc_column width=&#8221;1\/4&#8243;]<div class=\"vcex-spacing wpex-w-100 wpex-clear\"><\/div>[\/vc_column][vc_column width=&#8221;1\/2&#8243;]<figure class=\"vcex-image vcex-module wpex-text-center\"><div class=\"vcex-image-inner wpex-relative wpex-inline-block\"><img width=\"1896\" height=\"1063\" src=\"https:\/\/siessen.org\/wp-content\/uploads\/2023\/06\/warum-ich-gerne.png\" class=\"vcex-image-img wpex-align-middle\" alt=\"\" loading=\"lazy\" decoding=\"async\" srcset=\"https:\/\/siessen.org\/wp-content\/uploads\/2023\/06\/warum-ich-gerne.png 1896w, https:\/\/siessen.org\/wp-content\/uploads\/2023\/06\/warum-ich-gerne-300x168.png 300w, https:\/\/siessen.org\/wp-content\/uploads\/2023\/06\/warum-ich-gerne-1024x574.png 1024w, https:\/\/siessen.org\/wp-content\/uploads\/2023\/06\/warum-ich-gerne-768x431.png 768w, https:\/\/siessen.org\/wp-content\/uploads\/2023\/06\/warum-ich-gerne-1536x861.png 1536w\" sizes=\"auto, (max-width: 1896px) 100vw, 1896px\" \/><\/div><\/figure>[\/vc_column][vc_column width=&#8221;1\/4&#8243;][\/vc_column][\/vc_row][vc_row][vc_column][vc_column_text css=&#8221;&#8221;]\n<h3><span style=\"font-size: 21px;\">Nesta p\u00e1gina, encontrar\u00e1 v\u00eddeos nos quais nossas Irm\u00e3s explicam por que gostam de ser Franciscanas de Siessen.<\/span><\/h3>\n<p>&nbsp;<\/p>\n[\/vc_column_text][vc_row_inner][vc_column_inner width=&#8221;1\/4&#8243;]<figure class=\"vcex-image vcex-module\"><div class=\"vcex-image-inner wpex-relative wpex-inline-block\"><img width=\"170\" height=\"204\" src=\"https:\/\/siessen.org\/wp-content\/uploads\/2025\/01\/Lena.jpg\" class=\"vcex-image-img wpex-align-middle\" alt=\"\" loading=\"lazy\" decoding=\"async\" \/><\/div><\/figure>[vc_column_text css=&#8221;&#8221;]Ir. M. Lena (Idioma: alem\u00e3o)<a href=\"https:\/\/siessen.org\/wp-content\/uploads\/2023\/06\/Sr-Lena.mp4\">https:\/\/siessen.org\/wp-content\/uploads\/2023\/06\/Sr-Lena.mp4<\/a>[\/vc_column_text][\/vc_column_inner][vc_column_inner width=&#8221;1\/4&#8243;]<figure class=\"vcex-image vcex-module\"><div class=\"vcex-image-inner wpex-relative wpex-inline-block\"><img width=\"171\" height=\"200\" src=\"https:\/\/siessen.org\/wp-content\/uploads\/2025\/01\/Mary-Magdalene.jpg\" class=\"vcex-image-img wpex-align-middle\" alt=\"\" loading=\"lazy\" decoding=\"async\" \/><\/div><\/figure>[vc_column_text css=&#8221;&#8221;]Irm\u00e3 Mary-Magdalene (Idioma: ingl\u00eas)<a href=\"https:\/\/siessen.org\/wp-content\/uploads\/2023\/06\/VID-20230623-WA0000.mp4\">https:\/\/siessen.org\/wp-content\/uploads\/2023\/06\/VID-20230623-WA0000.mp4<\/a>[\/vc_column_text][\/vc_column_inner][vc_column_inner width=&#8221;1\/4&#8243;]<figure class=\"vcex-image vcex-module\"><div class=\"vcex-image-inner wpex-relative wpex-inline-block\"><img width=\"170\" height=\"200\" src=\"https:\/\/siessen.org\/wp-content\/uploads\/2025\/01\/Veronika-2.jpg\" class=\"vcex-image-img wpex-align-middle\" alt=\"\" loading=\"lazy\" decoding=\"async\" \/><\/div><\/figure>[vc_column_text css=&#8221;&#8221;]Ir. M. Veronika (Idioma: alem\u00e3o)<a href=\"https:\/\/siessen.org\/wp-content\/uploads\/2023\/06\/Veronika.mp4\">https:\/\/siessen.org\/wp-content\/uploads\/2023\/06\/Veronika.mp4<\/a>[\/vc_column_text][\/vc_column_inner][vc_column_inner width=&#8221;1\/4&#8243;]<figure class=\"vcex-image vcex-module\"><div class=\"vcex-image-inner wpex-relative wpex-inline-block\"><img width=\"170\" height=\"200\" src=\"https:\/\/siessen.org\/wp-content\/uploads\/2025\/01\/Vera.jpg\" class=\"vcex-image-img wpex-align-middle\" alt=\"\" loading=\"lazy\" decoding=\"async\" \/><\/div><\/figure>[vc_column_text css=&#8221;&#8221;]Sr. M. Vera (Idioma: alem\u00e3o)<a href=\"https:\/\/siessen.org\/wp-content\/uploads\/2023\/06\/M-Vera.mp4\">https:\/\/siessen.org\/wp-content\/uploads\/2023\/06\/M-Vera.mp4<\/a>[\/vc_column_text][\/vc_column_inner][\/vc_row_inner][vc_row_inner][vc_column_inner width=&#8221;1\/4&#8243;]<figure class=\"vcex-image vcex-module\"><div class=\"vcex-image-inner wpex-relative wpex-inline-block\"><img width=\"170\" height=\"205\" src=\"https:\/\/siessen.org\/wp-content\/uploads\/2025\/01\/Mirjam.jpg\" class=\"vcex-image-img wpex-align-middle\" alt=\"\" loading=\"lazy\" decoding=\"async\" \/><\/div><\/figure>[vc_column_text css=&#8221;&#8221;]Ir. M. Mirjam (Idioma: alem\u00e3o)<a href=\"https:\/\/siessen.org\/wp-content\/uploads\/2023\/06\/Mirjam.mp4\">https:\/\/siessen.org\/wp-content\/uploads\/2023\/06\/Mirjam.mp4<\/a>[\/vc_column_text][\/vc_column_inner][vc_column_inner width=&#8221;1\/4&#8243;][vc_column_text css=&#8221;&#8221;]Ir. Rita-Maria (Idioma: ingl\u00eas)<a href=\"https:\/\/siessen.org\/wp-content\/uploads\/2023\/06\/Rita-Maria-1.mp4\">https:\/\/siessen.org\/wp-content\/uploads\/2023\/06\/Rita-Maria-1.mp4<\/a>[\/vc_column_text][\/vc_column_inner][vc_column_inner width=&#8221;1\/4&#8243;][vc_column_text css=&#8221;&#8221;]Irm\u00e3 Rita-Maria (2\u00aa parte) (Idioma: ingl\u00eas)<a href=\"https:\/\/siessen.org\/wp-content\/uploads\/2023\/06\/Rita-Maria-2.mp4\">https:\/\/siessen.org\/wp-content\/uploads\/2023\/06\/Rita-Maria-2.mp4<\/a>[\/vc_column_text][\/vc_column_inner][vc_column_inner width=&#8221;1\/4&#8243;][vc_column_text css=&#8221;&#8221;]Ir. Marie-Jos\u00e9 (Idioma: alem\u00e3o)<a href=\"https:\/\/siessen.org\/wp-content\/uploads\/2023\/06\/mariejose.mp4\">https:\/\/siessen.org\/wp-content\/uploads\/2023\/06\/mariejose.mp4<\/a>[\/vc_column_text][\/vc_column_inner][\/vc_row_inner][vc_row_inner][vc_column_inner width=&#8221;1\/4&#8243;]<figure class=\"vcex-image vcex-module\"><div class=\"vcex-image-inner wpex-relative wpex-inline-block\"><img width=\"170\" height=\"200\" src=\"https:\/\/siessen.org\/wp-content\/uploads\/2025\/01\/Karin.jpg\" class=\"vcex-image-img wpex-align-middle\" alt=\"\" loading=\"lazy\" decoding=\"async\" \/><\/div><\/figure>[vc_column_text css=&#8221;&#8221;]Ir. M. Karin (Idioma: alem\u00e3o)<a href=\"https:\/\/siessen.org\/wp-content\/uploads\/2023\/06\/M.-Karin_d.mp4\">https:\/\/siessen.org\/wp-content\/uploads\/2023\/06\/M.-Karin_d.mp4<\/a>[\/vc_column_text][\/vc_column_inner][vc_column_inner width=&#8221;1\/4&#8243;][vc_column_text css=&#8221;&#8221;][\/vc_column_text][\/vc_column_inner][vc_column_inner width=&#8221;1\/4&#8243;][vc_column_text css=&#8221;&#8221;][\/vc_column_text][\/vc_column_inner][vc_column_inner width=&#8221;1\/4&#8243;][vc_column_text css=&#8221;&#8221;][\/vc_column_text][\/vc_column_inner][\/vc_row_inner][\/vc_column][\/vc_row]\n<\/div>","protected":false},"excerpt":{"rendered":"<p>[vc_row][vc_column width=&#8221;1\/4&#8243;][\/vc_column][vc_column width=&#8221;1\/2&#8243;][\/vc_column][vc_column width=&#8221;1\/4&#8243;][\/vc_column][\/vc_row][vc_row][vc_column][vc_column_text css=&#8221;&#8221;] Nesta p\u00e1gina, encontrar\u00e1 v\u00eddeos nos quais nossas Irm\u00e3s explicam por que gostam de ser Franciscanas de Siessen. &nbsp; [\/vc_column_text][vc_row_inner][vc_column_inner width=&#8221;1\/4&#8243;][vc_column_text css=&#8221;&#8221;]Ir. M. Lena (Idioma: alem\u00e3o)https:\/\/siessen.org\/wp-content\/uploads\/2023\/06\/Sr-Lena.mp4[\/vc_column_text][\/vc_column_inner][vc_column_inner width=&#8221;1\/4&#8243;][vc_column_text css=&#8221;&#8221;]Irm\u00e3 Mary-Magdalene (Idioma: ingl\u00eas)https:\/\/siessen.org\/wp-content\/uploads\/2023\/06\/VID-20230623-WA0000.mp4[\/vc_column_text][\/vc_column_inner][vc_column_inner width=&#8221;1\/4&#8243;][vc_column_text css=&#8221;&#8221;]Ir. M. Veronika (Idioma: alem\u00e3o)https:\/\/siessen.org\/wp-content\/uploads\/2023\/06\/Veronika.mp4[\/vc_column_text][\/vc_column_inner][vc_column_inner width=&#8221;1\/4&#8243;][vc_column_text css=&#8221;&#8221;]Sr. M. Vera (Idioma: alem\u00e3o)https:\/\/siessen.org\/wp-content\/uploads\/2023\/06\/M-Vera.mp4[\/vc_column_text][\/vc_column_inner][\/vc_row_inner][vc_row_inner][vc_column_inner width=&#8221;1\/4&#8243;][vc_column_text css=&#8221;&#8221;]Ir. M. Mirjam (Idioma: alem\u00e3o)https:\/\/siessen.org\/wp-content\/uploads\/2023\/06\/Mirjam.mp4[\/vc_column_text][\/vc_column_inner][vc_column_inner width=&#8221;1\/4&#8243;][vc_column_text css=&#8221;&#8221;]Ir.&hellip;<\/p>\n","protected":false},"author":1,"featured_media":0,"parent":1905,"menu_order":0,"comment_status":"closed","ping_status":"closed","template":"","meta":{"footnotes":""},"class_list":["post-1948","page","type-page","status-publish","hentry","entry","no-media"],"_links":{"self":[{"href":"https:\/\/siessen.org\/pt-br\/wp-json\/wp\/v2\/pages\/1948","targetHints":{"allow":["GET"]}}],"collection":[{"href":"https:\/\/siessen.org\/pt-br\/wp-json\/wp\/v2\/pages"}],"about":[{"href":"https:\/\/siessen.org\/pt-br\/wp-json\/wp\/v2\/types\/page"}],"author":[{"embeddable":true,"href":"https:\/\/siessen.org\/pt-br\/wp-json\/wp\/v2\/users\/1"}],"replies":[{"embeddable":true,"href":"https:\/\/siessen.org\/pt-br\/wp-json\/wp\/v2\/comments?post=1948"}],"version-history":[{"count":10,"href":"https:\/\/siessen.org\/pt-br\/wp-json\/wp\/v2\/pages\/1948\/revisions"}],"predecessor-version":[{"id":5930,"href":"https:\/\/siessen.org\/pt-br\/wp-json\/wp\/v2\/pages\/1948\/revisions\/5930"}],"up":[{"embeddable":true,"href":"https:\/\/siessen.org\/pt-br\/wp-json\/wp\/v2\/pages\/1905"}],"wp:attachment":[{"href":"https:\/\/siessen.org\/pt-br\/wp-json\/wp\/v2\/media?parent=1948"}],"curies":[{"name":"wp","href":"https:\/\/api.w.org\/{rel}","templated":true}]}}