{"id":1958,"date":"2023-02-06T18:46:42","date_gmt":"2023-02-06T17:46:42","guid":{"rendered":"https:\/\/siessen.org\/quem-somos\/generalato\/"},"modified":"2024-03-28T16:08:50","modified_gmt":"2024-03-28T15:08:50","slug":"generalato","status":"publish","type":"page","link":"https:\/\/siessen.org\/pt-br\/quem-somos\/generalato\/","title":{"rendered":"Generalato"},"content":{"rendered":"<div class=\"wpb-content-wrapper\">[vc_row][vc_column]<div class=\"vcex-spacing wpex-w-100 wpex-clear\"><\/div>[vc_column_text]\n<h1 style=\"text-align: center;\"><span class=\"wpex-text-4xl\">Generalato<\/span><\/h1>\n[\/vc_column_text]<div class=\"vcex-module vcex-divider-dots wpex-mx-auto wpex-last-mr-0 wpex-text-center\"><span class=\"wpex-inline-block wpex-rounded-full wpex-bg-accent wpex-mr-10\"><\/span><span class=\"wpex-inline-block wpex-rounded-full wpex-bg-accent wpex-mr-10\"><\/span><span class=\"wpex-inline-block wpex-rounded-full wpex-bg-accent wpex-mr-10\"><\/span><\/div><div class=\"vcex-spacing wpex-w-100 wpex-clear\"><\/div>[\/vc_column][\/vc_row][vc_row][vc_column width=&#8221;2\/3&#8243;][vc_column_text]O Generalato \u00e9 o lugar onde se re\u00fanem os fios da Congrega\u00e7\u00e3o.<br \/>\nEst\u00e1 situado no \u00faltimo andar da Casa de Santa \u00c2ngela, no Klosterberg, em Sie\u00dfen.<\/p>\n<p>O Generalato \u00e9 o espa\u00e7o de trabalho e de vida da Dire\u00e7\u00e3o Geral, que inclui a Superiora Geral, a Vig\u00e1ria Geral e a Conselheira Geral. A equipa inclui tamb\u00e9m a Ec\u00f4noma Geral e a Secret\u00e1ria Geral.<\/p>\n<p>Cada uma das tr\u00eas Prov\u00edncias tem sua pr\u00f3pria vida e seus pr\u00f3prios temas dentro da estrutura do Projeto de Vida e do carisma da Congrega\u00e7\u00e3o. \u00c9 tarefa da Lideran\u00e7a Geral acompanhar as prov\u00edncias e manter viva a linha comum da Congrega\u00e7\u00e3o, que foi elaborada no Cap\u00edtulo Geral, e lev\u00e1-la \u00e0s prov\u00edncias sempre de novo.[\/vc_column_text][\/vc_column][vc_column width=&#8221;1\/3&#8243;]<figure class=\"vcex-image vcex-module\"><div class=\"vcex-image-inner wpex-relative wpex-inline-block\"><img width=\"1890\" height=\"1063\" src=\"https:\/\/siessen.org\/wp-content\/uploads\/2023\/02\/KlosterSiessen-Luftbild-\u00a9-ingorack.jpg\" class=\"vcex-image-img wpex-align-middle\" alt=\"\" loading=\"lazy\" decoding=\"async\" srcset=\"https:\/\/siessen.org\/wp-content\/uploads\/2023\/02\/KlosterSiessen-Luftbild-\u00a9-ingorack.jpg 1890w, https:\/\/siessen.org\/wp-content\/uploads\/2023\/02\/KlosterSiessen-Luftbild-\u00a9-ingorack-300x169.jpg 300w, https:\/\/siessen.org\/wp-content\/uploads\/2023\/02\/KlosterSiessen-Luftbild-\u00a9-ingorack-1024x576.jpg 1024w, https:\/\/siessen.org\/wp-content\/uploads\/2023\/02\/KlosterSiessen-Luftbild-\u00a9-ingorack-768x432.jpg 768w, https:\/\/siessen.org\/wp-content\/uploads\/2023\/02\/KlosterSiessen-Luftbild-\u00a9-ingorack-1536x864.jpg 1536w\" sizes=\"auto, (max-width: 1890px) 100vw, 1890px\" \/><\/div><\/figure>[\/vc_column][\/vc_row]\n<\/div>","protected":false},"excerpt":{"rendered":"<p>[vc_row][vc_column][vc_column_text] Generalato [\/vc_column_text][\/vc_column][\/vc_row][vc_row][vc_column width=&#8221;2\/3&#8243;][vc_column_text]O Generalato \u00e9 o lugar onde se re\u00fanem os fios da Congrega\u00e7\u00e3o. Est\u00e1 situado no \u00faltimo andar da Casa de Santa \u00c2ngela, no Klosterberg, em Sie\u00dfen. O Generalato \u00e9 o espa\u00e7o de trabalho e de vida da Dire\u00e7\u00e3o Geral, que inclui a Superiora Geral, a Vig\u00e1ria Geral e a Conselheira Geral. A&hellip;<\/p>\n","protected":false},"author":1,"featured_media":0,"parent":1905,"menu_order":0,"comment_status":"closed","ping_status":"closed","template":"","meta":{"footnotes":""},"class_list":["post-1958","page","type-page","status-publish","hentry","entry","no-media"],"_links":{"self":[{"href":"https:\/\/siessen.org\/pt-br\/wp-json\/wp\/v2\/pages\/1958","targetHints":{"allow":["GET"]}}],"collection":[{"href":"https:\/\/siessen.org\/pt-br\/wp-json\/wp\/v2\/pages"}],"about":[{"href":"https:\/\/siessen.org\/pt-br\/wp-json\/wp\/v2\/types\/page"}],"author":[{"embeddable":true,"href":"https:\/\/siessen.org\/pt-br\/wp-json\/wp\/v2\/users\/1"}],"replies":[{"embeddable":true,"href":"https:\/\/siessen.org\/pt-br\/wp-json\/wp\/v2\/comments?post=1958"}],"version-history":[{"count":10,"href":"https:\/\/siessen.org\/pt-br\/wp-json\/wp\/v2\/pages\/1958\/revisions"}],"predecessor-version":[{"id":4179,"href":"https:\/\/siessen.org\/pt-br\/wp-json\/wp\/v2\/pages\/1958\/revisions\/4179"}],"up":[{"embeddable":true,"href":"https:\/\/siessen.org\/pt-br\/wp-json\/wp\/v2\/pages\/1905"}],"wp:attachment":[{"href":"https:\/\/siessen.org\/pt-br\/wp-json\/wp\/v2\/media?parent=1958"}],"curies":[{"name":"wp","href":"https:\/\/api.w.org\/{rel}","templated":true}]}}