{"id":1961,"date":"2023-02-06T18:53:45","date_gmt":"2023-02-06T17:53:45","guid":{"rendered":"https:\/\/siessen.org\/onde-estamos\/africa-do-sul\/"},"modified":"2024-04-11T14:39:46","modified_gmt":"2024-04-11T12:39:46","slug":"africa-do-sul","status":"publish","type":"page","link":"https:\/\/siessen.org\/pt-br\/onde-estamos\/africa-do-sul\/","title":{"rendered":"\u00c1frica do Sul"},"content":{"rendered":"<div class=\"wpb-content-wrapper\">[vc_row][vc_column]<div class=\"vcex-spacing wpex-w-100 wpex-clear\"><\/div>[vc_column_text css=&#8221;.vc_custom_1686489746124{margin-top: 30px !important;}&#8221;]\n<h1 style=\"text-align: center;\"><span class=\"wpex-text-4xl\">\u00c1frica do Sul<\/span><\/h1>\n[\/vc_column_text]<div class=\"vcex-module vcex-divider-dots wpex-mx-auto wpex-last-mr-0 wpex-text-center\"><span class=\"wpex-inline-block wpex-rounded-full wpex-bg-accent wpex-mr-10\"><\/span><span class=\"wpex-inline-block wpex-rounded-full wpex-bg-accent wpex-mr-10\"><\/span><span class=\"wpex-inline-block wpex-rounded-full wpex-bg-accent wpex-mr-10\"><\/span><\/div>[\/vc_column][\/vc_row][vc_row][vc_column]<style class=\"vcex-carousel-preload-css\">.vcex_69eb239f33d66{--wpex-carousel-gap:15px;}.vcex_69eb239f33d66{--wpex-carousel-columns:1;}.vcex_69eb239f33d66.wpex-carousel:not(.wpex-carousel--loaded) > *:not(:nth-child(1n+2)){display: flex !important;}@media only screen and (min-width: 480px) {.vcex_69eb239f33d66{--wpex-carousel-columns:2;}.vcex_69eb239f33d66.wpex-carousel:not(.wpex-carousel--loaded) > *:not(:nth-child(1n+3)){display: flex !important;}}@media only screen and (min-width: 768px) {.vcex_69eb239f33d66{--wpex-carousel-columns:3;}.vcex_69eb239f33d66.wpex-carousel:not(.wpex-carousel--loaded) > *:not(:nth-child(1n+4)){display: flex !important;}}@media only screen and (min-width: 960px) {.vcex_69eb239f33d66{--wpex-carousel-columns:3;}.vcex_69eb239f33d66.wpex-carousel:not(.wpex-carousel--loaded) > *:not(:nth-child(1n+4)){display: flex !important;}}<\/style><div class=\"vcex-image-carousel wpex-carousel wpex-carousel-images wpex-clr vcex-module owl-carousel wpex-carousel--render-onload vcex_69eb239f33d66 arrwstyle-circle arrwpos-default\" data-wpex-carousel=\"{&quot;autoplay&quot;:&quot;true&quot;,&quot;slideBy&quot;:1,&quot;items&quot;:3,&quot;responsive&quot;:{&quot;0&quot;:{&quot;items&quot;:&quot;1&quot;},&quot;480&quot;:{&quot;items&quot;:&quot;2&quot;},&quot;768&quot;:{&quot;items&quot;:&quot;3&quot;},&quot;960&quot;:{&quot;items&quot;:3}}}\"><div class=\"wpex-carousel-slide\"><figure class=\"wpex-carousel-entry-media entry-media wpex-relative\"><img width=\"533\" height=\"400\" src=\"https:\/\/siessen.org\/wp-content\/uploads\/2023\/06\/01-Assisi-Gate.jpg\" class=\"wpex-align-middle skip-lazy\" alt=\"\" data-no-lazy=\"1\" srcset=\"https:\/\/siessen.org\/wp-content\/uploads\/2023\/06\/01-Assisi-Gate.jpg 533w, https:\/\/siessen.org\/wp-content\/uploads\/2023\/06\/01-Assisi-Gate-300x225.jpg 300w\" sizes=\"(max-width: 533px) 100vw, 533px\" \/><\/figure><\/div><div class=\"wpex-carousel-slide\"><figure class=\"wpex-carousel-entry-media entry-media wpex-relative\"><img width=\"533\" height=\"400\" src=\"https:\/\/siessen.org\/wp-content\/uploads\/2023\/06\/02-Assisi-von-oben.jpg\" class=\"wpex-align-middle skip-lazy\" alt=\"\" data-no-lazy=\"1\" srcset=\"https:\/\/siessen.org\/wp-content\/uploads\/2023\/06\/02-Assisi-von-oben.jpg 533w, https:\/\/siessen.org\/wp-content\/uploads\/2023\/06\/02-Assisi-von-oben-300x225.jpg 300w\" sizes=\"(max-width: 533px) 100vw, 533px\" \/><\/figure><\/div><div class=\"wpex-carousel-slide\"><figure class=\"wpex-carousel-entry-media entry-media wpex-relative\"><img width=\"535\" height=\"401\" src=\"https:\/\/siessen.org\/wp-content\/uploads\/2024\/03\/Kirche-Gottesdienst.jpg\" class=\"wpex-align-middle skip-lazy\" alt=\"\" data-no-lazy=\"1\" srcset=\"https:\/\/siessen.org\/wp-content\/uploads\/2024\/03\/Kirche-Gottesdienst.jpg 535w, https:\/\/siessen.org\/wp-content\/uploads\/2024\/03\/Kirche-Gottesdienst-300x225.jpg 300w\" sizes=\"(max-width: 535px) 100vw, 535px\" \/><\/figure><\/div><div class=\"wpex-carousel-slide\"><figure class=\"wpex-carousel-entry-media entry-media wpex-relative\"><img width=\"533\" height=\"400\" src=\"https:\/\/siessen.org\/wp-content\/uploads\/2023\/06\/03-Provinzhaus-.jpg\" class=\"wpex-align-middle skip-lazy\" alt=\"\" data-no-lazy=\"1\" srcset=\"https:\/\/siessen.org\/wp-content\/uploads\/2023\/06\/03-Provinzhaus-.jpg 533w, https:\/\/siessen.org\/wp-content\/uploads\/2023\/06\/03-Provinzhaus--300x225.jpg 300w\" sizes=\"(max-width: 533px) 100vw, 533px\" \/><\/figure><\/div><div class=\"wpex-carousel-slide\"><figure class=\"wpex-carousel-entry-media entry-media wpex-relative\"><img width=\"533\" height=\"400\" src=\"https:\/\/siessen.org\/wp-content\/uploads\/2023\/06\/06-Wegweiser.jpg\" class=\"wpex-align-middle skip-lazy\" alt=\"\" data-no-lazy=\"1\" srcset=\"https:\/\/siessen.org\/wp-content\/uploads\/2023\/06\/06-Wegweiser.jpg 533w, https:\/\/siessen.org\/wp-content\/uploads\/2023\/06\/06-Wegweiser-300x225.jpg 300w\" sizes=\"(max-width: 533px) 100vw, 533px\" \/><\/figure><\/div><div class=\"wpex-carousel-slide\"><figure class=\"wpex-carousel-entry-media entry-media wpex-relative\"><img width=\"535\" height=\"400\" src=\"https:\/\/siessen.org\/wp-content\/uploads\/2024\/03\/Prozession.jpg\" class=\"wpex-align-middle skip-lazy\" alt=\"\" data-no-lazy=\"1\" srcset=\"https:\/\/siessen.org\/wp-content\/uploads\/2024\/03\/Prozession.jpg 535w, https:\/\/siessen.org\/wp-content\/uploads\/2024\/03\/Prozession-300x224.jpg 300w\" sizes=\"(max-width: 535px) 100vw, 535px\" \/><\/figure><\/div><div class=\"wpex-carousel-slide\"><figure class=\"wpex-carousel-entry-media entry-media wpex-relative\"><img width=\"535\" height=\"401\" src=\"https:\/\/siessen.org\/wp-content\/uploads\/2024\/03\/Orange-Farm-Familie.jpg\" class=\"wpex-align-middle skip-lazy\" alt=\"\" data-no-lazy=\"1\" srcset=\"https:\/\/siessen.org\/wp-content\/uploads\/2024\/03\/Orange-Farm-Familie.jpg 535w, https:\/\/siessen.org\/wp-content\/uploads\/2024\/03\/Orange-Farm-Familie-300x225.jpg 300w\" sizes=\"(max-width: 535px) 100vw, 535px\" \/><\/figure><\/div><div class=\"wpex-carousel-slide\"><figure class=\"wpex-carousel-entry-media entry-media wpex-relative\"><img width=\"533\" height=\"400\" src=\"https:\/\/siessen.org\/wp-content\/uploads\/2023\/06\/04-Regenbogen-Priesthouse.jpg\" class=\"wpex-align-middle skip-lazy\" alt=\"\" data-no-lazy=\"1\" srcset=\"https:\/\/siessen.org\/wp-content\/uploads\/2023\/06\/04-Regenbogen-Priesthouse.jpg 533w, https:\/\/siessen.org\/wp-content\/uploads\/2023\/06\/04-Regenbogen-Priesthouse-300x225.jpg 300w\" sizes=\"(max-width: 533px) 100vw, 533px\" \/><\/figure><\/div><div class=\"wpex-carousel-slide\"><figure class=\"wpex-carousel-entry-media entry-media wpex-relative\"><img width=\"535\" height=\"400\" src=\"https:\/\/siessen.org\/wp-content\/uploads\/2023\/06\/05-Schwestern-beim-Fest.jpg\" class=\"wpex-align-middle skip-lazy\" alt=\"\" data-no-lazy=\"1\" srcset=\"https:\/\/siessen.org\/wp-content\/uploads\/2023\/06\/05-Schwestern-beim-Fest.jpg 535w, https:\/\/siessen.org\/wp-content\/uploads\/2023\/06\/05-Schwestern-beim-Fest-300x224.jpg 300w\" sizes=\"(max-width: 535px) 100vw, 535px\" \/><\/figure><\/div><div class=\"wpex-carousel-slide\"><figure class=\"wpex-carousel-entry-media entry-media wpex-relative\"><img width=\"532\" height=\"400\" src=\"https:\/\/siessen.org\/wp-content\/uploads\/2023\/06\/08-Marimbas.jpg\" class=\"wpex-align-middle skip-lazy\" alt=\"\" data-no-lazy=\"1\" srcset=\"https:\/\/siessen.org\/wp-content\/uploads\/2023\/06\/08-Marimbas.jpg 532w, https:\/\/siessen.org\/wp-content\/uploads\/2023\/06\/08-Marimbas-300x226.jpg 300w\" sizes=\"(max-width: 532px) 100vw, 532px\" \/><\/figure><\/div><div class=\"wpex-carousel-slide\"><figure class=\"wpex-carousel-entry-media entry-media wpex-relative\"><img width=\"532\" height=\"400\" src=\"https:\/\/siessen.org\/wp-content\/uploads\/2023\/06\/09-Abend-2.jpg\" class=\"wpex-align-middle skip-lazy\" alt=\"\" data-no-lazy=\"1\" srcset=\"https:\/\/siessen.org\/wp-content\/uploads\/2023\/06\/09-Abend-2.jpg 532w, https:\/\/siessen.org\/wp-content\/uploads\/2023\/06\/09-Abend-2-300x226.jpg 300w\" sizes=\"(max-width: 532px) 100vw, 532px\" \/><\/figure><\/div><div class=\"wpex-carousel-slide\"><figure class=\"wpex-carousel-entry-media entry-media wpex-relative\"><img width=\"536\" height=\"400\" src=\"https:\/\/siessen.org\/wp-content\/uploads\/2024\/03\/Schafe.jpg\" class=\"wpex-align-middle skip-lazy\" alt=\"\" data-no-lazy=\"1\" srcset=\"https:\/\/siessen.org\/wp-content\/uploads\/2024\/03\/Schafe.jpg 536w, https:\/\/siessen.org\/wp-content\/uploads\/2024\/03\/Schafe-300x224.jpg 300w\" sizes=\"(max-width: 536px) 100vw, 536px\" \/><\/figure><\/div><div class=\"wpex-carousel-slide\"><figure class=\"wpex-carousel-entry-media entry-media wpex-relative\"><img width=\"535\" height=\"400\" src=\"https:\/\/siessen.org\/wp-content\/uploads\/2024\/03\/Schwein.jpg\" class=\"wpex-align-middle skip-lazy\" alt=\"\" data-no-lazy=\"1\" srcset=\"https:\/\/siessen.org\/wp-content\/uploads\/2024\/03\/Schwein.jpg 535w, https:\/\/siessen.org\/wp-content\/uploads\/2024\/03\/Schwein-300x224.jpg 300w\" sizes=\"(max-width: 535px) 100vw, 535px\" \/><\/figure><\/div><div class=\"wpex-carousel-slide\"><figure class=\"wpex-carousel-entry-media entry-media wpex-relative\"><img width=\"535\" height=\"400\" src=\"https:\/\/siessen.org\/wp-content\/uploads\/2023\/06\/07-Besuch-beim-Jesuskind-in-der-Kapelle.jpg\" class=\"wpex-align-middle skip-lazy\" alt=\"\" data-no-lazy=\"1\" srcset=\"https:\/\/siessen.org\/wp-content\/uploads\/2023\/06\/07-Besuch-beim-Jesuskind-in-der-Kapelle.jpg 535w, https:\/\/siessen.org\/wp-content\/uploads\/2023\/06\/07-Besuch-beim-Jesuskind-in-der-Kapelle-300x224.jpg 300w\" sizes=\"(max-width: 535px) 100vw, 535px\" \/><\/figure><\/div><div class=\"wpex-carousel-slide\"><figure class=\"wpex-carousel-entry-media entry-media wpex-relative\"><img width=\"533\" height=\"400\" src=\"https:\/\/siessen.org\/wp-content\/uploads\/2023\/06\/10-Abend.jpg\" class=\"wpex-align-middle skip-lazy\" alt=\"\" data-no-lazy=\"1\" srcset=\"https:\/\/siessen.org\/wp-content\/uploads\/2023\/06\/10-Abend.jpg 533w, https:\/\/siessen.org\/wp-content\/uploads\/2023\/06\/10-Abend-300x225.jpg 300w\" sizes=\"(max-width: 533px) 100vw, 533px\" \/><\/figure><\/div><div class=\"wpex-carousel-slide\"><figure class=\"wpex-carousel-entry-media entry-media wpex-relative\"><img width=\"533\" height=\"400\" src=\"https:\/\/siessen.org\/wp-content\/uploads\/2023\/06\/11-Nacht.jpg\" class=\"wpex-align-middle skip-lazy\" alt=\"\" data-no-lazy=\"1\" srcset=\"https:\/\/siessen.org\/wp-content\/uploads\/2023\/06\/11-Nacht.jpg 533w, https:\/\/siessen.org\/wp-content\/uploads\/2023\/06\/11-Nacht-300x225.jpg 300w\" sizes=\"(max-width: 533px) 100vw, 533px\" \/><\/figure><\/div><div class=\"wpex-carousel-slide\"><figure class=\"wpex-carousel-entry-media entry-media wpex-relative\"><img width=\"533\" height=\"400\" src=\"https:\/\/siessen.org\/wp-content\/uploads\/2024\/03\/Sr-Nichola.jpg\" class=\"wpex-align-middle skip-lazy\" alt=\"\" data-no-lazy=\"1\" srcset=\"https:\/\/siessen.org\/wp-content\/uploads\/2024\/03\/Sr-Nichola.jpg 533w, https:\/\/siessen.org\/wp-content\/uploads\/2024\/03\/Sr-Nichola-300x225.jpg 300w\" sizes=\"(max-width: 533px) 100vw, 533px\" \/><\/figure><\/div><div class=\"wpex-carousel-slide\"><figure class=\"wpex-carousel-entry-media entry-media wpex-relative\"><img width=\"533\" height=\"400\" src=\"https:\/\/siessen.org\/wp-content\/uploads\/2023\/06\/07-Elefant.jpg\" class=\"wpex-align-middle skip-lazy\" alt=\"\" data-no-lazy=\"1\" srcset=\"https:\/\/siessen.org\/wp-content\/uploads\/2023\/06\/07-Elefant.jpg 533w, https:\/\/siessen.org\/wp-content\/uploads\/2023\/06\/07-Elefant-300x225.jpg 300w\" sizes=\"(max-width: 533px) 100vw, 533px\" \/><\/figure><\/div><\/div>[\/vc_column][\/vc_row][vc_row][vc_column width=&#8221;1\/2&#8243;][vc_column_text]A Casa Provincial da \u00c1frica do Sul est\u00e1 situada em Assisi Mission, no Freestate, perto de Ladybrand. \u00c9 a sede da Dire\u00e7\u00e3o Provincial, da administra\u00e7\u00e3o provincial, de grande parte do programa de forma\u00e7\u00e3o da ordem e a casa de repouso das Irm\u00e3s. As Irm\u00e3s administram um centro de retiros e reuni\u00f5es, um jardim de inf\u00e2ncia, um lar de crian\u00e7as, uma padaria e uma fazenda. Existem tamb\u00e9m Conventos em Bloemfontein, Botshabelo, Bothaville, Batlharos e Ennerdale. As Irm\u00e3s trabalham principalmente em jardins-de-inf\u00e2ncia e em tarefas pastorais.<\/p>\n<p>A imagem \u00e0 direita mostra a Dire\u00e7\u00e3o Provincial.<br \/>\nDa esquerda para a direita: Ir. M. Victorina Maseko (Conselheira Provincial), Ir. M. Josephine Masilo (Conselheira Provincial), Ir. M. Andrea Mahlalela (Vig\u00e1ria Provincial), Ir. M. Claudia Sebolecwe (Conselheira Provincial), Ir. M. Constantia Montoeli (Conselheira Provincial), Ir. M. Emmanuela Khwepe (Superiora Provincial).[\/vc_column_text][\/vc_column][vc_column width=&#8221;1\/2&#8243;]<figure class=\"vcex-image vcex-module\"><div class=\"vcex-image-inner wpex-relative wpex-inline-block\"><img width=\"533\" height=\"400\" src=\"https:\/\/siessen.org\/wp-content\/uploads\/2023\/06\/Provincialleadership.jpg\" class=\"vcex-image-img wpex-align-middle\" alt=\"\" loading=\"lazy\" decoding=\"async\" srcset=\"https:\/\/siessen.org\/wp-content\/uploads\/2023\/06\/Provincialleadership.jpg 533w, https:\/\/siessen.org\/wp-content\/uploads\/2023\/06\/Provincialleadership-300x225.jpg 300w\" sizes=\"auto, (max-width: 533px) 100vw, 533px\" \/><\/div><\/figure>[\/vc_column][\/vc_row][vc_row css=&#8221;.vc_custom_1686124573878{background-color: rgba(237,237,218,0.37) !important;*background-color: rgb(237,237,218) !important;}&#8221;][vc_column width=&#8221;1\/3&#8243;][vc_column_text]<strong>Endere\u00e7o postal:<\/strong><\/p>\n<p>Fort Savage<br \/>\nMarseilles<br \/>\n\u00c1frica do Sul[\/vc_column_text][\/vc_column][vc_column width=&#8221;1\/3&#8243;][vc_column_text]<strong>Site:<\/strong><\/p>\n<p><a href=\"http:\/\/www.franciscansfreestate.co.za\" target=\"_blank\" rel=\"noopener\">www.franciscansfreestate.co.za<\/a>[\/vc_column_text][\/vc_column][vc_column width=&#8221;1\/3&#8243;][vc_column_text]<strong>Correio eletr\u00f3nico:<\/strong><\/p>\n<p><a href=\"mailto:info@franciscansfreestate.co.za\">info@franciscansfreestate.co.za<\/a>[\/vc_column_text][\/vc_column][\/vc_row]\n<\/div>","protected":false},"excerpt":{"rendered":"<p>[vc_row][vc_column][vc_column_text css=&#8221;.vc_custom_1686489746124{margin-top: 30px !important;}&#8221;] \u00c1frica do Sul [\/vc_column_text][\/vc_column][\/vc_row][vc_row][vc_column][\/vc_column][\/vc_row][vc_row][vc_column width=&#8221;1\/2&#8243;][vc_column_text]A Casa Provincial da \u00c1frica do Sul est\u00e1 situada em Assisi Mission, no Freestate, perto de Ladybrand. \u00c9 a sede da Dire\u00e7\u00e3o Provincial, da administra\u00e7\u00e3o provincial, de grande parte do programa de forma\u00e7\u00e3o da ordem e a casa de repouso das Irm\u00e3s. As Irm\u00e3s administram um centro&hellip;<\/p>\n","protected":false},"author":1,"featured_media":0,"parent":1919,"menu_order":0,"comment_status":"closed","ping_status":"closed","template":"","meta":{"footnotes":""},"class_list":["post-1961","page","type-page","status-publish","hentry","entry","no-media"],"_links":{"self":[{"href":"https:\/\/siessen.org\/pt-br\/wp-json\/wp\/v2\/pages\/1961","targetHints":{"allow":["GET"]}}],"collection":[{"href":"https:\/\/siessen.org\/pt-br\/wp-json\/wp\/v2\/pages"}],"about":[{"href":"https:\/\/siessen.org\/pt-br\/wp-json\/wp\/v2\/types\/page"}],"author":[{"embeddable":true,"href":"https:\/\/siessen.org\/pt-br\/wp-json\/wp\/v2\/users\/1"}],"replies":[{"embeddable":true,"href":"https:\/\/siessen.org\/pt-br\/wp-json\/wp\/v2\/comments?post=1961"}],"version-history":[{"count":10,"href":"https:\/\/siessen.org\/pt-br\/wp-json\/wp\/v2\/pages\/1961\/revisions"}],"predecessor-version":[{"id":4273,"href":"https:\/\/siessen.org\/pt-br\/wp-json\/wp\/v2\/pages\/1961\/revisions\/4273"}],"up":[{"embeddable":true,"href":"https:\/\/siessen.org\/pt-br\/wp-json\/wp\/v2\/pages\/1919"}],"wp:attachment":[{"href":"https:\/\/siessen.org\/pt-br\/wp-json\/wp\/v2\/media?parent=1961"}],"curies":[{"name":"wp","href":"https:\/\/api.w.org\/{rel}","templated":true}]}}