{"id":1967,"date":"2023-02-06T18:53:35","date_gmt":"2023-02-06T17:53:35","guid":{"rendered":"https:\/\/siessen.org\/onde-estamos\/brasil\/"},"modified":"2024-04-12T09:30:50","modified_gmt":"2024-04-12T07:30:50","slug":"brasil","status":"publish","type":"page","link":"https:\/\/siessen.org\/pt-br\/onde-estamos\/brasil\/","title":{"rendered":"Brasil"},"content":{"rendered":"<div class=\"wpb-content-wrapper\">[vc_row][vc_column]<div class=\"vcex-spacing wpex-w-100 wpex-clear\"><\/div>[vc_column_text]\n<h1 style=\"text-align: center;\"><span class=\"wpex-text-4xl\">Brasil<\/span><\/h1>\n[\/vc_column_text]<div class=\"vcex-module vcex-divider-dots wpex-mx-auto wpex-last-mr-0 wpex-text-center\"><span class=\"wpex-inline-block wpex-rounded-full wpex-bg-accent wpex-mr-10\"><\/span><span class=\"wpex-inline-block wpex-rounded-full wpex-bg-accent wpex-mr-10\"><\/span><span class=\"wpex-inline-block wpex-rounded-full wpex-bg-accent wpex-mr-10\"><\/span><\/div>[\/vc_column][\/vc_row][vc_row equal_height=&#8221;yes&#8221;][vc_column]<style class=\"vcex-carousel-preload-css\">.vcex_69e691f6c7eb2{--wpex-carousel-gap:15px;}.vcex_69e691f6c7eb2{--wpex-carousel-columns:1;}.vcex_69e691f6c7eb2.wpex-carousel:not(.wpex-carousel--loaded) > *:not(:nth-child(1n+2)){display: flex !important;}@media only screen and (min-width: 480px) {.vcex_69e691f6c7eb2{--wpex-carousel-columns:2;}.vcex_69e691f6c7eb2.wpex-carousel:not(.wpex-carousel--loaded) > *:not(:nth-child(1n+3)){display: flex !important;}}@media only screen and (min-width: 768px) {.vcex_69e691f6c7eb2{--wpex-carousel-columns:3;}.vcex_69e691f6c7eb2.wpex-carousel:not(.wpex-carousel--loaded) > *:not(:nth-child(1n+4)){display: flex !important;}}@media only screen and (min-width: 960px) {.vcex_69e691f6c7eb2{--wpex-carousel-columns:3;}.vcex_69e691f6c7eb2.wpex-carousel:not(.wpex-carousel--loaded) > *:not(:nth-child(1n+4)){display: flex !important;}}<\/style><div class=\"vcex-image-carousel wpex-carousel wpex-carousel-images wpex-clr vcex-module owl-carousel wpex-carousel--render-onload vcex_69e691f6c7eb2 arrwstyle-default arrwpos-default wpex-carousel-lightbox\" data-wpex-carousel=\"{&quot;slideBy&quot;:1,&quot;items&quot;:3,&quot;responsive&quot;:{&quot;0&quot;:{&quot;items&quot;:&quot;1&quot;},&quot;480&quot;:{&quot;items&quot;:&quot;2&quot;},&quot;768&quot;:{&quot;items&quot;:&quot;3&quot;},&quot;960&quot;:{&quot;items&quot;:3}}}\"><div class=\"wpex-carousel-slide vc_custom_1710531063365\"><figure class=\"wpex-carousel-entry-media entry-media wpex-relative wpex-mb-20\"><a href=\"https:\/\/siessen.org\/wp-content\/uploads\/2024\/03\/Bild9-2.jpg\" class=\"wpex-carousel-entry-img wpex-carousel-lightbox-item\" data-count=\"1\" data-show_title=\"false\"><img width=\"535\" height=\"399\" src=\"https:\/\/siessen.org\/wp-content\/uploads\/2024\/03\/Bild9-2.jpg\" class=\"wpex-align-middle skip-lazy\" alt=\"\" data-no-lazy=\"1\" srcset=\"https:\/\/siessen.org\/wp-content\/uploads\/2024\/03\/Bild9-2.jpg 535w, https:\/\/siessen.org\/wp-content\/uploads\/2024\/03\/Bild9-2-300x224.jpg 300w\" sizes=\"(max-width: 535px) 100vw, 535px\" \/><\/a><\/figure><\/div><div class=\"wpex-carousel-slide vc_custom_1710531063365\"><figure class=\"wpex-carousel-entry-media entry-media wpex-relative wpex-mb-20\"><a href=\"https:\/\/siessen.org\/wp-content\/uploads\/2023\/06\/Provinzhaus-unten.jpg\" class=\"wpex-carousel-entry-img wpex-carousel-lightbox-item\" data-count=\"2\" data-show_title=\"false\"><img width=\"533\" height=\"400\" src=\"https:\/\/siessen.org\/wp-content\/uploads\/2023\/06\/Provinzhaus-unten.jpg\" class=\"wpex-align-middle skip-lazy\" alt=\"\" data-no-lazy=\"1\" srcset=\"https:\/\/siessen.org\/wp-content\/uploads\/2023\/06\/Provinzhaus-unten.jpg 533w, https:\/\/siessen.org\/wp-content\/uploads\/2023\/06\/Provinzhaus-unten-300x225.jpg 300w, https:\/\/siessen.org\/wp-content\/uploads\/2023\/06\/Provinzhaus-unten-20x15.jpg 20w, https:\/\/siessen.org\/wp-content\/uploads\/2023\/06\/Provinzhaus-unten-1x1.jpg 1w\" sizes=\"(max-width: 533px) 100vw, 533px\" \/><\/a><\/figure><\/div><div class=\"wpex-carousel-slide vc_custom_1710531063365\"><figure class=\"wpex-carousel-entry-media entry-media wpex-relative wpex-mb-20\"><a href=\"https:\/\/siessen.org\/wp-content\/uploads\/2023\/06\/Fest.jpg\" class=\"wpex-carousel-entry-img wpex-carousel-lightbox-item\" data-count=\"3\" data-show_title=\"false\"><img width=\"533\" height=\"400\" src=\"https:\/\/siessen.org\/wp-content\/uploads\/2023\/06\/Fest.jpg\" class=\"wpex-align-middle skip-lazy\" alt=\"\" data-no-lazy=\"1\" srcset=\"https:\/\/siessen.org\/wp-content\/uploads\/2023\/06\/Fest.jpg 533w, https:\/\/siessen.org\/wp-content\/uploads\/2023\/06\/Fest-300x225.jpg 300w, https:\/\/siessen.org\/wp-content\/uploads\/2023\/06\/Fest-20x15.jpg 20w, https:\/\/siessen.org\/wp-content\/uploads\/2023\/06\/Fest-1x1.jpg 1w\" sizes=\"(max-width: 533px) 100vw, 533px\" \/><\/a><\/figure><\/div><div class=\"wpex-carousel-slide vc_custom_1710531063365\"><figure class=\"wpex-carousel-entry-media entry-media wpex-relative wpex-mb-20\"><a href=\"https:\/\/siessen.org\/wp-content\/uploads\/2023\/06\/Provinzhaus-Kapelle.jpg\" class=\"wpex-carousel-entry-img wpex-carousel-lightbox-item\" data-count=\"4\" data-show_title=\"false\"><img width=\"533\" height=\"400\" src=\"https:\/\/siessen.org\/wp-content\/uploads\/2023\/06\/Provinzhaus-Kapelle.jpg\" class=\"wpex-align-middle skip-lazy\" alt=\"\" data-no-lazy=\"1\" srcset=\"https:\/\/siessen.org\/wp-content\/uploads\/2023\/06\/Provinzhaus-Kapelle.jpg 533w, https:\/\/siessen.org\/wp-content\/uploads\/2023\/06\/Provinzhaus-Kapelle-300x225.jpg 300w, https:\/\/siessen.org\/wp-content\/uploads\/2023\/06\/Provinzhaus-Kapelle-20x15.jpg 20w, https:\/\/siessen.org\/wp-content\/uploads\/2023\/06\/Provinzhaus-Kapelle-1x1.jpg 1w\" sizes=\"(max-width: 533px) 100vw, 533px\" \/><\/a><\/figure><\/div><div class=\"wpex-carousel-slide vc_custom_1710531063365\"><figure class=\"wpex-carousel-entry-media entry-media wpex-relative wpex-mb-20\"><a href=\"https:\/\/siessen.org\/wp-content\/uploads\/2024\/03\/BR_Singen-Jugendliche-2.jpg\" class=\"wpex-carousel-entry-img wpex-carousel-lightbox-item\" data-count=\"5\" data-show_title=\"false\"><img width=\"535\" height=\"400\" src=\"https:\/\/siessen.org\/wp-content\/uploads\/2024\/03\/BR_Singen-Jugendliche-2.jpg\" class=\"wpex-align-middle skip-lazy\" alt=\"\" data-no-lazy=\"1\" srcset=\"https:\/\/siessen.org\/wp-content\/uploads\/2024\/03\/BR_Singen-Jugendliche-2.jpg 535w, https:\/\/siessen.org\/wp-content\/uploads\/2024\/03\/BR_Singen-Jugendliche-2-300x224.jpg 300w\" sizes=\"(max-width: 535px) 100vw, 535px\" \/><\/a><\/figure><\/div><div class=\"wpex-carousel-slide vc_custom_1710531063365\"><figure class=\"wpex-carousel-entry-media entry-media wpex-relative wpex-mb-20\"><a href=\"https:\/\/siessen.org\/wp-content\/uploads\/2023\/06\/Kapelle-Maria.jpg\" class=\"wpex-carousel-entry-img wpex-carousel-lightbox-item\" data-count=\"6\" data-show_title=\"false\"><img width=\"535\" height=\"400\" src=\"https:\/\/siessen.org\/wp-content\/uploads\/2023\/06\/Kapelle-Maria.jpg\" class=\"wpex-align-middle skip-lazy\" alt=\"\" data-no-lazy=\"1\" srcset=\"https:\/\/siessen.org\/wp-content\/uploads\/2023\/06\/Kapelle-Maria.jpg 535w, https:\/\/siessen.org\/wp-content\/uploads\/2023\/06\/Kapelle-Maria-300x224.jpg 300w, https:\/\/siessen.org\/wp-content\/uploads\/2023\/06\/Kapelle-Maria-20x15.jpg 20w, https:\/\/siessen.org\/wp-content\/uploads\/2023\/06\/Kapelle-Maria-1x1.jpg 1w\" sizes=\"(max-width: 535px) 100vw, 535px\" \/><\/a><\/figure><\/div><div class=\"wpex-carousel-slide vc_custom_1710531063365\"><figure class=\"wpex-carousel-entry-media entry-media wpex-relative wpex-mb-20\"><a href=\"https:\/\/siessen.org\/wp-content\/uploads\/2023\/06\/Kapelle-Klara.jpg\" class=\"wpex-carousel-entry-img wpex-carousel-lightbox-item\" data-count=\"7\" data-show_title=\"false\"><img width=\"535\" height=\"400\" src=\"https:\/\/siessen.org\/wp-content\/uploads\/2023\/06\/Kapelle-Klara.jpg\" class=\"wpex-align-middle skip-lazy\" alt=\"\" data-no-lazy=\"1\" srcset=\"https:\/\/siessen.org\/wp-content\/uploads\/2023\/06\/Kapelle-Klara.jpg 535w, https:\/\/siessen.org\/wp-content\/uploads\/2023\/06\/Kapelle-Klara-300x224.jpg 300w, https:\/\/siessen.org\/wp-content\/uploads\/2023\/06\/Kapelle-Klara-20x15.jpg 20w, https:\/\/siessen.org\/wp-content\/uploads\/2023\/06\/Kapelle-Klara-1x1.jpg 1w\" sizes=\"(max-width: 535px) 100vw, 535px\" \/><\/a><\/figure><\/div><div class=\"wpex-carousel-slide vc_custom_1710531063365\"><figure class=\"wpex-carousel-entry-media entry-media wpex-relative wpex-mb-20\"><a href=\"https:\/\/siessen.org\/wp-content\/uploads\/2023\/06\/Fruechte.jpg\" class=\"wpex-carousel-entry-img wpex-carousel-lightbox-item\" data-count=\"8\" data-show_title=\"false\"><img width=\"533\" height=\"400\" src=\"https:\/\/siessen.org\/wp-content\/uploads\/2023\/06\/Fruechte.jpg\" class=\"wpex-align-middle skip-lazy\" alt=\"\" data-no-lazy=\"1\" srcset=\"https:\/\/siessen.org\/wp-content\/uploads\/2023\/06\/Fruechte.jpg 533w, https:\/\/siessen.org\/wp-content\/uploads\/2023\/06\/Fruechte-300x225.jpg 300w, https:\/\/siessen.org\/wp-content\/uploads\/2023\/06\/Fruechte-20x15.jpg 20w, https:\/\/siessen.org\/wp-content\/uploads\/2023\/06\/Fruechte-1x1.jpg 1w\" sizes=\"(max-width: 533px) 100vw, 533px\" \/><\/a><\/figure><\/div><div class=\"wpex-carousel-slide vc_custom_1710531063365\"><figure class=\"wpex-carousel-entry-media entry-media wpex-relative wpex-mb-20\"><a href=\"https:\/\/siessen.org\/wp-content\/uploads\/2023\/06\/Memorial.jpg\" class=\"wpex-carousel-entry-img wpex-carousel-lightbox-item\" data-count=\"9\" data-show_title=\"false\"><img width=\"533\" height=\"400\" src=\"https:\/\/siessen.org\/wp-content\/uploads\/2023\/06\/Memorial.jpg\" class=\"wpex-align-middle skip-lazy\" alt=\"\" data-no-lazy=\"1\" srcset=\"https:\/\/siessen.org\/wp-content\/uploads\/2023\/06\/Memorial.jpg 533w, https:\/\/siessen.org\/wp-content\/uploads\/2023\/06\/Memorial-300x225.jpg 300w, https:\/\/siessen.org\/wp-content\/uploads\/2023\/06\/Memorial-20x15.jpg 20w, https:\/\/siessen.org\/wp-content\/uploads\/2023\/06\/Memorial-1x1.jpg 1w\" sizes=\"(max-width: 533px) 100vw, 533px\" \/><\/a><\/figure><\/div><div class=\"wpex-carousel-slide vc_custom_1710531063365\"><figure class=\"wpex-carousel-entry-media entry-media wpex-relative wpex-mb-20\"><a href=\"https:\/\/siessen.org\/wp-content\/uploads\/2023\/06\/Belo-Jardim-Pastoral.jpg\" class=\"wpex-carousel-entry-img wpex-carousel-lightbox-item\" data-count=\"10\" data-show_title=\"false\"><img width=\"533\" height=\"400\" src=\"https:\/\/siessen.org\/wp-content\/uploads\/2023\/06\/Belo-Jardim-Pastoral.jpg\" class=\"wpex-align-middle skip-lazy\" alt=\"\" data-no-lazy=\"1\" srcset=\"https:\/\/siessen.org\/wp-content\/uploads\/2023\/06\/Belo-Jardim-Pastoral.jpg 533w, https:\/\/siessen.org\/wp-content\/uploads\/2023\/06\/Belo-Jardim-Pastoral-300x225.jpg 300w, https:\/\/siessen.org\/wp-content\/uploads\/2023\/06\/Belo-Jardim-Pastoral-20x15.jpg 20w, https:\/\/siessen.org\/wp-content\/uploads\/2023\/06\/Belo-Jardim-Pastoral-1x1.jpg 1w\" sizes=\"(max-width: 533px) 100vw, 533px\" \/><\/a><\/figure><\/div><div class=\"wpex-carousel-slide vc_custom_1710531063365\"><figure class=\"wpex-carousel-entry-media entry-media wpex-relative wpex-mb-20\"><a href=\"https:\/\/siessen.org\/wp-content\/uploads\/2023\/06\/Aparecida-Decke.jpg\" class=\"wpex-carousel-entry-img wpex-carousel-lightbox-item\" data-count=\"11\" data-show_title=\"false\"><img width=\"535\" height=\"400\" src=\"https:\/\/siessen.org\/wp-content\/uploads\/2023\/06\/Aparecida-Decke.jpg\" class=\"wpex-align-middle skip-lazy\" alt=\"\" data-no-lazy=\"1\" srcset=\"https:\/\/siessen.org\/wp-content\/uploads\/2023\/06\/Aparecida-Decke.jpg 535w, https:\/\/siessen.org\/wp-content\/uploads\/2023\/06\/Aparecida-Decke-300x224.jpg 300w, https:\/\/siessen.org\/wp-content\/uploads\/2023\/06\/Aparecida-Decke-20x15.jpg 20w, https:\/\/siessen.org\/wp-content\/uploads\/2023\/06\/Aparecida-Decke-1x1.jpg 1w\" sizes=\"(max-width: 535px) 100vw, 535px\" \/><\/a><\/figure><\/div><div class=\"wpex-carousel-slide vc_custom_1710531063365\"><figure class=\"wpex-carousel-entry-media entry-media wpex-relative wpex-mb-20\"><a href=\"https:\/\/siessen.org\/wp-content\/uploads\/2023\/06\/Aparecida-aussen.jpg\" class=\"wpex-carousel-entry-img wpex-carousel-lightbox-item\" data-count=\"12\" data-show_title=\"false\"><img width=\"533\" height=\"400\" src=\"https:\/\/siessen.org\/wp-content\/uploads\/2023\/06\/Aparecida-aussen.jpg\" class=\"wpex-align-middle skip-lazy\" alt=\"\" data-no-lazy=\"1\" srcset=\"https:\/\/siessen.org\/wp-content\/uploads\/2023\/06\/Aparecida-aussen.jpg 533w, https:\/\/siessen.org\/wp-content\/uploads\/2023\/06\/Aparecida-aussen-300x225.jpg 300w, https:\/\/siessen.org\/wp-content\/uploads\/2023\/06\/Aparecida-aussen-20x15.jpg 20w, https:\/\/siessen.org\/wp-content\/uploads\/2023\/06\/Aparecida-aussen-1x1.jpg 1w\" sizes=\"(max-width: 533px) 100vw, 533px\" \/><\/a><\/figure><\/div><div class=\"wpex-carousel-slide vc_custom_1710531063365\"><figure class=\"wpex-carousel-entry-media entry-media wpex-relative wpex-mb-20\"><a href=\"https:\/\/siessen.org\/wp-content\/uploads\/2024\/03\/IMG-20230410-WA0037.jpg\" class=\"wpex-carousel-entry-img wpex-carousel-lightbox-item\" data-count=\"13\" data-show_title=\"false\"><img width=\"535\" height=\"400\" src=\"https:\/\/siessen.org\/wp-content\/uploads\/2024\/03\/IMG-20230410-WA0037.jpg\" class=\"wpex-align-middle skip-lazy\" alt=\"\" data-no-lazy=\"1\" srcset=\"https:\/\/siessen.org\/wp-content\/uploads\/2024\/03\/IMG-20230410-WA0037.jpg 535w, https:\/\/siessen.org\/wp-content\/uploads\/2024\/03\/IMG-20230410-WA0037-300x224.jpg 300w\" sizes=\"(max-width: 535px) 100vw, 535px\" \/><\/a><\/figure><\/div><div class=\"wpex-carousel-slide vc_custom_1710531063365\"><figure class=\"wpex-carousel-entry-media entry-media wpex-relative wpex-mb-20\"><a href=\"https:\/\/siessen.org\/wp-content\/uploads\/2023\/06\/Coroata-Sta-Clara-rotated.jpg\" class=\"wpex-carousel-entry-img wpex-carousel-lightbox-item\" data-count=\"14\" data-show_title=\"false\"><img width=\"533\" height=\"400\" src=\"https:\/\/siessen.org\/wp-content\/uploads\/2023\/06\/Coroata-Sta-Clara-rotated.jpg\" class=\"wpex-align-middle skip-lazy\" alt=\"\" data-no-lazy=\"1\" srcset=\"https:\/\/siessen.org\/wp-content\/uploads\/2023\/06\/Coroata-Sta-Clara-rotated.jpg 533w, https:\/\/siessen.org\/wp-content\/uploads\/2023\/06\/Coroata-Sta-Clara-300x225.jpg 300w, https:\/\/siessen.org\/wp-content\/uploads\/2023\/06\/Coroata-Sta-Clara-rotated-20x15.jpg 20w, https:\/\/siessen.org\/wp-content\/uploads\/2023\/06\/Coroata-Sta-Clara-rotated-1x1.jpg 1w\" sizes=\"(max-width: 533px) 100vw, 533px\" \/><\/a><\/figure><\/div><div class=\"wpex-carousel-slide vc_custom_1710531063365\"><figure class=\"wpex-carousel-entry-media entry-media wpex-relative wpex-mb-20\"><a href=\"https:\/\/siessen.org\/wp-content\/uploads\/2024\/03\/IMG_20230128_090858_563-1.jpg\" class=\"wpex-carousel-entry-img wpex-carousel-lightbox-item\" data-count=\"15\" data-show_title=\"false\"><img width=\"535\" height=\"401\" src=\"https:\/\/siessen.org\/wp-content\/uploads\/2024\/03\/IMG_20230128_090858_563-1.jpg\" class=\"wpex-align-middle skip-lazy\" alt=\"\" data-no-lazy=\"1\" srcset=\"https:\/\/siessen.org\/wp-content\/uploads\/2024\/03\/IMG_20230128_090858_563-1.jpg 535w, https:\/\/siessen.org\/wp-content\/uploads\/2024\/03\/IMG_20230128_090858_563-1-300x225.jpg 300w\" sizes=\"(max-width: 535px) 100vw, 535px\" \/><\/a><\/figure><\/div><div class=\"wpex-carousel-slide vc_custom_1710531063365\"><figure class=\"wpex-carousel-entry-media entry-media wpex-relative wpex-mb-20\"><a href=\"https:\/\/siessen.org\/wp-content\/uploads\/2024\/03\/BR-Strassenkinderprojekt-2.jpg\" class=\"wpex-carousel-entry-img wpex-carousel-lightbox-item\" data-count=\"16\" data-show_title=\"false\"><img width=\"536\" height=\"400\" src=\"https:\/\/siessen.org\/wp-content\/uploads\/2024\/03\/BR-Strassenkinderprojekt-2.jpg\" class=\"wpex-align-middle skip-lazy\" alt=\"\" data-no-lazy=\"1\" srcset=\"https:\/\/siessen.org\/wp-content\/uploads\/2024\/03\/BR-Strassenkinderprojekt-2.jpg 536w, https:\/\/siessen.org\/wp-content\/uploads\/2024\/03\/BR-Strassenkinderprojekt-2-300x224.jpg 300w\" sizes=\"(max-width: 536px) 100vw, 536px\" \/><\/a><\/figure><\/div><div class=\"wpex-carousel-slide vc_custom_1710531063365\"><figure class=\"wpex-carousel-entry-media entry-media wpex-relative wpex-mb-20\"><a href=\"https:\/\/siessen.org\/wp-content\/uploads\/2024\/03\/20230419_114608501_iOS-2.jpg\" class=\"wpex-carousel-entry-img wpex-carousel-lightbox-item\" data-count=\"17\" data-show_title=\"false\"><img width=\"535\" height=\"401\" src=\"https:\/\/siessen.org\/wp-content\/uploads\/2024\/03\/20230419_114608501_iOS-2.jpg\" class=\"wpex-align-middle skip-lazy\" alt=\"\" data-no-lazy=\"1\" srcset=\"https:\/\/siessen.org\/wp-content\/uploads\/2024\/03\/20230419_114608501_iOS-2.jpg 535w, https:\/\/siessen.org\/wp-content\/uploads\/2024\/03\/20230419_114608501_iOS-2-300x225.jpg 300w\" sizes=\"(max-width: 535px) 100vw, 535px\" \/><\/a><\/figure><\/div><div class=\"wpex-carousel-slide vc_custom_1710531063365\"><figure class=\"wpex-carousel-entry-media entry-media wpex-relative wpex-mb-20\"><a href=\"https:\/\/siessen.org\/wp-content\/uploads\/2023\/06\/Garca-Creche.jpg\" class=\"wpex-carousel-entry-img wpex-carousel-lightbox-item\" data-count=\"18\" data-show_title=\"false\"><img width=\"533\" height=\"400\" src=\"https:\/\/siessen.org\/wp-content\/uploads\/2023\/06\/Garca-Creche.jpg\" class=\"wpex-align-middle skip-lazy\" alt=\"\" data-no-lazy=\"1\" srcset=\"https:\/\/siessen.org\/wp-content\/uploads\/2023\/06\/Garca-Creche.jpg 533w, https:\/\/siessen.org\/wp-content\/uploads\/2023\/06\/Garca-Creche-300x225.jpg 300w, https:\/\/siessen.org\/wp-content\/uploads\/2023\/06\/Garca-Creche-20x15.jpg 20w, https:\/\/siessen.org\/wp-content\/uploads\/2023\/06\/Garca-Creche-1x1.jpg 1w\" sizes=\"(max-width: 533px) 100vw, 533px\" \/><\/a><\/figure><\/div><div class=\"wpex-carousel-slide vc_custom_1710531063365\"><figure class=\"wpex-carousel-entry-media entry-media wpex-relative wpex-mb-20\"><a href=\"https:\/\/siessen.org\/wp-content\/uploads\/2024\/03\/Bild40-2.jpg\" class=\"wpex-carousel-entry-img wpex-carousel-lightbox-item\" data-count=\"19\" data-show_title=\"false\"><img width=\"535\" height=\"400\" src=\"https:\/\/siessen.org\/wp-content\/uploads\/2024\/03\/Bild40-2.jpg\" class=\"wpex-align-middle skip-lazy\" alt=\"\" data-no-lazy=\"1\" srcset=\"https:\/\/siessen.org\/wp-content\/uploads\/2024\/03\/Bild40-2.jpg 535w, https:\/\/siessen.org\/wp-content\/uploads\/2024\/03\/Bild40-2-300x224.jpg 300w\" sizes=\"(max-width: 535px) 100vw, 535px\" \/><\/a><\/figure><\/div><div class=\"wpex-carousel-slide vc_custom_1710531063365\"><figure class=\"wpex-carousel-entry-media entry-media wpex-relative wpex-mb-20\"><a href=\"https:\/\/siessen.org\/wp-content\/uploads\/2023\/06\/rms-see.jpg\" class=\"wpex-carousel-entry-img wpex-carousel-lightbox-item\" data-count=\"20\" data-show_title=\"false\"><img width=\"533\" height=\"400\" src=\"https:\/\/siessen.org\/wp-content\/uploads\/2023\/06\/rms-see.jpg\" class=\"wpex-align-middle skip-lazy\" alt=\"\" data-no-lazy=\"1\" srcset=\"https:\/\/siessen.org\/wp-content\/uploads\/2023\/06\/rms-see.jpg 533w, https:\/\/siessen.org\/wp-content\/uploads\/2023\/06\/rms-see-300x225.jpg 300w, https:\/\/siessen.org\/wp-content\/uploads\/2023\/06\/rms-see-20x15.jpg 20w, https:\/\/siessen.org\/wp-content\/uploads\/2023\/06\/rms-see-1x1.jpg 1w\" sizes=\"(max-width: 533px) 100vw, 533px\" \/><\/a><\/figure><\/div><div class=\"wpex-carousel-slide vc_custom_1710531063365\"><figure class=\"wpex-carousel-entry-media entry-media wpex-relative wpex-mb-20\"><a href=\"https:\/\/siessen.org\/wp-content\/uploads\/2024\/03\/Bild34-2.jpg\" class=\"wpex-carousel-entry-img wpex-carousel-lightbox-item\" data-count=\"21\" data-show_title=\"false\"><img width=\"535\" height=\"401\" src=\"https:\/\/siessen.org\/wp-content\/uploads\/2024\/03\/Bild34-2.jpg\" class=\"wpex-align-middle skip-lazy\" alt=\"\" data-no-lazy=\"1\" srcset=\"https:\/\/siessen.org\/wp-content\/uploads\/2024\/03\/Bild34-2.jpg 535w, https:\/\/siessen.org\/wp-content\/uploads\/2024\/03\/Bild34-2-300x225.jpg 300w\" sizes=\"(max-width: 535px) 100vw, 535px\" \/><\/a><\/figure><\/div><\/div>[\/vc_column][\/vc_row][vc_row][vc_column width=&#8221;1\/2&#8243;][vc_column_text]A Casa Provincial da nossa Prov\u00edncia do Brasil est\u00e1 situada em Guaratinguet\u00e1, no estado de S\u00e3o Paulo. Para al\u00e9m dos Conventos situados nos terrenos da Casa Provincial, existem nesta localidade dois Conventos com Irm\u00e3s que vivem e trabalham nos terrenos de uma &#8220;Fazenda da Esperan\u00e7a&#8221;. H\u00e1 tamb\u00e9m um Convento em Gar\u00e7a, tamb\u00e9m no estado de S\u00e3o Paulo. A Creche de l\u00e1 foi um dos primeiros Conventos da Prov\u00edncia. Hoje, o Convento tem uma miss\u00e3o especial de ora\u00e7\u00e3o. Em Coroat\u00e1, no estado do Maranh\u00e3o, o foco do trabalho de nossas Irm\u00e3s \u00e9 o minist\u00e9rio pastoral e o cuidado com os doentes e dependentes qu\u00edmicos.<\/p>\n<p>A imagem \u00e0 direita mostra a Dire\u00e7\u00e3o Provincial.<br \/>\nDa esquerda para a direita: Ir. Angelice Maria dos Santos Portela (Conselheira Provincial), Ir. M. Debora Endres (Vig\u00e1ria Provincial), Ir. Rosa Maria Severino (Superiora Provincial), Ir. Iracema Willan (Conselheira Provincial), Ir. M\u00e1rcia Aparecida Escher (Conselheira Provincial).<\/p>\n<table>\n<tbody>\n<tr>\n<td width=\"160\"><\/td>\n<\/tr>\n<\/tbody>\n<\/table>\n[\/vc_column_text][\/vc_column][vc_column width=&#8221;1\/2&#8243;]<figure class=\"vcex-image vcex-module\"><div class=\"vcex-image-inner wpex-relative wpex-inline-block\"><img width=\"1599\" height=\"1200\" src=\"https:\/\/siessen.org\/wp-content\/uploads\/2023\/06\/2020-2026_3.jpg\" class=\"vcex-image-img wpex-align-middle\" alt=\"\" loading=\"lazy\" decoding=\"async\" srcset=\"https:\/\/siessen.org\/wp-content\/uploads\/2023\/06\/2020-2026_3.jpg 1599w, https:\/\/siessen.org\/wp-content\/uploads\/2023\/06\/2020-2026_3-300x225.jpg 300w, https:\/\/siessen.org\/wp-content\/uploads\/2023\/06\/2020-2026_3-1024x768.jpg 1024w, https:\/\/siessen.org\/wp-content\/uploads\/2023\/06\/2020-2026_3-768x576.jpg 768w, https:\/\/siessen.org\/wp-content\/uploads\/2023\/06\/2020-2026_3-1536x1153.jpg 1536w\" sizes=\"auto, (max-width: 1599px) 100vw, 1599px\" \/><\/div><\/figure>[\/vc_column][\/vc_row][vc_row css=&#8221;.vc_custom_1686648893015{background-color: rgba(221,217,197,0.3) !important;*background-color: rgb(221,217,197) !important;}&#8221;][vc_column width=&#8221;1\/3&#8243;][vc_column_text]\n<h4>Endere\u00e7o:<\/h4>\n<p>Estrada Vicinal Pl\u00ednio Galv\u00e3o C\u00e9sar, 26<br \/>\nJardim Aeroporto<br \/>\nCEP: 12.512-305<br \/>\nGuaratinguet\u00e1 &#8211; SP[\/vc_column_text][\/vc_column][vc_column width=&#8221;1\/3&#8243;][vc_column_text]\n<h4>Site<\/h4>\n<p><a href=\"https:\/\/www.siessen.com.br\/\" target=\"_blank\" rel=\"noopener\">www.siessen.com.br<\/a>[\/vc_column_text][\/vc_column][vc_column width=&#8221;1\/3&#8243;][vc_column_text]\n<h4>Endere\u00e7o de correio eletr\u00f3nico:<\/h4>\n<p><a href=\"mailto:congfs@uol.com.br\">congfs@uol.com.br<\/a>[\/vc_column_text][\/vc_column][\/vc_row]\n<\/div>","protected":false},"excerpt":{"rendered":"<p>[vc_row][vc_column][vc_column_text] Brasil [\/vc_column_text][\/vc_column][\/vc_row][vc_row equal_height=&#8221;yes&#8221;][vc_column][\/vc_column][\/vc_row][vc_row][vc_column width=&#8221;1\/2&#8243;][vc_column_text]A Casa Provincial da nossa Prov\u00edncia do Brasil est\u00e1 situada em Guaratinguet\u00e1, no estado de S\u00e3o Paulo. Para al\u00e9m dos Conventos situados nos terrenos da Casa Provincial, existem nesta localidade dois Conventos com Irm\u00e3s que vivem e trabalham nos terrenos de uma &#8220;Fazenda da Esperan\u00e7a&#8221;. H\u00e1 tamb\u00e9m um Convento em Gar\u00e7a,&hellip;<\/p>\n","protected":false},"author":1,"featured_media":0,"parent":1919,"menu_order":0,"comment_status":"closed","ping_status":"closed","template":"","meta":{"footnotes":""},"class_list":["post-1967","page","type-page","status-publish","hentry","entry","no-media"],"_links":{"self":[{"href":"https:\/\/siessen.org\/pt-br\/wp-json\/wp\/v2\/pages\/1967","targetHints":{"allow":["GET"]}}],"collection":[{"href":"https:\/\/siessen.org\/pt-br\/wp-json\/wp\/v2\/pages"}],"about":[{"href":"https:\/\/siessen.org\/pt-br\/wp-json\/wp\/v2\/types\/page"}],"author":[{"embeddable":true,"href":"https:\/\/siessen.org\/pt-br\/wp-json\/wp\/v2\/users\/1"}],"replies":[{"embeddable":true,"href":"https:\/\/siessen.org\/pt-br\/wp-json\/wp\/v2\/comments?post=1967"}],"version-history":[{"count":10,"href":"https:\/\/siessen.org\/pt-br\/wp-json\/wp\/v2\/pages\/1967\/revisions"}],"predecessor-version":[{"id":4325,"href":"https:\/\/siessen.org\/pt-br\/wp-json\/wp\/v2\/pages\/1967\/revisions\/4325"}],"up":[{"embeddable":true,"href":"https:\/\/siessen.org\/pt-br\/wp-json\/wp\/v2\/pages\/1919"}],"wp:attachment":[{"href":"https:\/\/siessen.org\/pt-br\/wp-json\/wp\/v2\/media?parent=1967"}],"curies":[{"name":"wp","href":"https:\/\/api.w.org\/{rel}","templated":true}]}}