{"id":1976,"date":"2023-03-24T11:53:26","date_gmt":"2023-03-24T10:53:26","guid":{"rendered":"https:\/\/siessen.org\/o-que-fazemos\/saude\/"},"modified":"2024-04-11T14:39:46","modified_gmt":"2024-04-11T12:39:46","slug":"saude","status":"publish","type":"page","link":"https:\/\/siessen.org\/pt-br\/o-que-fazemos\/saude\/","title":{"rendered":"Sa\u00fade"},"content":{"rendered":"<div class=\"wpb-content-wrapper\">[vc_row][vc_column][vc_column_text]\n<h1 style=\"text-align: center;\"><span class=\"wpex-text-4xl\">Sa\u00fade<\/span><\/h1>\n[\/vc_column_text]<div class=\"vcex-module vcex-divider-dots wpex-mx-auto wpex-last-mr-0 wpex-text-center\"><span class=\"wpex-inline-block wpex-rounded-full wpex-bg-accent wpex-mr-10\"><\/span><span class=\"wpex-inline-block wpex-rounded-full wpex-bg-accent wpex-mr-10\"><\/span><span class=\"wpex-inline-block wpex-rounded-full wpex-bg-accent wpex-mr-10\"><\/span><\/div><div class=\"vcex-spacing wpex-w-100 wpex-clear\"><\/div>[vc_row_inner][vc_column_inner][vc_column_text]S\u00e3o Francisco enviou os jovens frades dos primeiros tempos para os leprosos porque l\u00e1 eles poderiam aprender todos os fundamentos. Tamb\u00e9m v\u00e1rias de nossas Irm\u00e3s est\u00e3o realizando nosso carisma na \u00e1rea de sa\u00fade. As Irm\u00e3s trabalham em enfermagem e cuidados geri\u00e1tricos, em hosp\u00edcios, como parteiras, m\u00e9dicas, psicoterapeutas, osteopatas&#8230;[\/vc_column_text][\/vc_column_inner][\/vc_row_inner][\/vc_column][\/vc_row][vc_row][vc_column]<style class=\"vcex-carousel-preload-css\">.vcex_69d8e5d928373{--wpex-carousel-gap:15px;}.vcex_69d8e5d928373{--wpex-carousel-columns:1;}.vcex_69d8e5d928373.wpex-carousel:not(.wpex-carousel--loaded) > *:not(:nth-child(1n+2)){display: flex !important;}@media only screen and (min-width: 480px) {.vcex_69d8e5d928373{--wpex-carousel-columns:2;}.vcex_69d8e5d928373.wpex-carousel:not(.wpex-carousel--loaded) > *:not(:nth-child(1n+3)){display: flex !important;}}@media only screen and (min-width: 768px) {.vcex_69d8e5d928373{--wpex-carousel-columns:3;}.vcex_69d8e5d928373.wpex-carousel:not(.wpex-carousel--loaded) > *:not(:nth-child(1n+4)){display: flex !important;}}@media only screen and (min-width: 960px) {.vcex_69d8e5d928373{--wpex-carousel-columns:3;}.vcex_69d8e5d928373.wpex-carousel:not(.wpex-carousel--loaded) > *:not(:nth-child(1n+4)){display: flex !important;}}<\/style><div class=\"vcex-image-carousel wpex-carousel wpex-carousel-images wpex-clr vcex-module owl-carousel wpex-carousel--render-onload vcex_69d8e5d928373 arrwstyle-default arrwpos-default\" data-wpex-carousel=\"{&quot;slideBy&quot;:1,&quot;items&quot;:3,&quot;responsive&quot;:{&quot;0&quot;:{&quot;items&quot;:&quot;1&quot;},&quot;480&quot;:{&quot;items&quot;:&quot;2&quot;},&quot;768&quot;:{&quot;items&quot;:&quot;3&quot;},&quot;960&quot;:{&quot;items&quot;:3}}}\"><div class=\"wpex-carousel-slide\"><figure class=\"wpex-carousel-entry-media entry-media wpex-relative\"><img width=\"532\" height=\"400\" src=\"https:\/\/siessen.org\/wp-content\/uploads\/2023\/06\/Marie-Jose.jpg\" class=\"wpex-align-middle skip-lazy\" alt=\"\" data-no-lazy=\"1\" srcset=\"https:\/\/siessen.org\/wp-content\/uploads\/2023\/06\/Marie-Jose.jpg 532w, https:\/\/siessen.org\/wp-content\/uploads\/2023\/06\/Marie-Jose-300x226.jpg 300w\" sizes=\"(max-width: 532px) 100vw, 532px\" \/><\/figure><\/div><div class=\"wpex-carousel-slide\"><figure class=\"wpex-carousel-entry-media entry-media wpex-relative\"><img width=\"533\" height=\"400\" src=\"https:\/\/siessen.org\/wp-content\/uploads\/2023\/06\/Sr.-Victorina-und-schwangere-Frauen.jpg\" class=\"wpex-align-middle skip-lazy\" alt=\"\" data-no-lazy=\"1\" srcset=\"https:\/\/siessen.org\/wp-content\/uploads\/2023\/06\/Sr.-Victorina-und-schwangere-Frauen.jpg 533w, https:\/\/siessen.org\/wp-content\/uploads\/2023\/06\/Sr.-Victorina-und-schwangere-Frauen-300x225.jpg 300w\" sizes=\"(max-width: 533px) 100vw, 533px\" \/><\/figure><\/div><div class=\"wpex-carousel-slide\"><figure class=\"wpex-carousel-entry-media entry-media wpex-relative\"><img width=\"533\" height=\"400\" src=\"https:\/\/siessen.org\/wp-content\/uploads\/2023\/06\/rosamaria-l.jpg\" class=\"wpex-align-middle skip-lazy\" alt=\"\" data-no-lazy=\"1\" srcset=\"https:\/\/siessen.org\/wp-content\/uploads\/2023\/06\/rosamaria-l.jpg 533w, https:\/\/siessen.org\/wp-content\/uploads\/2023\/06\/rosamaria-l-300x225.jpg 300w\" sizes=\"(max-width: 533px) 100vw, 533px\" \/><\/figure><\/div><div class=\"wpex-carousel-slide\"><figure class=\"wpex-carousel-entry-media entry-media wpex-relative\"><img width=\"524\" height=\"400\" src=\"https:\/\/siessen.org\/wp-content\/uploads\/2023\/06\/mchristiana.jpg\" class=\"wpex-align-middle skip-lazy\" alt=\"\" data-no-lazy=\"1\" srcset=\"https:\/\/siessen.org\/wp-content\/uploads\/2023\/06\/mchristiana.jpg 524w, https:\/\/siessen.org\/wp-content\/uploads\/2023\/06\/mchristiana-300x229.jpg 300w\" sizes=\"(max-width: 524px) 100vw, 524px\" \/><\/figure><\/div><div class=\"wpex-carousel-slide\"><figure class=\"wpex-carousel-entry-media entry-media wpex-relative\"><img width=\"512\" height=\"400\" src=\"https:\/\/siessen.org\/wp-content\/uploads\/2023\/07\/MAndrea-5.jpg\" class=\"wpex-align-middle skip-lazy\" alt=\"\" data-no-lazy=\"1\" srcset=\"https:\/\/siessen.org\/wp-content\/uploads\/2023\/07\/MAndrea-5.jpg 512w, https:\/\/siessen.org\/wp-content\/uploads\/2023\/07\/MAndrea-5-300x234.jpg 300w\" sizes=\"(max-width: 512px) 100vw, 512px\" \/><\/figure><\/div><div class=\"wpex-carousel-slide\"><figure class=\"wpex-carousel-entry-media entry-media wpex-relative\"><img width=\"533\" height=\"400\" src=\"https:\/\/siessen.org\/wp-content\/uploads\/2023\/06\/michaele.jpg\" class=\"wpex-align-middle skip-lazy\" alt=\"\" data-no-lazy=\"1\" srcset=\"https:\/\/siessen.org\/wp-content\/uploads\/2023\/06\/michaele.jpg 533w, https:\/\/siessen.org\/wp-content\/uploads\/2023\/06\/michaele-300x225.jpg 300w\" sizes=\"(max-width: 533px) 100vw, 533px\" \/><\/figure><\/div><\/div>[\/vc_column][\/vc_row]\n<\/div>","protected":false},"excerpt":{"rendered":"<p>[vc_row][vc_column][vc_column_text] Sa\u00fade [\/vc_column_text][vc_row_inner][vc_column_inner][vc_column_text]S\u00e3o Francisco enviou os jovens frades dos primeiros tempos para os leprosos porque l\u00e1 eles poderiam aprender todos os fundamentos. Tamb\u00e9m v\u00e1rias de nossas Irm\u00e3s est\u00e3o realizando nosso carisma na \u00e1rea de sa\u00fade. As Irm\u00e3s trabalham em enfermagem e cuidados geri\u00e1tricos, em hosp\u00edcios, como parteiras, m\u00e9dicas, psicoterapeutas, osteopatas&#8230;[\/vc_column_text][\/vc_column_inner][\/vc_row_inner][\/vc_column][\/vc_row][vc_row][vc_column][\/vc_column][\/vc_row]<\/p>\n","protected":false},"author":1,"featured_media":0,"parent":1912,"menu_order":0,"comment_status":"closed","ping_status":"closed","template":"","meta":{"footnotes":""},"class_list":["post-1976","page","type-page","status-publish","hentry","entry","no-media"],"_links":{"self":[{"href":"https:\/\/siessen.org\/pt-br\/wp-json\/wp\/v2\/pages\/1976","targetHints":{"allow":["GET"]}}],"collection":[{"href":"https:\/\/siessen.org\/pt-br\/wp-json\/wp\/v2\/pages"}],"about":[{"href":"https:\/\/siessen.org\/pt-br\/wp-json\/wp\/v2\/types\/page"}],"author":[{"embeddable":true,"href":"https:\/\/siessen.org\/pt-br\/wp-json\/wp\/v2\/users\/1"}],"replies":[{"embeddable":true,"href":"https:\/\/siessen.org\/pt-br\/wp-json\/wp\/v2\/comments?post=1976"}],"version-history":[{"count":8,"href":"https:\/\/siessen.org\/pt-br\/wp-json\/wp\/v2\/pages\/1976\/revisions"}],"predecessor-version":[{"id":4282,"href":"https:\/\/siessen.org\/pt-br\/wp-json\/wp\/v2\/pages\/1976\/revisions\/4282"}],"up":[{"embeddable":true,"href":"https:\/\/siessen.org\/pt-br\/wp-json\/wp\/v2\/pages\/1912"}],"wp:attachment":[{"href":"https:\/\/siessen.org\/pt-br\/wp-json\/wp\/v2\/media?parent=1976"}],"curies":[{"name":"wp","href":"https:\/\/api.w.org\/{rel}","templated":true}]}}