{"id":1985,"date":"2023-03-23T16:33:08","date_gmt":"2023-03-23T15:33:08","guid":{"rendered":"https:\/\/siessen.org\/um-clique-mais\/"},"modified":"2024-04-12T10:41:03","modified_gmt":"2024-04-12T08:41:03","slug":"um-clique-mais","status":"publish","type":"page","link":"https:\/\/siessen.org\/pt-br\/donativos\/um-clique-mais\/","title":{"rendered":"Um clique mais"},"content":{"rendered":"<div class=\"wpb-content-wrapper\">[vc_row][vc_column][vc_column_text]\n<div class=\"vc_row wpb_row vc_row-fluid vc_custom_1678446223015\">\n<div class=\"wpb_column vc_column_container vc_col-sm-12\">\n<div class=\"vc_column-inner\">\n<div class=\"wpb_wrapper\">\n<div class=\"wpb_text_column wpb_content_element \">\n<div class=\"wpb_wrapper\">\n<h1><span class=\"wpex-text-3xl\"><strong>Um clique mais&#8230;<\/strong><\/span><\/h1>\n<p><strong>&#8230;. e j\u00e1 se pode fazer algo de bom!<\/strong><\/p>\n<p>Com uma compra na Internet, pode apoiar o projeto<strong> &#8220;<\/strong><strong>Old Age Home Batlharos&#8221;<\/strong> na \u00c1frica do Sul sem doar nada. Isto \u00e9 poss\u00edvel atrav\u00e9s do doador de educa\u00e7\u00e3o sem fins lucrativos.<\/p>\n<\/div>\n<\/div>\n<\/div>\n<\/div>\n<\/div>\n<\/div>\n[\/vc_column_text][\/vc_column][\/vc_row][vc_row full_width=&#8221;stretch_row&#8221; columns_right=&#8221;yes&#8221;][vc_column][vc_column_text css=&#8221;.vc_custom_1688478781640{border-top-width: 50px !important;border-right-width: 50px !important;border-bottom-width: 50px !important;border-left-width: 50px !important;padding-top: 50px !important;padding-right: 50px !important;padding-bottom: 50px !important;padding-left: 50px !important;background-color: rgba(221,209,181,0.62) !important;*background-color: rgb(221,209,181) !important;}&#8221;]\n<div class=\"vc_row wpb_row vc_row-fluid vc_custom_1678446317862 wpex-vc_row-has-fill wpex-vc-reset-negative-margin wpex-vc-full-width-row wpex-vc-full-width-row--centered\">\n<div class=\"wpb_column vc_column_container vc_col-sm-12\">\n<div class=\"vc_column-inner\">\n<div class=\"wpb_wrapper\">\n<div class=\"wpb_text_column wpb_content_element vc_custom_1678446170795\">\n<div class=\"wpb_wrapper\">\n<p><strong>Utilize o seguinte link:<\/strong><\/p>\n<p><a href=\"http:\/\/www.bildungsspender.de\/klostersiessen\">www.bildungsspender.de\/klostersiessen<\/a><br \/>\ne depois fa\u00e7a compras em mais de 1600 lojas e prestadores de servi\u00e7os parceiros &#8211; sem registo e sem custos adicionais &#8211; quer se trate de livros, moda, artigos para crian\u00e7as, tecnologia, material de escrit\u00f3rio, viagens&#8230; Dependendo da loja, at\u00e9 16% do volume de neg\u00f3cios \u00e9 doado \u00e0 nossa Missionsprokur.<\/p>\n<p>E assim vai:<br \/>\nAceda o link, introduza o nome da empresa ou procure um artigo espec\u00edfico&#8230; e encomende como habitualmente.<\/p>\n<p>Para ver a descri\u00e7\u00e3o do Lar de Idosos Batlharos, pode clicar na linha do nome por baixo do nosso log\u00f3tipo no cabe\u00e7alho depois de aceder \u00e0 p\u00e1gina de encomenda.<\/p>\n<\/div>\n<\/div>\n<\/div>\n<\/div>\n<\/div>\n<\/div>\n[\/vc_column_text][\/vc_column][\/vc_row][vc_row full_width=&#8221;stretch_row&#8221; column_spacing=&#8221;5&#8243;][vc_column width=&#8221;1\/3&#8243;]<figure class=\"vcex-image vcex-module\"><div class=\"vcex-image-inner wpex-relative wpex-inline-block\"><img width=\"768\" height=\"1024\" src=\"https:\/\/siessen.org\/wp-content\/uploads\/2023\/06\/Batlharos-5.jpg\" class=\"vcex-image-img wpex-align-middle skip-lazy\" alt=\"\" data-no-lazy=\"1\" srcset=\"https:\/\/siessen.org\/wp-content\/uploads\/2023\/06\/Batlharos-5.jpg 768w, https:\/\/siessen.org\/wp-content\/uploads\/2023\/06\/Batlharos-5-225x300.jpg 225w\" sizes=\"(max-width: 768px) 100vw, 768px\" \/><\/div><\/figure><div class=\"vcex-spacing wpex-w-100 wpex-clear\" style=\"height:5px;\"><\/div><figure class=\"vcex-image vcex-module\"><div class=\"vcex-image-inner wpex-relative wpex-inline-block\"><img width=\"768\" height=\"1024\" src=\"https:\/\/siessen.org\/wp-content\/uploads\/2023\/06\/Batlharos-11.jpg\" class=\"vcex-image-img wpex-align-middle\" alt=\"\" loading=\"lazy\" decoding=\"async\" srcset=\"https:\/\/siessen.org\/wp-content\/uploads\/2023\/06\/Batlharos-11.jpg 768w, https:\/\/siessen.org\/wp-content\/uploads\/2023\/06\/Batlharos-11-225x300.jpg 225w\" sizes=\"auto, (max-width: 768px) 100vw, 768px\" \/><\/div><\/figure>[\/vc_column][vc_column width=&#8221;1\/3&#8243;]<figure class=\"vcex-image vcex-module\"><div class=\"vcex-image-inner wpex-relative wpex-inline-block\"><img width=\"1024\" height=\"575\" src=\"https:\/\/siessen.org\/wp-content\/uploads\/2023\/06\/Batlharos-9-1024x575-1.jpg\" class=\"vcex-image-img wpex-align-middle\" alt=\"\" loading=\"lazy\" decoding=\"async\" srcset=\"https:\/\/siessen.org\/wp-content\/uploads\/2023\/06\/Batlharos-9-1024x575-1.jpg 1024w, https:\/\/siessen.org\/wp-content\/uploads\/2023\/06\/Batlharos-9-1024x575-1-300x168.jpg 300w, https:\/\/siessen.org\/wp-content\/uploads\/2023\/06\/Batlharos-9-1024x575-1-768x431.jpg 768w\" sizes=\"auto, (max-width: 1024px) 100vw, 1024px\" \/><\/div><\/figure><div class=\"vcex-spacing wpex-w-100 wpex-clear\" style=\"height:5px;\"><\/div><figure class=\"vcex-image vcex-module\"><div class=\"vcex-image-inner wpex-relative wpex-inline-block\"><img width=\"1024\" height=\"472\" src=\"https:\/\/siessen.org\/wp-content\/uploads\/2023\/06\/Batlharos-8-1024x472-1.jpg\" class=\"vcex-image-img wpex-align-middle\" alt=\"\" loading=\"lazy\" decoding=\"async\" srcset=\"https:\/\/siessen.org\/wp-content\/uploads\/2023\/06\/Batlharos-8-1024x472-1.jpg 1024w, https:\/\/siessen.org\/wp-content\/uploads\/2023\/06\/Batlharos-8-1024x472-1-300x138.jpg 300w, https:\/\/siessen.org\/wp-content\/uploads\/2023\/06\/Batlharos-8-1024x472-1-768x354.jpg 768w\" sizes=\"auto, (max-width: 1024px) 100vw, 1024px\" \/><\/div><\/figure><div class=\"vcex-spacing wpex-w-100 wpex-clear\" style=\"height:5px;\"><\/div><figure class=\"vcex-image vcex-module\"><div class=\"vcex-image-inner wpex-relative wpex-inline-block\"><img width=\"756\" height=\"567\" src=\"https:\/\/siessen.org\/wp-content\/uploads\/2023\/06\/Batlharos-1.jpg\" class=\"vcex-image-img wpex-align-middle\" alt=\"\" loading=\"lazy\" decoding=\"async\" srcset=\"https:\/\/siessen.org\/wp-content\/uploads\/2023\/06\/Batlharos-1.jpg 756w, https:\/\/siessen.org\/wp-content\/uploads\/2023\/06\/Batlharos-1-300x225.jpg 300w\" sizes=\"auto, (max-width: 756px) 100vw, 756px\" \/><\/div><\/figure><div class=\"vcex-spacing wpex-w-100 wpex-clear\" style=\"height:5px;\"><\/div><figure class=\"vcex-image vcex-module\"><div class=\"vcex-image-inner wpex-relative wpex-inline-block\"><img width=\"768\" height=\"1024\" src=\"https:\/\/siessen.org\/wp-content\/uploads\/2023\/06\/Batlharos-10.jpg\" class=\"vcex-image-img wpex-align-middle\" alt=\"\" loading=\"lazy\" decoding=\"async\" srcset=\"https:\/\/siessen.org\/wp-content\/uploads\/2023\/06\/Batlharos-10.jpg 768w, https:\/\/siessen.org\/wp-content\/uploads\/2023\/06\/Batlharos-10-225x300.jpg 225w\" sizes=\"auto, (max-width: 768px) 100vw, 768px\" \/><\/div><\/figure>[\/vc_column][vc_column width=&#8221;1\/3&#8243;]<figure class=\"vcex-image vcex-module\"><div class=\"vcex-image-inner wpex-relative wpex-inline-block\"><img width=\"1024\" height=\"768\" src=\"https:\/\/siessen.org\/wp-content\/uploads\/2023\/06\/Batlharos-7-1024x768-1.jpg\" class=\"vcex-image-img wpex-align-middle\" alt=\"\" loading=\"lazy\" decoding=\"async\" srcset=\"https:\/\/siessen.org\/wp-content\/uploads\/2023\/06\/Batlharos-7-1024x768-1.jpg 1024w, https:\/\/siessen.org\/wp-content\/uploads\/2023\/06\/Batlharos-7-1024x768-1-300x225.jpg 300w, https:\/\/siessen.org\/wp-content\/uploads\/2023\/06\/Batlharos-7-1024x768-1-768x576.jpg 768w\" sizes=\"auto, (max-width: 1024px) 100vw, 1024px\" \/><\/div><\/figure><div class=\"vcex-spacing wpex-w-100 wpex-clear\" style=\"height:5px;\"><\/div><figure class=\"vcex-image vcex-module\"><div class=\"vcex-image-inner wpex-relative wpex-inline-block\"><img width=\"766\" height=\"1024\" src=\"https:\/\/siessen.org\/wp-content\/uploads\/2023\/06\/Batlharos-6-766x1024-1.jpg\" class=\"vcex-image-img wpex-align-middle\" alt=\"\" loading=\"lazy\" decoding=\"async\" srcset=\"https:\/\/siessen.org\/wp-content\/uploads\/2023\/06\/Batlharos-6-766x1024-1.jpg 766w, https:\/\/siessen.org\/wp-content\/uploads\/2023\/06\/Batlharos-6-766x1024-1-224x300.jpg 224w\" sizes=\"auto, (max-width: 766px) 100vw, 766px\" \/><\/div><\/figure>[\/vc_column][\/vc_row]\n<\/div>","protected":false},"excerpt":{"rendered":"<p>[vc_row][vc_column][vc_column_text] Um clique mais&#8230; &#8230;. e j\u00e1 se pode fazer algo de bom! Com uma compra na Internet, pode apoiar o projeto &#8220;Old Age Home Batlharos&#8221; na \u00c1frica do Sul sem doar nada. Isto \u00e9 poss\u00edvel atrav\u00e9s do doador de educa\u00e7\u00e3o sem fins lucrativos. [\/vc_column_text][\/vc_column][\/vc_row][vc_row full_width=&#8221;stretch_row&#8221; columns_right=&#8221;yes&#8221;][vc_column][vc_column_text css=&#8221;.vc_custom_1688478781640{border-top-width: 50px !important;border-right-width: 50px !important;border-bottom-width: 50px !important;border-left-width: 50px&hellip;<\/p>\n","protected":false},"author":1,"featured_media":0,"parent":2254,"menu_order":0,"comment_status":"closed","ping_status":"closed","template":"","meta":{"footnotes":""},"class_list":["post-1985","page","type-page","status-publish","hentry","entry","no-media"],"_links":{"self":[{"href":"https:\/\/siessen.org\/pt-br\/wp-json\/wp\/v2\/pages\/1985","targetHints":{"allow":["GET"]}}],"collection":[{"href":"https:\/\/siessen.org\/pt-br\/wp-json\/wp\/v2\/pages"}],"about":[{"href":"https:\/\/siessen.org\/pt-br\/wp-json\/wp\/v2\/types\/page"}],"author":[{"embeddable":true,"href":"https:\/\/siessen.org\/pt-br\/wp-json\/wp\/v2\/users\/1"}],"replies":[{"embeddable":true,"href":"https:\/\/siessen.org\/pt-br\/wp-json\/wp\/v2\/comments?post=1985"}],"version-history":[{"count":10,"href":"https:\/\/siessen.org\/pt-br\/wp-json\/wp\/v2\/pages\/1985\/revisions"}],"predecessor-version":[{"id":4347,"href":"https:\/\/siessen.org\/pt-br\/wp-json\/wp\/v2\/pages\/1985\/revisions\/4347"}],"up":[{"embeddable":true,"href":"https:\/\/siessen.org\/pt-br\/wp-json\/wp\/v2\/pages\/2254"}],"wp:attachment":[{"href":"https:\/\/siessen.org\/pt-br\/wp-json\/wp\/v2\/media?parent=1985"}],"curies":[{"name":"wp","href":"https:\/\/api.w.org\/{rel}","templated":true}]}}