{"id":1994,"date":"2023-03-24T11:54:19","date_gmt":"2023-03-24T10:54:19","guid":{"rendered":"https:\/\/siessen.org\/o-que-fazemos\/social\/"},"modified":"2026-01-12T14:47:37","modified_gmt":"2026-01-12T13:47:37","slug":"social","status":"publish","type":"page","link":"https:\/\/siessen.org\/pt-br\/o-que-fazemos\/social\/","title":{"rendered":"Servi\u00e7os sociais"},"content":{"rendered":"<div class=\"wpb-content-wrapper\">[vc_row][vc_column][vc_row_inner][vc_column_inner][vc_column_text]Francisco n\u00e3o fundou uma organiza\u00e7\u00e3o de ajuda aos pobres, ele mesmo quis ser pobre como os pobres e viver com eles. N\u00e3o temos (mais) grandes obras sociais. No entanto, as Irm\u00e3s geralmente est\u00e3o muito pr\u00f3ximas das necessidades concretas das pessoas e ajudam de forma concreta e eficaz.[\/vc_column_text][\/vc_column_inner][\/vc_row_inner][\/vc_column][\/vc_row][vc_row][vc_column]<style class=\"vcex-carousel-preload-css\">.vcex_69dfddaa33bc8{--wpex-carousel-gap:15px;}.vcex_69dfddaa33bc8{--wpex-carousel-columns:1;}.vcex_69dfddaa33bc8.wpex-carousel:not(.wpex-carousel--loaded) > *:not(:nth-child(1n+2)){display: flex !important;}@media only screen and (min-width: 480px) {.vcex_69dfddaa33bc8{--wpex-carousel-columns:2;}.vcex_69dfddaa33bc8.wpex-carousel:not(.wpex-carousel--loaded) > *:not(:nth-child(1n+3)){display: flex !important;}}@media only screen and (min-width: 768px) {.vcex_69dfddaa33bc8{--wpex-carousel-columns:3;}.vcex_69dfddaa33bc8.wpex-carousel:not(.wpex-carousel--loaded) > *:not(:nth-child(1n+4)){display: flex !important;}}@media only screen and (min-width: 960px) {.vcex_69dfddaa33bc8{--wpex-carousel-columns:3;}.vcex_69dfddaa33bc8.wpex-carousel:not(.wpex-carousel--loaded) > *:not(:nth-child(1n+4)){display: flex !important;}}<\/style><div class=\"vcex-image-carousel wpex-carousel wpex-carousel-images wpex-clr vcex-module owl-carousel wpex-carousel--render-onload vcex_69dfddaa33bc8 arrwstyle-default arrwpos-default\" data-wpex-carousel=\"{&quot;slideBy&quot;:1,&quot;items&quot;:3,&quot;responsive&quot;:{&quot;0&quot;:{&quot;items&quot;:&quot;1&quot;},&quot;480&quot;:{&quot;items&quot;:&quot;2&quot;},&quot;768&quot;:{&quot;items&quot;:&quot;3&quot;},&quot;960&quot;:{&quot;items&quot;:3}}}\"><div class=\"wpex-carousel-slide\"><figure class=\"wpex-carousel-entry-media entry-media wpex-relative\"><img width=\"533\" height=\"400\" src=\"https:\/\/siessen.org\/wp-content\/uploads\/2023\/06\/Bothaville-Arme.jpg\" class=\"wpex-align-middle skip-lazy\" alt=\"\" data-no-lazy=\"1\" srcset=\"https:\/\/siessen.org\/wp-content\/uploads\/2023\/06\/Bothaville-Arme.jpg 533w, https:\/\/siessen.org\/wp-content\/uploads\/2023\/06\/Bothaville-Arme-300x225.jpg 300w\" sizes=\"(max-width: 533px) 100vw, 533px\" \/><\/figure><\/div><div class=\"wpex-carousel-slide\"><figure class=\"wpex-carousel-entry-media entry-media wpex-relative\"><img width=\"533\" height=\"400\" src=\"https:\/\/siessen.org\/wp-content\/uploads\/2023\/06\/Sr-Mirjam-Piratengruppe-Hofstatt-Kita.jpg\" class=\"wpex-align-middle skip-lazy\" alt=\"\" data-no-lazy=\"1\" srcset=\"https:\/\/siessen.org\/wp-content\/uploads\/2023\/06\/Sr-Mirjam-Piratengruppe-Hofstatt-Kita.jpg 533w, https:\/\/siessen.org\/wp-content\/uploads\/2023\/06\/Sr-Mirjam-Piratengruppe-Hofstatt-Kita-300x225.jpg 300w\" sizes=\"(max-width: 533px) 100vw, 533px\" \/><\/figure><\/div><div class=\"wpex-carousel-slide\"><figure class=\"wpex-carousel-entry-media entry-media wpex-relative\"><img width=\"533\" height=\"400\" src=\"https:\/\/siessen.org\/wp-content\/uploads\/2023\/06\/Casa-dela-caridade.jpg\" class=\"wpex-align-middle skip-lazy\" alt=\"\" data-no-lazy=\"1\" srcset=\"https:\/\/siessen.org\/wp-content\/uploads\/2023\/06\/Casa-dela-caridade.jpg 533w, https:\/\/siessen.org\/wp-content\/uploads\/2023\/06\/Casa-dela-caridade-300x225.jpg 300w\" sizes=\"(max-width: 533px) 100vw, 533px\" \/><\/figure><\/div><div class=\"wpex-carousel-slide\"><figure class=\"wpex-carousel-entry-media entry-media wpex-relative\"><img width=\"531\" height=\"400\" src=\"https:\/\/siessen.org\/wp-content\/uploads\/2023\/06\/Sr-Arcangela.jpg\" class=\"wpex-align-middle skip-lazy\" alt=\"\" data-no-lazy=\"1\" srcset=\"https:\/\/siessen.org\/wp-content\/uploads\/2023\/06\/Sr-Arcangela.jpg 531w, https:\/\/siessen.org\/wp-content\/uploads\/2023\/06\/Sr-Arcangela-300x226.jpg 300w\" sizes=\"(max-width: 531px) 100vw, 531px\" \/><\/figure><\/div><div class=\"wpex-carousel-slide\"><figure class=\"wpex-carousel-entry-media entry-media wpex-relative\"><img width=\"533\" height=\"400\" src=\"https:\/\/siessen.org\/wp-content\/uploads\/2023\/06\/Ueberschwemmung-Coroata.jpg\" class=\"wpex-align-middle skip-lazy\" alt=\"\" data-no-lazy=\"1\" srcset=\"https:\/\/siessen.org\/wp-content\/uploads\/2023\/06\/Ueberschwemmung-Coroata.jpg 533w, https:\/\/siessen.org\/wp-content\/uploads\/2023\/06\/Ueberschwemmung-Coroata-300x225.jpg 300w\" sizes=\"(max-width: 533px) 100vw, 533px\" \/><\/figure><\/div><\/div>[\/vc_column][\/vc_row]\n<\/div>","protected":false},"excerpt":{"rendered":"<p>[vc_row][vc_column][vc_row_inner][vc_column_inner][vc_column_text]Francisco n\u00e3o fundou uma organiza\u00e7\u00e3o de ajuda aos pobres, ele mesmo quis ser pobre como os pobres e viver com eles. N\u00e3o temos (mais) grandes obras sociais. No entanto, as Irm\u00e3s geralmente est\u00e3o muito pr\u00f3ximas das necessidades concretas das pessoas e ajudam de forma concreta e eficaz.[\/vc_column_text][\/vc_column_inner][\/vc_row_inner][\/vc_column][\/vc_row][vc_row][vc_column][\/vc_column][\/vc_row]<\/p>\n","protected":false},"author":1,"featured_media":0,"parent":1912,"menu_order":0,"comment_status":"closed","ping_status":"closed","template":"","meta":{"footnotes":""},"class_list":["post-1994","page","type-page","status-publish","hentry","entry","no-media"],"_links":{"self":[{"href":"https:\/\/siessen.org\/pt-br\/wp-json\/wp\/v2\/pages\/1994","targetHints":{"allow":["GET"]}}],"collection":[{"href":"https:\/\/siessen.org\/pt-br\/wp-json\/wp\/v2\/pages"}],"about":[{"href":"https:\/\/siessen.org\/pt-br\/wp-json\/wp\/v2\/types\/page"}],"author":[{"embeddable":true,"href":"https:\/\/siessen.org\/pt-br\/wp-json\/wp\/v2\/users\/1"}],"replies":[{"embeddable":true,"href":"https:\/\/siessen.org\/pt-br\/wp-json\/wp\/v2\/comments?post=1994"}],"version-history":[{"count":10,"href":"https:\/\/siessen.org\/pt-br\/wp-json\/wp\/v2\/pages\/1994\/revisions"}],"predecessor-version":[{"id":6671,"href":"https:\/\/siessen.org\/pt-br\/wp-json\/wp\/v2\/pages\/1994\/revisions\/6671"}],"up":[{"embeddable":true,"href":"https:\/\/siessen.org\/pt-br\/wp-json\/wp\/v2\/pages\/1912"}],"wp:attachment":[{"href":"https:\/\/siessen.org\/pt-br\/wp-json\/wp\/v2\/media?parent=1994"}],"curies":[{"name":"wp","href":"https:\/\/api.w.org\/{rel}","templated":true}]}}