{"id":1997,"date":"2023-03-24T11:27:39","date_gmt":"2023-03-24T10:27:39","guid":{"rendered":"https:\/\/siessen.org\/quem-somos\/lideranca-da-congregacao\/"},"modified":"2024-03-28T15:12:40","modified_gmt":"2024-03-28T14:12:40","slug":"lideranca-da-congregacao","status":"publish","type":"page","link":"https:\/\/siessen.org\/pt-br\/quem-somos\/lideranca-da-congregacao\/","title":{"rendered":"Dire\u00e7\u00e3o Congregacional"},"content":{"rendered":"<div class=\"wpb-content-wrapper\">[vc_row][vc_column][vc_column_text]\n<h1><span class=\"wpex-text-4xl\">A Dire\u00e7\u00e3o Congregacional<\/span><\/h1>\n<p>Se quase 300 mulheres que vivem em tr\u00eas continentes, em cinco pa\u00edses, quiserem formar uma Congrega\u00e7\u00e3o e caminhar juntas para o futuro, ent\u00e3o o compromisso e a agilidade de cada indiv\u00edduo s\u00e3o necess\u00e1rios, e isso requer muito do Esp\u00edrito Santo, bem como uma Dire\u00e7\u00e3o para acompanhar esse processo. Nossa estrutura de gerenciamento \u00e9 a seguinte:[\/vc_column_text][vc_column_text css=&#8221;.vc_custom_1710951954568{background-color: rgba(237,237,161,0.24) !important;*background-color: rgb(237,237,161) !important;}&#8221;]\n<h3><span class=\"wpex-text-3xl\">Dire\u00e7\u00e3o Geral<\/span><\/h3>\n<p>Os tr\u00eas membros da Dire\u00e7\u00e3o Geral s\u00e3o eleitos de seis em seis anos pelo Cap\u00edtulo Geral, que \u00e9 uma assembleia de delegadas das Irm\u00e3s de todas as Prov\u00edncias. Desde agosto de 2020, a Dire\u00e7\u00e3o Geral inclui:[\/vc_column_text][\/vc_column][\/vc_row][vc_row css=&#8221;.vc_custom_1692967704192{margin-right: 50px !important;margin-left: 50px !important;background-color: rgba(237,237,161,0.25) !important;*background-color: rgb(237,237,161) !important;}&#8221;][vc_column width=&#8221;1\/3&#8243;][vc_column_text]\n<h3>Superiora Geral<\/h3>\n[\/vc_column_text]<figure class=\"vcex-image vcex-module\"><div class=\"vcex-image-inner wpex-relative wpex-inline-block vc_custom_1710171172483\"><img loading=\"lazy\" class=\"vcex-image-img wpex-align-middle\" decoding=\"async\" src=\"https:\/\/siessen.org\/wp-content\/uploads\/2024\/03\/FRK_1733-scaled-e1710950604306-300x300.jpg\" alt=\"\" width=\"300\" height=\"300\"><\/div><\/figure>[vc_column_text]\n<h3>Ir. M. Karin Berger<\/h3>\n[\/vc_column_text][\/vc_column][vc_column width=&#8221;1\/3&#8243;][vc_column_text]\n<h3>Vig\u00e1ria Geral<\/h3>\n[\/vc_column_text]<figure class=\"vcex-image vcex-module\"><div class=\"vcex-image-inner wpex-relative wpex-inline-block vc_custom_1711635151080\"><img loading=\"lazy\" class=\"vcex-image-img wpex-align-middle\" decoding=\"async\" src=\"https:\/\/siessen.org\/wp-content\/uploads\/2024\/03\/M.-Tanja-3-300x300.jpg\" alt=\"\" srcset=\"https:\/\/siessen.org\/wp-content\/uploads\/2024\/03\/M.-Tanja-3-300x300.jpg 300w, https:\/\/siessen.org\/wp-content\/uploads\/2024\/03\/M.-Tanja-3-150x150.jpg 150w, https:\/\/siessen.org\/wp-content\/uploads\/2024\/03\/M.-Tanja-3.jpg 400w\" width=\"300\" height=\"300\"><\/div><\/figure>[vc_column_text]\n<h3>Ir. M. Tanja Lohr<\/h3>\n[\/vc_column_text][\/vc_column][vc_column width=&#8221;1\/3&#8243;][vc_column_text]\n<h3>Conselheira Geral<\/h3>\n[\/vc_column_text]<figure class=\"vcex-image vcex-module\"><div class=\"vcex-image-inner wpex-relative wpex-inline-block vc_custom_1710950846476\"><img loading=\"lazy\" class=\"vcex-image-img wpex-align-middle\" decoding=\"async\" src=\"https:\/\/siessen.org\/wp-content\/uploads\/2024\/03\/M.-Emanuela-300x300.jpg\" alt=\"\" srcset=\"https:\/\/siessen.org\/wp-content\/uploads\/2024\/03\/M.-Emanuela-300x300.jpg 300w, https:\/\/siessen.org\/wp-content\/uploads\/2024\/03\/M.-Emanuela-150x150.jpg 150w, https:\/\/siessen.org\/wp-content\/uploads\/2024\/03\/M.-Emanuela.jpg 402w\" width=\"300\" height=\"300\"><\/div><\/figure>[vc_column_text]\n<h3>Ir. M. Emanuela Tieze<\/h3>\n[\/vc_column_text][\/vc_column][\/vc_row][vc_row][vc_column][vc_column_text]A tarefa de acompanhar as Prov\u00edncias e tamb\u00e9m a supervis\u00e3o das Prov\u00edncias \u00e9 efectuada pela Dire\u00e7\u00e3o Geral. Quando se trata das quest\u00f5es centrais para o futuro da Congrega\u00e7\u00e3o e do caminho comum, os tr\u00eas Superiores Provinciais juntam-se ao corpo diretivo.[\/vc_column_text][vc_column_text css=&#8221;.vc_custom_1710951974661{background-color: rgba(178,214,154,0.21) !important;*background-color: rgb(178,214,154) !important;}&#8221;]\n<h3><span class=\"wpex-text-3xl\">As Superioras Provinciais<\/span><\/h3>\n<p>As Superioras Provinciais s\u00e3o eleitas pelo Cap\u00edtulo Provincial para um mandato de seis anos. S\u00e3o membros ex officio da Dire\u00e7\u00e3o Congregacional.[\/vc_column_text][\/vc_column][\/vc_row][vc_row css=&#8221;.vc_custom_1692967743367{margin-right: 50px !important;margin-left: 50px !important;background-color: rgba(178,214,154,0.21) !important;*background-color: rgb(178,214,154) !important;}&#8221;][vc_column width=&#8221;1\/3&#8243;][vc_column_text]\n<h3>Prov\u00edncia do Brasil<\/h3>\n[\/vc_column_text]<figure class=\"vcex-image vcex-module\"><div class=\"vcex-image-inner wpex-relative wpex-inline-block vc_custom_1710950863296\"><img loading=\"lazy\" class=\"vcex-image-img wpex-align-middle\" decoding=\"async\" src=\"https:\/\/siessen.org\/wp-content\/uploads\/2024\/03\/Rosa-Maria-300x300.jpg\" alt=\"\" srcset=\"https:\/\/siessen.org\/wp-content\/uploads\/2024\/03\/Rosa-Maria-300x300.jpg 300w, https:\/\/siessen.org\/wp-content\/uploads\/2024\/03\/Rosa-Maria-150x150.jpg 150w, https:\/\/siessen.org\/wp-content\/uploads\/2024\/03\/Rosa-Maria.jpg 400w\" width=\"300\" height=\"300\"><\/div><\/figure>[vc_column_text]\n<h3>Ir. Rosa Maria Severino<\/h3>\n[\/vc_column_text][\/vc_column][vc_column width=&#8221;1\/3&#8243;][vc_column_text]\n<h3>Prov\u00edncia da Alemanha<\/h3>\n[\/vc_column_text]<figure class=\"vcex-image vcex-module\"><div class=\"vcex-image-inner wpex-relative wpex-inline-block vc_custom_1710950876116\"><img loading=\"lazy\" class=\"vcex-image-img wpex-align-middle\" decoding=\"async\" src=\"https:\/\/siessen.org\/wp-content\/uploads\/2024\/03\/Marie-Sophie-300x300.jpg\" alt=\"\" srcset=\"https:\/\/siessen.org\/wp-content\/uploads\/2024\/03\/Marie-Sophie-300x300.jpg 300w, https:\/\/siessen.org\/wp-content\/uploads\/2024\/03\/Marie-Sophie-150x150.jpg 150w, https:\/\/siessen.org\/wp-content\/uploads\/2024\/03\/Marie-Sophie.jpg 400w\" width=\"300\" height=\"300\"><\/div><\/figure>[vc_column_text]\n<h3>Ir. Marie-Sophie Schindeldecker<\/h3>\n[\/vc_column_text][\/vc_column][vc_column width=&#8221;1\/3&#8243;][vc_column_text]\n<h3>Prov\u00edncia da \u00c1frica do Sul<\/h3>\n[\/vc_column_text]<figure class=\"vcex-image vcex-module\"><div class=\"vcex-image-inner wpex-relative wpex-inline-block vc_custom_1710950888532\"><img loading=\"lazy\" class=\"vcex-image-img wpex-align-middle\" decoding=\"async\" src=\"https:\/\/siessen.org\/wp-content\/uploads\/2024\/03\/M.-Emmanuela-300x300.jpg\" alt=\"\" srcset=\"https:\/\/siessen.org\/wp-content\/uploads\/2024\/03\/M.-Emmanuela-300x300.jpg 300w, https:\/\/siessen.org\/wp-content\/uploads\/2024\/03\/M.-Emmanuela-150x150.jpg 150w, https:\/\/siessen.org\/wp-content\/uploads\/2024\/03\/M.-Emmanuela-768x768.jpg 768w, https:\/\/siessen.org\/wp-content\/uploads\/2024\/03\/M.-Emmanuela.jpg 800w\" width=\"300\" height=\"300\"><\/div><\/figure>[vc_column_text]\n<h3>Ir. M. Emmanuela Khwepe<\/h3>\n[\/vc_column_text][\/vc_column][\/vc_row][vc_row][vc_column][vc_column_text]\n<h2>A Dire\u00e7\u00e3o Geral e as Superioras Provinciais formam a Dire\u00e7\u00e3o Congregacional.<\/h2>\n[\/vc_column_text][\/vc_column][\/vc_row][vc_row][vc_column][\/vc_column][\/vc_row]\n<\/div>","protected":false},"excerpt":{"rendered":"<p>[vc_row][vc_column][vc_column_text] A Dire\u00e7\u00e3o Congregacional Se quase 300 mulheres que vivem em tr\u00eas continentes, em cinco pa\u00edses, quiserem formar uma Congrega\u00e7\u00e3o e caminhar juntas para o futuro, ent\u00e3o o compromisso e a agilidade de cada indiv\u00edduo s\u00e3o necess\u00e1rios, e isso requer muito do Esp\u00edrito Santo, bem como uma Dire\u00e7\u00e3o para acompanhar esse processo. Nossa estrutura de&hellip;<\/p>\n","protected":false},"author":1,"featured_media":0,"parent":1905,"menu_order":0,"comment_status":"closed","ping_status":"closed","template":"","meta":{"footnotes":""},"class_list":["post-1997","page","type-page","status-publish","hentry","entry","no-media"],"_links":{"self":[{"href":"https:\/\/siessen.org\/pt-br\/wp-json\/wp\/v2\/pages\/1997","targetHints":{"allow":["GET"]}}],"collection":[{"href":"https:\/\/siessen.org\/pt-br\/wp-json\/wp\/v2\/pages"}],"about":[{"href":"https:\/\/siessen.org\/pt-br\/wp-json\/wp\/v2\/types\/page"}],"author":[{"embeddable":true,"href":"https:\/\/siessen.org\/pt-br\/wp-json\/wp\/v2\/users\/1"}],"replies":[{"embeddable":true,"href":"https:\/\/siessen.org\/pt-br\/wp-json\/wp\/v2\/comments?post=1997"}],"version-history":[{"count":10,"href":"https:\/\/siessen.org\/pt-br\/wp-json\/wp\/v2\/pages\/1997\/revisions"}],"predecessor-version":[{"id":4168,"href":"https:\/\/siessen.org\/pt-br\/wp-json\/wp\/v2\/pages\/1997\/revisions\/4168"}],"up":[{"embeddable":true,"href":"https:\/\/siessen.org\/pt-br\/wp-json\/wp\/v2\/pages\/1905"}],"wp:attachment":[{"href":"https:\/\/siessen.org\/pt-br\/wp-json\/wp\/v2\/media?parent=1997"}],"curies":[{"name":"wp","href":"https:\/\/api.w.org\/{rel}","templated":true}]}}