{"id":1998,"date":"2023-06-17T10:06:52","date_gmt":"2023-06-17T08:06:52","guid":{"rendered":"https:\/\/siessen.org\/projeto-br-paz-e-bem\/"},"modified":"2023-10-10T14:22:50","modified_gmt":"2023-10-10T12:22:50","slug":"projeto-br-paz-e-bem","status":"publish","type":"page","link":"https:\/\/siessen.org\/pt-br\/donativos\/projectos-de-financiamento\/projeto-br-paz-e-bem\/","title":{"rendered":"Projeto BR Paz e bem"},"content":{"rendered":"<div class=\"wpb-content-wrapper\">[vc_row][vc_column]<div class=\"vcex-spacing wpex-w-100 wpex-clear\" style=\"height:20px;\"><\/div>[vc_column_text]\n<p style=\"text-align: right;\"><span class=\"wpex-text-sm\"><a href=\"https:\/\/siessen.org\/pt-br\/\">Home<\/a> &#8211; <a href=\"https:\/\/siessen.org\/spenden\/missionsprokur\/\">Miss\u00e3o<\/a> &#8211; <a href=\"https:\/\/siessen.org\/spenden\/projekte\/\">Projectos de Apoio \u00e0 Miss\u00e3o<\/a> &#8211; Paz e bem<\/span><\/p>\n[\/vc_column_text]<div class=\"vcex-spacing wpex-w-100 wpex-clear\" style=\"height:20px;\"><\/div>[\/vc_column][\/vc_row][vc_row full_width=&#8221;stretch_row&#8221;][vc_column width=&#8221;1\/3&#8243; css=&#8221;.vc_custom_1686989882305{margin-left: 50px !important;padding-top: 30px !important;padding-right: 30px !important;padding-bottom: 30px !important;padding-left: 30px !important;background-color: rgba(199,214,89,0.47) !important;*background-color: rgb(199,214,89) !important;}&#8221;]<figure class=\"vcex-image vcex-module\"><div class=\"vcex-image-inner wpex-relative wpex-inline-block\"><img width=\"710\" height=\"960\" src=\"https:\/\/siessen.org\/wp-content\/uploads\/2023\/06\/M_BrasilJunge.jpg\" class=\"vcex-image-img wpex-align-middle\" alt=\"\" loading=\"lazy\" decoding=\"async\" srcset=\"https:\/\/siessen.org\/wp-content\/uploads\/2023\/06\/M_BrasilJunge.jpg 710w, https:\/\/siessen.org\/wp-content\/uploads\/2023\/06\/M_BrasilJunge-222x300.jpg 222w\" sizes=\"auto, (max-width: 710px) 100vw, 710px\" \/><\/div><\/figure>[vc_column_text]Se quiser apoiar financeiramente este projeto, transfira o dinheiro para a <a href=\"https:\/\/siessen.org\/spenden\/missionsprokur\/\">conta da Missionsprokur<\/a> e indique &#8220;BR-Paz e Bem&#8221; como finalidade do pagamento, bem como o seu endere\u00e7o completo para a emiss\u00e3o de um recibo de donativo.[\/vc_column_text][\/vc_column][vc_column width=&#8221;2\/3&#8243;][vc_column_text css=&#8221;.vc_custom_1686993446171{margin-left: 100px !important;}&#8221;]Projeto Brasil<\/p>\n<h1>Paz e bem &#8211; Paz e Salva\u00e7\u00e3o<\/h1>\n<p>H\u00e1 muitas formas de ajudar por detr\u00e1s do nome deste projeto. Uma vez que, por vezes, \u00e9 necess\u00e1rio mais dinheiro para apoiar este projeto e, outras vezes, mais para aquele, a escolha deste projeto d\u00e1 a possibilidade de reagir de forma vari\u00e1vel \u00e0s necessidades. Com o seu donativo, apoia, por exemplo<\/p>\n<ul>\n<li>A compra de g\u00e9neros aliment\u00edcios, medicamentos, fraldas, \u00f3culos, cadeiras de rodas e outros meios auxiliares.<\/li>\n<li>pagamento de despesas de transporte ou de outras desloca\u00e7\u00f5es do m\u00e9dico, exames, interven\u00e7\u00f5es cir\u00fargicas menores,<\/li>\n<li>Terapias e grupos de discuss\u00e3o<\/li>\n<li>Catequese, dias de reflex\u00e3o e v\u00e1rios eventos e cursos para o desenvolvimento pessoal<\/li>\n<li>Medidas de recupera\u00e7\u00e3o de toxicodependentes e de integra\u00e7\u00e3o dos sem-abrigo<\/li>\n<li>Mulheres que sofreram viol\u00eancia<\/li>\n<li>a popula\u00e7\u00e3o ind\u00edgena<\/li>\n<li>Constru\u00e7\u00e3o de salas polivalentes nas zonas rurais e mais pobres<\/li>\n<li>Repara\u00e7\u00f5es em\/nas casas das fam\u00edlias mais pobres<\/li>\n<\/ul>\n[\/vc_column_text][\/vc_column][\/vc_row]\n<\/div>","protected":false},"excerpt":{"rendered":"<p>[vc_row][vc_column][vc_column_text] Home &#8211; Miss\u00e3o &#8211; Projectos de Apoio \u00e0 Miss\u00e3o &#8211; Paz e bem [\/vc_column_text][\/vc_column][\/vc_row][vc_row full_width=&#8221;stretch_row&#8221;][vc_column width=&#8221;1\/3&#8243; css=&#8221;.vc_custom_1686989882305{margin-left: 50px !important;padding-top: 30px !important;padding-right: 30px !important;padding-bottom: 30px !important;padding-left: 30px !important;background-color: rgba(199,214,89,0.47) !important;*background-color: rgb(199,214,89) !important;}&#8221;][vc_column_text]Se quiser apoiar financeiramente este projeto, transfira o dinheiro para a conta da Missionsprokur e indique &#8220;BR-Paz e Bem&#8221; como finalidade do pagamento, bem&hellip;<\/p>\n","protected":false},"author":3,"featured_media":0,"parent":2301,"menu_order":0,"comment_status":"closed","ping_status":"closed","template":"","meta":{"footnotes":""},"class_list":["post-1998","page","type-page","status-publish","hentry","entry","no-media"],"_links":{"self":[{"href":"https:\/\/siessen.org\/pt-br\/wp-json\/wp\/v2\/pages\/1998","targetHints":{"allow":["GET"]}}],"collection":[{"href":"https:\/\/siessen.org\/pt-br\/wp-json\/wp\/v2\/pages"}],"about":[{"href":"https:\/\/siessen.org\/pt-br\/wp-json\/wp\/v2\/types\/page"}],"author":[{"embeddable":true,"href":"https:\/\/siessen.org\/pt-br\/wp-json\/wp\/v2\/users\/3"}],"replies":[{"embeddable":true,"href":"https:\/\/siessen.org\/pt-br\/wp-json\/wp\/v2\/comments?post=1998"}],"version-history":[{"count":2,"href":"https:\/\/siessen.org\/pt-br\/wp-json\/wp\/v2\/pages\/1998\/revisions"}],"predecessor-version":[{"id":2002,"href":"https:\/\/siessen.org\/pt-br\/wp-json\/wp\/v2\/pages\/1998\/revisions\/2002"}],"up":[{"embeddable":true,"href":"https:\/\/siessen.org\/pt-br\/wp-json\/wp\/v2\/pages\/2301"}],"wp:attachment":[{"href":"https:\/\/siessen.org\/pt-br\/wp-json\/wp\/v2\/media?parent=1998"}],"curies":[{"name":"wp","href":"https:\/\/api.w.org\/{rel}","templated":true}]}}