{"id":2007,"date":"2023-03-24T11:54:29","date_gmt":"2023-03-24T10:54:29","guid":{"rendered":"https:\/\/siessen.org\/o-que-fazemos\/educacao\/"},"modified":"2024-04-11T14:39:46","modified_gmt":"2024-04-11T12:39:46","slug":"educacao","status":"publish","type":"page","link":"https:\/\/siessen.org\/pt-br\/o-que-fazemos\/educacao\/","title":{"rendered":"Educa\u00e7\u00e3o"},"content":{"rendered":"<div class=\"wpb-content-wrapper\">[vc_row][vc_column][vc_column_text]\n<h1 style=\"text-align: center;\"><span class=\"wpex-text-4xl\">Educa\u00e7\u00e3o<\/span><\/h1>\n[\/vc_column_text]<div class=\"vcex-module vcex-divider-dots wpex-mx-auto wpex-last-mr-0 wpex-text-center\"><span class=\"wpex-inline-block wpex-rounded-full wpex-bg-accent wpex-mr-10\"><\/span><span class=\"wpex-inline-block wpex-rounded-full wpex-bg-accent wpex-mr-10\"><\/span><span class=\"wpex-inline-block wpex-rounded-full wpex-bg-accent wpex-mr-10\"><\/span><\/div>[\/vc_column][vc_column][vc_column_text]A educa\u00e7\u00e3o e a forma\u00e7\u00e3o da juventude feminina foi a miss\u00e3o dada \u00e0 nossa Congrega\u00e7\u00e3o na sua funda\u00e7\u00e3o. Nossas Irm\u00e3s fundaram suas pr\u00f3prias escolas e internatos desde o in\u00edcio e tamb\u00e9m atuaram em escolas p\u00fablicas e jardins de inf\u00e2ncia administrados por v\u00e1rias organiza\u00e7\u00f5es. Atualmente, esta \u00e1rea continua a ser um dos pontos fulcrais do nosso trabalho.[\/vc_column_text][\/vc_column][\/vc_row][vc_row][vc_column]<style class=\"vcex-carousel-preload-css\">.vcex_69e6287d9f074{--wpex-carousel-gap:15px;}.vcex_69e6287d9f074{--wpex-carousel-columns:1;}.vcex_69e6287d9f074.wpex-carousel:not(.wpex-carousel--loaded) > *:not(:nth-child(1n+2)){display: flex !important;}@media only screen and (min-width: 480px) {.vcex_69e6287d9f074{--wpex-carousel-columns:2;}.vcex_69e6287d9f074.wpex-carousel:not(.wpex-carousel--loaded) > *:not(:nth-child(1n+3)){display: flex !important;}}@media only screen and (min-width: 768px) {.vcex_69e6287d9f074{--wpex-carousel-columns:3;}.vcex_69e6287d9f074.wpex-carousel:not(.wpex-carousel--loaded) > *:not(:nth-child(1n+4)){display: flex !important;}}@media only screen and (min-width: 960px) {.vcex_69e6287d9f074{--wpex-carousel-columns:3;}.vcex_69e6287d9f074.wpex-carousel:not(.wpex-carousel--loaded) > *:not(:nth-child(1n+4)){display: flex !important;}}<\/style><div class=\"vcex-image-carousel wpex-carousel wpex-carousel-images wpex-clr vcex-module owl-carousel wpex-carousel--render-onload vcex_69e6287d9f074 arrwstyle-default arrwpos-default\" data-wpex-carousel=\"{&quot;loop&quot;:&quot;false&quot;,&quot;slideBy&quot;:1,&quot;items&quot;:3,&quot;responsive&quot;:{&quot;0&quot;:{&quot;items&quot;:&quot;1&quot;},&quot;480&quot;:{&quot;items&quot;:&quot;2&quot;},&quot;768&quot;:{&quot;items&quot;:&quot;3&quot;},&quot;960&quot;:{&quot;items&quot;:3}}}\"><div class=\"wpex-carousel-slide\"><figure class=\"wpex-carousel-entry-media entry-media wpex-relative\"><img width=\"1333\" height=\"1000\" src=\"https:\/\/siessen.org\/wp-content\/uploads\/2024\/03\/Garca-Eliane-2.jpg\" class=\"wpex-align-middle skip-lazy\" alt=\"\" data-no-lazy=\"1\" srcset=\"https:\/\/siessen.org\/wp-content\/uploads\/2024\/03\/Garca-Eliane-2.jpg 1333w, https:\/\/siessen.org\/wp-content\/uploads\/2024\/03\/Garca-Eliane-2-300x225.jpg 300w, https:\/\/siessen.org\/wp-content\/uploads\/2024\/03\/Garca-Eliane-2-1024x768.jpg 1024w, https:\/\/siessen.org\/wp-content\/uploads\/2024\/03\/Garca-Eliane-2-768x576.jpg 768w\" sizes=\"(max-width: 1333px) 100vw, 1333px\" \/><\/figure><\/div><div class=\"wpex-carousel-slide\"><figure class=\"wpex-carousel-entry-media entry-media wpex-relative\"><img width=\"537\" height=\"400\" src=\"https:\/\/siessen.org\/wp-content\/uploads\/2023\/06\/Sr-Ina-Franziska.jpg\" class=\"wpex-align-middle skip-lazy\" alt=\"\" data-no-lazy=\"1\" srcset=\"https:\/\/siessen.org\/wp-content\/uploads\/2023\/06\/Sr-Ina-Franziska.jpg 537w, https:\/\/siessen.org\/wp-content\/uploads\/2023\/06\/Sr-Ina-Franziska-300x223.jpg 300w\" sizes=\"(max-width: 537px) 100vw, 537px\" \/><\/figure><\/div><div class=\"wpex-carousel-slide\"><figure class=\"wpex-carousel-entry-media entry-media wpex-relative\"><img width=\"533\" height=\"400\" src=\"https:\/\/siessen.org\/wp-content\/uploads\/2023\/06\/Sr-Josephine-KIGA-2.jpg\" class=\"wpex-align-middle skip-lazy\" alt=\"\" data-no-lazy=\"1\" srcset=\"https:\/\/siessen.org\/wp-content\/uploads\/2023\/06\/Sr-Josephine-KIGA-2.jpg 533w, https:\/\/siessen.org\/wp-content\/uploads\/2023\/06\/Sr-Josephine-KIGA-2-300x225.jpg 300w\" sizes=\"(max-width: 533px) 100vw, 533px\" \/><\/figure><\/div><div class=\"wpex-carousel-slide\"><figure class=\"wpex-carousel-entry-media entry-media wpex-relative\"><img width=\"533\" height=\"400\" src=\"https:\/\/siessen.org\/wp-content\/uploads\/2023\/06\/Mathe.jpg\" class=\"wpex-align-middle skip-lazy\" alt=\"\" data-no-lazy=\"1\" srcset=\"https:\/\/siessen.org\/wp-content\/uploads\/2023\/06\/Mathe.jpg 533w, https:\/\/siessen.org\/wp-content\/uploads\/2023\/06\/Mathe-300x225.jpg 300w\" sizes=\"(max-width: 533px) 100vw, 533px\" \/><\/figure><\/div><div class=\"wpex-carousel-slide\"><figure class=\"wpex-carousel-entry-media entry-media wpex-relative\"><img width=\"532\" height=\"400\" src=\"https:\/\/siessen.org\/wp-content\/uploads\/2023\/06\/08-Marimbas.jpg\" class=\"wpex-align-middle skip-lazy\" alt=\"\" data-no-lazy=\"1\" srcset=\"https:\/\/siessen.org\/wp-content\/uploads\/2023\/06\/08-Marimbas.jpg 532w, https:\/\/siessen.org\/wp-content\/uploads\/2023\/06\/08-Marimbas-300x226.jpg 300w\" sizes=\"(max-width: 532px) 100vw, 532px\" \/><\/figure><\/div><div class=\"wpex-carousel-slide\"><figure class=\"wpex-carousel-entry-media entry-media wpex-relative\"><img width=\"533\" height=\"400\" src=\"https:\/\/siessen.org\/wp-content\/uploads\/2023\/06\/SrNichola-KIGA.jpg\" class=\"wpex-align-middle skip-lazy\" alt=\"\" data-no-lazy=\"1\" srcset=\"https:\/\/siessen.org\/wp-content\/uploads\/2023\/06\/SrNichola-KIGA.jpg 533w, https:\/\/siessen.org\/wp-content\/uploads\/2023\/06\/SrNichola-KIGA-300x225.jpg 300w\" sizes=\"(max-width: 533px) 100vw, 533px\" \/><\/figure><\/div><div class=\"wpex-carousel-slide\"><figure class=\"wpex-carousel-entry-media entry-media wpex-relative\"><img width=\"529\" height=\"400\" src=\"https:\/\/siessen.org\/wp-content\/uploads\/2023\/06\/SrAnnaClaraSchulklasseWinter.jpg\" class=\"wpex-align-middle skip-lazy\" alt=\"\" data-no-lazy=\"1\" srcset=\"https:\/\/siessen.org\/wp-content\/uploads\/2023\/06\/SrAnnaClaraSchulklasseWinter.jpg 529w, https:\/\/siessen.org\/wp-content\/uploads\/2023\/06\/SrAnnaClaraSchulklasseWinter-300x227.jpg 300w\" sizes=\"(max-width: 529px) 100vw, 529px\" \/><\/figure><\/div><div class=\"wpex-carousel-slide\"><figure class=\"wpex-carousel-entry-media entry-media wpex-relative\"><img width=\"540\" height=\"400\" src=\"https:\/\/siessen.org\/wp-content\/uploads\/2023\/06\/Fallschirm.jpg\" class=\"wpex-align-middle skip-lazy\" alt=\"\" data-no-lazy=\"1\" srcset=\"https:\/\/siessen.org\/wp-content\/uploads\/2023\/06\/Fallschirm.jpg 540w, https:\/\/siessen.org\/wp-content\/uploads\/2023\/06\/Fallschirm-300x222.jpg 300w\" sizes=\"(max-width: 540px) 100vw, 540px\" \/><\/figure><\/div><\/div>[\/vc_column][\/vc_row]\n<\/div>","protected":false},"excerpt":{"rendered":"<p>[vc_row][vc_column][vc_column_text] Educa\u00e7\u00e3o [\/vc_column_text][\/vc_column][vc_column][vc_column_text]A educa\u00e7\u00e3o e a forma\u00e7\u00e3o da juventude feminina foi a miss\u00e3o dada \u00e0 nossa Congrega\u00e7\u00e3o na sua funda\u00e7\u00e3o. Nossas Irm\u00e3s fundaram suas pr\u00f3prias escolas e internatos desde o in\u00edcio e tamb\u00e9m atuaram em escolas p\u00fablicas e jardins de inf\u00e2ncia administrados por v\u00e1rias organiza\u00e7\u00f5es. Atualmente, esta \u00e1rea continua a ser um dos pontos fulcrais&hellip;<\/p>\n","protected":false},"author":1,"featured_media":0,"parent":1912,"menu_order":0,"comment_status":"closed","ping_status":"closed","template":"","meta":{"footnotes":""},"class_list":["post-2007","page","type-page","status-publish","hentry","entry","no-media"],"_links":{"self":[{"href":"https:\/\/siessen.org\/pt-br\/wp-json\/wp\/v2\/pages\/2007","targetHints":{"allow":["GET"]}}],"collection":[{"href":"https:\/\/siessen.org\/pt-br\/wp-json\/wp\/v2\/pages"}],"about":[{"href":"https:\/\/siessen.org\/pt-br\/wp-json\/wp\/v2\/types\/page"}],"author":[{"embeddable":true,"href":"https:\/\/siessen.org\/pt-br\/wp-json\/wp\/v2\/users\/1"}],"replies":[{"embeddable":true,"href":"https:\/\/siessen.org\/pt-br\/wp-json\/wp\/v2\/comments?post=2007"}],"version-history":[{"count":8,"href":"https:\/\/siessen.org\/pt-br\/wp-json\/wp\/v2\/pages\/2007\/revisions"}],"predecessor-version":[{"id":4302,"href":"https:\/\/siessen.org\/pt-br\/wp-json\/wp\/v2\/pages\/2007\/revisions\/4302"}],"up":[{"embeddable":true,"href":"https:\/\/siessen.org\/pt-br\/wp-json\/wp\/v2\/pages\/1912"}],"wp:attachment":[{"href":"https:\/\/siessen.org\/pt-br\/wp-json\/wp\/v2\/media?parent=2007"}],"curies":[{"name":"wp","href":"https:\/\/api.w.org\/{rel}","templated":true}]}}