{"id":2012,"date":"2023-03-24T12:05:17","date_gmt":"2023-03-24T11:05:17","guid":{"rendered":"https:\/\/siessen.org\/o-que-nos-move\/topicos\/"},"modified":"2026-01-31T10:44:15","modified_gmt":"2026-01-31T09:44:15","slug":"topicos","status":"publish","type":"page","link":"https:\/\/siessen.org\/pt-br\/o-que-nos-move\/topicos\/","title":{"rendered":"Processos atuais"},"content":{"rendered":"<div class=\"wpb-content-wrapper\">[vc_row][vc_column][vc_column_text]Em uma comunidade como a nossa, sempre h\u00e1 muitos t\u00f3picos que s\u00e3o relevantes ao mesmo tempo. Nesta p\u00e1gina, apresentamos alguns processos atuais que nos dizem respeito como uma Congrega\u00e7\u00e3o inteira. Alguns desses t\u00f3picos fazem parte do <a href=\"https:\/\/siessen.org\/pt-br\/o-que-nos-move\/foco-2020-2026\/\">foco<\/a>, das resolu\u00e7\u00f5es do Cap\u00edtulo Geral de 2020, enquanto outros j\u00e1 est\u00e3o em nossas mentes h\u00e1 algum tempo ou s\u00e3o muito atuais neste momento.[\/vc_column_text][\/vc_column][\/vc_row][vc_row content_placement=&#8221;bottom&#8221;][vc_column width=&#8221;1\/3&#8243;]<div class=\"vcex-module vcex-teaser wpex-flex wpex-flex-col\"><div class=\"vcex-teaser-media wpex-mb-20\"><a href=\"https:\/\/siessen.org\/pt-br\/o-que-nos-move\/topicos\/capitulo-geral-2026\/\" class=\"wpex-no-underline\" title=\"Generalkapitel 2026\"><img width=\"2560\" height=\"1708\" src=\"https:\/\/siessen.org\/wp-content\/uploads\/2026\/01\/DSC_0141-scaled.jpg\" class=\"wpex-align-middle\" alt=\"\" loading=\"lazy\" decoding=\"async\" srcset=\"https:\/\/siessen.org\/wp-content\/uploads\/2026\/01\/DSC_0141-scaled.jpg 2560w, https:\/\/siessen.org\/wp-content\/uploads\/2026\/01\/DSC_0141-300x200.jpg 300w, https:\/\/siessen.org\/wp-content\/uploads\/2026\/01\/DSC_0141-1024x683.jpg 1024w, https:\/\/siessen.org\/wp-content\/uploads\/2026\/01\/DSC_0141-768x512.jpg 768w, https:\/\/siessen.org\/wp-content\/uploads\/2026\/01\/DSC_0141-1536x1025.jpg 1536w, https:\/\/siessen.org\/wp-content\/uploads\/2026\/01\/DSC_0141-2048x1367.jpg 2048w\" sizes=\"auto, (max-width: 2560px) 100vw, 2560px\" \/><\/a><\/div><div class=\"vcex-teaser-content\"><h2 class=\"vcex-teaser-heading wpex-heading wpex-text-lg\"><a href=\"https:\/\/siessen.org\/pt-br\/o-que-nos-move\/topicos\/capitulo-geral-2026\/\" class=\"wpex-no-underline\" title=\"Generalkapitel 2026\">Prepara\u00e7\u00e3o para o Cap\u00edtulo Geral<\/a><\/h2><\/div><\/div>[\/vc_column][vc_column width=&#8221;1\/3&#8243;]<div class=\"vcex-module vcex-teaser wpex-flex wpex-flex-col\"><div class=\"vcex-teaser-media wpex-mb-20\"><a href=\"https:\/\/siessen.org\/pt-br\/o-que-nos-move\/topicos\/responsabilidade-pela-criacao\/\" class=\"wpex-no-underline\" title=\"Sch\u00f6pfungsverantwortung\"><img width=\"2560\" height=\"1719\" src=\"https:\/\/siessen.org\/wp-content\/uploads\/2024\/03\/20180524_181646-scaled-e1732531651365.jpg\" class=\"wpex-align-middle\" alt=\"\" loading=\"lazy\" decoding=\"async\" srcset=\"https:\/\/siessen.org\/wp-content\/uploads\/2024\/03\/20180524_181646-scaled-e1732531651365.jpg 2560w, https:\/\/siessen.org\/wp-content\/uploads\/2024\/03\/20180524_181646-scaled-e1732531651365-300x201.jpg 300w, https:\/\/siessen.org\/wp-content\/uploads\/2024\/03\/20180524_181646-scaled-e1732531651365-1024x688.jpg 1024w, https:\/\/siessen.org\/wp-content\/uploads\/2024\/03\/20180524_181646-scaled-e1732531651365-768x516.jpg 768w, https:\/\/siessen.org\/wp-content\/uploads\/2024\/03\/20180524_181646-scaled-e1732531651365-1536x1031.jpg 1536w, https:\/\/siessen.org\/wp-content\/uploads\/2024\/03\/20180524_181646-scaled-e1732531651365-2048x1375.jpg 2048w, https:\/\/siessen.org\/wp-content\/uploads\/2024\/03\/20180524_181646-scaled-e1732531651365-1200x806.jpg 1200w\" sizes=\"auto, (max-width: 2560px) 100vw, 2560px\" \/><\/a><\/div><div class=\"vcex-teaser-content\"><h2 class=\"vcex-teaser-heading wpex-heading wpex-text-lg\"><a href=\"https:\/\/siessen.org\/pt-br\/o-que-nos-move\/topicos\/responsabilidade-pela-criacao\/\" class=\"wpex-no-underline\" title=\"Sch\u00f6pfungsverantwortung\">Responsabilidade pela cria\u00e7\u00e3o<\/a><\/h2><\/div><\/div>[\/vc_column][vc_column width=&#8221;1\/3&#8243;]<div class=\"vcex-module vcex-teaser wpex-flex wpex-flex-col\"><div class=\"vcex-teaser-media wpex-mb-20 wpex-text-left\"><a href=\"https:\/\/siessen.org\/pt-br\/o-que-nos-move\/topicos\/new-generations-encounter\/\" class=\"wpex-no-underline\" title=\"New Generations\u2018 Encounter\"><img width=\"1600\" height=\"1200\" src=\"https:\/\/siessen.org\/wp-content\/uploads\/2025\/01\/img-20250110-wa0005353309793748857367.jpg\" class=\"wpex-align-middle\" alt=\"\" loading=\"lazy\" decoding=\"async\" srcset=\"https:\/\/siessen.org\/wp-content\/uploads\/2025\/01\/img-20250110-wa0005353309793748857367.jpg 1600w, https:\/\/siessen.org\/wp-content\/uploads\/2025\/01\/img-20250110-wa0005353309793748857367-300x225.jpg 300w, https:\/\/siessen.org\/wp-content\/uploads\/2025\/01\/img-20250110-wa0005353309793748857367-1024x768.jpg 1024w, https:\/\/siessen.org\/wp-content\/uploads\/2025\/01\/img-20250110-wa0005353309793748857367-768x576.jpg 768w, https:\/\/siessen.org\/wp-content\/uploads\/2025\/01\/img-20250110-wa0005353309793748857367-1536x1152.jpg 1536w, https:\/\/siessen.org\/wp-content\/uploads\/2025\/01\/img-20250110-wa0005353309793748857367-1200x900.jpg 1200w\" sizes=\"auto, (max-width: 1600px) 100vw, 1600px\" \/><\/a><\/div><div class=\"vcex-teaser-content\"><h2 class=\"vcex-teaser-heading wpex-heading wpex-text-lg\"><a href=\"https:\/\/siessen.org\/pt-br\/o-que-nos-move\/topicos\/new-generations-encounter\/\" class=\"wpex-no-underline\" title=\"New Generations\u2018 Encounter\">Internacional e intercultural<\/a><\/h2><\/div><\/div>[\/vc_column][\/vc_row][vc_row content_placement=&#8221;bottom&#8221;][vc_column width=&#8221;1\/3&#8243;]<div class=\"vcex-module vcex-teaser wpex-flex wpex-flex-col\"><\/div>[\/vc_column][vc_column width=&#8221;1\/3&#8243;]<div class=\"vcex-module vcex-teaser wpex-flex wpex-flex-col\"><div class=\"vcex-teaser-media wpex-mb-20\"><a href=\"https:\/\/siessen.org\/pt-br\/800-anos-da-pascoa-de-sao-francisco\/\" class=\"wpex-no-underline\" title=\"1226-2026 Ostern des Hl. Franziskus\"><img width=\"923\" height=\"563\" src=\"https:\/\/siessen.org\/wp-content\/uploads\/2026\/01\/800-Jahre-Franciscus.jpg\" class=\"wpex-align-middle\" alt=\"\" loading=\"lazy\" decoding=\"async\" srcset=\"https:\/\/siessen.org\/wp-content\/uploads\/2026\/01\/800-Jahre-Franciscus.jpg 923w, https:\/\/siessen.org\/wp-content\/uploads\/2026\/01\/800-Jahre-Franciscus-300x183.jpg 300w, https:\/\/siessen.org\/wp-content\/uploads\/2026\/01\/800-Jahre-Franciscus-768x468.jpg 768w\" sizes=\"auto, (max-width: 923px) 100vw, 923px\" \/><\/a><\/div><div class=\"vcex-teaser-content\"><h2 class=\"vcex-teaser-heading wpex-heading wpex-text-lg\"><a href=\"https:\/\/siessen.org\/pt-br\/800-anos-da-pascoa-de-sao-francisco\/\" class=\"wpex-no-underline\" title=\"1226-2026 Ostern des Hl. Franziskus\">800 anos da morte e da P\u00e1scoa de S\u00e3o Francisco <\/a><\/h2><\/div><\/div>[\/vc_column][vc_column width=&#8221;1\/3&#8243;]<div class=\"vcex-module vcex-teaser wpex-flex wpex-flex-col\"><\/div>[\/vc_column][\/vc_row]\n<\/div>","protected":false},"excerpt":{"rendered":"<p>[vc_row][vc_column][vc_column_text]Em uma comunidade como a nossa, sempre h\u00e1 muitos t\u00f3picos que s\u00e3o relevantes ao mesmo tempo. Nesta p\u00e1gina, apresentamos alguns processos atuais que nos dizem respeito como uma Congrega\u00e7\u00e3o inteira. Alguns desses t\u00f3picos fazem parte do foco, das resolu\u00e7\u00f5es do Cap\u00edtulo Geral de 2020, enquanto outros j\u00e1 est\u00e3o em nossas mentes h\u00e1 algum tempo ou&hellip;<\/p>\n","protected":false},"author":1,"featured_media":0,"parent":1931,"menu_order":0,"comment_status":"closed","ping_status":"closed","template":"","meta":{"footnotes":""},"class_list":["post-2012","page","type-page","status-publish","hentry","entry","no-media"],"_links":{"self":[{"href":"https:\/\/siessen.org\/pt-br\/wp-json\/wp\/v2\/pages\/2012","targetHints":{"allow":["GET"]}}],"collection":[{"href":"https:\/\/siessen.org\/pt-br\/wp-json\/wp\/v2\/pages"}],"about":[{"href":"https:\/\/siessen.org\/pt-br\/wp-json\/wp\/v2\/types\/page"}],"author":[{"embeddable":true,"href":"https:\/\/siessen.org\/pt-br\/wp-json\/wp\/v2\/users\/1"}],"replies":[{"embeddable":true,"href":"https:\/\/siessen.org\/pt-br\/wp-json\/wp\/v2\/comments?post=2012"}],"version-history":[{"count":10,"href":"https:\/\/siessen.org\/pt-br\/wp-json\/wp\/v2\/pages\/2012\/revisions"}],"predecessor-version":[{"id":6932,"href":"https:\/\/siessen.org\/pt-br\/wp-json\/wp\/v2\/pages\/2012\/revisions\/6932"}],"up":[{"embeddable":true,"href":"https:\/\/siessen.org\/pt-br\/wp-json\/wp\/v2\/pages\/1931"}],"wp:attachment":[{"href":"https:\/\/siessen.org\/pt-br\/wp-json\/wp\/v2\/media?parent=2012"}],"curies":[{"name":"wp","href":"https:\/\/api.w.org\/{rel}","templated":true}]}}