{"id":2015,"date":"2023-06-17T10:41:02","date_gmt":"2023-06-17T08:41:02","guid":{"rendered":"https:\/\/siessen.org\/projeto-br-ao-servico-da-vida\/"},"modified":"2026-01-21T14:31:33","modified_gmt":"2026-01-21T13:31:33","slug":"projeto-br-ao-servico-da-vida","status":"publish","type":"page","link":"https:\/\/siessen.org\/pt-br\/donativos\/projectos-de-financiamento\/projeto-br-ao-servico-da-vida\/","title":{"rendered":"Projeto BR ao servi\u00e7o da vida"},"content":{"rendered":"<div class=\"wpb-content-wrapper\">[vc_row][vc_column]<div class=\"vcex-spacing wpex-w-100 wpex-clear\" style=\"height:20px;\"><\/div>[vc_column_text]\n<p style=\"text-align: right;\"><span class=\"wpex-text-sm\">P\u00e1gina <a href=\"https:\/\/siessen.org\/pt-br\/\">inicial<\/a> &#8211; <a href=\"https:\/\/siessen.org\/pt-br\/donativos\/procuracao-de-missao\/\">Miss\u00e3o<\/a> &#8211; <a href=\"https:\/\/siessen.org\/pt-br\/donativos\/projectos-de-financiamento\/\">Projectos de apoio \u00e0 miss\u00e3o<\/a><br \/>\n<\/span><\/p>\n[\/vc_column_text]<div class=\"vcex-spacing wpex-w-100 wpex-clear\" style=\"height:20px;\"><\/div>[\/vc_column][\/vc_row][vc_row][vc_column width=&#8221;1\/3&#8243; css=&#8221;.vc_custom_1686994387952{padding-top: 30px !important;padding-right: 30px !important;padding-bottom: 30px !important;padding-left: 30px !important;background-color: rgba(199,214,89,0.48) !important;*background-color: rgb(199,214,89) !important;}&#8221;]<figure class=\"vcex-image vcex-module\"><div class=\"vcex-image-inner wpex-relative wpex-inline-block\"><img width=\"1417\" height=\"1063\" src=\"https:\/\/siessen.org\/wp-content\/uploads\/2023\/06\/BR_Dem-Leben-dienen.jpg\" class=\"vcex-image-img wpex-align-middle\" alt=\"\" loading=\"lazy\" decoding=\"async\" srcset=\"https:\/\/siessen.org\/wp-content\/uploads\/2023\/06\/BR_Dem-Leben-dienen.jpg 1417w, https:\/\/siessen.org\/wp-content\/uploads\/2023\/06\/BR_Dem-Leben-dienen-300x225.jpg 300w, https:\/\/siessen.org\/wp-content\/uploads\/2023\/06\/BR_Dem-Leben-dienen-1024x768.jpg 1024w, https:\/\/siessen.org\/wp-content\/uploads\/2023\/06\/BR_Dem-Leben-dienen-768x576.jpg 768w\" sizes=\"auto, (max-width: 1417px) 100vw, 1417px\" \/><\/div><\/figure>[vc_column_text]Se desejar apoiar financeiramente este projeto, transfira o dinheiro para a <a href=\"https:\/\/siessen.org\/pt-br\/donativos\/procuracao-de-missao\/\">conta da Missionsprokur<\/a> e indique &#8220;BR-Dem Leben dienen&#8221; como finalidade do pagamento, bem como o seu endere\u00e7o completo para a emiss\u00e3o de um recibo de donativo.[\/vc_column_text][\/vc_column][vc_column width=&#8221;2\/3&#8243;][vc_column_text]Projeto Brasil<\/p>\n<h1>Servir a vida<\/h1>\n<p>No estado mais pobre do nordeste do Brasil (Maranh\u00e3o), os cuidados de sa\u00fade p\u00fablica s\u00e3o insuficientemente garantidos. O tratamento de feridas que necessitariam de interven\u00e7\u00e3o cir\u00fargica n\u00e3o \u00e9 frequentemente efectuado se o doente n\u00e3o puder pagar, ou s\u00f3 depois de uma espera muito longa. Assim, um dos nossos enfermeiros visita os doentes em casa como enfermeiro, trata as feridas, muda os pensos, aconselha os doentes e os familiares, estabelece redes com os assistentes sociais e d\u00e1 apoio na medica\u00e7\u00e3o necess\u00e1ria.<\/p>\n<p>Al\u00e9m disso, as irm\u00e3s, em coopera\u00e7\u00e3o com a par\u00f3quia local, iniciaram um projeto para pessoas em situa\u00e7\u00e3o de crise, especialmente para mulheres de meia-idade que, devido a v\u00e1rias circunst\u00e2ncias da vida, est\u00e3o a atingir os seus limites. A par\u00f3quia disponibilizou uma sala onde as irm\u00e3s formadas para o efeito podem manter conversas pastorais, oferecer acupunctura auricular, reflexologia podal, exerc\u00edcios de relaxamento&#8230; para interven\u00e7\u00e3o em situa\u00e7\u00f5es de crise, ativa\u00e7\u00e3o de poderes de auto-cura e reorienta\u00e7\u00e3o.<\/p>\n<p>Os donativos s\u00e3o utilizados para comprar ligaduras, medicamentos e outros equipamentos\/materiais m\u00e9dicos.[\/vc_column_text][\/vc_column][\/vc_row]\n<\/div>","protected":false},"excerpt":{"rendered":"<p>[vc_row][vc_column][vc_column_text] P\u00e1gina inicial &#8211; Miss\u00e3o &#8211; Projectos de apoio \u00e0 miss\u00e3o [\/vc_column_text][\/vc_column][\/vc_row][vc_row][vc_column width=&#8221;1\/3&#8243; css=&#8221;.vc_custom_1686994387952{padding-top: 30px !important;padding-right: 30px !important;padding-bottom: 30px !important;padding-left: 30px !important;background-color: rgba(199,214,89,0.48) !important;*background-color: rgb(199,214,89) !important;}&#8221;][vc_column_text]Se desejar apoiar financeiramente este projeto, transfira o dinheiro para a conta da Missionsprokur e indique &#8220;BR-Dem Leben dienen&#8221; como finalidade do pagamento, bem como o seu endere\u00e7o completo para&hellip;<\/p>\n","protected":false},"author":3,"featured_media":0,"parent":2301,"menu_order":0,"comment_status":"closed","ping_status":"closed","template":"","meta":{"footnotes":""},"class_list":["post-2015","page","type-page","status-publish","hentry","entry","no-media"],"_links":{"self":[{"href":"https:\/\/siessen.org\/pt-br\/wp-json\/wp\/v2\/pages\/2015","targetHints":{"allow":["GET"]}}],"collection":[{"href":"https:\/\/siessen.org\/pt-br\/wp-json\/wp\/v2\/pages"}],"about":[{"href":"https:\/\/siessen.org\/pt-br\/wp-json\/wp\/v2\/types\/page"}],"author":[{"embeddable":true,"href":"https:\/\/siessen.org\/pt-br\/wp-json\/wp\/v2\/users\/3"}],"replies":[{"embeddable":true,"href":"https:\/\/siessen.org\/pt-br\/wp-json\/wp\/v2\/comments?post=2015"}],"version-history":[{"count":6,"href":"https:\/\/siessen.org\/pt-br\/wp-json\/wp\/v2\/pages\/2015\/revisions"}],"predecessor-version":[{"id":6820,"href":"https:\/\/siessen.org\/pt-br\/wp-json\/wp\/v2\/pages\/2015\/revisions\/6820"}],"up":[{"embeddable":true,"href":"https:\/\/siessen.org\/pt-br\/wp-json\/wp\/v2\/pages\/2301"}],"wp:attachment":[{"href":"https:\/\/siessen.org\/pt-br\/wp-json\/wp\/v2\/media?parent=2015"}],"curies":[{"name":"wp","href":"https:\/\/api.w.org\/{rel}","templated":true}]}}