{"id":2024,"date":"2023-03-24T11:53:59","date_gmt":"2023-03-24T10:53:59","guid":{"rendered":"https:\/\/siessen.org\/o-que-fazemos\/pastoral\/"},"modified":"2024-04-11T14:39:45","modified_gmt":"2024-04-11T12:39:45","slug":"pastoral","status":"publish","type":"page","link":"https:\/\/siessen.org\/pt-br\/o-que-fazemos\/pastoral\/","title":{"rendered":"Pastoral"},"content":{"rendered":"<div class=\"wpb-content-wrapper\">[vc_row][vc_column][vc_column_text]\n<h1 style=\"text-align: center;\"><span class=\"wpex-text-4xl\">Pastoral<\/span><\/h1>\n[\/vc_column_text]<div class=\"vcex-module vcex-divider-dots wpex-mx-auto wpex-last-mr-0 wpex-text-center\"><span class=\"wpex-inline-block wpex-rounded-full wpex-bg-accent wpex-mr-10\"><\/span><span class=\"wpex-inline-block wpex-rounded-full wpex-bg-accent wpex-mr-10\"><\/span><span class=\"wpex-inline-block wpex-rounded-full wpex-bg-accent wpex-mr-10\"><\/span><\/div>[vc_row_inner][vc_column_inner][vc_column_text]Pastoral significa cuidado pastoral, e isso assume muitas formas na catequese, nos servi\u00e7os lit\u00fargicos, na m\u00fasica sacra, no cuidado pastoral na escola, na universidade, no hospital, na pris\u00e3o, na Fazenda da Esperan\u00e7a &#8230;<br \/>\nAs Irm\u00e3s visitam as fam\u00edlias, os pobres e os idosos para ajud\u00e1-los em suas necessidades, oferecem retiros e aconselhamento espiritual, treinam pessoas para a catequese e servi\u00e7os lit\u00fargicos e, muitas vezes, est\u00e3o simplesmente presentes quando algu\u00e9m precisa de um ouvido compreensivo.[\/vc_column_text][\/vc_column_inner][\/vc_row_inner][\/vc_column][\/vc_row][vc_row][vc_column]<style class=\"vcex-carousel-preload-css\">.vcex_69e3577c3a205{--wpex-carousel-gap:15px;}.vcex_69e3577c3a205{--wpex-carousel-columns:1;}.vcex_69e3577c3a205.wpex-carousel:not(.wpex-carousel--loaded) > *:not(:nth-child(1n+2)){display: flex !important;}@media only screen and (min-width: 480px) {.vcex_69e3577c3a205{--wpex-carousel-columns:2;}.vcex_69e3577c3a205.wpex-carousel:not(.wpex-carousel--loaded) > *:not(:nth-child(1n+3)){display: flex !important;}}@media only screen and (min-width: 768px) {.vcex_69e3577c3a205{--wpex-carousel-columns:3;}.vcex_69e3577c3a205.wpex-carousel:not(.wpex-carousel--loaded) > *:not(:nth-child(1n+4)){display: flex !important;}}@media only screen and (min-width: 960px) {.vcex_69e3577c3a205{--wpex-carousel-columns:3;}.vcex_69e3577c3a205.wpex-carousel:not(.wpex-carousel--loaded) > *:not(:nth-child(1n+4)){display: flex !important;}}<\/style><div class=\"vcex-image-carousel wpex-carousel wpex-carousel-images wpex-clr vcex-module owl-carousel wpex-carousel--render-onload vcex_69e3577c3a205 arrwstyle-default arrwpos-default\" data-wpex-carousel=\"{&quot;slideBy&quot;:1,&quot;items&quot;:3,&quot;responsive&quot;:{&quot;0&quot;:{&quot;items&quot;:&quot;1&quot;},&quot;480&quot;:{&quot;items&quot;:&quot;2&quot;},&quot;768&quot;:{&quot;items&quot;:&quot;3&quot;},&quot;960&quot;:{&quot;items&quot;:3}}}\"><div class=\"wpex-carousel-slide\"><figure class=\"wpex-carousel-entry-media entry-media wpex-relative\"><img width=\"533\" height=\"400\" src=\"https:\/\/siessen.org\/wp-content\/uploads\/2023\/06\/Sr.-Angelice-mit-Messdienern.jpg\" class=\"wpex-align-middle skip-lazy\" alt=\"\" data-no-lazy=\"1\" srcset=\"https:\/\/siessen.org\/wp-content\/uploads\/2023\/06\/Sr.-Angelice-mit-Messdienern.jpg 533w, https:\/\/siessen.org\/wp-content\/uploads\/2023\/06\/Sr.-Angelice-mit-Messdienern-300x225.jpg 300w\" sizes=\"(max-width: 533px) 100vw, 533px\" \/><\/figure><\/div><div class=\"wpex-carousel-slide\"><figure class=\"wpex-carousel-entry-media entry-media wpex-relative\"><img width=\"533\" height=\"400\" src=\"https:\/\/siessen.org\/wp-content\/uploads\/2023\/06\/Osternacht-Coroata.jpg\" class=\"wpex-align-middle skip-lazy\" alt=\"\" data-no-lazy=\"1\" srcset=\"https:\/\/siessen.org\/wp-content\/uploads\/2023\/06\/Osternacht-Coroata.jpg 533w, https:\/\/siessen.org\/wp-content\/uploads\/2023\/06\/Osternacht-Coroata-300x225.jpg 300w\" sizes=\"(max-width: 533px) 100vw, 533px\" \/><\/figure><\/div><div class=\"wpex-carousel-slide\"><figure class=\"wpex-carousel-entry-media entry-media wpex-relative\"><img width=\"535\" height=\"400\" src=\"https:\/\/siessen.org\/wp-content\/uploads\/2023\/06\/Sr-Marie-Therese.jpg\" class=\"wpex-align-middle skip-lazy\" alt=\"\" data-no-lazy=\"1\" srcset=\"https:\/\/siessen.org\/wp-content\/uploads\/2023\/06\/Sr-Marie-Therese.jpg 535w, https:\/\/siessen.org\/wp-content\/uploads\/2023\/06\/Sr-Marie-Therese-300x224.jpg 300w\" sizes=\"(max-width: 535px) 100vw, 535px\" \/><\/figure><\/div><div class=\"wpex-carousel-slide\"><figure class=\"wpex-carousel-entry-media entry-media wpex-relative\"><img width=\"1333\" height=\"1000\" src=\"https:\/\/siessen.org\/wp-content\/uploads\/2024\/03\/Orgel.jpg\" class=\"wpex-align-middle skip-lazy\" alt=\"\" data-no-lazy=\"1\" srcset=\"https:\/\/siessen.org\/wp-content\/uploads\/2024\/03\/Orgel.jpg 1333w, https:\/\/siessen.org\/wp-content\/uploads\/2024\/03\/Orgel-300x225.jpg 300w, https:\/\/siessen.org\/wp-content\/uploads\/2024\/03\/Orgel-1024x768.jpg 1024w, https:\/\/siessen.org\/wp-content\/uploads\/2024\/03\/Orgel-768x576.jpg 768w\" sizes=\"(max-width: 1333px) 100vw, 1333px\" \/><\/figure><\/div><div class=\"wpex-carousel-slide\"><figure class=\"wpex-carousel-entry-media entry-media wpex-relative\"><img width=\"534\" height=\"400\" src=\"https:\/\/siessen.org\/wp-content\/uploads\/2023\/06\/Sr-Margarida.jpg\" class=\"wpex-align-middle skip-lazy\" alt=\"\" data-no-lazy=\"1\" srcset=\"https:\/\/siessen.org\/wp-content\/uploads\/2023\/06\/Sr-Margarida.jpg 534w, https:\/\/siessen.org\/wp-content\/uploads\/2023\/06\/Sr-Margarida-300x225.jpg 300w\" sizes=\"(max-width: 534px) 100vw, 534px\" \/><\/figure><\/div><\/div>[\/vc_column][\/vc_row]\n<\/div>","protected":false},"excerpt":{"rendered":"<p>[vc_row][vc_column][vc_column_text] Pastoral [\/vc_column_text][vc_row_inner][vc_column_inner][vc_column_text]Pastoral significa cuidado pastoral, e isso assume muitas formas na catequese, nos servi\u00e7os lit\u00fargicos, na m\u00fasica sacra, no cuidado pastoral na escola, na universidade, no hospital, na pris\u00e3o, na Fazenda da Esperan\u00e7a &#8230; As Irm\u00e3s visitam as fam\u00edlias, os pobres e os idosos para ajud\u00e1-los em suas necessidades, oferecem retiros e aconselhamento espiritual,&hellip;<\/p>\n","protected":false},"author":1,"featured_media":0,"parent":1912,"menu_order":0,"comment_status":"closed","ping_status":"closed","template":"","meta":{"footnotes":""},"class_list":["post-2024","page","type-page","status-publish","hentry","entry","no-media"],"_links":{"self":[{"href":"https:\/\/siessen.org\/pt-br\/wp-json\/wp\/v2\/pages\/2024","targetHints":{"allow":["GET"]}}],"collection":[{"href":"https:\/\/siessen.org\/pt-br\/wp-json\/wp\/v2\/pages"}],"about":[{"href":"https:\/\/siessen.org\/pt-br\/wp-json\/wp\/v2\/types\/page"}],"author":[{"embeddable":true,"href":"https:\/\/siessen.org\/pt-br\/wp-json\/wp\/v2\/users\/1"}],"replies":[{"embeddable":true,"href":"https:\/\/siessen.org\/pt-br\/wp-json\/wp\/v2\/comments?post=2024"}],"version-history":[{"count":10,"href":"https:\/\/siessen.org\/pt-br\/wp-json\/wp\/v2\/pages\/2024\/revisions"}],"predecessor-version":[{"id":4291,"href":"https:\/\/siessen.org\/pt-br\/wp-json\/wp\/v2\/pages\/2024\/revisions\/4291"}],"up":[{"embeddable":true,"href":"https:\/\/siessen.org\/pt-br\/wp-json\/wp\/v2\/pages\/1912"}],"wp:attachment":[{"href":"https:\/\/siessen.org\/pt-br\/wp-json\/wp\/v2\/media?parent=2024"}],"curies":[{"name":"wp","href":"https:\/\/api.w.org\/{rel}","templated":true}]}}