{"id":2054,"date":"2023-06-17T11:23:25","date_gmt":"2023-06-17T09:23:25","guid":{"rendered":"https:\/\/siessen.org\/br-projeto-pastoral-da-juventude-e-vocacoes\/"},"modified":"2026-01-21T14:33:25","modified_gmt":"2026-01-21T13:33:25","slug":"br-projeto-pastoral-da-juventude-e-vocacoes","status":"publish","type":"page","link":"https:\/\/siessen.org\/pt-br\/donativos\/projectos-de-financiamento\/br-projeto-pastoral-da-juventude-e-vocacoes\/","title":{"rendered":"Projeto BR As Boas Novas para o Povo"},"content":{"rendered":"<div class=\"wpb-content-wrapper\">[vc_row][vc_column]<div class=\"vcex-spacing wpex-w-100 wpex-clear\" style=\"height:20px;\"><\/div>[vc_column_text]\n<p style=\"text-align: right;\"><span class=\"wpex-text-sm\">P\u00e1gina <a href=\"https:\/\/siessen.org\/pt-br\/\">inicial<\/a> &#8211; <a href=\"https:\/\/siessen.org\/pt-br\/donativos\/procuracao-de-missao\/\">Miss\u00e3o<\/a> &#8211; <a href=\"https:\/\/siessen.org\/pt-br\/donativos\/projectos-de-financiamento\/\">Projectos de apoio \u00e0 miss\u00e3o<\/a><\/span><\/p>\n[\/vc_column_text]<div class=\"vcex-spacing wpex-w-100 wpex-clear\" style=\"height:20px;\"><\/div>[\/vc_column][\/vc_row][vc_row][vc_column width=&#8221;1\/3&#8243; css=&#8221;.vc_custom_1686989882305{margin-left: 50px !important;padding-top: 30px !important;padding-right: 30px !important;padding-bottom: 30px !important;padding-left: 30px !important;background-color: rgba(199,214,89,0.47) !important;*background-color: rgb(199,214,89) !important;}&#8221;]<figure class=\"vcex-image vcex-module\"><div class=\"vcex-image-inner wpex-relative wpex-inline-block\"><img width=\"1200\" height=\"1600\" src=\"https:\/\/siessen.org\/wp-content\/uploads\/2024\/07\/WhatsApp-Bild-2024-07-16-um-21.26.21_7fee2bab.jpg\" class=\"vcex-image-img wpex-align-middle\" alt=\"\" loading=\"lazy\" decoding=\"async\" srcset=\"https:\/\/siessen.org\/wp-content\/uploads\/2024\/07\/WhatsApp-Bild-2024-07-16-um-21.26.21_7fee2bab.jpg 1200w, https:\/\/siessen.org\/wp-content\/uploads\/2024\/07\/WhatsApp-Bild-2024-07-16-um-21.26.21_7fee2bab-225x300.jpg 225w, https:\/\/siessen.org\/wp-content\/uploads\/2024\/07\/WhatsApp-Bild-2024-07-16-um-21.26.21_7fee2bab-768x1024.jpg 768w, https:\/\/siessen.org\/wp-content\/uploads\/2024\/07\/WhatsApp-Bild-2024-07-16-um-21.26.21_7fee2bab-1152x1536.jpg 1152w\" sizes=\"auto, (max-width: 1200px) 100vw, 1200px\" \/><\/div><\/figure><div class=\"vcex-spacing wpex-w-100 wpex-clear\"><\/div>[vc_column_text]Se voc\u00ea quiser apoiar financeiramente esse projeto, fa\u00e7a uma transfer\u00eancia banc\u00e1ria para a <a href=\"https:\/\/siessen.org\/pt-br\/donativos\/procuracao-de-missao\/\">conta da Missionprokur<\/a> e escreva &#8220;BR-Frohe Botschaft&#8221; como a finalidade pretendida e seu endere\u00e7o completo para que um recibo de doa\u00e7\u00e3o possa ser emitido.[\/vc_column_text][\/vc_column][vc_column width=&#8221;2\/3&#8243; css=&#8221;.vc_custom_1722430660822{background-position: center !important;background-repeat: no-repeat !important;background-size: cover !important;}&#8221;][vc_column_text css=&#8221;.vc_custom_1722430613546{margin-left: 100px !important;background-position: center !important;background-repeat: no-repeat !important;background-size: cover !important;}&#8221; width=&#8221;15000&#8243;]\n<div class=\"wpb_column vc_column_container vc_col-sm-8\">\n<div class=\"vc_column-inner\">\n<div class=\"wpb_wrapper\">\n<div class=\"wpb_text_column wpb_content_element\">\n<div class=\"wpb_wrapper\">\n<div>\n<p><span style=\"color: #000000;\">Projeto Brasil<\/span><\/p>\n<h1><span style=\"font-size: 28px; color: #800000;\">Levem as Boas Novas ao povo<\/span><\/h1>\n<p><span style=\"color: #000000;\">Entre outras coisas, a pandemia do coronav\u00edrus tamb\u00e9m paralisou as atividades de proclama\u00e7\u00e3o da f\u00e9. At\u00e9 hoje, muitos fi\u00e9is n\u00e3o restabeleceram contato com suas par\u00f3quias ou n\u00e3o participam mais de eventos religiosos, cultos na igreja etc. <\/span><\/p>\n<p><span style=\"color: #000000;\">A fim de alcan\u00e7ar as pessoas e os fi\u00e9is novamente, as irm\u00e3s agora est\u00e3o cada vez mais indo at\u00e9 as pessoas para conversar com elas e convid\u00e1-las para v\u00e1rios programas. S\u00e3o oferecidos workshops e cursos de f\u00e9 para jovens, palestras (com op\u00e7\u00e3o de conex\u00e3o on-line) e miss\u00f5es comunit\u00e1rias s\u00e3o organizadas nas par\u00f3quias. Tamb\u00e9m \u00e9 poss\u00edvel morar com as irm\u00e3s por algum tempo e participar do programa espiritual. Os chamados &#8220;jogos b\u00edblicos sem fim&#8221; s\u00e3o oferecidos para crian\u00e7as e jovens. O objetivo \u00e9 levar a esperan\u00e7a da f\u00e9 para as pessoas.    <\/span><\/p>\n<p><span style=\"color: #000000;\">As Irm\u00e3s da Prov\u00edncia do Brasil sentem um grande desejo, especialmente entre os jovens, de encontrar o significado mais profundo de suas vidas. Por isso, querem encorajar os jovens a descobrirem Deus na sua vida pessoal, a fazerem uma experi\u00eancia com Ele e a reflectirem sobre a sua tarefa na Igreja e no mundo. Eles devem ser capazes de examinar criticamente os padr\u00f5es de sua sociedade e se envolver corajosamente para se tornarem cidad\u00e3os respons\u00e1veis.<\/span><\/p>\n<p><span style=\"color: #000000;\">Esses programas s\u00e3o realizados em v\u00e1rios locais do Brasil. As doa\u00e7\u00f5es s\u00e3o usadas para pagar os materiais did\u00e1ticos, as despesas de viagem e o servi\u00e7o de buf\u00ea. <\/span><\/p>\n<\/div>\n<\/div>\n<\/div>\n<\/div>\n<\/div>\n<\/div>\n[\/vc_column_text][\/vc_column][\/vc_row]\n<\/div>","protected":false},"excerpt":{"rendered":"<p>[vc_row][vc_column][vc_column_text] P\u00e1gina inicial &#8211; Miss\u00e3o &#8211; Projectos de apoio \u00e0 miss\u00e3o [\/vc_column_text][\/vc_column][\/vc_row][vc_row][vc_column width=&#8221;1\/3&#8243; css=&#8221;.vc_custom_1686989882305{margin-left: 50px !important;padding-top: 30px !important;padding-right: 30px !important;padding-bottom: 30px !important;padding-left: 30px !important;background-color: rgba(199,214,89,0.47) !important;*background-color: rgb(199,214,89) !important;}&#8221;][vc_column_text]Se voc\u00ea quiser apoiar financeiramente esse projeto, fa\u00e7a uma transfer\u00eancia banc\u00e1ria para a conta da Missionprokur e escreva &#8220;BR-Frohe Botschaft&#8221; como a finalidade pretendida e seu endere\u00e7o completo&hellip;<\/p>\n","protected":false},"author":3,"featured_media":0,"parent":2301,"menu_order":0,"comment_status":"closed","ping_status":"closed","template":"","meta":{"footnotes":""},"class_list":["post-2054","page","type-page","status-publish","hentry","entry","no-media"],"_links":{"self":[{"href":"https:\/\/siessen.org\/pt-br\/wp-json\/wp\/v2\/pages\/2054","targetHints":{"allow":["GET"]}}],"collection":[{"href":"https:\/\/siessen.org\/pt-br\/wp-json\/wp\/v2\/pages"}],"about":[{"href":"https:\/\/siessen.org\/pt-br\/wp-json\/wp\/v2\/types\/page"}],"author":[{"embeddable":true,"href":"https:\/\/siessen.org\/pt-br\/wp-json\/wp\/v2\/users\/3"}],"replies":[{"embeddable":true,"href":"https:\/\/siessen.org\/pt-br\/wp-json\/wp\/v2\/comments?post=2054"}],"version-history":[{"count":10,"href":"https:\/\/siessen.org\/pt-br\/wp-json\/wp\/v2\/pages\/2054\/revisions"}],"predecessor-version":[{"id":6826,"href":"https:\/\/siessen.org\/pt-br\/wp-json\/wp\/v2\/pages\/2054\/revisions\/6826"}],"up":[{"embeddable":true,"href":"https:\/\/siessen.org\/pt-br\/wp-json\/wp\/v2\/pages\/2301"}],"wp:attachment":[{"href":"https:\/\/siessen.org\/pt-br\/wp-json\/wp\/v2\/media?parent=2054"}],"curies":[{"name":"wp","href":"https:\/\/api.w.org\/{rel}","templated":true}]}}