{"id":2057,"date":"2023-06-17T11:47:24","date_gmt":"2023-06-17T09:47:24","guid":{"rendered":"https:\/\/siessen.org\/projeto-br-criancas-da-rua\/"},"modified":"2026-01-21T14:34:38","modified_gmt":"2026-01-21T13:34:38","slug":"projeto-br-criancas-da-rua","status":"publish","type":"page","link":"https:\/\/siessen.org\/pt-br\/donativos\/projectos-de-financiamento\/projeto-br-criancas-da-rua\/","title":{"rendered":"Projeto BR Crian\u00e7as da Rua"},"content":{"rendered":"<div class=\"wpb-content-wrapper\">[vc_row][vc_column]<div class=\"vcex-spacing wpex-w-100 wpex-clear\" style=\"height:20px;\"><\/div>[vc_column_text]\n<p style=\"text-align: right;\"><span class=\"wpex-text-sm\">P\u00e1gina <a href=\"https:\/\/siessen.org\/pt-br\/\">inicial<\/a> &#8211; <a href=\"https:\/\/siessen.org\/pt-br\/donativos\/procuracao-de-missao\/\">Miss\u00e3o<\/a> &#8211; <a href=\"https:\/\/siessen.org\/pt-br\/donativos\/projectos-de-financiamento\/\">Projectos de apoio \u00e0 miss\u00e3o<\/a><br \/>\n<\/span><\/p>\n[\/vc_column_text]<div class=\"vcex-spacing wpex-w-100 wpex-clear\" style=\"height:20px;\"><\/div>[\/vc_column][\/vc_row][vc_row full_width=&#8221;stretch_row&#8221;][vc_column width=&#8221;1\/3&#8243; css=&#8221;.vc_custom_1686989882305{margin-left: 50px !important;padding-top: 30px !important;padding-right: 30px !important;padding-bottom: 30px !important;padding-left: 30px !important;background-color: rgba(199,214,89,0.47) !important;*background-color: rgb(199,214,89) !important;}&#8221;]<figure class=\"vcex-image vcex-module\"><div class=\"vcex-image-inner wpex-relative wpex-inline-block\"><img width=\"480\" height=\"640\" src=\"https:\/\/siessen.org\/wp-content\/uploads\/2023\/06\/M_MFP-BRVerschiedenes.jpg\" class=\"vcex-image-img wpex-align-middle\" alt=\"\" loading=\"lazy\" decoding=\"async\" srcset=\"https:\/\/siessen.org\/wp-content\/uploads\/2023\/06\/M_MFP-BRVerschiedenes.jpg 480w, https:\/\/siessen.org\/wp-content\/uploads\/2023\/06\/M_MFP-BRVerschiedenes-225x300.jpg 225w\" sizes=\"auto, (max-width: 480px) 100vw, 480px\" \/><\/div><\/figure><div class=\"vcex-spacing wpex-w-100 wpex-clear\" style=\"height:10px;\"><\/div>[vc_column_text]Se desejar apoiar financeiramente este projeto, transfira o dinheiro para a <a href=\"https:\/\/siessen.org\/pt-br\/donativos\/procuracao-de-missao\/\">conta da Missionsprokur<\/a> e indique &#8220;BR-Kinder weg von der Stra\u00dfe&#8221; (BR crian\u00e7as fora da rua) como finalidade do pagamento, bem como o seu endere\u00e7o completo para a emiss\u00e3o de um recibo de donativo.[\/vc_column_text][\/vc_column][vc_column width=&#8221;2\/3&#8243;][vc_column_text css=&#8221;.vc_custom_1712758308928{margin-left: 100px !important;}&#8221;]Projeto &#8220;Crian\u00e7as fora das ruas&#8221; \/ Nordeste do Brasil<\/p>\n<h1>Seguir o caminho certo<\/h1>\n<p>H\u00e1 muitos bairros nas localidades de nossas irm\u00e3s que s\u00e3o centros de drogas e onde crian\u00e7as e jovens vivem nas ruas.<\/p>\n<p>Assim, n\u00e3o s\u00e3o apenas presas f\u00e1ceis para os traficantes de droga que os querem explorar como mensageiros. O perigo de voc\u00ea mesmo sair dos trilhos \u00e9 grande.<\/p>\n<p>As irm\u00e3s em Coroat\u00e1 \/ Maranh\u00e3o (no nordeste do Brasil) est\u00e3o envolvidas no trabalho pastoral com crian\u00e7as e jovens. Com os seus apoiantes, oferecem v\u00e1rios cursos (m\u00fasica, artesanato, desporto, explica\u00e7\u00f5es) para manter as crian\u00e7as e os jovens fora das ruas, motivando-os a lutar por objectivos nas suas vidas e, assim, sair da pobreza. Isto requer sempre salas, materiais e, por conseguinte, recursos financeiros.[\/vc_column_text][\/vc_column][\/vc_row]\n<\/div>","protected":false},"excerpt":{"rendered":"<p>[vc_row][vc_column][vc_column_text] P\u00e1gina inicial &#8211; Miss\u00e3o &#8211; Projectos de apoio \u00e0 miss\u00e3o [\/vc_column_text][\/vc_column][\/vc_row][vc_row full_width=&#8221;stretch_row&#8221;][vc_column width=&#8221;1\/3&#8243; css=&#8221;.vc_custom_1686989882305{margin-left: 50px !important;padding-top: 30px !important;padding-right: 30px !important;padding-bottom: 30px !important;padding-left: 30px !important;background-color: rgba(199,214,89,0.47) !important;*background-color: rgb(199,214,89) !important;}&#8221;][vc_column_text]Se desejar apoiar financeiramente este projeto, transfira o dinheiro para a conta da Missionsprokur e indique &#8220;BR-Kinder weg von der Stra\u00dfe&#8221; (BR crian\u00e7as fora da rua) como&hellip;<\/p>\n","protected":false},"author":3,"featured_media":0,"parent":2301,"menu_order":0,"comment_status":"closed","ping_status":"closed","template":"","meta":{"footnotes":""},"class_list":["post-2057","page","type-page","status-publish","hentry","entry","no-media"],"_links":{"self":[{"href":"https:\/\/siessen.org\/pt-br\/wp-json\/wp\/v2\/pages\/2057","targetHints":{"allow":["GET"]}}],"collection":[{"href":"https:\/\/siessen.org\/pt-br\/wp-json\/wp\/v2\/pages"}],"about":[{"href":"https:\/\/siessen.org\/pt-br\/wp-json\/wp\/v2\/types\/page"}],"author":[{"embeddable":true,"href":"https:\/\/siessen.org\/pt-br\/wp-json\/wp\/v2\/users\/3"}],"replies":[{"embeddable":true,"href":"https:\/\/siessen.org\/pt-br\/wp-json\/wp\/v2\/comments?post=2057"}],"version-history":[{"count":10,"href":"https:\/\/siessen.org\/pt-br\/wp-json\/wp\/v2\/pages\/2057\/revisions"}],"predecessor-version":[{"id":6832,"href":"https:\/\/siessen.org\/pt-br\/wp-json\/wp\/v2\/pages\/2057\/revisions\/6832"}],"up":[{"embeddable":true,"href":"https:\/\/siessen.org\/pt-br\/wp-json\/wp\/v2\/pages\/2301"}],"wp:attachment":[{"href":"https:\/\/siessen.org\/pt-br\/wp-json\/wp\/v2\/media?parent=2057"}],"curies":[{"name":"wp","href":"https:\/\/api.w.org\/{rel}","templated":true}]}}