{"id":2060,"date":"2023-06-17T11:43:15","date_gmt":"2023-06-17T09:43:15","guid":{"rendered":"https:\/\/siessen.org\/projeto-br-capelania-prisional\/"},"modified":"2023-10-10T14:22:59","modified_gmt":"2023-10-10T12:22:59","slug":"projeto-br-capelania-prisional","status":"publish","type":"page","link":"https:\/\/siessen.org\/pt-br\/donativos\/projectos-de-financiamento\/projeto-br-capelania-prisional\/","title":{"rendered":"Projeto BR Capelania Prisional"},"content":{"rendered":"<div class=\"wpb-content-wrapper\">[vc_row][vc_column]<div class=\"vcex-spacing wpex-w-100 wpex-clear\" style=\"height:20px;\"><\/div>[vc_column_text]\n<p style=\"text-align: right;\"><span class=\"wpex-text-sm\">P\u00e1gina <a href=\"https:\/\/siessen.org\/pt-br\/\">inicial<\/a> &#8211; <a href=\"https:\/\/siessen.org\/spenden\/missionsprokur\/\">Miss\u00e3o<\/a> &#8211; <a href=\"https:\/\/siessen.org\/spenden\/projekte\/\">Projectos de apoio \u00e0 miss\u00e3o<\/a><br \/>\n<\/span><\/p>\n[\/vc_column_text]<div class=\"vcex-spacing wpex-w-100 wpex-clear\" style=\"height:20px;\"><\/div>[\/vc_column][\/vc_row][vc_row full_width=&#8221;stretch_row&#8221;][vc_column width=&#8221;1\/3&#8243; css=&#8221;.vc_custom_1686989882305{margin-left: 50px !important;padding-top: 30px !important;padding-right: 30px !important;padding-bottom: 30px !important;padding-left: 30px !important;background-color: rgba(199,214,89,0.47) !important;*background-color: rgb(199,214,89) !important;}&#8221;]<figure class=\"vcex-image vcex-module\"><div class=\"vcex-image-inner wpex-relative wpex-inline-block\"><img width=\"640\" height=\"480\" src=\"https:\/\/siessen.org\/wp-content\/uploads\/2023\/06\/95.jpg\" class=\"vcex-image-img wpex-align-middle\" alt=\"\" loading=\"lazy\" decoding=\"async\" srcset=\"https:\/\/siessen.org\/wp-content\/uploads\/2023\/06\/95.jpg 640w, https:\/\/siessen.org\/wp-content\/uploads\/2023\/06\/95-300x225.jpg 300w\" sizes=\"auto, (max-width: 640px) 100vw, 640px\" \/><\/div><\/figure><div class=\"vcex-spacing wpex-w-100 wpex-clear\" style=\"height:10px;\"><\/div>[vc_column_text]Se quiser apoiar financeiramente este projeto, transfira o dinheiro para a <a href=\"https:\/\/siessen.org\/spenden\/missionsprokur\/\">conta da Missionsprokur<\/a> e indique &#8220;BR-Gefangenenseelsorge&#8221; como finalidade, bem como o seu endere\u00e7o completo para a emiss\u00e3o de um recibo de donativo.[\/vc_column_text][\/vc_column][vc_column width=&#8221;2\/3&#8243;][vc_column_text css=&#8221;.vc_custom_1686994977342{margin-left: 100px !important;}&#8221;]Projeto Brasil<\/p>\n<h1>Pastoral carcer\u00e1ria em Coroat\u00e1 \/ Maranh\u00e3o<\/h1>\n<p>No estado mais pobre do pa\u00eds, o Maranh\u00e3o, as nossas irm\u00e3s visitam os reclusos na pris\u00e3o, juntamente com o diretor da Fazenda da Esperan\u00e7a (Tribunal da Esperan\u00e7a &#8211; recupera\u00e7\u00e3o das drogas e do \u00e1lcool) e alguns leigos. S\u00e3o activos na pastoral e na forma\u00e7\u00e3o cont\u00ednua. Muitas vezes a equipa e os prisioneiros est\u00e3o separados por grades, outras vezes \u00e9 poss\u00edvel um encontro direto.<\/p>\n<p>Os donativos foram utilizados, por exemplo, para financiar S\u00e3o comprados instrumentos musicais. Isto ajuda a tornar os encontros mais animados, a participa\u00e7\u00e3o mais intensa e os cora\u00e7\u00f5es mais abertos. S\u00e3o necess\u00e1rios materiais de trabalho para a terapia ocupacional na \u00e1rea fechada, bem como para cursos de alfabetiza\u00e7\u00e3o, uma vez que muitos s\u00e3o analfabetos apesar de frequentarem a escola. No entanto, a educa\u00e7\u00e3o \u00e9 um passo importante para uma vida &#8220;normal&#8221;.[\/vc_column_text][\/vc_column][\/vc_row]\n<\/div>","protected":false},"excerpt":{"rendered":"<p>[vc_row][vc_column][vc_column_text] P\u00e1gina inicial &#8211; Miss\u00e3o &#8211; Projectos de apoio \u00e0 miss\u00e3o [\/vc_column_text][\/vc_column][\/vc_row][vc_row full_width=&#8221;stretch_row&#8221;][vc_column width=&#8221;1\/3&#8243; css=&#8221;.vc_custom_1686989882305{margin-left: 50px !important;padding-top: 30px !important;padding-right: 30px !important;padding-bottom: 30px !important;padding-left: 30px !important;background-color: rgba(199,214,89,0.47) !important;*background-color: rgb(199,214,89) !important;}&#8221;][vc_column_text]Se quiser apoiar financeiramente este projeto, transfira o dinheiro para a conta da Missionsprokur e indique &#8220;BR-Gefangenenseelsorge&#8221; como finalidade, bem como o seu endere\u00e7o completo para a&hellip;<\/p>\n","protected":false},"author":3,"featured_media":0,"parent":2301,"menu_order":0,"comment_status":"closed","ping_status":"closed","template":"","meta":{"footnotes":""},"class_list":["post-2060","page","type-page","status-publish","hentry","entry","no-media"],"_links":{"self":[{"href":"https:\/\/siessen.org\/pt-br\/wp-json\/wp\/v2\/pages\/2060","targetHints":{"allow":["GET"]}}],"collection":[{"href":"https:\/\/siessen.org\/pt-br\/wp-json\/wp\/v2\/pages"}],"about":[{"href":"https:\/\/siessen.org\/pt-br\/wp-json\/wp\/v2\/types\/page"}],"author":[{"embeddable":true,"href":"https:\/\/siessen.org\/pt-br\/wp-json\/wp\/v2\/users\/3"}],"replies":[{"embeddable":true,"href":"https:\/\/siessen.org\/pt-br\/wp-json\/wp\/v2\/comments?post=2060"}],"version-history":[{"count":2,"href":"https:\/\/siessen.org\/pt-br\/wp-json\/wp\/v2\/pages\/2060\/revisions"}],"predecessor-version":[{"id":2063,"href":"https:\/\/siessen.org\/pt-br\/wp-json\/wp\/v2\/pages\/2060\/revisions\/2063"}],"up":[{"embeddable":true,"href":"https:\/\/siessen.org\/pt-br\/wp-json\/wp\/v2\/pages\/2301"}],"wp:attachment":[{"href":"https:\/\/siessen.org\/pt-br\/wp-json\/wp\/v2\/media?parent=2060"}],"curies":[{"name":"wp","href":"https:\/\/api.w.org\/{rel}","templated":true}]}}