{"id":2062,"date":"2023-06-17T11:26:30","date_gmt":"2023-06-17T09:26:30","guid":{"rendered":"https:\/\/siessen.org\/projeto-br-educacao\/"},"modified":"2024-08-05T20:46:51","modified_gmt":"2024-08-05T18:46:51","slug":"projeto-br-educacao","status":"publish","type":"page","link":"https:\/\/siessen.org\/pt-br\/donativos\/projectos-de-financiamento\/projeto-br-educacao\/","title":{"rendered":"Projeto BR Educa\u00e7\u00e3o"},"content":{"rendered":"<div class=\"wpb-content-wrapper\">[vc_row][vc_column]<div class=\"vcex-spacing wpex-w-100 wpex-clear\" style=\"height:20px;\"><\/div>[vc_column_text]\n<p style=\"text-align: right;\"><span class=\"wpex-text-sm\">P\u00e1gina <a href=\"https:\/\/siessen.org\/pt-br\/\">inicial<\/a> &#8211; <a href=\"https:\/\/siessen.org\/pt-br\/donativos\/procuracao-de-missao\/\">Miss\u00e3o<\/a> &#8211; <a href=\"https:\/\/siessen.org\/pt-br\/donativos\/projectos-de-financiamento\/\">Projectos de apoio \u00e0 miss\u00e3o<\/a><br \/>\n<\/span><\/p>\n[\/vc_column_text]<div class=\"vcex-spacing wpex-w-100 wpex-clear\" style=\"height:20px;\"><\/div>[\/vc_column][\/vc_row][vc_row full_width=&#8221;stretch_row&#8221;][vc_column width=&#8221;1\/3&#8243; css=&#8221;.vc_custom_1686989882305{margin-left: 50px !important;padding-top: 30px !important;padding-right: 30px !important;padding-bottom: 30px !important;padding-left: 30px !important;background-color: rgba(199,214,89,0.47) !important;*background-color: rgb(199,214,89) !important;}&#8221;]<figure class=\"vcex-image vcex-module\"><div class=\"vcex-image-inner wpex-relative wpex-inline-block\"><img width=\"1200\" height=\"1600\" src=\"https:\/\/siessen.org\/wp-content\/uploads\/2024\/07\/Jose-1.jpg\" class=\"vcex-image-img wpex-align-middle\" alt=\"\" loading=\"lazy\" decoding=\"async\" srcset=\"https:\/\/siessen.org\/wp-content\/uploads\/2024\/07\/Jose-1.jpg 1200w, https:\/\/siessen.org\/wp-content\/uploads\/2024\/07\/Jose-1-225x300.jpg 225w, https:\/\/siessen.org\/wp-content\/uploads\/2024\/07\/Jose-1-768x1024.jpg 768w, https:\/\/siessen.org\/wp-content\/uploads\/2024\/07\/Jose-1-1152x1536.jpg 1152w\" sizes=\"auto, (max-width: 1200px) 100vw, 1200px\" \/><\/div><\/figure><div class=\"vcex-spacing wpex-w-100 wpex-clear\" style=\"height:10px;\"><\/div>[vc_column_text]Se desejar apoiar financeiramente este projeto, transfira o dinheiro para a <a href=\"https:\/\/www.klostersiessen.de\/unsere-mission\/missionsprokur\/\">conta da <\/a><a href=\"https:\/\/siessen.org\/pt-br\/donativos\/procuracao-de-missao\/\">Missionsprokur<\/a> e indique &#8220;BR-Bildung&#8221; como finalidade do pagamento, bem como o seu endere\u00e7o completo para a emiss\u00e3o de um recibo de donativo.[\/vc_column_text][\/vc_column][vc_column width=&#8221;2\/3&#8243;][vc_column_text css=&#8221;.vc_custom_1722417109468{margin-left: 100px !important;}&#8221;]Projeto Brasil &#8211; Educa\u00e7\u00e3o <\/p>\n<h1>Apoio aos estudos\/forma\u00e7\u00e3o de jovens carenciados no Brasil<\/h1>\n<p> A condi\u00e7\u00e3o pr\u00e9via para sair da pobreza, construir uma vida com perspectivas, alimentar a fam\u00edlia, ter uma palavra a dizer nos acontecimentos do pa\u00eds&#8230; \u00e9 a educa\u00e7\u00e3o e uma boa prepara\u00e7\u00e3o profissional e humana. Muitos jovens s\u00e3o talentosos e ambiciosos, mas n\u00e3o t\u00eam condi\u00e7\u00f5es financeiras de pagar as mensalidades, os custos de viagem e os documentos necess\u00e1rios para realizar seus sonhos. Com a ajuda de donativos, permitimos-lhes estudar ou fazer uma forma\u00e7\u00e3o. Os pr\u00f3prios jovens comprometem-se tamb\u00e9m a financiar uma parte da sua forma\u00e7\u00e3o\/estudos atrav\u00e9s do trabalho efectuado. Apoiamos estagi\u00e1rios\/estudantes nas \u00e1reas de educa\u00e7\u00e3o, fisioterapia, servi\u00e7o social, psicologia, enfermagem, farm\u00e1cia, ci\u00eancias agr\u00edcolas e aconselhamento nutricional. H\u00e1 mais em lista de espera&#8230;.[\/vc_column_text][\/vc_column][\/vc_row]\n<\/div>","protected":false},"excerpt":{"rendered":"<p>[vc_row][vc_column][vc_column_text] P\u00e1gina inicial &#8211; Miss\u00e3o &#8211; Projectos de apoio \u00e0 miss\u00e3o [\/vc_column_text][\/vc_column][\/vc_row][vc_row full_width=&#8221;stretch_row&#8221;][vc_column width=&#8221;1\/3&#8243; css=&#8221;.vc_custom_1686989882305{margin-left: 50px !important;padding-top: 30px !important;padding-right: 30px !important;padding-bottom: 30px !important;padding-left: 30px !important;background-color: rgba(199,214,89,0.47) !important;*background-color: rgb(199,214,89) !important;}&#8221;][vc_column_text]Se desejar apoiar financeiramente este projeto, transfira o dinheiro para a conta da Missionsprokur e indique &#8220;BR-Bildung&#8221; como finalidade do pagamento, bem como o seu endere\u00e7o completo&hellip;<\/p>\n","protected":false},"author":3,"featured_media":0,"parent":2301,"menu_order":0,"comment_status":"closed","ping_status":"closed","template":"","meta":{"footnotes":""},"class_list":["post-2062","page","type-page","status-publish","hentry","entry","no-media"],"_links":{"self":[{"href":"https:\/\/siessen.org\/pt-br\/wp-json\/wp\/v2\/pages\/2062","targetHints":{"allow":["GET"]}}],"collection":[{"href":"https:\/\/siessen.org\/pt-br\/wp-json\/wp\/v2\/pages"}],"about":[{"href":"https:\/\/siessen.org\/pt-br\/wp-json\/wp\/v2\/types\/page"}],"author":[{"embeddable":true,"href":"https:\/\/siessen.org\/pt-br\/wp-json\/wp\/v2\/users\/3"}],"replies":[{"embeddable":true,"href":"https:\/\/siessen.org\/pt-br\/wp-json\/wp\/v2\/comments?post=2062"}],"version-history":[{"count":7,"href":"https:\/\/siessen.org\/pt-br\/wp-json\/wp\/v2\/pages\/2062\/revisions"}],"predecessor-version":[{"id":4790,"href":"https:\/\/siessen.org\/pt-br\/wp-json\/wp\/v2\/pages\/2062\/revisions\/4790"}],"up":[{"embeddable":true,"href":"https:\/\/siessen.org\/pt-br\/wp-json\/wp\/v2\/pages\/2301"}],"wp:attachment":[{"href":"https:\/\/siessen.org\/pt-br\/wp-json\/wp\/v2\/media?parent=2062"}],"curies":[{"name":"wp","href":"https:\/\/api.w.org\/{rel}","templated":true}]}}