{"id":2066,"date":"2023-06-17T11:51:33","date_gmt":"2023-06-17T09:51:33","guid":{"rendered":"https:\/\/siessen.org\/projeto-br-garca\/"},"modified":"2026-01-21T14:35:29","modified_gmt":"2026-01-21T13:35:29","slug":"projeto-br-garca","status":"publish","type":"page","link":"https:\/\/siessen.org\/pt-br\/donativos\/projectos-de-financiamento\/projeto-br-garca\/","title":{"rendered":"Projeto BR Gar\u00e7a Children&#8217;s Centre"},"content":{"rendered":"<div class=\"wpb-content-wrapper\">[vc_row][vc_column]<div class=\"vcex-spacing wpex-w-100 wpex-clear\" style=\"height:20px;\"><\/div>[vc_column_text]\n<p style=\"text-align: right;\"><span class=\"wpex-text-sm\">P\u00e1gina <a href=\"https:\/\/siessen.org\/pt-br\/\">inicial<\/a> &#8211; <a href=\"https:\/\/siessen.org\/pt-br\/donativos\/procuracao-de-missao\/\">Miss\u00e3o<\/a> &#8211; <a href=\"https:\/\/siessen.org\/pt-br\/donativos\/projectos-de-financiamento\/\">Projectos de apoio \u00e0 miss\u00e3o<\/a><br \/>\n<\/span><\/p>\n[\/vc_column_text]<div class=\"vcex-spacing wpex-w-100 wpex-clear\" style=\"height:20px;\"><\/div>[\/vc_column][\/vc_row][vc_row full_width=&#8221;stretch_row&#8221;][vc_column width=&#8221;1\/3&#8243; css=&#8221;.vc_custom_1686989882305{margin-left: 50px !important;padding-top: 30px !important;padding-right: 30px !important;padding-bottom: 30px !important;padding-left: 30px !important;background-color: rgba(199,214,89,0.47) !important;*background-color: rgb(199,214,89) !important;}&#8221;]<figure class=\"vcex-image vcex-module\"><div class=\"vcex-image-inner wpex-relative wpex-inline-block\"><img width=\"640\" height=\"480\" src=\"https:\/\/siessen.org\/wp-content\/uploads\/2023\/06\/M_MFP-BR-Garca.jpg\" class=\"vcex-image-img wpex-align-middle\" alt=\"\" loading=\"lazy\" decoding=\"async\" srcset=\"https:\/\/siessen.org\/wp-content\/uploads\/2023\/06\/M_MFP-BR-Garca.jpg 640w, https:\/\/siessen.org\/wp-content\/uploads\/2023\/06\/M_MFP-BR-Garca-300x225.jpg 300w\" sizes=\"auto, (max-width: 640px) 100vw, 640px\" \/><\/div><\/figure><div class=\"vcex-spacing wpex-w-100 wpex-clear\" style=\"height:10px;\"><\/div>[vc_column_text css=&#8221;&#8221;]Se voc\u00ea quiser apoiar financeiramente esse projeto, fa\u00e7a uma transfer\u00eancia banc\u00e1ria para a <a href=\"https:\/\/siessen.org\/pt-br\/donativos\/procuracao-de-missao\/\">conta da Missionsprokur<\/a>, indicando &#8220;BR-Dona Maria Leonor&#8221; como a finalidade pretendida e seu endere\u00e7o completo para que um recibo de doa\u00e7\u00e3o possa ser emitido.[\/vc_column_text][\/vc_column][vc_column width=&#8221;2\/3&#8243;][vc_column_text css=&#8221;.vc_custom_1740048964459{margin-left: 100px !important;}&#8221;]Projeto Dona Maria Leonor<\/p>\n<h2>Centro Infantil em Gar\u00e7a \/ S\u00e3o Paulo<\/h2>\n<p>O centro infantil recebe crian\u00e7as e jovens de 1 a 12 anos. Em 2025, voc\u00ea ter\u00e1 215 crian\u00e7as e jovens. Programas como creche e m\u00fasica, nata\u00e7\u00e3o, futebol, capoeira, artes e artesanato, jiu-jitsu e oficinas de TI t\u00eam como objetivo promover o desenvolvimento f\u00edsico, cognitivo, emocional e social das crian\u00e7as e fornecer a elas uma base s\u00f3lida para seu aprendizado futuro. A maioria dessas crian\u00e7as vem da periferia da cidade, de fam\u00edlias mais pobres e\/ou desestruturadas.   <\/p>\n<p>A organiza\u00e7\u00e3o recebe financiamento p\u00fablico e realiza v\u00e1rios eventos ao longo do ano para arrecadar dinheiro, mas isso n\u00e3o \u00e9 suficiente.<br \/>\nAs doa\u00e7\u00f5es s\u00e3o usadas para comprar:<\/p>\n<p>\u25ba Alimentos,<br \/>\n\u25ba Brinquedos e materiais escolares,<br \/>\n\u25ba Presentes para celebra\u00e7\u00f5es,<br \/>\n\u25ba Novas compras.[\/vc_column_text][\/vc_column][\/vc_row]\n<\/div>","protected":false},"excerpt":{"rendered":"<p>[vc_row][vc_column][vc_column_text] P\u00e1gina inicial &#8211; Miss\u00e3o &#8211; Projectos de apoio \u00e0 miss\u00e3o [\/vc_column_text][\/vc_column][\/vc_row][vc_row full_width=&#8221;stretch_row&#8221;][vc_column width=&#8221;1\/3&#8243; css=&#8221;.vc_custom_1686989882305{margin-left: 50px !important;padding-top: 30px !important;padding-right: 30px !important;padding-bottom: 30px !important;padding-left: 30px !important;background-color: rgba(199,214,89,0.47) !important;*background-color: rgb(199,214,89) !important;}&#8221;][vc_column_text css=&#8221;&#8221;]Se voc\u00ea quiser apoiar financeiramente esse projeto, fa\u00e7a uma transfer\u00eancia banc\u00e1ria para a conta da Missionsprokur, indicando &#8220;BR-Dona Maria Leonor&#8221; como a finalidade pretendida e seu&hellip;<\/p>\n","protected":false},"author":3,"featured_media":0,"parent":2301,"menu_order":0,"comment_status":"closed","ping_status":"closed","template":"","meta":{"footnotes":""},"class_list":["post-2066","page","type-page","status-publish","hentry","entry","no-media"],"_links":{"self":[{"href":"https:\/\/siessen.org\/pt-br\/wp-json\/wp\/v2\/pages\/2066","targetHints":{"allow":["GET"]}}],"collection":[{"href":"https:\/\/siessen.org\/pt-br\/wp-json\/wp\/v2\/pages"}],"about":[{"href":"https:\/\/siessen.org\/pt-br\/wp-json\/wp\/v2\/types\/page"}],"author":[{"embeddable":true,"href":"https:\/\/siessen.org\/pt-br\/wp-json\/wp\/v2\/users\/3"}],"replies":[{"embeddable":true,"href":"https:\/\/siessen.org\/pt-br\/wp-json\/wp\/v2\/comments?post=2066"}],"version-history":[{"count":7,"href":"https:\/\/siessen.org\/pt-br\/wp-json\/wp\/v2\/pages\/2066\/revisions"}],"predecessor-version":[{"id":6840,"href":"https:\/\/siessen.org\/pt-br\/wp-json\/wp\/v2\/pages\/2066\/revisions\/6840"}],"up":[{"embeddable":true,"href":"https:\/\/siessen.org\/pt-br\/wp-json\/wp\/v2\/pages\/2301"}],"wp:attachment":[{"href":"https:\/\/siessen.org\/pt-br\/wp-json\/wp\/v2\/media?parent=2066"}],"curies":[{"name":"wp","href":"https:\/\/api.w.org\/{rel}","templated":true}]}}