{"id":2075,"date":"2023-06-17T13:32:45","date_gmt":"2023-06-17T11:32:45","guid":{"rendered":"https:\/\/siessen.org\/projeto-sa-centro-regina-pacis\/"},"modified":"2026-01-21T14:28:51","modified_gmt":"2026-01-21T13:28:51","slug":"projeto-sa-centro-regina-pacis","status":"publish","type":"page","link":"https:\/\/siessen.org\/pt-br\/donativos\/projectos-de-financiamento\/projeto-sa-centro-regina-pacis\/","title":{"rendered":"Projeto SA Centro Regina Pacis"},"content":{"rendered":"<div class=\"wpb-content-wrapper\">[vc_row][vc_column]<div class=\"vcex-spacing wpex-w-100 wpex-clear\" style=\"height:20px;\"><\/div>[vc_column_text]\n<p style=\"text-align: right;\"><span class=\"wpex-text-sm\">P\u00e1gina <a href=\"https:\/\/siessen.org\/pt-br\/\">inicial<\/a> &#8211; <a href=\"https:\/\/siessen.org\/pt-br\/donativos\/procuracao-de-missao\/\">Miss\u00e3o<\/a> &#8211; <a href=\"https:\/\/siessen.org\/pt-br\/donativos\/projectos-de-financiamento\/\">Projectos de apoio \u00e0 miss\u00e3o<\/a><br \/>\n<\/span><\/p>\n[\/vc_column_text]<div class=\"vcex-spacing wpex-w-100 wpex-clear\" style=\"height:20px;\"><\/div>[\/vc_column][\/vc_row][vc_row full_width=&#8221;stretch_row&#8221;][vc_column width=&#8221;1\/4&#8243; css=&#8221;.vc_custom_1686989882305{margin-left: 50px !important;padding-top: 30px !important;padding-right: 30px !important;padding-bottom: 30px !important;padding-left: 30px !important;background-color: rgba(199,214,89,0.47) !important;*background-color: rgb(199,214,89) !important;}&#8221;]<div class=\"vcex-spacing wpex-w-100 wpex-clear\"><\/div>[vc_column_text]Se desejar apoiar financeiramente este projeto, transfira o dinheiro para a <a href=\"https:\/\/siessen.org\/pt-br\/donativos\/procuracao-de-missao\/\">conta da Missionsprokur<\/a> e indique &#8220;SA Regina Pacis Centre&#8221; como finalidade do pagamento, bem como o seu endere\u00e7o completo para a emiss\u00e3o de um recibo de donativo.[\/vc_column_text]<div class=\"vcex-spacing wpex-w-100 wpex-clear\"><\/div>[\/vc_column][vc_column width=&#8221;3\/4&#8243; css=&#8221;.vc_custom_1687001810998{margin-right: 30px !important;margin-left: 50px !important;}&#8221;][vc_column_text]Projeto \u00c1frica do Sul<\/p>\n<h1>Centro Regina Pacis<\/h1>\n[\/vc_column_text]<div class=\"vcex-spacing wpex-w-100 wpex-clear\"><\/div><figure class=\"vcex-image vcex-module\"><div class=\"vcex-image-inner wpex-relative wpex-inline-block\"><img width=\"1374\" height=\"619\" src=\"https:\/\/siessen.org\/wp-content\/uploads\/2023\/06\/Regina-Pacis.jpg\" class=\"vcex-image-img wpex-align-middle\" alt=\"\" loading=\"lazy\" decoding=\"async\" srcset=\"https:\/\/siessen.org\/wp-content\/uploads\/2023\/06\/Regina-Pacis.jpg 1374w, https:\/\/siessen.org\/wp-content\/uploads\/2023\/06\/Regina-Pacis-300x135.jpg 300w, https:\/\/siessen.org\/wp-content\/uploads\/2023\/06\/Regina-Pacis-1024x461.jpg 1024w, https:\/\/siessen.org\/wp-content\/uploads\/2023\/06\/Regina-Pacis-768x346.jpg 768w\" sizes=\"auto, (max-width: 1374px) 100vw, 1374px\" \/><\/div><\/figure><div class=\"vcex-spacing wpex-w-100 wpex-clear\"><\/div>[vc_column_text css=&#8221;.vc_custom_1687001730640{margin-left: 100px !important;}&#8221;]O Centro de Retiros Regina Pacis (Rainha da Paz) est\u00e1 situado na Miss\u00e3o Assis, numa zona muito rural, a cerca de 30 km da fronteira norte com o Reino do Lesoto.<\/p>\n<p>Para al\u00e9m do centro, a miss\u00e3o inclui tamb\u00e9m uma aldeia com cerca de 120 habitantes, uma quinta, uma escola agr\u00edcola prim\u00e1ria e uma cl\u00ednica m\u00f3vel. N\u00e3o muito longe do centro fica a casa provincial sul-africana das Irm\u00e3s Franciscanas de Sie\u00dfen.<br \/>\nA fome por educa\u00e7\u00e3o e perspectiva \u00e9 grande. O Regina Pacis Retreat Centre oferece dias de retiro, v\u00e1rios programas educacionais, cursos para casais, workshops para agricultores e para organiza\u00e7\u00f5es estudantis e d\u00e1 as boas-vindas \u00e0s aulas escolares (conscientiza\u00e7\u00e3o sobre HIV\/Aids, drogas, gravidez precoce&#8230;).<br \/>\nEm v\u00e1rios bangal\u00f4s, tamb\u00e9m \u00e9 poss\u00edvel simplesmente sair de f\u00e9rias em uma bela paisagem que facilita o relaxamento.<br \/>\nO Centro depende de doa\u00e7\u00f5es para os diversos servi\u00e7os e para a manuten\u00e7\u00e3o da casa.<br \/>\nAo mesmo tempo, a descri\u00e7\u00e3o deste projeto pretende ser uma oferta para que voc\u00ea encontre um lugar agrad\u00e1vel, mas barato, para se hospedar em sua viagem \u00e0 \u00c1frica do Sul.<\/p>\n<p>Para mais informa\u00e7\u00f5es, consultar: <a href=\"http:\/\/www.reginapaciscentre.org\" target=\"_blank\" rel=\"noopener\">www.reginapaciscentre.org<\/a>[\/vc_column_text][\/vc_column][\/vc_row]\n<\/div>","protected":false},"excerpt":{"rendered":"<p>[vc_row][vc_column][vc_column_text] P\u00e1gina inicial &#8211; Miss\u00e3o &#8211; Projectos de apoio \u00e0 miss\u00e3o [\/vc_column_text][\/vc_column][\/vc_row][vc_row full_width=&#8221;stretch_row&#8221;][vc_column width=&#8221;1\/4&#8243; css=&#8221;.vc_custom_1686989882305{margin-left: 50px !important;padding-top: 30px !important;padding-right: 30px !important;padding-bottom: 30px !important;padding-left: 30px !important;background-color: rgba(199,214,89,0.47) !important;*background-color: rgb(199,214,89) !important;}&#8221;][vc_column_text]Se desejar apoiar financeiramente este projeto, transfira o dinheiro para a conta da Missionsprokur e indique &#8220;SA Regina Pacis Centre&#8221; como finalidade do pagamento, bem como o&hellip;<\/p>\n","protected":false},"author":3,"featured_media":0,"parent":2301,"menu_order":0,"comment_status":"closed","ping_status":"closed","template":"","meta":{"footnotes":""},"class_list":["post-2075","page","type-page","status-publish","hentry","entry","no-media"],"_links":{"self":[{"href":"https:\/\/siessen.org\/pt-br\/wp-json\/wp\/v2\/pages\/2075","targetHints":{"allow":["GET"]}}],"collection":[{"href":"https:\/\/siessen.org\/pt-br\/wp-json\/wp\/v2\/pages"}],"about":[{"href":"https:\/\/siessen.org\/pt-br\/wp-json\/wp\/v2\/types\/page"}],"author":[{"embeddable":true,"href":"https:\/\/siessen.org\/pt-br\/wp-json\/wp\/v2\/users\/3"}],"replies":[{"embeddable":true,"href":"https:\/\/siessen.org\/pt-br\/wp-json\/wp\/v2\/comments?post=2075"}],"version-history":[{"count":4,"href":"https:\/\/siessen.org\/pt-br\/wp-json\/wp\/v2\/pages\/2075\/revisions"}],"predecessor-version":[{"id":6800,"href":"https:\/\/siessen.org\/pt-br\/wp-json\/wp\/v2\/pages\/2075\/revisions\/6800"}],"up":[{"embeddable":true,"href":"https:\/\/siessen.org\/pt-br\/wp-json\/wp\/v2\/pages\/2301"}],"wp:attachment":[{"href":"https:\/\/siessen.org\/pt-br\/wp-json\/wp\/v2\/media?parent=2075"}],"curies":[{"name":"wp","href":"https:\/\/api.w.org\/{rel}","templated":true}]}}