{"id":2084,"date":"2023-06-17T13:43:54","date_gmt":"2023-06-17T11:43:54","guid":{"rendered":"https:\/\/siessen.org\/projeto-sa-apoio-a-familia\/"},"modified":"2026-01-21T14:27:23","modified_gmt":"2026-01-21T13:27:23","slug":"projeto-sa-apoio-a-familia","status":"publish","type":"page","link":"https:\/\/siessen.org\/pt-br\/donativos\/projectos-de-financiamento\/projeto-sa-apoio-a-familia\/","title":{"rendered":"Projeto SA Apoio \u00e0 fam\u00edlia"},"content":{"rendered":"<div class=\"wpb-content-wrapper\">[vc_row][vc_column]<div class=\"vcex-spacing wpex-w-100 wpex-clear\" style=\"height:20px;\"><\/div>[vc_column_text]\n<p style=\"text-align: right;\"><span class=\"wpex-text-sm\">P\u00e1gina <a href=\"https:\/\/siessen.org\/pt-br\/\">inicial<\/a> &#8211; <a href=\"https:\/\/siessen.org\/pt-br\/donativos\/procuracao-de-missao\/\">Miss\u00e3o<\/a> &#8211; <a href=\"https:\/\/siessen.org\/pt-br\/donativos\/projectos-de-financiamento\/\">Projectos de apoio \u00e0 miss\u00e3o<\/a><br \/>\n<\/span><\/p>\n[\/vc_column_text]<div class=\"vcex-spacing wpex-w-100 wpex-clear\" style=\"height:20px;\"><\/div>[\/vc_column][\/vc_row][vc_row full_width=&#8221;stretch_row&#8221;][vc_column width=&#8221;1\/3&#8243; css=&#8221;.vc_custom_1686989882305{margin-left: 50px !important;padding-top: 30px !important;padding-right: 30px !important;padding-bottom: 30px !important;padding-left: 30px !important;background-color: rgba(199,214,89,0.47) !important;*background-color: rgb(199,214,89) !important;}&#8221;]<figure class=\"vcex-image vcex-module\"><div class=\"vcex-image-inner wpex-relative wpex-inline-block\"><img width=\"640\" height=\"480\" src=\"https:\/\/siessen.org\/wp-content\/uploads\/2023\/06\/M_MFP_SA-Familienunter.jpg\" class=\"vcex-image-img wpex-align-middle\" alt=\"\" loading=\"lazy\" decoding=\"async\" srcset=\"https:\/\/siessen.org\/wp-content\/uploads\/2023\/06\/M_MFP_SA-Familienunter.jpg 640w, https:\/\/siessen.org\/wp-content\/uploads\/2023\/06\/M_MFP_SA-Familienunter-300x225.jpg 300w\" sizes=\"auto, (max-width: 640px) 100vw, 640px\" \/><\/div><\/figure><div class=\"vcex-spacing wpex-w-100 wpex-clear\" style=\"height:10px;\"><\/div>[vc_column_text]Se desejar apoiar financeiramente este projeto, transfira o dinheiro para a <a href=\"https:\/\/siessen.org\/pt-br\/donativos\/procuracao-de-missao\/\">conta da Missionsprokur<\/a> e indique &#8220;SA Family Support&#8221; como finalidade do pagamento, bem como o seu endere\u00e7o completo para a emiss\u00e3o de um recibo de donativo.[\/vc_column_text][\/vc_column][vc_column width=&#8221;2\/3&#8243;][vc_column_text css=&#8221;.vc_custom_1687002357298{margin-left: 100px !important;}&#8221;]Projeto \u00c1frica do Sul Apoio \u00e0 fam\u00edlia<\/p>\n<h1>Permitir que as crian\u00e7as e os jovens recebam uma educa\u00e7\u00e3o<\/h1>\n<p>As nossas irm\u00e3s na \u00c1frica do Sul vivem entre os pobres. A\u00ed s\u00e3o frequentemente confrontados com problemas complexos.<\/p>\n<p>\u25ba Nas regi\u00f5es rurais \u00e9 particularmente dif\u00edcil encontrar um emprego. Por isso, muitas pessoas mudam-se para perto da cidade na esperan\u00e7a de a\u00ed encontrarem algo. Mas nos munic\u00edpios onde vivem, a taxa de desemprego \u00e9 de 50 a 75%.<\/p>\n<p>\u25ba Aproximadamente 12 % das pessoas na \u00c1frica do Sul (cerca de 7 milh\u00f5es de habitantes) est\u00e3o infectadas com o VIH. Os pais abandonam a escola, as m\u00e3es contraem o v\u00edrus e n\u00e3o sabem quanto tempo mais podem cuidar dos filhos. Muitas vezes, os av\u00f3s t\u00eam de acolher os netos, que ficam \u00f3rf\u00e3os.<\/p>\n<p>\u25ba A falta de educa\u00e7\u00e3o de vastos sectores da classe baixa conduz a m\u00faltiplas dificuldades e a tentativas de solu\u00e7\u00e3o pouco ambiciosas. Por conseguinte, \u00e9 importante que as crian\u00e7as e os jovens possam ter acesso \u00e0 escola, \u00e0 forma\u00e7\u00e3o e aos estudos. Com a ajuda de suas doa\u00e7\u00f5es, nossas irm\u00e3s apoiam as fam\u00edlias com mensalidades escolares, materiais escolares, custos de refei\u00e7\u00f5es, cestas b\u00e1sicas, despesas m\u00e9dicas, mas tamb\u00e9m com o pagamento de carteiras de habilita\u00e7\u00e3o, que s\u00e3o um pr\u00e9-requisito necess\u00e1rio para o exerc\u00edcio de v\u00e1rias profiss\u00f5es.<br \/>\nEm nome de todas as crian\u00e7as, jovens e adolescentes, gostar\u00edamos de agradecer muito a voc\u00ea por seu apoio![\/vc_column_text][\/vc_column][\/vc_row]\n<\/div>","protected":false},"excerpt":{"rendered":"<p>[vc_row][vc_column][vc_column_text] P\u00e1gina inicial &#8211; Miss\u00e3o &#8211; Projectos de apoio \u00e0 miss\u00e3o [\/vc_column_text][\/vc_column][\/vc_row][vc_row full_width=&#8221;stretch_row&#8221;][vc_column width=&#8221;1\/3&#8243; css=&#8221;.vc_custom_1686989882305{margin-left: 50px !important;padding-top: 30px !important;padding-right: 30px !important;padding-bottom: 30px !important;padding-left: 30px !important;background-color: rgba(199,214,89,0.47) !important;*background-color: rgb(199,214,89) !important;}&#8221;][vc_column_text]Se desejar apoiar financeiramente este projeto, transfira o dinheiro para a conta da Missionsprokur e indique &#8220;SA Family Support&#8221; como finalidade do pagamento, bem como o seu&hellip;<\/p>\n","protected":false},"author":3,"featured_media":0,"parent":2301,"menu_order":0,"comment_status":"closed","ping_status":"closed","template":"","meta":{"footnotes":""},"class_list":["post-2084","page","type-page","status-publish","hentry","entry","no-media"],"_links":{"self":[{"href":"https:\/\/siessen.org\/pt-br\/wp-json\/wp\/v2\/pages\/2084","targetHints":{"allow":["GET"]}}],"collection":[{"href":"https:\/\/siessen.org\/pt-br\/wp-json\/wp\/v2\/pages"}],"about":[{"href":"https:\/\/siessen.org\/pt-br\/wp-json\/wp\/v2\/types\/page"}],"author":[{"embeddable":true,"href":"https:\/\/siessen.org\/pt-br\/wp-json\/wp\/v2\/users\/3"}],"replies":[{"embeddable":true,"href":"https:\/\/siessen.org\/pt-br\/wp-json\/wp\/v2\/comments?post=2084"}],"version-history":[{"count":6,"href":"https:\/\/siessen.org\/pt-br\/wp-json\/wp\/v2\/pages\/2084\/revisions"}],"predecessor-version":[{"id":6795,"href":"https:\/\/siessen.org\/pt-br\/wp-json\/wp\/v2\/pages\/2084\/revisions\/6795"}],"up":[{"embeddable":true,"href":"https:\/\/siessen.org\/pt-br\/wp-json\/wp\/v2\/pages\/2301"}],"wp:attachment":[{"href":"https:\/\/siessen.org\/pt-br\/wp-json\/wp\/v2\/media?parent=2084"}],"curies":[{"name":"wp","href":"https:\/\/api.w.org\/{rel}","templated":true}]}}