{"id":2085,"date":"2023-06-17T16:51:58","date_gmt":"2023-06-17T14:51:58","guid":{"rendered":"https:\/\/siessen.org\/projeto-sa-st-marys-pre-school\/"},"modified":"2026-01-21T14:31:10","modified_gmt":"2026-01-21T13:31:10","slug":"projeto-sa-st-marys-pre-school","status":"publish","type":"page","link":"https:\/\/siessen.org\/pt-br\/donativos\/projectos-de-financiamento\/projeto-sa-st-marys-pre-school\/","title":{"rendered":"Projeto SA Jardins de Inf\u00e2ncia"},"content":{"rendered":"<div class=\"wpb-content-wrapper\">[vc_row][vc_column]<div class=\"vcex-spacing wpex-w-100 wpex-clear\" style=\"height:20px;\"><\/div>[vc_column_text]\n<p style=\"text-align: right;\"><span class=\"wpex-text-sm\">P\u00e1gina <a href=\"https:\/\/siessen.org\/pt-br\/\">inicial<\/a> &#8211; <a href=\"https:\/\/siessen.org\/pt-br\/donativos\/procuracao-de-missao\/\">Miss\u00e3o<\/a> &#8211; <a href=\"https:\/\/siessen.org\/pt-br\/donativos\/projectos-de-financiamento\/\">Projectos de apoio \u00e0 miss\u00e3o<\/a><br \/>\n<\/span><\/p>\n[\/vc_column_text]<div class=\"vcex-spacing wpex-w-100 wpex-clear\" style=\"height:20px;\"><\/div>[\/vc_column][\/vc_row][vc_row full_width=&#8221;stretch_row&#8221;][vc_column width=&#8221;1\/3&#8243; css=&#8221;.vc_custom_1686989882305{margin-left: 50px !important;padding-top: 30px !important;padding-right: 30px !important;padding-bottom: 30px !important;padding-left: 30px !important;background-color: rgba(199,214,89,0.47) !important;*background-color: rgb(199,214,89) !important;}&#8221;]<figure class=\"vcex-image vcex-module\"><div class=\"vcex-image-inner wpex-relative wpex-inline-block\"><img width=\"640\" height=\"480\" src=\"https:\/\/siessen.org\/wp-content\/uploads\/2023\/06\/M_MFP_SA-stmarypre.jpg\" class=\"vcex-image-img wpex-align-middle\" alt=\"\" loading=\"lazy\" decoding=\"async\" srcset=\"https:\/\/siessen.org\/wp-content\/uploads\/2023\/06\/M_MFP_SA-stmarypre.jpg 640w, https:\/\/siessen.org\/wp-content\/uploads\/2023\/06\/M_MFP_SA-stmarypre-300x225.jpg 300w\" sizes=\"auto, (max-width: 640px) 100vw, 640px\" \/><\/div><\/figure><div class=\"vcex-spacing wpex-w-100 wpex-clear\" style=\"height:10px;\"><\/div>[vc_column_text css=&#8221;&#8221;]Se voc\u00ea quiser apoiar financeiramente esse projeto, fa\u00e7a uma transfer\u00eancia banc\u00e1ria para a <a href=\"https:\/\/siessen.org\/pt-br\/donativos\/procuracao-de-missao\/\">conta da Missionprokur<\/a> e indique &#8220;SA-Kinderg\u00e4rten&#8221; como a finalidade pretendida, bem como seu endere\u00e7o completo, para que um recibo de doa\u00e7\u00e3o possa ser emitido.[\/vc_column_text][\/vc_column][vc_column width=&#8221;2\/3&#8243;][vc_column_text css=&#8221;.vc_custom_1740131624417{margin-left: 100px !important;}&#8221;]Projeto<\/p>\n<h1>Jardins de inf\u00e2ncia<\/h1>\n<p>As irm\u00e3s administram os jardins de inf\u00e2ncia em Bothaville (St Mary&#8217;s Creche), Bloemfontein (St Joseph&#8217;s Creche) e Botshabelo (La Verna Creche).<\/p>\n<p>Em Bothaville e Botshabelo, os jardins de inf\u00e2ncia est\u00e3o localizados em \u00e1reas mais pobres. Uma alta porcentagem da popula\u00e7\u00e3o est\u00e1 desempregada e os pais n\u00e3o poderiam mandar seus filhos para o jardim de inf\u00e2ncia sem apoio financeiro, onde eles recebem cuidados durante o dia inteiro e oportunidades educacionais adequadas \u00e0 idade, de 1 a 6 anos. <\/p>\n<p><strong>As doa\u00e7\u00f5es s\u00e3o usadas para cofinanciar:<\/strong><br \/>\n\u25ba Refei\u00e7\u00f5es para cerca de 350 crian\u00e7as,<br \/>\n\u25ba Taxas do jardim de inf\u00e2ncia,<br \/>\n\u25ba Materiais de escrita e artesanato,<br \/>\n\u25ba Equipamentos de playground, brinquedos<\/p>\n[\/vc_column_text][\/vc_column][\/vc_row]\n<\/div>","protected":false},"excerpt":{"rendered":"<p>[vc_row][vc_column][vc_column_text] P\u00e1gina inicial &#8211; Miss\u00e3o &#8211; Projectos de apoio \u00e0 miss\u00e3o [\/vc_column_text][\/vc_column][\/vc_row][vc_row full_width=&#8221;stretch_row&#8221;][vc_column width=&#8221;1\/3&#8243; css=&#8221;.vc_custom_1686989882305{margin-left: 50px !important;padding-top: 30px !important;padding-right: 30px !important;padding-bottom: 30px !important;padding-left: 30px !important;background-color: rgba(199,214,89,0.47) !important;*background-color: rgb(199,214,89) !important;}&#8221;][vc_column_text css=&#8221;&#8221;]Se voc\u00ea quiser apoiar financeiramente esse projeto, fa\u00e7a uma transfer\u00eancia banc\u00e1ria para a conta da Missionprokur e indique &#8220;SA-Kinderg\u00e4rten&#8221; como a finalidade pretendida, bem como seu&hellip;<\/p>\n","protected":false},"author":3,"featured_media":0,"parent":2301,"menu_order":0,"comment_status":"closed","ping_status":"closed","template":"","meta":{"footnotes":""},"class_list":["post-2085","page","type-page","status-publish","hentry","entry","no-media"],"_links":{"self":[{"href":"https:\/\/siessen.org\/pt-br\/wp-json\/wp\/v2\/pages\/2085","targetHints":{"allow":["GET"]}}],"collection":[{"href":"https:\/\/siessen.org\/pt-br\/wp-json\/wp\/v2\/pages"}],"about":[{"href":"https:\/\/siessen.org\/pt-br\/wp-json\/wp\/v2\/types\/page"}],"author":[{"embeddable":true,"href":"https:\/\/siessen.org\/pt-br\/wp-json\/wp\/v2\/users\/3"}],"replies":[{"embeddable":true,"href":"https:\/\/siessen.org\/pt-br\/wp-json\/wp\/v2\/comments?post=2085"}],"version-history":[{"count":7,"href":"https:\/\/siessen.org\/pt-br\/wp-json\/wp\/v2\/pages\/2085\/revisions"}],"predecessor-version":[{"id":6814,"href":"https:\/\/siessen.org\/pt-br\/wp-json\/wp\/v2\/pages\/2085\/revisions\/6814"}],"up":[{"embeddable":true,"href":"https:\/\/siessen.org\/pt-br\/wp-json\/wp\/v2\/pages\/2301"}],"wp:attachment":[{"href":"https:\/\/siessen.org\/pt-br\/wp-json\/wp\/v2\/media?parent=2085"}],"curies":[{"name":"wp","href":"https:\/\/api.w.org\/{rel}","templated":true}]}}