{"id":2100,"date":"2023-06-17T13:22:03","date_gmt":"2023-06-17T11:22:03","guid":{"rendered":"https:\/\/siessen.org\/projeto-sa-bakery\/"},"modified":"2026-01-21T14:29:03","modified_gmt":"2026-01-21T13:29:03","slug":"projeto-sa-bakery","status":"publish","type":"page","link":"https:\/\/siessen.org\/pt-br\/donativos\/projectos-de-financiamento\/projeto-sa-bakery\/","title":{"rendered":"Projeto SA Bakery"},"content":{"rendered":"<div class=\"wpb-content-wrapper\">[vc_row][vc_column]<div class=\"vcex-spacing wpex-w-100 wpex-clear\" style=\"height:20px;\"><\/div>[vc_column_text]\n<p style=\"text-align: right;\"><span class=\"wpex-text-sm\">P\u00e1gina <a href=\"https:\/\/siessen.org\/pt-br\/\">inicial<\/a> &#8211; <a href=\"https:\/\/siessen.org\/pt-br\/donativos\/procuracao-de-missao\/\">Miss\u00e3o<\/a> &#8211; <a href=\"https:\/\/siessen.org\/pt-br\/donativos\/projectos-de-financiamento\/\">Projectos de apoio \u00e0 miss\u00e3o<\/a><br \/>\n<\/span><\/p>\n[\/vc_column_text]<div class=\"vcex-spacing wpex-w-100 wpex-clear\" style=\"height:20px;\"><\/div>[\/vc_column][\/vc_row][vc_row full_width=&#8221;stretch_row&#8221;][vc_column width=&#8221;1\/3&#8243; css=&#8221;.vc_custom_1686989882305{margin-left: 50px !important;padding-top: 30px !important;padding-right: 30px !important;padding-bottom: 30px !important;padding-left: 30px !important;background-color: rgba(199,214,89,0.47) !important;*background-color: rgb(199,214,89) !important;}&#8221;]<figure class=\"vcex-image vcex-module\"><div class=\"vcex-image-inner wpex-relative wpex-inline-block\"><img width=\"1280\" height=\"960\" src=\"https:\/\/siessen.org\/wp-content\/uploads\/2023\/06\/Bakery-Assisi-Mission-1.jpg\" class=\"vcex-image-img wpex-align-middle\" alt=\"\" loading=\"lazy\" decoding=\"async\" srcset=\"https:\/\/siessen.org\/wp-content\/uploads\/2023\/06\/Bakery-Assisi-Mission-1.jpg 1280w, https:\/\/siessen.org\/wp-content\/uploads\/2023\/06\/Bakery-Assisi-Mission-1-300x225.jpg 300w, https:\/\/siessen.org\/wp-content\/uploads\/2023\/06\/Bakery-Assisi-Mission-1-1024x768.jpg 1024w, https:\/\/siessen.org\/wp-content\/uploads\/2023\/06\/Bakery-Assisi-Mission-1-768x576.jpg 768w\" sizes=\"auto, (max-width: 1280px) 100vw, 1280px\" \/><\/div><\/figure><div class=\"vcex-spacing wpex-w-100 wpex-clear\"><\/div>[vc_column_text]Se desejar apoiar financeiramente este projeto, transfira o dinheiro para a <a href=\"https:\/\/siessen.org\/pt-br\/donativos\/procuracao-de-missao\/\">conta da Missionsprokur<\/a> e indique &#8220;SA bakery&#8221; como finalidade do pagamento, bem como o seu endere\u00e7o completo para a emiss\u00e3o de um recibo de donativo.[\/vc_column_text][\/vc_column][vc_column width=&#8221;2\/3&#8243;][vc_column_text css=&#8221;.vc_custom_1687000891802{margin-left: 100px !important;}&#8221;]Projeto \u00c1frica do Sul<\/p>\n<h1>Miss\u00e3o Padaria de Assis &#8211; Projeto de Desenvolvimento Paz e Bem<\/h1>\n<p>A Miss\u00e3o de Assis est\u00e1 situada na parte ocidental do Estado Livre. A popula\u00e7\u00e3o desta zona rural \u00e9 de cerca de 700 pessoas.<\/p>\n<p>As padarias mais pr\u00f3ximas ficam a 35 min. em Ladybrand (cidade mais pr\u00f3xima &#8211; s\u00f3 ida). O projeto h\u00e1 muito planeado de fornecimento de p\u00e3o \u00e0 Miss\u00e3o de Assis (com a Escola da Miss\u00e3o de Assis, o Centro de Cuidados Infantis e Juvenis Bophelo Life, o Centro de Retiros, os habitantes da Miss\u00e3o de Assis, as Irm\u00e3s da Casa Provincial) e \u00e0s quintas circundantes tornou-se agora realidade e as longas e dispendiosas viagens de compras deixaram de ser necess\u00e1rias. Na padaria local das irm\u00e3s, os jovens da aldeia t\u00eam uma oportunidade de forma\u00e7\u00e3o e aprendem a fazer p\u00e3o de boa qualidade e outros produtos de pastelaria. S\u00e3o criados postos de trabalho nestas infra-estruturas inadequadas. S\u00e3o fornecidos alimentos saud\u00e1veis e nutritivos \u00e0s crian\u00e7as na escola e no Centro de Acolhimento para Crian\u00e7as e Jovens Bophelo Life.<\/p>\n<p>Em junho de 2020, o servi\u00e7o de sa\u00fade aprovou a renova\u00e7\u00e3o de um pequeno edif\u00edcio das irm\u00e3s, que agora serve de padaria, e a aquisi\u00e7\u00e3o de m\u00e1quinas de acordo com as normas de higiene prescritas. A empresa destina-se a ser autossustent\u00e1vel a longo prazo e faz parte do conceito mais vasto de desenvolvimento da aldeia. J\u00e1 foi comprado um carro para entregar o p\u00e3o nas quintas da zona. No entanto, a explora\u00e7\u00e3o ainda precisa de apoio para adquirir mat\u00e9rias-primas e pagar os custos de forma\u00e7\u00e3o. Por conseguinte, agradecemos qualquer apoio financeiro.[\/vc_column_text][\/vc_column][\/vc_row]\n<\/div>","protected":false},"excerpt":{"rendered":"<p>[vc_row][vc_column][vc_column_text] P\u00e1gina inicial &#8211; Miss\u00e3o &#8211; Projectos de apoio \u00e0 miss\u00e3o [\/vc_column_text][\/vc_column][\/vc_row][vc_row full_width=&#8221;stretch_row&#8221;][vc_column width=&#8221;1\/3&#8243; css=&#8221;.vc_custom_1686989882305{margin-left: 50px !important;padding-top: 30px !important;padding-right: 30px !important;padding-bottom: 30px !important;padding-left: 30px !important;background-color: rgba(199,214,89,0.47) !important;*background-color: rgb(199,214,89) !important;}&#8221;][vc_column_text]Se desejar apoiar financeiramente este projeto, transfira o dinheiro para a conta da Missionsprokur e indique &#8220;SA bakery&#8221; como finalidade do pagamento, bem como o seu endere\u00e7o&hellip;<\/p>\n","protected":false},"author":3,"featured_media":0,"parent":2301,"menu_order":0,"comment_status":"closed","ping_status":"closed","template":"","meta":{"footnotes":""},"class_list":["post-2100","page","type-page","status-publish","hentry","entry","no-media"],"_links":{"self":[{"href":"https:\/\/siessen.org\/pt-br\/wp-json\/wp\/v2\/pages\/2100","targetHints":{"allow":["GET"]}}],"collection":[{"href":"https:\/\/siessen.org\/pt-br\/wp-json\/wp\/v2\/pages"}],"about":[{"href":"https:\/\/siessen.org\/pt-br\/wp-json\/wp\/v2\/types\/page"}],"author":[{"embeddable":true,"href":"https:\/\/siessen.org\/pt-br\/wp-json\/wp\/v2\/users\/3"}],"replies":[{"embeddable":true,"href":"https:\/\/siessen.org\/pt-br\/wp-json\/wp\/v2\/comments?post=2100"}],"version-history":[{"count":6,"href":"https:\/\/siessen.org\/pt-br\/wp-json\/wp\/v2\/pages\/2100\/revisions"}],"predecessor-version":[{"id":6805,"href":"https:\/\/siessen.org\/pt-br\/wp-json\/wp\/v2\/pages\/2100\/revisions\/6805"}],"up":[{"embeddable":true,"href":"https:\/\/siessen.org\/pt-br\/wp-json\/wp\/v2\/pages\/2301"}],"wp:attachment":[{"href":"https:\/\/siessen.org\/pt-br\/wp-json\/wp\/v2\/media?parent=2100"}],"curies":[{"name":"wp","href":"https:\/\/api.w.org\/{rel}","templated":true}]}}