{"id":2103,"date":"2023-06-17T13:41:06","date_gmt":"2023-06-17T11:41:06","guid":{"rendered":"https:\/\/siessen.org\/projeto-sa-cuidados-parciais\/"},"modified":"2026-01-21T14:23:54","modified_gmt":"2026-01-21T13:23:54","slug":"projeto-sa-cuidados-parciais","status":"publish","type":"page","link":"https:\/\/siessen.org\/pt-br\/donativos\/projectos-de-financiamento\/projeto-sa-cuidados-parciais\/","title":{"rendered":"Projeto SA Centros Infantis de Assis"},"content":{"rendered":"<div class=\"wpb-content-wrapper\">[vc_row][vc_column]<div class=\"vcex-spacing wpex-w-100 wpex-clear\" style=\"height:20px;\"><\/div>[vc_column_text]\n<p style=\"text-align: right;\"><span class=\"wpex-text-sm\">P\u00e1gina <a href=\"https:\/\/siessen.org\/pt-br\/\">inicial<\/a> &#8211; <a href=\"https:\/\/siessen.org\/pt-br\/donativos\/procuracao-de-missao\/\">Miss\u00e3o<\/a> &#8211; <a href=\"https:\/\/siessen.org\/pt-br\/donativos\/projectos-de-financiamento\/\">Projectos de apoio \u00e0 miss\u00e3o<\/a><br \/>\n<\/span><\/p>\n[\/vc_column_text]<div class=\"vcex-spacing wpex-w-100 wpex-clear\" style=\"height:20px;\"><\/div>[\/vc_column][\/vc_row][vc_row full_width=&#8221;stretch_row&#8221;][vc_column width=&#8221;1\/3&#8243; css=&#8221;.vc_custom_1686989882305{margin-left: 50px !important;padding-top: 30px !important;padding-right: 30px !important;padding-bottom: 30px !important;padding-left: 30px !important;background-color: rgba(199,214,89,0.47) !important;*background-color: rgb(199,214,89) !important;}&#8221;]<figure class=\"vcex-image vcex-module\"><div class=\"vcex-image-inner wpex-relative wpex-inline-block\"><img width=\"1417\" height=\"1063\" src=\"https:\/\/siessen.org\/wp-content\/uploads\/2023\/06\/partial-care1.jpg\" class=\"vcex-image-img wpex-align-middle\" alt=\"\" loading=\"lazy\" decoding=\"async\" srcset=\"https:\/\/siessen.org\/wp-content\/uploads\/2023\/06\/partial-care1.jpg 1417w, https:\/\/siessen.org\/wp-content\/uploads\/2023\/06\/partial-care1-300x225.jpg 300w, https:\/\/siessen.org\/wp-content\/uploads\/2023\/06\/partial-care1-1024x768.jpg 1024w, https:\/\/siessen.org\/wp-content\/uploads\/2023\/06\/partial-care1-768x576.jpg 768w\" sizes=\"auto, (max-width: 1417px) 100vw, 1417px\" \/><\/div><\/figure><div class=\"vcex-spacing wpex-w-100 wpex-clear\" style=\"height:10px;\"><\/div>[vc_column_text css=&#8221;&#8221;]Se voc\u00ea quiser apoiar financeiramente esse projeto, fa\u00e7a uma transfer\u00eancia banc\u00e1ria para a <a href=\"https:\/\/siessen.org\/pt-br\/donativos\/procuracao-de-missao\/\">conta do Missionsprokur<\/a> e indique &#8220;SA Children&#8217;s Centres&#8221; como a finalidade pretendida e seu endere\u00e7o completo para que um recibo de doa\u00e7\u00e3o possa ser emitido.[\/vc_column_text][\/vc_column][vc_column width=&#8221;2\/3&#8243;][vc_column_text css=&#8221;.vc_custom_1769001301727{margin-left: 100px !important;}&#8221;]Projeto<\/p>\n<h1>Centros infantis da Miss\u00e3o Assis<\/h1>\n<p>H\u00e1 dois centros de bem-estar para crian\u00e7as e jovens nas instala\u00e7\u00f5es da Assisi Mission.<\/p>\n<p>O <strong>Bophelo Children and Youth Care Centre<\/strong> acolhe crian\u00e7as de 0 a 17 anos que s\u00e3o \u00f3rf\u00e3s ou provenientes de lares desfeitos e que s\u00e3o negligenciadas ou cujo bem-estar est\u00e1 em risco e que s\u00e3o trazidas pelo escrit\u00f3rio de assist\u00eancia social para jovens ou pelos servi\u00e7os sociais. As crian\u00e7as frequentam a Assisi Mission School, nas proximidades, e a escola secund\u00e1ria em Ladybrand, recebem terapia e s\u00e3o cuidadas por cuidadores domiciliares treinados. <\/p>\n<p>O <strong>Rebabaletswe Centre<\/strong> \u00e9 um centro de atendimento parcial que funciona somente durante o dia. Crian\u00e7as de 1 a 6 anos de idade das fazendas vizinhas que s\u00e3o desfavorecidas de alguma forma s\u00e3o cuidadas aqui.  Ou n\u00e3o h\u00e1 um jardim de inf\u00e2ncia perto deles, ou n\u00e3o t\u00eam certid\u00e3o de nascimento e, portanto, n\u00e3o podem ir para uma institui\u00e7\u00e3o oficial, ou t\u00eam uma defici\u00eancia ligeira e n\u00e3o h\u00e1 outra op\u00e7\u00e3o de apoio para eles. As crian\u00e7as s\u00e3o recolhidas de v\u00e1rias fazendas pela manh\u00e3 e levadas para casa novamente \u00e0 tarde.<\/p>\n<p>As doa\u00e7\u00f5es s\u00e3o usadas para manuten\u00e7\u00e3o e novas compras.[\/vc_column_text][\/vc_column][\/vc_row]\n<\/div>","protected":false},"excerpt":{"rendered":"<p>[vc_row][vc_column][vc_column_text] P\u00e1gina inicial &#8211; Miss\u00e3o &#8211; Projectos de apoio \u00e0 miss\u00e3o [\/vc_column_text][\/vc_column][\/vc_row][vc_row full_width=&#8221;stretch_row&#8221;][vc_column width=&#8221;1\/3&#8243; css=&#8221;.vc_custom_1686989882305{margin-left: 50px !important;padding-top: 30px !important;padding-right: 30px !important;padding-bottom: 30px !important;padding-left: 30px !important;background-color: rgba(199,214,89,0.47) !important;*background-color: rgb(199,214,89) !important;}&#8221;][vc_column_text css=&#8221;&#8221;]Se voc\u00ea quiser apoiar financeiramente esse projeto, fa\u00e7a uma transfer\u00eancia banc\u00e1ria para a conta do Missionsprokur e indique &#8220;SA Children&#8217;s Centres&#8221; como a finalidade pretendida e&hellip;<\/p>\n","protected":false},"author":3,"featured_media":0,"parent":2301,"menu_order":0,"comment_status":"closed","ping_status":"closed","template":"","meta":{"footnotes":""},"class_list":["post-2103","page","type-page","status-publish","hentry","entry","no-media"],"_links":{"self":[{"href":"https:\/\/siessen.org\/pt-br\/wp-json\/wp\/v2\/pages\/2103","targetHints":{"allow":["GET"]}}],"collection":[{"href":"https:\/\/siessen.org\/pt-br\/wp-json\/wp\/v2\/pages"}],"about":[{"href":"https:\/\/siessen.org\/pt-br\/wp-json\/wp\/v2\/types\/page"}],"author":[{"embeddable":true,"href":"https:\/\/siessen.org\/pt-br\/wp-json\/wp\/v2\/users\/3"}],"replies":[{"embeddable":true,"href":"https:\/\/siessen.org\/pt-br\/wp-json\/wp\/v2\/comments?post=2103"}],"version-history":[{"count":10,"href":"https:\/\/siessen.org\/pt-br\/wp-json\/wp\/v2\/pages\/2103\/revisions"}],"predecessor-version":[{"id":6789,"href":"https:\/\/siessen.org\/pt-br\/wp-json\/wp\/v2\/pages\/2103\/revisions\/6789"}],"up":[{"embeddable":true,"href":"https:\/\/siessen.org\/pt-br\/wp-json\/wp\/v2\/pages\/2301"}],"wp:attachment":[{"href":"https:\/\/siessen.org\/pt-br\/wp-json\/wp\/v2\/media?parent=2103"}],"curies":[{"name":"wp","href":"https:\/\/api.w.org\/{rel}","templated":true}]}}