{"id":2239,"date":"2023-03-23T16:31:40","date_gmt":"2023-03-23T15:31:40","guid":{"rendered":"https:\/\/siessen.org\/o-que-nos-move\/espiritualidade\/"},"modified":"2024-04-11T14:39:46","modified_gmt":"2024-04-11T12:39:46","slug":"espiritualidade","status":"publish","type":"page","link":"https:\/\/siessen.org\/pt-br\/o-que-nos-move\/espiritualidade\/","title":{"rendered":"Espiritualidade"},"content":{"rendered":"<div class=\"wpb-content-wrapper\">[vc_row css=&#8221;.vc_custom_1688628538404{margin-top: 0px !important;}&#8221;][vc_column][vc_column_text]\n<h1 style=\"text-align: center;\"><span class=\"wpex-text-4xl\">Espiritualidade<\/span><\/h1>\n[\/vc_column_text][\/vc_column][\/vc_row][vc_row remove_bottom_col_margin=&#8221;true&#8221;][vc_column width=&#8221;1\/3&#8243; css=&#8221;.vc_custom_1688628183243{margin-top: 0px !important;}&#8221;][vc_column_text]<span style=\"font-size: 24px;\"><strong>&#8220;O modo de vida dos Irm\u00e3os e Irm\u00e3s da Terceira Ordem Regular de S\u00e3o Francisco \u00e9 este: observar o santo Evangelho de Nosso Senhor Jesus Cristo atrav\u00e9s de uma vida de obedi\u00eancia, pobreza e castidade.&#8221;<\/strong><\/span><\/p>\n<p>Nossa Regra come\u00e7a com essas palavras, e toda a nossa vida est\u00e1 contida nessa frase. Escutar diariamente a Palavra de Deus e tentar p\u00f4-la em pr\u00e1tica \u00e9 o motor da nossa vida.[\/vc_column_text][\/vc_column][vc_column width=&#8221;1\/3&#8243;]<figure class=\"vcex-image vcex-module\"><div class=\"vcex-image-inner wpex-relative wpex-inline-block\"><img width=\"1288\" height=\"1701\" src=\"https:\/\/siessen.org\/wp-content\/uploads\/2023\/07\/IHS-Carceri_01.jpg\" class=\"vcex-image-img wpex-align-middle\" alt=\"\" loading=\"lazy\" decoding=\"async\" srcset=\"https:\/\/siessen.org\/wp-content\/uploads\/2023\/07\/IHS-Carceri_01.jpg 1288w, https:\/\/siessen.org\/wp-content\/uploads\/2023\/07\/IHS-Carceri_01-227x300.jpg 227w, https:\/\/siessen.org\/wp-content\/uploads\/2023\/07\/IHS-Carceri_01-775x1024.jpg 775w, https:\/\/siessen.org\/wp-content\/uploads\/2023\/07\/IHS-Carceri_01-768x1014.jpg 768w, https:\/\/siessen.org\/wp-content\/uploads\/2023\/07\/IHS-Carceri_01-1163x1536.jpg 1163w\" sizes=\"auto, (max-width: 1288px) 100vw, 1288px\" \/><\/div><\/figure>[\/vc_column][vc_column width=&#8221;1\/3&#8243; css=&#8221;.vc_custom_1688628242559{margin-top: 0px !important;}&#8221;][vc_column_text]<span style=\"font-size: 24px;\"><strong>&#8220;O Senhor deu-me irm\u00e3os e irm\u00e3s&#8221;.<br \/>\n<\/strong><\/span>Francisco de Assis<\/p>\n<p>Vivemos a nossa voca\u00e7\u00e3o em conjunto com outras pessoas e somos respons\u00e1veis umas pelas outras na nossa Comunidade de Irm\u00e3s.[\/vc_column_text][\/vc_column][\/vc_row][vc_row remove_bottom_col_margin=&#8221;true&#8221;][vc_column width=&#8221;1\/3&#8243;]<figure class=\"vcex-image vcex-module\"><div class=\"vcex-image-inner wpex-relative wpex-inline-block\"><img width=\"1276\" height=\"1701\" src=\"https:\/\/siessen.org\/wp-content\/uploads\/2023\/07\/Fontecolombo-Schwestern_02.jpg\" class=\"vcex-image-img wpex-align-middle\" alt=\"\" loading=\"lazy\" decoding=\"async\" srcset=\"https:\/\/siessen.org\/wp-content\/uploads\/2023\/07\/Fontecolombo-Schwestern_02.jpg 1276w, https:\/\/siessen.org\/wp-content\/uploads\/2023\/07\/Fontecolombo-Schwestern_02-225x300.jpg 225w, https:\/\/siessen.org\/wp-content\/uploads\/2023\/07\/Fontecolombo-Schwestern_02-768x1024.jpg 768w, https:\/\/siessen.org\/wp-content\/uploads\/2023\/07\/Fontecolombo-Schwestern_02-1152x1536.jpg 1152w\" sizes=\"auto, (max-width: 1276px) 100vw, 1276px\" \/><\/div><\/figure>[\/vc_column][vc_column width=&#8221;1\/3&#8243; css=&#8221;.vc_custom_1688628284416{margin-top: 60px !important;}&#8221;][vc_column_text]<strong><span style=\"font-size: 24px;\">&#8220;Sejam amantes de Deus, de sua alma e de todas as suas irm\u00e3s e irm\u00e3os.&#8221;<\/span><br \/>\n<\/strong>Clara de Assis<\/p>\n<p>A nossa vida \u00e9 ao mesmo tempo contemplativa e apost\u00f3lica. A ora\u00e7\u00e3o, o &#8220;estar com Ele&#8221; na Adora\u00e7\u00e3o Eucar\u00edstica e em tudo o que fazemos, \u00e9 a fonte interior para que a nossa paix\u00e3o pelo Reino de Deus n\u00e3o esmore\u00e7a.[\/vc_column_text][\/vc_column][vc_column width=&#8221;1\/3&#8243;]<figure class=\"vcex-image vcex-module\"><div class=\"vcex-image-inner wpex-relative wpex-inline-block\"><img width=\"1063\" height=\"1417\" src=\"https:\/\/siessen.org\/wp-content\/uploads\/2023\/07\/Brunnen-San-Damiano_03.jpg\" class=\"vcex-image-img wpex-align-middle\" alt=\"\" loading=\"lazy\" decoding=\"async\" srcset=\"https:\/\/siessen.org\/wp-content\/uploads\/2023\/07\/Brunnen-San-Damiano_03.jpg 1063w, https:\/\/siessen.org\/wp-content\/uploads\/2023\/07\/Brunnen-San-Damiano_03-225x300.jpg 225w, https:\/\/siessen.org\/wp-content\/uploads\/2023\/07\/Brunnen-San-Damiano_03-768x1024.jpg 768w\" sizes=\"auto, (max-width: 1063px) 100vw, 1063px\" \/><\/div><\/figure>[\/vc_column][\/vc_row][vc_row][vc_column width=&#8221;1\/3&#8243; css=&#8221;.vc_custom_1688628342259{margin-top: 50px !important;}&#8221;][vc_column_text]<strong><br \/>\n  <span style=\"font-size: 24px;\">&#8220;Portanto, n\u00e3o retenham nada de voc\u00eas, para que ele possa receb\u00ea-los como um todo, que se entrega inteiramente a voc\u00eas.&#8221;<\/span><\/p>\n<p><\/strong>S\u00e3o Francisco de Assis<\/p>\n<p>Partilhamos a nossa riqueza, talentos e capacidades com todos &#8211; especialmente com os pobres &#8211; na profunda convic\u00e7\u00e3o de sermos sempre os mais dotados.[\/vc_column_text][\/vc_column][vc_column width=&#8221;1\/3&#8243;]<figure class=\"vcex-image vcex-module\"><div class=\"vcex-image-inner wpex-relative wpex-inline-block\"><img width=\"1063\" height=\"1417\" src=\"https:\/\/siessen.org\/wp-content\/uploads\/2023\/07\/Fontecolombo-Tau_04.jpg\" class=\"vcex-image-img wpex-align-middle\" alt=\"\" loading=\"lazy\" decoding=\"async\" srcset=\"https:\/\/siessen.org\/wp-content\/uploads\/2023\/07\/Fontecolombo-Tau_04.jpg 1063w, https:\/\/siessen.org\/wp-content\/uploads\/2023\/07\/Fontecolombo-Tau_04-225x300.jpg 225w, https:\/\/siessen.org\/wp-content\/uploads\/2023\/07\/Fontecolombo-Tau_04-768x1024.jpg 768w\" sizes=\"auto, (max-width: 1063px) 100vw, 1063px\" \/><\/div><\/figure>[\/vc_column][vc_column width=&#8221;1\/3&#8243; css=&#8221;.vc_custom_1688628348736{margin-top: 50px !important;}&#8221;][vc_column_text]<strong><br \/>\n  <span style=\"font-size: 24px;\">&#8220;Que eles digam como sauda\u00e7\u00e3o:<\/span><\/p>\n<p>  <span style=\"font-size: 24px;\">O Senhor lhes d\u00ea a paz!&#8221;<\/span><\/p>\n<p><\/strong>S\u00e3o Francisco de Assis<\/p>\n<p>Viver juntos em reconcilia\u00e7\u00e3o e paz \u00e9 importante para n\u00f3s. O di\u00e1logo permite-nos avan\u00e7ar uns com os outros. A sauda\u00e7\u00e3o de S\u00e3o Francisco tamb\u00e9m \u00e9 um incentivo para vivermos em harmonia com a cria\u00e7\u00e3o e fazermos nossa parte para preserv\u00e1-la e proteg\u00ea-la.[\/vc_column_text][\/vc_column][\/vc_row]\n<\/div>","protected":false},"excerpt":{"rendered":"<p>[vc_row css=&#8221;.vc_custom_1688628538404{margin-top: 0px !important;}&#8221;][vc_column][vc_column_text] Espiritualidade [\/vc_column_text][\/vc_column][\/vc_row][vc_row remove_bottom_col_margin=&#8221;true&#8221;][vc_column width=&#8221;1\/3&#8243; css=&#8221;.vc_custom_1688628183243{margin-top: 0px !important;}&#8221;][vc_column_text]&#8220;O modo de vida dos Irm\u00e3os e Irm\u00e3s da Terceira Ordem Regular de S\u00e3o Francisco \u00e9 este: observar o santo Evangelho de Nosso Senhor Jesus Cristo atrav\u00e9s de uma vida de obedi\u00eancia, pobreza e castidade.&#8221; Nossa Regra come\u00e7a com essas palavras, e toda a nossa&hellip;<\/p>\n","protected":false},"author":1,"featured_media":0,"parent":1931,"menu_order":0,"comment_status":"closed","ping_status":"closed","template":"","meta":{"footnotes":""},"class_list":["post-2239","page","type-page","status-publish","hentry","entry","no-media"],"_links":{"self":[{"href":"https:\/\/siessen.org\/pt-br\/wp-json\/wp\/v2\/pages\/2239","targetHints":{"allow":["GET"]}}],"collection":[{"href":"https:\/\/siessen.org\/pt-br\/wp-json\/wp\/v2\/pages"}],"about":[{"href":"https:\/\/siessen.org\/pt-br\/wp-json\/wp\/v2\/types\/page"}],"author":[{"embeddable":true,"href":"https:\/\/siessen.org\/pt-br\/wp-json\/wp\/v2\/users\/1"}],"replies":[{"embeddable":true,"href":"https:\/\/siessen.org\/pt-br\/wp-json\/wp\/v2\/comments?post=2239"}],"version-history":[{"count":10,"href":"https:\/\/siessen.org\/pt-br\/wp-json\/wp\/v2\/pages\/2239\/revisions"}],"predecessor-version":[{"id":4285,"href":"https:\/\/siessen.org\/pt-br\/wp-json\/wp\/v2\/pages\/2239\/revisions\/4285"}],"up":[{"embeddable":true,"href":"https:\/\/siessen.org\/pt-br\/wp-json\/wp\/v2\/pages\/1931"}],"wp:attachment":[{"href":"https:\/\/siessen.org\/pt-br\/wp-json\/wp\/v2\/media?parent=2239"}],"curies":[{"name":"wp","href":"https:\/\/api.w.org\/{rel}","templated":true}]}}