{"id":2240,"date":"2017-08-23T21:28:51","date_gmt":"2017-08-23T19:28:51","guid":{"rendered":"https:\/\/siessen.org\/sobre\/"},"modified":"2023-10-10T14:23:34","modified_gmt":"2023-10-10T12:23:34","slug":"sobre","status":"publish","type":"page","link":"https:\/\/siessen.org\/pt-br\/sobre\/","title":{"rendered":"Sobre"},"content":{"rendered":"<div class=\"wpb-content-wrapper\">[vc_row column_spacing=&#8221;60&#8243; css=&#8221;.vc_custom_1503529746815{padding-top: 20px !important;}&#8221;][vc_column width=&#8221;1\/3&#8243;]<style>.vcex-heading.vcex_69dece667cad8{font-size:36px;}<\/style><h2 class=\"vcex-heading vcex-heading-plain vcex-module wpex-heading wpex-text-2xl vcex_69dece667cad8\"><span class=\"vcex-heading-inner wpex-inline-block\">Sobre a baunilha.<\/span><\/h2><style> style=\"padding-block-end:20px;\"<\/style><div class=\"vcex-module vcex-divider-dots wpex-mx-auto wpex-last-mr-0 wpex-text-left\" style=\"padding-block-end:20px;\"><span class=\"wpex-inline-block wpex-rounded-full wpex-bg-accent wpex-mr-10\"><\/span><span class=\"wpex-inline-block wpex-rounded-full wpex-bg-accent wpex-mr-10\"><\/span><span class=\"wpex-inline-block wpex-rounded-full wpex-bg-accent wpex-mr-10\"><\/span><\/div>[vc_column_text width=&#8221;450&#8243; css=&#8221;.vc_custom_1503525543757{margin-top: 0px !important;margin-right: 0px !important;margin-bottom: 0px !important;margin-left: 0px !important;}&#8221;]Somos uma equipa apaixonada por web design, seo, aplica\u00e7\u00f5es m\u00f3veis e cria\u00e7\u00e3o de software para ajudar as empresas a ter sucesso.[\/vc_column_text][\/vc_column][vc_column width=&#8221;2\/3&#8243;][\/vc_column][\/vc_row][vc_row full_width=&#8221;stretch_row&#8221; column_spacing=&#8221;60&#8243; css=&#8221;.vc_custom_1503529767819{padding-top: 80px !important;background-color: #f9f9f9 !important;}&#8221;][vc_column width=&#8221;1\/3&#8243;]<style>.vcex-heading.vcex_69dece667d859{font-size:36px;}<\/style><h2 class=\"vcex-heading vcex-heading-plain vcex-module wpex-heading wpex-text-2xl vcex_69dece667d859\"><span class=\"vcex-heading-inner wpex-inline-block\">Os fundadores.<\/span><\/h2><style> style=\"padding-block-end:20px;\"<\/style><div class=\"vcex-module vcex-divider-dots wpex-mx-auto wpex-last-mr-0 wpex-text-left\" style=\"padding-block-end:20px;\"><span class=\"wpex-inline-block wpex-rounded-full wpex-bg-accent wpex-mr-10\"><\/span><span class=\"wpex-inline-block wpex-rounded-full wpex-bg-accent wpex-mr-10\"><\/span><span class=\"wpex-inline-block wpex-rounded-full wpex-bg-accent wpex-mr-10\"><\/span><\/div>[vc_column_text width=&#8221;450&#8243; css=&#8221;.vc_custom_1503525592922{margin-top: 0px !important;margin-right: 0px !important;margin-bottom: 0px !important;margin-left: 0px !important;}&#8221;]Tudo come\u00e7ou numa garagem. N\u00e3o somos os l\u00edderes n\u00ba 1 na nossa ind\u00fastria com milhares de clientes em todo o mundo.[\/vc_column_text][\/vc_column][vc_column width=&#8221;2\/3&#8243;][vc_column_text css=&#8221;.vc_custom_1503527098069{margin-bottom: 40px !important;}&#8221;]Proin ut odio cursus, tristique libero ac, consequat nibh. Nullam quis diam neque. Sed blandit ultricies iaculis. Nullam pulvinar finibus imperdiet. Curabitur ultricies ex turpis, vitae elementum ante mollis ut. Nullam bibendum odio vel nunc accumsan dapibus. Interdum et malesuada fames ac ante ipsum primis in faucibus. Fusce quis enim et lectus rhoncus rutrum vitae at sapien. Vestibulum hendrerit, quam et faucibus efficitur, augue magna condimentum ligula, sit amet efficitur dui urna quis ligula.<\/p>\n<p>Curabitur eget fermentum justo. Quisque et blandit eros. Donec accumsan ex nec augue dapibus, in aliquam massa ullamcorper. Fusce semper vitae urna nec cursus. Nam vitae tristique justo. Mauris nec nisi ut odio varius euismod. Sed at turpis et nisi consectetur congue. Proin luctus nulla quis nisl fermentum mattis. Donec non molestie velit. Morbi venenatis elementum sodales.[\/vc_column_text]<div class=\"vcex-module vcex-staff-grid-wrap wpex-clr\"><div class=\"wpex-row vcex-staff-grid entries wpex-clr gap-50\"><div class=\"staff-entry vcex-grid-item span_1_of_2 col col-1 entry post-3982 type-staff has-media\"><div class=\"staff-entry-inner entry-inner wpex-first-mt-0 wpex-last-mb-0 wpex-clr\"><div class=\"staff-entry-media entry-media wpex-relative wpex-mb-20\"><img loading=\"lazy\" class=\"staff-entry-media-img staff-entry-img wpex-align-middle wpex-align-middle\" decoding=\"async\" src=\"https:\/\/siessen.org\/wp-content\/uploads\/2024\/03\/FRK_1733-scaled-e1710950604306.jpg\" alt=\"\" srcset=\"https:\/\/siessen.org\/wp-content\/uploads\/2024\/03\/FRK_1733-scaled-e1710950604306.jpg 391w, https:\/\/siessen.org\/wp-content\/uploads\/2024\/03\/FRK_1733-scaled-e1710950604306-300x300.jpg 300w, https:\/\/siessen.org\/wp-content\/uploads\/2024\/03\/FRK_1733-scaled-e1710950604306-150x150.jpg 150w, https:\/\/siessen.org\/wp-content\/uploads\/2024\/03\/FRK_1733-scaled-e1710950604306-125x125.jpg 125w\" width=\"391\" height=\"391\"><\/div><div class=\"staff-entry-details entry-details wpex-first-mt-0 wpex-last-mb-0 wpex-clr\"><h2 class=\"staff-entry-title entry-title wpex-mb-5\" style=\"font-size:16px;font-weight:600;\">Sr. M. Karin Berger<\/h2><div class=\"staff-entry-excerpt entry-excerpt wpex-my-15 wpex-text-pretty wpex-last-mb-0 wpex-clr\"><p>Sr. M. Karin ist die Generaloberin der Kongregation.<\/p><\/div><div class=\"staff-entry-social-links wpex-clr\"><div class=\"staff-social wpex-social-btns wpex-mt-15 wpex-flex wpex-flex-wrap wpex-gap-5\"><a href=\"http:\/\/sr.karin.berger\" class=\"wpex-instagram wpex-social-btn wpex-social-btn-flat wpex-social-bg wpex-rounded-full\" target=\"_blank\" rel=\"noopener noreferrer\"><span class=\"wpex-icon\" aria-hidden=\"true\"><svg xmlns=\"http:\/\/www.w3.org\/2000\/svg\" viewBox=\"0 0 448 512\"><path d=\"M224.1 141c-63.6 0-114.9 51.3-114.9 114.9s51.3 114.9 114.9 114.9S339 319.5 339 255.9 287.7 141 224.1 141zm0 189.6c-41.1 0-74.7-33.5-74.7-74.7s33.5-74.7 74.7-74.7 74.7 33.5 74.7 74.7-33.6 74.7-74.7 74.7zm146.4-194.3c0 14.9-12 26.8-26.8 26.8-14.9 0-26.8-12-26.8-26.8s12-26.8 26.8-26.8 26.8 12 26.8 26.8zm76.1 27.2c-1.7-35.9-9.9-67.7-36.2-93.9-26.2-26.2-58-34.4-93.9-36.2-37-2.1-147.9-2.1-184.9 0-35.8 1.7-67.6 9.9-93.9 36.1s-34.4 58-36.2 93.9c-2.1 37-2.1 147.9 0 184.9 1.7 35.9 9.9 67.7 36.2 93.9s58 34.4 93.9 36.2c37 2.1 147.9 2.1 184.9 0 35.9-1.7 67.7-9.9 93.9-36.2 26.2-26.2 34.4-58 36.2-93.9 2.1-37 2.1-147.8 0-184.8zM398.8 388c-7.8 19.6-22.9 34.7-42.6 42.6-29.5 11.7-99.5 9-132.1 9s-102.7 2.6-132.1-9c-19.6-7.8-34.7-22.9-42.6-42.6-11.7-29.5-9-99.5-9-132.1s-2.6-102.7 9-132.1c7.8-19.6 22.9-34.7 42.6-42.6 29.5-11.7 99.5-9 132.1-9s102.7-2.6 132.1 9c19.6 7.8 34.7 22.9 42.6 42.6 11.7 29.5 9 99.5 9 132.1s2.7 102.7-9 132.1z\"\/><\/svg><\/span><span class=\"screen-reader-text\">Instagram<\/span><\/a><a href=\"tel:+49%207581%2080450\" class=\"wpex-phone-number wpex-social-btn wpex-social-btn-flat wpex-social-bg wpex-rounded-full\" target=\"_blank\" rel=\"noopener noreferrer\"><span class=\"wpex-icon\" aria-hidden=\"true\"><svg xmlns=\"http:\/\/www.w3.org\/2000\/svg\" viewBox=\"0 0 512 512\"><path d=\"M164.9 24.6c-7.7-18.6-28-28.5-47.4-23.2l-88 24C12.1 30.2 0 46 0 64C0 311.4 200.6 512 448 512c18 0 33.8-12.1 38.6-29.5l24-88c5.3-19.4-4.6-39.7-23.2-47.4l-96-40c-16.3-6.8-35.2-2.1-46.3 11.6L304.7 368C234.3 334.7 177.3 277.7 144 207.3L193.3 167c13.7-11.2 18.4-30 11.6-46.3l-40-96z\"\/><\/svg><\/span><span class=\"screen-reader-text\">Phone Number<\/span><\/a><a href=\"mailto:&#115;r&#046;&#107;&#097;&#114;&#105;&#110;&#064;&#107;l&#111;&#115;&#116;&#101;rsiessen.d&#101;\" class=\"wpex-email wpex-social-btn wpex-social-btn-flat wpex-social-bg wpex-rounded-full\"><span class=\"wpex-icon\" aria-hidden=\"true\"><svg xmlns=\"http:\/\/www.w3.org\/2000\/svg\" viewBox=\"0 0 512 512\"><path d=\"M48 64C21.5 64 0 85.5 0 112c0 15.1 7.1 29.3 19.2 38.4L236.8 313.6c11.4 8.5 27 8.5 38.4 0L492.8 150.4c12.1-9.1 19.2-23.3 19.2-38.4c0-26.5-21.5-48-48-48H48zM0 176V384c0 35.3 28.7 64 64 64H448c35.3 0 64-28.7 64-64V176L294.4 339.2c-22.8 17.1-54 17.1-76.8 0L0 176z\"\/><\/svg><\/span><span class=\"screen-reader-text\">Email<\/span><\/a><\/div><\/div><\/div><\/div><\/div><div class=\"staff-entry vcex-grid-item span_1_of_2 col col-2 entry post-3984 type-staff no-media\"><div class=\"staff-entry-inner entry-inner wpex-first-mt-0 wpex-last-mb-0 wpex-clr\"><div class=\"staff-entry-details entry-details wpex-first-mt-0 wpex-last-mb-0 wpex-clr\"><h2 class=\"staff-entry-title entry-title wpex-mb-5\" style=\"font-size:16px;font-weight:600;\">Sr. M. Karin Berger<\/h2><div class=\"staff-entry-excerpt entry-excerpt wpex-my-15 wpex-text-pretty wpex-last-mb-0 wpex-clr\"><p>Sr. M. Karin is the Superior General of the Congregation.<\/p><\/div><div class=\"staff-entry-social-links wpex-clr\"><div class=\"staff-social wpex-social-btns wpex-mt-15 wpex-flex wpex-flex-wrap wpex-gap-5\"><\/div><\/div><\/div><\/div><\/div><div class=\"staff-entry vcex-grid-item span_1_of_2 col col-1 entry post-3985 type-staff has-media\"><div class=\"staff-entry-inner entry-inner wpex-first-mt-0 wpex-last-mb-0 wpex-clr\"><div class=\"staff-entry-media entry-media wpex-relative wpex-mb-20\"><img loading=\"lazy\" class=\"staff-entry-media-img staff-entry-img wpex-align-middle wpex-align-middle\" decoding=\"async\" src=\"https:\/\/siessen.org\/wp-content\/uploads\/2024\/03\/M.-Karin-2-center-top-462x450.jpg\" alt=\"\" width=\"462\" height=\"450\"><\/div><div class=\"staff-entry-details entry-details wpex-first-mt-0 wpex-last-mb-0 wpex-clr\"><h2 class=\"staff-entry-title entry-title wpex-mb-5\" style=\"font-size:16px;font-weight:600;\">Sr. M. Karin Berger<\/h2><div class=\"staff-entry-excerpt entry-excerpt wpex-my-15 wpex-text-pretty wpex-last-mb-0 wpex-clr\"><p>Sr. M. Karin is the Superior General of the Congregation.<\/p><\/div><div class=\"staff-entry-social-links wpex-clr\"><div class=\"staff-social wpex-social-btns wpex-mt-15 wpex-flex wpex-flex-wrap wpex-gap-5\"><\/div><\/div><\/div><\/div><\/div><div class=\"staff-entry vcex-grid-item span_1_of_2 col col-2 entry post-3986 type-staff has-media\"><div class=\"staff-entry-inner entry-inner wpex-first-mt-0 wpex-last-mb-0 wpex-clr\"><div class=\"staff-entry-media entry-media wpex-relative wpex-mb-20\"><img loading=\"lazy\" class=\"staff-entry-media-img staff-entry-img wpex-align-middle wpex-align-middle\" decoding=\"async\" src=\"https:\/\/siessen.org\/wp-content\/uploads\/2024\/03\/M.-Karin-2-center-top-462x450.jpg\" alt=\"\" width=\"462\" height=\"450\"><\/div><div class=\"staff-entry-details entry-details wpex-first-mt-0 wpex-last-mb-0 wpex-clr\"><h2 class=\"staff-entry-title entry-title wpex-mb-5\" style=\"font-size:16px;font-weight:600;\">Ir. M. Karin Berger<\/h2><div class=\"staff-entry-excerpt entry-excerpt wpex-my-15 wpex-text-pretty wpex-last-mb-0 wpex-clr\"><p>A Irm\u00e3 M. Karin \u00e9 a Superiora Geral da Congrega\u00e7\u00e3o.<\/p><\/div><div class=\"staff-entry-social-links wpex-clr\"><div class=\"staff-social wpex-social-btns wpex-mt-15 wpex-flex wpex-flex-wrap wpex-gap-5\"><\/div><\/div><\/div><\/div><\/div><div class=\"staff-entry vcex-grid-item span_1_of_2 col col-1 entry post-2187 type-staff has-media\"><div class=\"staff-entry-inner entry-inner wpex-first-mt-0 wpex-last-mb-0 wpex-clr\"><div class=\"staff-entry-media entry-media wpex-relative wpex-mb-20\"><img loading=\"lazy\" class=\"staff-entry-media-img staff-entry-img wpex-align-middle wpex-align-middle\" decoding=\"async\" src=\"https:\/\/siessen.org\/wp-content\/uploads\/2017\/08\/2022-12-AssisiKonvent-andreamaria-center-top-482x450.jpg\" alt=\"\" width=\"482\" height=\"450\"><\/div><div class=\"staff-entry-details entry-details wpex-first-mt-0 wpex-last-mb-0 wpex-clr\"><h2 class=\"staff-entry-title entry-title wpex-mb-5\" style=\"font-size:16px;font-weight:600;\">Ir. Andrea Maria<\/h2><div class=\"staff-entry-excerpt entry-excerpt wpex-my-15 wpex-text-pretty wpex-last-mb-0 wpex-clr\"><p>Etiam ullamcorper lorem ac ipsum posuere interdum. Proin et quam eu nisi malesuada sodales. Sed mollis, est a porttitor consectetur, dolor nulla bibendum diam, quis aliquet urna ex a eros&hellip;<\/p><\/div><div class=\"staff-entry-social-links wpex-clr\"><div class=\"staff-social wpex-social-btns wpex-mt-15 wpex-flex wpex-flex-wrap wpex-gap-5\"><\/div><\/div><\/div><\/div><\/div><div class=\"staff-entry vcex-grid-item span_1_of_2 col col-2 entry post-2190 type-staff has-media\"><div class=\"staff-entry-inner entry-inner wpex-first-mt-0 wpex-last-mb-0 wpex-clr\"><div class=\"staff-entry-media entry-media wpex-relative wpex-mb-20\"><img loading=\"lazy\" class=\"staff-entry-media-img staff-entry-img wpex-align-middle wpex-align-middle\" decoding=\"async\" src=\"https:\/\/siessen.org\/wp-content\/uploads\/2017\/08\/2022-12-AssisiKonvent-andreamaria-center-top-482x450.jpg\" alt=\"\" width=\"482\" height=\"450\"><\/div><div class=\"staff-entry-details entry-details wpex-first-mt-0 wpex-last-mb-0 wpex-clr\"><h2 class=\"staff-entry-title entry-title wpex-mb-5\" style=\"font-size:16px;font-weight:600;\">Sr. Andrea Maria<\/h2><div class=\"staff-entry-excerpt entry-excerpt wpex-my-15 wpex-text-pretty wpex-last-mb-0 wpex-clr\"><p>Etiam ullamcorper lorem ac ipsum posuere interdum. Proin et quam eu nisi malesuada sodales. Sed mollis, est a porttitor consectetur, dolor nulla bibendum diam, quis aliquet urna ex a eros&hellip;<\/p><\/div><div class=\"staff-entry-social-links wpex-clr\"><div class=\"staff-social wpex-social-btns wpex-mt-15 wpex-flex wpex-flex-wrap wpex-gap-5\"><\/div><\/div><\/div><\/div><\/div><div class=\"staff-entry vcex-grid-item span_1_of_2 col col-1 entry post-2125 type-staff has-media\"><div class=\"staff-entry-inner entry-inner wpex-first-mt-0 wpex-last-mb-0 wpex-clr\"><div class=\"staff-entry-media entry-media wpex-relative wpex-mb-20\"><img loading=\"lazy\" class=\"staff-entry-media-img staff-entry-img wpex-align-middle wpex-align-middle\" decoding=\"async\" src=\"https:\/\/siessen.org\/wp-content\/uploads\/2017\/08\/2022-08-AssisiKonvent-Luzia-center-top-482x450.jpg\" alt=\"\" width=\"482\" height=\"450\"><\/div><div class=\"staff-entry-details entry-details wpex-first-mt-0 wpex-last-mb-0 wpex-clr\"><h2 class=\"staff-entry-title entry-title wpex-mb-5\" style=\"font-size:16px;font-weight:600;\">Ir. Luzia<\/h2><div class=\"staff-entry-excerpt entry-excerpt wpex-my-15 wpex-text-pretty wpex-last-mb-0 wpex-clr\"><p>Este \u00e9 um excerto personalizado, pelo que pode escrever algo \u00fanico para a sua entrada destinada aos membros do seu pessoal.<\/p><\/div><div class=\"staff-entry-social-links wpex-clr\"><div class=\"staff-social wpex-social-btns wpex-mt-15 wpex-flex wpex-flex-wrap wpex-gap-5\"><\/div><\/div><\/div><\/div><\/div><div class=\"staff-entry vcex-grid-item span_1_of_2 col col-2 entry post-2165 type-staff has-media\"><div class=\"staff-entry-inner entry-inner wpex-first-mt-0 wpex-last-mb-0 wpex-clr\"><div class=\"staff-entry-media entry-media wpex-relative wpex-mb-20\"><img loading=\"lazy\" class=\"staff-entry-media-img staff-entry-img wpex-align-middle wpex-align-middle\" decoding=\"async\" src=\"https:\/\/siessen.org\/wp-content\/uploads\/2017\/08\/2022-08-AssisiKonvent-Luzia-center-top-482x450.jpg\" alt=\"\" width=\"482\" height=\"450\"><\/div><div class=\"staff-entry-details entry-details wpex-first-mt-0 wpex-last-mb-0 wpex-clr\"><h2 class=\"staff-entry-title entry-title wpex-mb-5\" style=\"font-size:16px;font-weight:600;\">Sr. Luzia<\/h2><div class=\"staff-entry-excerpt entry-excerpt wpex-my-15 wpex-text-pretty wpex-last-mb-0 wpex-clr\"><p>This is a custom excerpt so you can write something unique for your entry for your staff members.<\/p><\/div><div class=\"staff-entry-social-links wpex-clr\"><div class=\"staff-social wpex-social-btns wpex-mt-15 wpex-flex wpex-flex-wrap wpex-gap-5\"><\/div><\/div><\/div><\/div><\/div><div class=\"staff-entry vcex-grid-item span_1_of_2 col col-1 entry post-2145 type-staff has-media\"><div class=\"staff-entry-inner entry-inner wpex-first-mt-0 wpex-last-mb-0 wpex-clr\"><div class=\"staff-entry-media entry-media wpex-relative wpex-mb-20\"><img loading=\"lazy\" class=\"staff-entry-media-img staff-entry-img wpex-align-middle wpex-align-middle\" decoding=\"async\" src=\"https:\/\/siessen.org\/wp-content\/uploads\/2017\/08\/srBernadetteSA_DSC_0596-e1676026341889-center-top-500x450.jpg\" alt=\"\" width=\"500\" height=\"450\"><\/div><div class=\"staff-entry-details entry-details wpex-first-mt-0 wpex-last-mb-0 wpex-clr\"><h2 class=\"staff-entry-title entry-title wpex-mb-5\" style=\"font-size:16px;font-weight:600;\">Sr. Bernadette<\/h2><div class=\"staff-entry-excerpt entry-excerpt wpex-my-15 wpex-text-pretty wpex-last-mb-0 wpex-clr\"><p>This is a custom excerpt so you can write something unique for your entry for your staff members.<\/p><\/div><div class=\"staff-entry-social-links wpex-clr\"><div class=\"staff-social wpex-social-btns wpex-mt-15 wpex-flex wpex-flex-wrap wpex-gap-5\"><\/div><\/div><\/div><\/div><\/div><\/div><\/div>[\/vc_column][\/vc_row][vc_row column_spacing=&#8221;60&#8243; css=&#8221;.vc_custom_1503528746323{padding-top: 80px !important;padding-bottom: 20px !important;}&#8221;][vc_column width=&#8221;1\/2&#8243;]<style>.vcex-heading.vcex_69dece6685f48{font-size:36px;}<\/style><h2 class=\"vcex-heading vcex-heading-plain vcex-module wpex-heading wpex-text-2xl vcex_69dece6685f48\"><span class=\"vcex-heading-inner wpex-inline-block\">As nossas estat\u00edsticas.<\/span><\/h2><style> style=\"padding-block-end:20px;\"<\/style><div class=\"vcex-module vcex-divider-dots wpex-mx-auto wpex-last-mr-0 wpex-text-left\" style=\"padding-block-end:20px;\"><span class=\"wpex-inline-block wpex-rounded-full wpex-bg-accent wpex-mr-10\"><\/span><span class=\"wpex-inline-block wpex-rounded-full wpex-bg-accent wpex-mr-10\"><\/span><span class=\"wpex-inline-block wpex-rounded-full wpex-bg-accent wpex-mr-10\"><\/span><\/div>[vc_column_text width=&#8221;450&#8243; css=&#8221;.vc_custom_1503527375659{margin-top: 0px !important;margin-right: 0px !important;margin-bottom: 0px !important;margin-left: 0px !important;}&#8221;]Veja a nossa posi\u00e7\u00e3o em rela\u00e7\u00e3o \u00e0 concorr\u00eancia. Estamos a arrasar todos os meses![\/vc_column_text][\/vc_column][vc_column width=&#8221;1\/2&#8243;][vc_line_chart values=&#8221;%5B%7B%22title%22%3A%22Competitor%22%2C%22y_values%22%3A%2210%3B%2015%3B%2010%3B%208%3B%2027%3B%2019%3B%2023%3B%2025%22%2C%22color%22%3A%22blue%22%7D%2C%7B%22title%22%3A%22Vanilla%22%2C%22y_values%22%3A%2225%3B%2018%3B%2016%3B%2017%3B%2032%3B%2036%3B%2030%3B%2035%22%2C%22color%22%3A%22vista-blue%22%7D%5D&#8221;][\/vc_column][\/vc_row]\n<\/div>","protected":false},"excerpt":{"rendered":"<p>[vc_row column_spacing=&#8221;60&#8243; css=&#8221;.vc_custom_1503529746815{padding-top: 20px !important;}&#8221;][vc_column width=&#8221;1\/3&#8243;][vc_column_text width=&#8221;450&#8243; css=&#8221;.vc_custom_1503525543757{margin-top: 0px !important;margin-right: 0px !important;margin-bottom: 0px !important;margin-left: 0px !important;}&#8221;]Somos uma equipa apaixonada por web design, seo, aplica\u00e7\u00f5es m\u00f3veis e cria\u00e7\u00e3o de software para ajudar as empresas a ter sucesso.[\/vc_column_text][\/vc_column][vc_column width=&#8221;2\/3&#8243;][\/vc_column][\/vc_row][vc_row full_width=&#8221;stretch_row&#8221; column_spacing=&#8221;60&#8243; css=&#8221;.vc_custom_1503529767819{padding-top: 80px !important;background-color: #f9f9f9 !important;}&#8221;][vc_column width=&#8221;1\/3&#8243;][vc_column_text width=&#8221;450&#8243; css=&#8221;.vc_custom_1503525592922{margin-top: 0px !important;margin-right: 0px !important;margin-bottom: 0px !important;margin-left: 0px !important;}&#8221;]Tudo&hellip;<\/p>\n","protected":false},"author":1,"featured_media":0,"parent":0,"menu_order":0,"comment_status":"closed","ping_status":"closed","template":"","meta":{"footnotes":""},"class_list":["post-2240","page","type-page","status-publish","hentry","entry","has-media"],"_links":{"self":[{"href":"https:\/\/siessen.org\/pt-br\/wp-json\/wp\/v2\/pages\/2240","targetHints":{"allow":["GET"]}}],"collection":[{"href":"https:\/\/siessen.org\/pt-br\/wp-json\/wp\/v2\/pages"}],"about":[{"href":"https:\/\/siessen.org\/pt-br\/wp-json\/wp\/v2\/types\/page"}],"author":[{"embeddable":true,"href":"https:\/\/siessen.org\/pt-br\/wp-json\/wp\/v2\/users\/1"}],"replies":[{"embeddable":true,"href":"https:\/\/siessen.org\/pt-br\/wp-json\/wp\/v2\/comments?post=2240"}],"version-history":[{"count":1,"href":"https:\/\/siessen.org\/pt-br\/wp-json\/wp\/v2\/pages\/2240\/revisions"}],"predecessor-version":[{"id":2244,"href":"https:\/\/siessen.org\/pt-br\/wp-json\/wp\/v2\/pages\/2240\/revisions\/2244"}],"wp:attachment":[{"href":"https:\/\/siessen.org\/pt-br\/wp-json\/wp\/v2\/media?parent=2240"}],"curies":[{"name":"wp","href":"https:\/\/api.w.org\/{rel}","templated":true}]}}