{"id":2241,"date":"2016-08-16T23:47:07","date_gmt":"2016-08-16T21:47:07","guid":{"rendered":"https:\/\/siessen.org\/inicio-2\/"},"modified":"2024-07-31T11:05:56","modified_gmt":"2024-07-31T09:05:56","slug":"inicio-2","status":"publish","type":"page","link":"https:\/\/siessen.org\/pt-br\/","title":{"rendered":"In\u00edcio"},"content":{"rendered":"<div class=\"wpb-content-wrapper\">[vc_row wpex_bg_overlay=&#8221;color&#8221; css=&#8221;.vc_custom_1721899114122{padding-top: 140px !important;padding-bottom: 140px !important;background-image: url(https:\/\/siessen.org\/wp-content\/uploads\/2023\/02\/H_Klosteranlage09-2021.jpg?id=254) !important;background-position: center !important;background-repeat: no-repeat !important;background-size: cover !important;}&#8221; wpex_bg_overlay_color=&#8221;#3b3e47&#8243; wpex_bg_overlay_opacity=&#8221;0.4&#8243;][vc_column]<div class=\"vcex-spacing wpex-w-100 wpex-clear\"><\/div><style>.vcex-animated-text.vcex_69da122309e58{text-align:center;color:#ffffff;font-size:38px;}@media (max-width:767px){.vcex-animated-text.vcex_69da122309e58{font-size:32px;}}<\/style><div class=\"vcex-animated-text vcex-module wpex-m-0 wpex-text-xl wpex-text-1 wpex-font-semibold wpex-leading-none vcex-typed-text-wrap wpex-text-center vcex_69da122309e58\"><span class=\"vcex-typed-text-inner vcex-typed-text-css wpex-inline-block wpex-max-w-100 vc_custom_1722416743541\"><span class=\"screen-reader-text\"><span>Wir folgen gemeinsam Jesus - We follow Jesus together - Seguimos a Jesus juntas<\/span><span>Wir lieben das Abenteuer mit Gott - We love adventures with God - Amamos a aventura com Deus<\/span><span>Wir tr\u00e4umen von einer neuen Kirche und Welt - We dream of a new church and a new world - Sonhamos com uma nova igreja e um novo mundo<\/span><span>Wir sind Franziskanerinnen von Sie\u00dfen - We are Franciscan Sisters of Siessen - Somos Irm\u00e3s Franciscanas de Siessen<\/span><\/span><span class=\"vcex-animated-text__placeholder vcex-ph wpex-inline-block wpex-invisible\"><\/span><span class=\"vcex-typed-text\" aria-hidden=\"true\" data-settings=\"{&quot;loop&quot;:false,&quot;showCursor&quot;:false,&quot;typeSpeed&quot;:110,&quot;backDelay&quot;:1000,&quot;backSpeed&quot;:0,&quot;startDelay&quot;:0}\" data-strings=\"[&quot;Wir folgen gemeinsam Jesus - We follow Jesus together - Seguimos a Jesus juntas&quot;,&quot;Wir lieben das Abenteuer mit Gott - We love adventures with God - Amamos a aventura com Deus&quot;,&quot;Wir tr\\u00e4umen von einer neuen Kirche und Welt - We dream of a new church and a new world - Sonhamos com uma nova igreja e um novo mundo&quot;,&quot;Wir sind Franziskanerinnen von Sie\\u00dfen - We are Franciscan Sisters of Siessen - Somos Irm\\u00e3s Franciscanas de Siessen&quot;]\"><\/span><\/span><\/div>[vc_empty_space height=&#8221;20px&#8221;]<style>.vcex-heading.vcex_69da12230a4e6{width:660px;color:#ffffff;font-size:20px;font-weight:400;}@media (max-width:479px){.vcex-heading.vcex_69da12230a4e6{font-size:16px;}}<\/style><h3 class=\"vcex-heading vcex-heading-plain vcex-module wpex-heading wpex-text-2xl wpex-text-center wpex-max-w-100 wpex-mx-auto vcex_69da12230a4e6\"><span class=\"vcex-heading-inner wpex-inline-block\">Nas nossas Prov\u00edncias do Brasil, da Alemanha e da \u00c1frica do Sul, queremos dar m\u00e3o e p\u00e9 ao Evangelho. Louvamos, amamos e servimos a Deus no esp\u00edrito de S\u00e3o Francisco e da Santa Clara na simplicidade e na humildade.  Vivemos com pessoas e amamos e respeitamos a cria\u00e7\u00e3o de Deus. Acreditamos na for\u00e7a da vida que existe em cada ser humano. Juntas constru\u00edmos o Reino de Deus.<\/span><\/h3>[vc_empty_space height=&#8221;10px&#8221;][vc_empty_space height=&#8221;15px&#8221;]<style>.vcex-button.vcex_69da12230abc2{background:rgba(255,255,255,0.21);padding-block:10px;padding-inline:30px;font-size:16px;letter-spacing:1px;}.vcex-button.vcex_69da12230abc2:hover{background:#ffffff!important;color:#666666!important;}<\/style><div class=\"theme-button-wrap textcenter wpex-clr\"><a href=\"https:\/\/siessen.org\/wer\/\" class=\"vcex-button theme-button align-center inline vcex_69da12230abc2\"><span class=\"vcex-button-inner theme-button-inner wpex-flex wpex-flex-wrap wpex-items-center wpex-justify-center\">Saiba mais<\/span><\/a><\/div> [\/vc_column][\/vc_row][vc_row css=&#8221;.vc_custom_1503184752112{padding-top: 60px !important;}&#8221;][vc_column]<style>.vcex-heading.vcex_69da12230afd2{font-size:36px;}<\/style><h2 class=\"vcex-heading vcex-heading-plain vcex-module wpex-heading wpex-text-2xl wpex-text-center vcex_69da12230afd2\"><span class=\"vcex-heading-inner wpex-inline-block\">Tarefas no Generalato<\/span><\/h2><div class=\"vcex-module vcex-divider-dots wpex-mx-auto wpex-last-mr-0 wpex-text-center\"><span class=\"wpex-inline-block wpex-rounded-full wpex-mr-10\" style=\"background:#748e9e;\"><\/span><span class=\"wpex-inline-block wpex-rounded-full wpex-mr-10\" style=\"background:#748e9e;\"><\/span><span class=\"wpex-inline-block wpex-rounded-full wpex-mr-10\" style=\"background:#748e9e;\"><\/span><\/div>[vc_row_inner][vc_column_inner width=&#8221;1\/4&#8243;]<style>.vcex-icon-box.vcex_69da12230b8e0 .vcex-icon-box-content{font-size:var(--wpex-text-sm);}.vcex-icon-box.vcex_69da12230b8e0 .vcex-icon-box-heading{font-size:var(--wpex-text-lg);}<\/style><div class=\"vcex-module vcex-icon-box vcex-icon-box-three wpex-block wpex-text-center vcex_69da12230b8e0\"><div class=\"vcex-icon-box-symbol vcex-icon-box-symbol--image wpex-mb-20\"><img width=\"1701\" height=\"935\" src=\"https:\/\/siessen.org\/wp-content\/uploads\/2023\/09\/KL_DSC_0710web-e1722771268946.jpg\" class=\"vcex-icon-box-image wpex-align-middle\" alt=\"\" loading=\"lazy\" decoding=\"async\" srcset=\"https:\/\/siessen.org\/wp-content\/uploads\/2023\/09\/KL_DSC_0710web-e1722771268946.jpg 1701w, https:\/\/siessen.org\/wp-content\/uploads\/2023\/09\/KL_DSC_0710web-e1722771268946-300x165.jpg 300w, https:\/\/siessen.org\/wp-content\/uploads\/2023\/09\/KL_DSC_0710web-e1722771268946-1024x563.jpg 1024w, https:\/\/siessen.org\/wp-content\/uploads\/2023\/09\/KL_DSC_0710web-e1722771268946-768x422.jpg 768w, https:\/\/siessen.org\/wp-content\/uploads\/2023\/09\/KL_DSC_0710web-e1722771268946-1536x844.jpg 1536w, https:\/\/siessen.org\/wp-content\/uploads\/2023\/09\/KL_DSC_0710web-e1722771268946-1200x660.jpg 1200w\" sizes=\"auto, (max-width: 1701px) 100vw, 1701px\" \/><\/div><div class=\"vcex-icon-box-text\"><h2 class=\"vcex-icon-box-heading wpex-heading wpex-mb-10\">Gerenciar<\/h2><div class=\"vcex-icon-box-content wpex-last-mb-0 wpex-clr\"><p style=\"text-align: justify\">O l\u00edder mais importante da Congrega\u00e7\u00e3o \u00e9 o Esp\u00edrito Santo, que nos guia em conjunto e a cada uma individualmente. \u00c9 tarefa da Dire\u00e7\u00e3o Congregacional ouvir essa orienta\u00e7\u00e3o e reunir os v\u00e1rios movimentos.<\/p>\n<\/div><\/div><\/div>[\/vc_column_inner][vc_column_inner width=&#8221;1\/4&#8243;]<style>.vcex-icon-box.vcex_69da12230c366 .vcex-icon-box-content{font-size:var(--wpex-text-sm);}.vcex-icon-box.vcex_69da12230c366 .vcex-icon-box-heading{font-size:var(--wpex-text-lg);}<\/style><div class=\"vcex-module vcex-icon-box vcex-icon-box-three wpex-block wpex-text-center vcex_69da12230c366\"><div class=\"vcex-icon-box-symbol vcex-icon-box-symbol--image wpex-mb-20\"><img width=\"194\" height=\"150\" src=\"https:\/\/siessen.org\/wp-content\/uploads\/2023\/06\/Franziskus-Torhaus-2a.jpg\" class=\"vcex-icon-box-image wpex-align-middle\" alt=\"\" loading=\"lazy\" decoding=\"async\" \/><\/div><div class=\"vcex-icon-box-text\"><h2 class=\"vcex-icon-box-heading wpex-heading wpex-mb-10\">Estar alinhada<\/h2><div class=\"vcex-icon-box-content wpex-last-mb-0 wpex-clr\"><p style=\"text-align: justify\">Atentos aos sinais dos tempos e aos movimentos da Congrega\u00e7\u00e3o, e criativamente fi\u00e9is \u00e0 nossa hist\u00f3ria, estamos abrindo caminho para o futuro que Deus quer nos dar.<\/p>\n<\/div><\/div><\/div>[\/vc_column_inner][vc_column_inner width=&#8221;1\/4&#8243;]<style>.vcex-icon-box.vcex_69da12230cb9f .vcex-icon-box-content{font-size:var(--wpex-text-sm);}.vcex-icon-box.vcex_69da12230cb9f .vcex-icon-box-heading{font-size:var(--wpex-text-lg);}.vcex-icon-box.vcex_69da12230cb9f .vcex-icon-box-image{width:200px;}<\/style><div class=\"vcex-module vcex-icon-box vcex-icon-box-three wpex-block wpex-text-center vcex_69da12230cb9f\"><div class=\"vcex-icon-box-symbol vcex-icon-box-symbol--image wpex-mb-20\"><img loading=\"lazy\" class=\"vcex-icon-box-image wpex-align-middle\" decoding=\"async\" src=\"https:\/\/siessen.org\/wp-content\/uploads\/2023\/06\/aogk2019-schlussbild-200x150.jpg\" alt=\"\" width=\"200\" height=\"150\"><\/div><div class=\"vcex-icon-box-text\"><h2 class=\"vcex-icon-box-heading wpex-heading wpex-mb-10\">Construindo comunidade<\/h2><div class=\"vcex-icon-box-content wpex-last-mb-0 wpex-clr\"><p style=\"text-align: justify\">Para que a uni\u00e3o na Congrega\u00e7\u00e3o cres\u00e7a, \u00e9 necess\u00e1rio que haja oportunidades de contacto, um cora\u00e7\u00e3o aberto \u00e0s diferen\u00e7as culturais e uma certa curiosidade sobre a forma como Jesus nos quer encontrar atrav\u00e9s da irm\u00e3.<\/p>\n<\/div><\/div><\/div>[\/vc_column_inner][vc_column_inner width=&#8221;1\/4&#8243;]<style>.vcex-icon-box.vcex_69da12230db04 .vcex-icon-box-content{font-size:var(--wpex-text-sm);}.vcex-icon-box.vcex_69da12230db04 .vcex-icon-box-heading{font-size:var(--wpex-text-lg);}.vcex-icon-box.vcex_69da12230db04 .vcex-icon-box-image{width:200px;}<\/style><div class=\"vcex-module vcex-icon-box vcex-icon-box-three wpex-block wpex-text-center vcex_69da12230db04\"><div class=\"vcex-icon-box-symbol vcex-icon-box-symbol--image wpex-mb-20\"><img loading=\"lazy\" class=\"vcex-icon-box-image wpex-align-middle\" decoding=\"async\" src=\"https:\/\/siessen.org\/wp-content\/uploads\/2023\/06\/Gemeinschaft-foerdern.jpg\" alt=\"\" width=\"200\" height=\"150\"><\/div><div class=\"vcex-icon-box-text\"><h2 class=\"vcex-icon-box-heading wpex-heading wpex-mb-10\">Promover o contacto<\/h2><div class=\"vcex-icon-box-content wpex-last-mb-0 wpex-clr\"><p style=\"text-align: justify\">N\u00e3o vivemos numa ilha. Para cumprirmos a nossa miss\u00e3o neste mundo, vivemos numa variedade de rela\u00e7\u00f5es com pessoas, grupos e institui\u00e7\u00f5es, incluindo os de outras confiss\u00f5es.<\/p>\n<\/div><\/div><\/div>[\/vc_column_inner][\/vc_row_inner][\/vc_column][\/vc_row][vc_row full_width=&#8221;stretch_row&#8221; parallax=&#8221;vcex_parallax&#8221; wpex_bg_overlay=&#8221;color&#8221; css=&#8221;.vc_custom_1686993878480{padding-top: 100px !important;padding-bottom: 60px !important;background-image: url(https:\/\/siessen.org\/wp-content\/uploads\/2023\/06\/Focus-titelbaum.jpg?id=665) !important;}&#8221;][vc_column]<style>.vcex-button.vcex_69da12230e52d{background:#8ca7ba;padding-block:12px;padding-inline:36px;font-size:18px;letter-spacing:1px;}.vcex-button.vcex_69da12230e52d:hover{background:#748e9e!important;}<\/style><a href=\"https:\/\/siessen.org\/pt-br\/o-que-nos-move\/foco-2020-2026\/\" class=\"vcex-button theme-button inline vcex_69da12230e52d\" target=\"_blank\" rel=\"noopener noreferrer\"><span class=\"vcex-button-inner theme-button-inner wpex-flex wpex-flex-wrap wpex-items-center wpex-justify-center\">Saiba mais<\/span><\/a> <style>.vcex-heading.vcex_69da1223109e3{color:#ffffff;font-size:38px;}<\/style><div class=\"vcex-heading vcex-heading-plain vcex-module wpex-heading wpex-text-2xl wpex-text-center vcex_69da1223109e3\"><span class=\"vcex-heading-inner wpex-inline-block\">O nosso focus 2020 - 2026<\/span><\/div><div class=\"vcex-module vcex-divider-dots wpex-mx-auto wpex-last-mr-0 wpex-text-center\"><span class=\"wpex-inline-block wpex-rounded-full wpex-mr-10\" style=\"background:#ddddce;\"><\/span><span class=\"wpex-inline-block wpex-rounded-full wpex-mr-10\" style=\"background:#ddddce;\"><\/span><span class=\"wpex-inline-block wpex-rounded-full wpex-mr-10\" style=\"background:#ddddce;\"><\/span><\/div><div class=\"vcex-spacing wpex-w-100 wpex-clear\" style=\"height:20px;\"><\/div>[vc_column_text text_align=&#8221;center&#8221; width=&#8221;650px&#8221; font_size=&#8221;20px&#8221; color=&#8221;#ffffff&#8221;]Encontre!<br \/>  Ou\u00e7a!<br \/>  Conte-nos!<br \/>  Descubra!<br \/>  Preocupe-se!<br \/>  Cres\u00e7a!<br \/>  Seja!<\/p>\n<h3>Como?<\/h3>\n<p>espiritualmente, atenciosamente, trinit\u00e1rio, comum<br \/>  como mission\u00e1rio 24\/7 com DNA franciscano[\/vc_column_text]<div class=\"vcex-module vcex-divider-dots wpex-mx-auto wpex-last-mr-0 wpex-text-center\"><span class=\"wpex-inline-block wpex-rounded-full wpex-mr-10\" style=\"background:#dddad2;\"><\/span><span class=\"wpex-inline-block wpex-rounded-full wpex-mr-10\" style=\"background:#dddad2;\"><\/span><span class=\"wpex-inline-block wpex-rounded-full wpex-mr-10\" style=\"background:#dddad2;\"><\/span><\/div>[\/vc_column][\/vc_row][vc_row full_width=&#8221;stretch_row&#8221; css=&#8221;.vc_custom_1503186612570{padding-top: 60px !important;background-color: #eeeeee !important;}&#8221;][vc_column css=&#8221;.vc_custom_1503271746016{margin-bottom: 0px !important;}&#8221;]<style>.vcex-heading.vcex_69da122310fa9{font-size:36px;}<\/style><h2 class=\"vcex-heading vcex-heading-plain vcex-module wpex-heading wpex-text-2xl wpex-text-center vcex_69da122310fa9\"><span class=\"vcex-heading-inner wpex-inline-block\">O que nos motiva<\/span><\/h2><div class=\"vcex-module vcex-divider-dots wpex-mx-auto wpex-last-mr-0 wpex-text-center\"><span class=\"wpex-inline-block wpex-rounded-full wpex-mr-10\" style=\"background:#748e9e;\"><\/span><span class=\"wpex-inline-block wpex-rounded-full wpex-mr-10\" style=\"background:#748e9e;\"><\/span><span class=\"wpex-inline-block wpex-rounded-full wpex-mr-10\" style=\"background:#748e9e;\"><\/span><\/div>[\/vc_column][\/vc_row][vc_row full_width=&#8221;stretch_row&#8221; content_placement=&#8221;middle&#8221; css=&#8221;.vc_custom_1503272032548{padding-bottom: 40px !important;background-color: #eeeeee !important;}&#8221;][vc_column width=&#8221;1\/3&#8243; css=&#8221;.vc_custom_1503272201399{padding-right: 30px !important;padding-left: 30px !important;}&#8221;][vc_single_image image=&#8221;1604&#8243; style=&#8221;vc_box_circle_2&#8243;][\/vc_column][vc_column width=&#8221;2\/3&#8243;][vc_column_text width=&#8221;780px&#8221; font_size=&#8221;20px&#8221;]&#8221;O Senhor deu-me&#8230;&#8221; No seu testamento, Francisco repete estas palavras uma e outra vez, descrevendo a orienta\u00e7\u00e3o de Deus experimentada na sua vida. Se algu\u00e9m quiser exprimir o seu modo de vida de forma resumida, ent\u00e3o \u00e9 provavelmente <strong>a vida segundo o Evangelho<\/strong>. Esta \u00e9 tamb\u00e9m a medula das nossas vidas &#8230;[\/vc_column_text]<div class=\"vcex-spacing wpex-w-100 wpex-clear\" style=\"height:60px;\"><\/div>[\/vc_column][\/vc_row][vc_row][vc_column][\/vc_column][\/vc_row]\n<\/div>","protected":false},"excerpt":{"rendered":"<p>[vc_row wpex_bg_overlay=&#8221;color&#8221; css=&#8221;.vc_custom_1721899114122{padding-top: 140px !important;padding-bottom: 140px !important;background-image: url(https:\/\/siessen.org\/wp-content\/uploads\/2023\/02\/H_Klosteranlage09-2021.jpg?id=254) !important;background-position: center !important;background-repeat: no-repeat !important;background-size: cover !important;}&#8221; wpex_bg_overlay_color=&#8221;#3b3e47&#8243; wpex_bg_overlay_opacity=&#8221;0.4&#8243;][vc_column][vc_empty_space height=&#8221;20px&#8221;][vc_empty_space height=&#8221;10px&#8221;][vc_empty_space height=&#8221;15px&#8221;][\/vc_column][\/vc_row][vc_row css=&#8221;.vc_custom_1503184752112{padding-top: 60px !important;}&#8221;][vc_column][vc_row_inner][vc_column_inner width=&#8221;1\/4&#8243;][\/vc_column_inner][vc_column_inner width=&#8221;1\/4&#8243;][\/vc_column_inner][vc_column_inner width=&#8221;1\/4&#8243;][\/vc_column_inner][vc_column_inner width=&#8221;1\/4&#8243;][\/vc_column_inner][\/vc_row_inner][\/vc_column][\/vc_row][vc_row full_width=&#8221;stretch_row&#8221; parallax=&#8221;vcex_parallax&#8221; wpex_bg_overlay=&#8221;color&#8221; css=&#8221;.vc_custom_1686993878480{padding-top: 100px !important;padding-bottom: 60px !important;background-image: url(https:\/\/siessen.org\/wp-content\/uploads\/2023\/06\/Focus-titelbaum.jpg?id=665) !important;}&#8221;][vc_column][vc_column_text text_align=&#8221;center&#8221; width=&#8221;650px&#8221; font_size=&#8221;20px&#8221; color=&#8221;#ffffff&#8221;]Encontre! Ou\u00e7a! Conte-nos! Descubra! Preocupe-se! Cres\u00e7a! Seja! Como? espiritualmente, atenciosamente, trinit\u00e1rio, comum como mission\u00e1rio 24\/7&hellip;<\/p>\n","protected":false},"author":1,"featured_media":0,"parent":0,"menu_order":0,"comment_status":"closed","ping_status":"closed","template":"","meta":{"footnotes":""},"class_list":["post-2241","page","type-page","status-publish","hentry","entry","no-media"],"_links":{"self":[{"href":"https:\/\/siessen.org\/pt-br\/wp-json\/wp\/v2\/pages\/2241","targetHints":{"allow":["GET"]}}],"collection":[{"href":"https:\/\/siessen.org\/pt-br\/wp-json\/wp\/v2\/pages"}],"about":[{"href":"https:\/\/siessen.org\/pt-br\/wp-json\/wp\/v2\/types\/page"}],"author":[{"embeddable":true,"href":"https:\/\/siessen.org\/pt-br\/wp-json\/wp\/v2\/users\/1"}],"replies":[{"embeddable":true,"href":"https:\/\/siessen.org\/pt-br\/wp-json\/wp\/v2\/comments?post=2241"}],"version-history":[{"count":10,"href":"https:\/\/siessen.org\/pt-br\/wp-json\/wp\/v2\/pages\/2241\/revisions"}],"predecessor-version":[{"id":4642,"href":"https:\/\/siessen.org\/pt-br\/wp-json\/wp\/v2\/pages\/2241\/revisions\/4642"}],"wp:attachment":[{"href":"https:\/\/siessen.org\/pt-br\/wp-json\/wp\/v2\/media?parent=2241"}],"curies":[{"name":"wp","href":"https:\/\/api.w.org\/{rel}","templated":true}]}}