{"id":2254,"date":"2023-03-23T16:32:30","date_gmt":"2023-03-23T15:32:30","guid":{"rendered":"https:\/\/siessen.org\/donativos\/"},"modified":"2024-04-12T09:30:50","modified_gmt":"2024-04-12T07:30:50","slug":"donativos","status":"publish","type":"page","link":"https:\/\/siessen.org\/pt-br\/donativos\/","title":{"rendered":"Doa\u00e7\u00f5es"},"content":{"rendered":"<div class=\"wpb-content-wrapper\">[vc_row][vc_column]<div class=\"vcex-spacing wpex-w-100 wpex-clear\"><\/div>[vc_column_text]\n<h1 style=\"text-align: center;\"><span class=\"wpex-text-4xl\">Quer ajudar-nos atrav\u00e9s de doa\u00e7\u00f5es?<\/span><\/h1>\n[\/vc_column_text]<div class=\"vcex-module vcex-divider-dots wpex-mx-auto wpex-last-mr-0 wpex-text-center\"><span class=\"wpex-inline-block wpex-rounded-full wpex-bg-accent wpex-mr-10\"><\/span><span class=\"wpex-inline-block wpex-rounded-full wpex-bg-accent wpex-mr-10\"><\/span><span class=\"wpex-inline-block wpex-rounded-full wpex-bg-accent wpex-mr-10\"><\/span><\/div><div class=\"vcex-spacing wpex-w-100 wpex-clear\"><\/div>[\/vc_column][\/vc_row][vc_row][vc_column width=&#8221;1\/4&#8243;]<div class=\"vcex-module vcex-teaser wpex-flex wpex-flex-col\"><div class=\"vcex-teaser-media wpex-mb-20\"><a href=\"https:\/\/siessen.org\/pt-br\/donativos\/procuracao-de-missao\/\" class=\"wpex-no-underline\" title=\"Missionsprokur\"><img width=\"2560\" height=\"1863\" src=\"https:\/\/siessen.org\/wp-content\/uploads\/2023\/06\/DSC_0750-scaled.jpg\" class=\"wpex-align-middle\" alt=\"\" loading=\"lazy\" decoding=\"async\" srcset=\"https:\/\/siessen.org\/wp-content\/uploads\/2023\/06\/DSC_0750-scaled.jpg 2560w, https:\/\/siessen.org\/wp-content\/uploads\/2023\/06\/DSC_0750-scaled-300x218.jpg 300w, https:\/\/siessen.org\/wp-content\/uploads\/2023\/06\/DSC_0750-1024x745.jpg 1024w, https:\/\/siessen.org\/wp-content\/uploads\/2023\/06\/DSC_0750-768x559.jpg 768w, https:\/\/siessen.org\/wp-content\/uploads\/2023\/06\/DSC_0750-1536x1118.jpg 1536w, https:\/\/siessen.org\/wp-content\/uploads\/2023\/06\/DSC_0750-2048x1490.jpg 2048w\" sizes=\"auto, (max-width: 2560px) 100vw, 2560px\" \/><\/a><\/div><div class=\"vcex-teaser-content\"><h2 class=\"vcex-teaser-heading wpex-heading wpex-text-lg\"><a href=\"https:\/\/siessen.org\/pt-br\/donativos\/procuracao-de-missao\/\" class=\"wpex-no-underline\" title=\"Missionsprokur\">Missionsprokur<\/a><\/h2><div class=\"vcex-teaser-text wpex-mt-10 wpex-last-mb-0 wpex-clr\"><p>As nossas Irm\u00e3s trabalham em v\u00e1rios projetos na \u00c1frica do Sul e no Brasil.<br \/>\nVivem entre e tamb\u00e9m com os pobres da sociedade, tentam ajudar as pessoas para que possam ajudarem-se a si pr\u00f3prias &#8211;<br \/>\ne para chamar aten\u00e7\u00e3o!<\/p>\n<p><a href=\"https:\/\/siessen.org\/pt-br\/donativos\/procuracao-de-missao\/\">mais&#8230;<\/a><\/p>\n<\/div><\/div><\/div>[\/vc_column][vc_column width=&#8221;1\/4&#8243;]<div class=\"vcex-module vcex-teaser wpex-flex wpex-flex-col\"><div class=\"vcex-teaser-media wpex-mb-20\"><a href=\"https:\/\/siessen.org\/pt-br\/donativos\/projectos-de-financiamento\/\" class=\"wpex-no-underline\" title=\"Missionsprokur\"><img width=\"640\" height=\"480\" src=\"https:\/\/siessen.org\/wp-content\/uploads\/2023\/06\/M_MFP_SA-Familienunter.jpg\" class=\"wpex-align-middle\" alt=\"\" loading=\"lazy\" decoding=\"async\" srcset=\"https:\/\/siessen.org\/wp-content\/uploads\/2023\/06\/M_MFP_SA-Familienunter.jpg 640w, https:\/\/siessen.org\/wp-content\/uploads\/2023\/06\/M_MFP_SA-Familienunter-300x225.jpg 300w\" sizes=\"auto, (max-width: 640px) 100vw, 640px\" \/><\/a><\/div><div class=\"vcex-teaser-content\"><h2 class=\"vcex-teaser-heading wpex-heading wpex-text-lg\"><a href=\"https:\/\/siessen.org\/pt-br\/donativos\/projectos-de-financiamento\/\" class=\"wpex-no-underline\" title=\"Missionsprokur\">Apoiar projetos no Brasil e na \u00c1frica do Sul<\/a><\/h2><div class=\"vcex-teaser-text wpex-mt-10 wpex-last-mb-0 wpex-clr\"><p>Projetos concretos das nossas Irm\u00e3s no Brasil e na \u00c1frica do Sul<\/p>\n<p><a href=\"https:\/\/siessen.org\/pt-br\/donativos\/projectos-de-financiamento\/\">mais&#8230;<\/a><\/p>\n<\/div><\/div><\/div>[\/vc_column][vc_column width=&#8221;1\/4&#8243;]<div class=\"vcex-module vcex-teaser wpex-flex wpex-flex-col\"><div class=\"vcex-teaser-media wpex-mb-20\"><a href=\"https:\/\/siessen.org\/pt-br\/donativos\/um-clique-mais\/\" class=\"wpex-no-underline\" title=\"Missionsprokur\"><img width=\"1383\" height=\"924\" src=\"https:\/\/siessen.org\/wp-content\/uploads\/2023\/08\/Bildungsspender1.jpg\" class=\"wpex-align-middle\" alt=\"\" loading=\"lazy\" decoding=\"async\" srcset=\"https:\/\/siessen.org\/wp-content\/uploads\/2023\/08\/Bildungsspender1.jpg 1383w, https:\/\/siessen.org\/wp-content\/uploads\/2023\/08\/Bildungsspender1-300x200.jpg 300w, https:\/\/siessen.org\/wp-content\/uploads\/2023\/08\/Bildungsspender1-1024x684.jpg 1024w, https:\/\/siessen.org\/wp-content\/uploads\/2023\/08\/Bildungsspender1-768x513.jpg 768w\" sizes=\"auto, (max-width: 1383px) 100vw, 1383px\" \/><\/a><\/div><div class=\"vcex-teaser-content\"><h2 class=\"vcex-teaser-heading wpex-heading wpex-text-lg\"><a href=\"https:\/\/siessen.org\/pt-br\/donativos\/um-clique-mais\/\" class=\"wpex-no-underline\" title=\"Missionsprokur\">Um clique mais<\/a><\/h2><div class=\"vcex-teaser-text wpex-mt-10 wpex-last-mb-0 wpex-clr\"><p>Por vezes, \u00e9 muito f\u00e1cil apoiar projetos. Por exemplo, mais um clique.<\/p>\n<p><a href=\"https:\/\/siessen.org\/pt-br\/donativos\/um-clique-mais\/\">mais&#8230;<\/a><\/p>\n<\/div><\/div><\/div>[\/vc_column][vc_column width=&#8221;1\/4&#8243;]<div class=\"vcex-module vcex-teaser wpex-flex wpex-flex-col\"><div class=\"vcex-teaser-media wpex-mb-20\"><img width=\"599\" height=\"400\" src=\"https:\/\/siessen.org\/wp-content\/uploads\/2023\/06\/Clown.jpg\" class=\"wpex-align-middle\" alt=\"\" loading=\"lazy\" decoding=\"async\" srcset=\"https:\/\/siessen.org\/wp-content\/uploads\/2023\/06\/Clown.jpg 599w, https:\/\/siessen.org\/wp-content\/uploads\/2023\/06\/Clown-300x200.jpg 300w\" sizes=\"auto, (max-width: 599px) 100vw, 599px\" \/><\/div><div class=\"vcex-teaser-content\"><h2 class=\"vcex-teaser-heading wpex-heading wpex-text-lg\">Apoiar projetos da Prov\u00edncia da Alemanha<\/h2><div class=\"vcex-teaser-text wpex-mt-10 wpex-last-mb-0 wpex-clr\"><p>Gostaria de apoiar a Prov\u00edncia da Alemanha nos seus projetos? Para mais informa\u00e7\u00f5es, entre em contato: <a href=\"mailto:info@klostersiessen.de\">info@klostersiessen.de<\/a><\/p>\n<\/div><\/div><\/div>[\/vc_column][\/vc_row]\n<\/div>","protected":false},"excerpt":{"rendered":"<p>[vc_row][vc_column][vc_column_text] Quer ajudar-nos atrav\u00e9s de doa\u00e7\u00f5es? [\/vc_column_text][\/vc_column][\/vc_row][vc_row][vc_column width=&#8221;1\/4&#8243;][\/vc_column][vc_column width=&#8221;1\/4&#8243;][\/vc_column][vc_column width=&#8221;1\/4&#8243;][\/vc_column][vc_column width=&#8221;1\/4&#8243;][\/vc_column][\/vc_row]<\/p>\n","protected":false},"author":1,"featured_media":0,"parent":0,"menu_order":0,"comment_status":"closed","ping_status":"closed","template":"","meta":{"footnotes":""},"class_list":["post-2254","page","type-page","status-publish","hentry","entry","no-media"],"_links":{"self":[{"href":"https:\/\/siessen.org\/pt-br\/wp-json\/wp\/v2\/pages\/2254","targetHints":{"allow":["GET"]}}],"collection":[{"href":"https:\/\/siessen.org\/pt-br\/wp-json\/wp\/v2\/pages"}],"about":[{"href":"https:\/\/siessen.org\/pt-br\/wp-json\/wp\/v2\/types\/page"}],"author":[{"embeddable":true,"href":"https:\/\/siessen.org\/pt-br\/wp-json\/wp\/v2\/users\/1"}],"replies":[{"embeddable":true,"href":"https:\/\/siessen.org\/pt-br\/wp-json\/wp\/v2\/comments?post=2254"}],"version-history":[{"count":10,"href":"https:\/\/siessen.org\/pt-br\/wp-json\/wp\/v2\/pages\/2254\/revisions"}],"predecessor-version":[{"id":4324,"href":"https:\/\/siessen.org\/pt-br\/wp-json\/wp\/v2\/pages\/2254\/revisions\/4324"}],"wp:attachment":[{"href":"https:\/\/siessen.org\/pt-br\/wp-json\/wp\/v2\/media?parent=2254"}],"curies":[{"name":"wp","href":"https:\/\/api.w.org\/{rel}","templated":true}]}}