{"id":2267,"date":"2023-03-23T16:32:10","date_gmt":"2023-03-23T15:32:10","guid":{"rendered":"https:\/\/siessen.org\/o-que-nos-move\/foco-2020-2026\/"},"modified":"2024-04-11T14:39:45","modified_gmt":"2024-04-11T12:39:45","slug":"foco-2020-2026","status":"publish","type":"page","link":"https:\/\/siessen.org\/pt-br\/o-que-nos-move\/foco-2020-2026\/","title":{"rendered":"Focus 2020-2026"},"content":{"rendered":"<div class=\"wpb-content-wrapper\">[vc_row css=&#8221;.vc_custom_1686488527528{background-position: center !important;background-repeat: no-repeat !important;background-size: contain !important;}&#8221;][vc_column][vc_column_text]\n<h1 style=\"text-align: center;\"><span class=\"wpex-text-4xl\">Focus 2020-2026<\/span><\/h1>\n[\/vc_column_text]<div class=\"vcex-module vcex-divider-dots wpex-mx-auto wpex-last-mr-0 wpex-text-center\"><span class=\"wpex-inline-block wpex-rounded-full wpex-bg-accent wpex-mr-10\"><\/span><span class=\"wpex-inline-block wpex-rounded-full wpex-bg-accent wpex-mr-10\"><\/span><span class=\"wpex-inline-block wpex-rounded-full wpex-bg-accent wpex-mr-10\"><\/span><\/div><div class=\"vcex-spacing wpex-w-100 wpex-clear\"><\/div>[\/vc_column][\/vc_row][vc_row column_spacing=&#8221;60&#8243; css=&#8221;.vc_custom_1687958081659{background-image: url(https:\/\/siessen.org\/wp-content\/uploads\/2023\/06\/baum-fine-gruen.jpg?id=695) !important;background-position: center !important;background-repeat: no-repeat !important;background-size: contain !important;}&#8221;][vc_column width=&#8221;1\/2&#8243; css=&#8221;.vc_custom_1687956862804{margin-right: 350px !important;}&#8221;]<div class=\"vcex-spacing wpex-w-100 wpex-clear\"><\/div><div class=\"vcex-spacing wpex-w-100 wpex-clear\"><\/div>[vc_column_text css=&#8221;.vc_custom_1710344108311{background-position: 0 0 !important;background-repeat: no-repeat !important;}&#8221;]\n<p style=\"text-align: left;\"><span style=\"font-size: 18px;\"><strong>Encontre!<\/strong><\/span><\/p>\n<p style=\"text-align: left;\"><span style=\"font-size: 18px;\"><strong>Escute!<\/strong><\/span><\/p>\n<p style=\"text-align: left;\"><span style=\"font-size: 18px;\"><strong>Conte!<\/strong><\/span><\/p>\n<p style=\"text-align: left;\"><span style=\"font-size: 18px;\"><strong>Descubra!<\/strong><\/span><\/p>\n<p style=\"text-align: left;\"><span style=\"font-size: 18px;\"><strong>Cuide!<\/strong><\/span><\/p>\n<p style=\"text-align: left;\"><span style=\"font-size: 18px;\"><strong>Cres\u00e7a!<\/strong><\/span><\/p>\n<p style=\"text-align: left;\"><span style=\"font-size: 18px;\"><strong>Seja!<\/strong><\/span><\/p>\n<p style=\"text-align: left;\"><span class=\"wpex-text-md wpex-text-lg\" style=\"font-size: 24px;\"><strong>  Como?<\/strong><\/span><\/p>\n<p style=\"text-align: left;\"><span style=\"font-size: 18px;\"><strong>espiritual, atento, trino, comum,<\/strong><\/span><br \/>\n<span style=\"font-size: 18px;\"><strong>como mission\u00e1ria 24\/7 com DNA franciscano<\/strong><\/span><\/p>\n[\/vc_column_text][\/vc_column][vc_column width=&#8221;1\/2&#8243; css=&#8221;.vc_custom_1687958176423{margin-left: 200px !important;}&#8221;][vc_column_text css=&#8221;.vc_custom_1686488637633{margin-right: 200px !important;}&#8221;]As nossas Constitui\u00e7\u00f5es dizem:<\/p>\n<p><em>\u00c9 tarefa do Cap\u00edtulo Geral conduzir a Congrega\u00e7\u00e3o corajosamente para o futuro, no esp\u00edrito do carisma franciscano, e responder energicamente \u00e0s oportunidades e desafios do tempo. O Cap\u00edtulo promove o interc\u00e2mbio entre as Prov\u00edncias, delibera sobre quest\u00f5es actuais da vida consagrada e d\u00e1 os impulsos necess\u00e1rios para a renova\u00e7\u00e3o e o desenvolvimento de toda a Congrega\u00e7\u00e3o. O pr\u00f3prio Cap\u00edtulo deve representar simbolicamente a unidade na Congrega\u00e7\u00e3o e servir \u00e0 unidade entre as Prov\u00edncias.<\/em><\/p>\n<p>As diversas discuss\u00f5es e decis\u00f5es do Cap\u00edtulo Geral de 2020 resultaram no &#8220;Focus&#8221;, o nosso trabalho de casa at\u00e9 ao pr\u00f3ximo Cap\u00edtulo Geral ordin\u00e1rio em 2026.[\/vc_column_text][\/vc_column][\/vc_row][vc_row][vc_column]<div class=\"vcex-spacing wpex-w-100 wpex-clear\"><\/div>[\/vc_column][\/vc_row][vc_row][vc_column width=&#8221;1\/3&#8243;]<div class=\"vcex-module vcex-teaser wpex-flex wpex-flex-col\"><div class=\"vcex-teaser-content\"><h2 class=\"vcex-teaser-heading wpex-heading wpex-text-lg\">Encontre!<\/h2><div class=\"vcex-teaser-text wpex-mt-10 wpex-last-mb-0 wpex-clr\"><p>Conversar umas com as outras sobre a nossa compreens\u00e3o dos votos e da lideran\u00e7a. Desenvolver em conjunto novas formas de pr\u00e1tica de votos. Forma\u00e7\u00e3o de l\u00edderes. Elaborar uma an\u00e1lise de risco e um conceito de prote\u00e7\u00e3o para evitar, na medida do poss\u00edvel, o abuso de poder.<\/p>\n<\/div><\/div><\/div>[\/vc_column][vc_column width=&#8221;1\/3&#8243;]<div class=\"vcex-module vcex-teaser wpex-flex wpex-flex-col\"><div class=\"vcex-teaser-content\"><h2 class=\"vcex-teaser-heading wpex-heading wpex-text-lg\">Ouvir e contar!<\/h2><div class=\"vcex-teaser-text wpex-mt-10 wpex-last-mb-0 wpex-clr\"><p>Desenvolver a parte espiritual da Regra de Vida por meio de um processo narrativo e envolver as Irm\u00e3s de todas as Prov\u00edncias nesse processo. Todas devem poder participar.<\/p>\n<\/div><\/div><\/div>[\/vc_column][vc_column width=&#8221;1\/3&#8243;]<div class=\"vcex-module vcex-teaser wpex-flex wpex-flex-col\"><div class=\"vcex-teaser-content\"><h2 class=\"vcex-teaser-heading wpex-heading wpex-text-lg\">Descubra!<\/h2><div class=\"vcex-teaser-text wpex-mt-10 wpex-last-mb-0 wpex-clr\"><p>Conversar sobre nossa vida comunit\u00e1ria. Descobrir a Trindade como modelo para a nossa vida. Praticar a fraternidade, a capacidade de di\u00e1logo, a comunica\u00e7\u00e3o, a aten\u00e7\u00e3o plena, a reconcilia\u00e7\u00e3o, a gratid\u00e3o.<\/p>\n<\/div><\/div><\/div>[\/vc_column][\/vc_row][vc_row][vc_column width=&#8221;1\/3&#8243;]<div class=\"vcex-module vcex-teaser wpex-flex wpex-flex-col\"><div class=\"vcex-teaser-content\"><h2 class=\"vcex-teaser-heading wpex-heading wpex-text-lg\">Cuide!<\/h2><div class=\"vcex-teaser-text wpex-mt-10 wpex-last-mb-0 wpex-clr\"><p>Abordar o tema de uma ecologia hol\u00edstica com base na espiritualidade franciscana. Desenvolvimento e implementa\u00e7\u00e3o de projectos ecol\u00f3gicos concretos. Relacionar o tema da responsabilidade pela cria\u00e7\u00e3o com a nossa miss\u00e3o a favor dos pobres.<\/p>\n<\/div><\/div><\/div>[\/vc_column][vc_column width=&#8221;1\/3&#8243;]<div class=\"vcex-module vcex-teaser wpex-flex wpex-flex-col\"><div class=\"vcex-teaser-content\"><h2 class=\"vcex-teaser-heading wpex-heading wpex-text-lg\">Cres\u00e7a!<\/h2><div class=\"vcex-teaser-text wpex-mt-10 wpex-last-mb-0 wpex-clr\"><p>Promover a integra\u00e7\u00e3o das Prov\u00edncias. Promover o ingl\u00eas como l\u00edngua comum da Congrega\u00e7\u00e3o. Iniciar um processo para encontrar uma marca de miss\u00e3o comum em todas as Prov\u00edncias.<\/p>\n<\/div><\/div><\/div>[\/vc_column][vc_column width=&#8221;1\/3&#8243;]<div class=\"vcex-module vcex-teaser wpex-flex wpex-flex-col\"><div class=\"vcex-teaser-content\"><h2 class=\"vcex-teaser-heading wpex-heading wpex-text-lg\">Seja!<\/h2><div class=\"vcex-teaser-text wpex-mt-10 wpex-last-mb-0 wpex-clr\"><p>Toda Irm\u00e3 \u00e9 mission\u00e1ria, e n\u00f3s somos mission\u00e1rias juntas. Viver as atitudes de fraternidade e de minoridade no encontro com as pessoas. Promover a forma\u00e7\u00e3o de c\u00e9lulas de ora\u00e7\u00e3o nacionais e internacionais.<\/p>\n<\/div><\/div><\/div>[\/vc_column][\/vc_row]\n<\/div>","protected":false},"excerpt":{"rendered":"<p>[vc_row css=&#8221;.vc_custom_1686488527528{background-position: center !important;background-repeat: no-repeat !important;background-size: contain !important;}&#8221;][vc_column][vc_column_text] Focus 2020-2026 [\/vc_column_text][\/vc_column][\/vc_row][vc_row column_spacing=&#8221;60&#8243; css=&#8221;.vc_custom_1687958081659{background-image: url(https:\/\/siessen.org\/wp-content\/uploads\/2023\/06\/baum-fine-gruen.jpg?id=695) !important;background-position: center !important;background-repeat: no-repeat !important;background-size: contain !important;}&#8221;][vc_column width=&#8221;1\/2&#8243; css=&#8221;.vc_custom_1687956862804{margin-right: 350px !important;}&#8221;][vc_column_text css=&#8221;.vc_custom_1710344108311{background-position: 0 0 !important;background-repeat: no-repeat !important;}&#8221;] Encontre! Escute! Conte! Descubra! Cuide! Cres\u00e7a! Seja! Como? espiritual, atento, trino, comum, como mission\u00e1ria 24\/7 com DNA franciscano [\/vc_column_text][\/vc_column][vc_column width=&#8221;1\/2&#8243; css=&#8221;.vc_custom_1687958176423{margin-left: 200px !important;}&#8221;][vc_column_text css=&#8221;.vc_custom_1686488637633{margin-right:&hellip;<\/p>\n","protected":false},"author":1,"featured_media":0,"parent":1931,"menu_order":0,"comment_status":"closed","ping_status":"closed","template":"","meta":{"footnotes":""},"class_list":["post-2267","page","type-page","status-publish","hentry","entry","no-media"],"_links":{"self":[{"href":"https:\/\/siessen.org\/pt-br\/wp-json\/wp\/v2\/pages\/2267","targetHints":{"allow":["GET"]}}],"collection":[{"href":"https:\/\/siessen.org\/pt-br\/wp-json\/wp\/v2\/pages"}],"about":[{"href":"https:\/\/siessen.org\/pt-br\/wp-json\/wp\/v2\/types\/page"}],"author":[{"embeddable":true,"href":"https:\/\/siessen.org\/pt-br\/wp-json\/wp\/v2\/users\/1"}],"replies":[{"embeddable":true,"href":"https:\/\/siessen.org\/pt-br\/wp-json\/wp\/v2\/comments?post=2267"}],"version-history":[{"count":10,"href":"https:\/\/siessen.org\/pt-br\/wp-json\/wp\/v2\/pages\/2267\/revisions"}],"predecessor-version":[{"id":4292,"href":"https:\/\/siessen.org\/pt-br\/wp-json\/wp\/v2\/pages\/2267\/revisions\/4292"}],"up":[{"embeddable":true,"href":"https:\/\/siessen.org\/pt-br\/wp-json\/wp\/v2\/pages\/1931"}],"wp:attachment":[{"href":"https:\/\/siessen.org\/pt-br\/wp-json\/wp\/v2\/media?parent=2267"}],"curies":[{"name":"wp","href":"https:\/\/api.w.org\/{rel}","templated":true}]}}