{"id":2274,"date":"2023-03-23T16:32:43","date_gmt":"2023-03-23T15:32:43","guid":{"rendered":"https:\/\/siessen.org\/donativos\/procuracao-de-missao\/"},"modified":"2025-11-26T09:08:04","modified_gmt":"2025-11-26T08:08:04","slug":"procuracao-de-missao","status":"publish","type":"page","link":"https:\/\/siessen.org\/pt-br\/donativos\/procuracao-de-missao\/","title":{"rendered":"Missionsprokur"},"content":{"rendered":"<div class=\"wpb-content-wrapper\">[vc_row equal_height=&#8221;yes&#8221;][vc_column width=&#8221;2\/3&#8243;][vc_column_text]\n<p style=\"text-align: left;\">As nossas Irm\u00e3s trabalham em v\u00e1rios projetos na \u00c1frica do Sul e no Brasil. Eles vivem entre e tamb\u00e9m com os pobres da sociedade, tentam ajudar as pessoas a se ajudarem mesmas. A \u00c1frica do Sul e o Brasil s\u00e3o entre os pa\u00edses do mundo onde os bens s\u00e3o distribu\u00eddos de forma mais injusta.<\/p>\n<p style=\"text-align: left;\">O trabalho de nossas irm\u00e3s visa a atender \u00e0s necessidades espec\u00edficas das pessoas. As irm\u00e3s os acompanham e os ajudam em sua vida cotidiana.<br \/>\nCom a ajuda de amigos e patrocinadores, apoiamos os pobres e necessitados nas \u00e1reas em que nossas coirm\u00e3s atuam.<\/p>\n<p style=\"text-align: left;\">A Missionsprokur gostaria de ser um lobby para essas pessoas e de solicitar apoio aqui na Alemanha.<\/p>\n<p style=\"text-align: left;\">Voc\u00ea pode ter certeza de que 100% do seu dinheiro ser\u00e1 encaminhado. N\u00e3o s\u00e3o deduzidos custos salariais e administrativos, nem taxas de transfer\u00eancia.<\/p>\n<p style=\"text-align: left;\">Se pretender apoiar um <a href=\"https:\/\/siessen.org\/pt-br\/donativos\/projectos-de-financiamento\/\">projeto<\/a> espec\u00edfico, indique a finalidade de utiliza\u00e7\u00e3o correspondente ao efetuar a transfer\u00eancia. Emitimos um recibo, se nos fornecer o seu endere\u00e7o completo.<\/p>\n<p style=\"text-align: left;\">A Ir. M. Tanja Lohr, Vig\u00e1ria Geral, est\u00e1 \u00e0 vossa disposi\u00e7\u00e3o para mais perguntas e informa\u00e7\u00f5es.<\/p>\n[\/vc_column_text][\/vc_column][vc_column wpex_shadow=&#8221;shadow-md&#8221; width=&#8221;1\/3&#8243; css=&#8221;.vc_custom_1722774793492{padding-top: 20px !important;padding-right: 20px !important;padding-bottom: 20px !important;padding-left: 20px !important;background-color: rgba(199,214,89,0.47) !important;*background-color: rgb(199,214,89) !important;}&#8221;]<figure class=\"vcex-image vcex-module wpex-text-right\"><div class=\"vcex-image-inner wpex-relative wpex-inline-block\"><img loading=\"lazy\" class=\"vcex-image-img wpex-align-middle\" decoding=\"async\" src=\"https:\/\/siessen.org\/wp-content\/uploads\/2023\/06\/DSC_0750-scaled-300x218.jpg\" alt=\"\" srcset=\"https:\/\/siessen.org\/wp-content\/uploads\/2023\/06\/DSC_0750-scaled-300x218.jpg 300w, https:\/\/siessen.org\/wp-content\/uploads\/2023\/06\/DSC_0750-1024x745.jpg 1024w, https:\/\/siessen.org\/wp-content\/uploads\/2023\/06\/DSC_0750-768x559.jpg 768w, https:\/\/siessen.org\/wp-content\/uploads\/2023\/06\/DSC_0750-1536x1118.jpg 1536w, https:\/\/siessen.org\/wp-content\/uploads\/2023\/06\/DSC_0750-2048x1490.jpg 2048w\" width=\"300\" height=\"218\"><\/div><\/figure>[vc_column_text css=&#8221;&#8221;]\n<div class=\"wpb_text_column wpb_content_element vc_custom_1602231505630\">\n<div class=\"wpb_wrapper\">\n<p style=\"text-align: right;\"><strong><br \/>\nIr. M. Tanja Lohr<br \/>\n<\/strong>Congrega\u00e7\u00e3o das Irm\u00e3s Franciscanas <br>von Sie\u00dfen &#8211; Generalate e. V.<br \/>\nKloster Sie\u00dfen 6, 88348 Bad Saulgau<br \/>\nTelefone 07581 80-451, Fax 07581 80-432<br \/>\n<a href=\"mailto:mission@klostersiessen.de\">mission(at)klostersiessen(dot)de<\/a><\/p>\n<\/div>\n<\/div>\n<div class=\"wpb_text_column wpb_content_element \">\n<div class=\"wpb_wrapper\">\n<p style=\"text-align: right;\"><strong><br \/>\nN\u00famero da conta da procura\u00e7\u00e3o da miss\u00e3o:<br \/>\n<\/strong>Kongregation der Franziskanerinnen<br \/>\nvon Siessen &#8211; Generalat e. V.<br \/>\nVR BANK DONAU-OBERSCHWABEN<br \/>\nIBAN: DE46 6509 3020 0047 8440 00<br \/>\nBIC: GENODES1SLG<\/p>\n<\/div>\n<\/div>\n[\/vc_column_text][\/vc_column][\/vc_row]\n<\/div>","protected":false},"excerpt":{"rendered":"<p>[vc_row equal_height=&#8221;yes&#8221;][vc_column width=&#8221;2\/3&#8243;][vc_column_text] As nossas Irm\u00e3s trabalham em v\u00e1rios projetos na \u00c1frica do Sul e no Brasil. Eles vivem entre e tamb\u00e9m com os pobres da sociedade, tentam ajudar as pessoas a se ajudarem mesmas. A \u00c1frica do Sul e o Brasil s\u00e3o entre os pa\u00edses do mundo onde os bens s\u00e3o distribu\u00eddos de forma&hellip;<\/p>\n","protected":false},"author":1,"featured_media":0,"parent":2254,"menu_order":0,"comment_status":"closed","ping_status":"closed","template":"","meta":{"footnotes":""},"class_list":["post-2274","page","type-page","status-publish","hentry","entry","no-media"],"_links":{"self":[{"href":"https:\/\/siessen.org\/pt-br\/wp-json\/wp\/v2\/pages\/2274","targetHints":{"allow":["GET"]}}],"collection":[{"href":"https:\/\/siessen.org\/pt-br\/wp-json\/wp\/v2\/pages"}],"about":[{"href":"https:\/\/siessen.org\/pt-br\/wp-json\/wp\/v2\/types\/page"}],"author":[{"embeddable":true,"href":"https:\/\/siessen.org\/pt-br\/wp-json\/wp\/v2\/users\/1"}],"replies":[{"embeddable":true,"href":"https:\/\/siessen.org\/pt-br\/wp-json\/wp\/v2\/comments?post=2274"}],"version-history":[{"count":10,"href":"https:\/\/siessen.org\/pt-br\/wp-json\/wp\/v2\/pages\/2274\/revisions"}],"predecessor-version":[{"id":6213,"href":"https:\/\/siessen.org\/pt-br\/wp-json\/wp\/v2\/pages\/2274\/revisions\/6213"}],"up":[{"embeddable":true,"href":"https:\/\/siessen.org\/pt-br\/wp-json\/wp\/v2\/pages\/2254"}],"wp:attachment":[{"href":"https:\/\/siessen.org\/pt-br\/wp-json\/wp\/v2\/media?parent=2274"}],"curies":[{"name":"wp","href":"https:\/\/api.w.org\/{rel}","templated":true}]}}