{"id":2301,"date":"2023-03-23T16:32:55","date_gmt":"2023-03-23T15:32:55","guid":{"rendered":"https:\/\/siessen.org\/donativos\/projectos-de-financiamento\/"},"modified":"2026-01-21T14:43:21","modified_gmt":"2026-01-21T13:43:21","slug":"projectos-de-financiamento","status":"publish","type":"page","link":"https:\/\/siessen.org\/pt-br\/donativos\/projectos-de-financiamento\/","title":{"rendered":"Projetos para apoiar"},"content":{"rendered":"<div class=\"wpb-content-wrapper\">[vc_row][vc_column][vc_column_text css=&#8221;&#8221;]\n<div class=\"vc_row wpb_row vc_row-fluid vc_custom_1469478575886\">\n<div class=\"wpb_column vc_column_container vc_col-sm-12\">\n<div class=\"vc_column-inner\">\n<div class=\"wpb_wrapper\">\n<div class=\"wpb_text_column wpb_content_element \">\n<div class=\"wpb_wrapper\">\n<p><strong>Os links levam-no a descri\u00e7\u00f5es de projetos espec\u00edficos.<\/strong><\/p>\n<\/div>\n<\/div>\n<\/div>\n<\/div>\n<\/div>\n<\/div>\n[\/vc_column_text][\/vc_column][\/vc_row][vc_row][vc_column width=&#8221;1\/3&#8243;][vc_column_text]\n<h1>Brasil<\/h1>\n[\/vc_column_text]<figure class=\"vcex-image vcex-module\"><div class=\"vcex-image-inner wpex-relative wpex-inline-block\"><img width=\"549\" height=\"812\" src=\"https:\/\/siessen.org\/wp-content\/uploads\/2023\/06\/Brasilien.png\" class=\"vcex-image-img wpex-align-middle\" alt=\"\" loading=\"lazy\" decoding=\"async\" srcset=\"https:\/\/siessen.org\/wp-content\/uploads\/2023\/06\/Brasilien.png 549w, https:\/\/siessen.org\/wp-content\/uploads\/2023\/06\/Brasilien-203x300.png 203w\" sizes=\"auto, (max-width: 549px) 100vw, 549px\" \/><\/div><\/figure>[\/vc_column][vc_column width=&#8221;1\/3&#8243;]<div class=\"vcex-module vcex-teaser vcex-teaser-four wpex-flex wpex-flex-col wpex-shadow wpex-border wpex-border-solid wpex-border-main\"><div class=\"vcex-teaser-media\"><a href=\"https:\/\/siessen.org\/pt-br\/donativos\/projectos-de-financiamento\/projeto-br-paz-e-bem\/\" class=\"wpex-no-underline\" title=\"Projekt BR Paz e bem\"><img width=\"1024\" height=\"768\" src=\"https:\/\/siessen.org\/wp-content\/uploads\/2023\/06\/pazebem.jpg\" class=\"wpex-align-middle\" alt=\"\" loading=\"lazy\" decoding=\"async\" srcset=\"https:\/\/siessen.org\/wp-content\/uploads\/2023\/06\/pazebem.jpg 1024w, https:\/\/siessen.org\/wp-content\/uploads\/2023\/06\/pazebem-300x225.jpg 300w, https:\/\/siessen.org\/wp-content\/uploads\/2023\/06\/pazebem-768x576.jpg 768w\" sizes=\"auto, (max-width: 1024px) 100vw, 1024px\" \/><\/a><\/div><div class=\"vcex-teaser-content wpex-p-20\"><h2 class=\"vcex-teaser-heading wpex-heading wpex-text-lg\"><a href=\"https:\/\/siessen.org\/pt-br\/donativos\/projectos-de-financiamento\/projeto-br-paz-e-bem\/\" class=\"wpex-no-underline\" title=\"Projekt BR Paz e bem\">Paz e bem<\/a><\/h2><div class=\"vcex-teaser-text wpex-mt-10 wpex-last-mb-0 wpex-clr\"><p>Uma oportunidade de responder com flexibilidade \u00e0s necessidades: por exemplo, comprar cestas b\u00e1sicas, rem\u00e9dios, fraldas, \u00f3culos, cadeiras de rodas, pagar os custos de transporte para o m\u00e9dico, exames, pequenas opera\u00e7\u00f5es&#8230;<\/p>\n<\/div><\/div><\/div><div class=\"vcex-spacing wpex-w-100 wpex-clear\" style=\"height:20px;\"><\/div><div class=\"vcex-module vcex-teaser vcex-teaser-four wpex-flex wpex-flex-col wpex-shadow wpex-border wpex-border-solid wpex-border-main\"><div class=\"vcex-teaser-media\"><a href=\"https:\/\/siessen.org\/pt-br\/donativos\/projectos-de-financiamento\/br-projeto-pastoral-da-juventude-e-vocacoes\/\" class=\"wpex-no-underline\" title=\"Projekt BR Jugend- und Berufungspastoral\"><img width=\"1280\" height=\"960\" src=\"https:\/\/siessen.org\/wp-content\/uploads\/2024\/07\/IMG-20230813-WA0001.jpg\" class=\"wpex-align-middle\" alt=\"\" loading=\"lazy\" decoding=\"async\" srcset=\"https:\/\/siessen.org\/wp-content\/uploads\/2024\/07\/IMG-20230813-WA0001.jpg 1280w, https:\/\/siessen.org\/wp-content\/uploads\/2024\/07\/IMG-20230813-WA0001-300x225.jpg 300w, https:\/\/siessen.org\/wp-content\/uploads\/2024\/07\/IMG-20230813-WA0001-1024x768.jpg 1024w, https:\/\/siessen.org\/wp-content\/uploads\/2024\/07\/IMG-20230813-WA0001-768x576.jpg 768w\" sizes=\"auto, (max-width: 1280px) 100vw, 1280px\" \/><\/a><\/div><div class=\"vcex-teaser-content wpex-p-20\"><h2 class=\"vcex-teaser-heading wpex-heading wpex-text-lg\"><a href=\"https:\/\/siessen.org\/pt-br\/donativos\/projectos-de-financiamento\/br-projeto-pastoral-da-juventude-e-vocacoes\/\" class=\"wpex-no-underline\" title=\"Projekt BR Jugend- und Berufungspastoral\">As Boas Novas para o povo<\/a><\/h2><div class=\"vcex-teaser-text wpex-mt-10 wpex-last-mb-0 wpex-clr\"><p>Entre outras coisas, a pandemia do coronav\u00edrus tamb\u00e9m paralisou as atividades de proclama\u00e7\u00e3o da f\u00e9. Muitos fi\u00e9is ainda n\u00e3o restabeleceram contato com suas par\u00f3quias &#8230;<\/p>\n<\/div><\/div><\/div><div class=\"vcex-spacing wpex-w-100 wpex-clear\" style=\"height:20px;\"><\/div><div class=\"vcex-module vcex-teaser vcex-teaser-four wpex-flex wpex-flex-col wpex-shadow wpex-border wpex-border-solid wpex-border-main\"><div class=\"vcex-teaser-media\"><a href=\"https:\/\/siessen.org\/pt-br\/donativos\/projectos-de-financiamento\/projeto-br-criancas-da-rua\/\" class=\"wpex-no-underline\" title=\"Projekt BR Kinder weg von der Stra\u00dfe\"><img width=\"480\" height=\"640\" src=\"https:\/\/siessen.org\/wp-content\/uploads\/2023\/06\/M_MFP-BRVerschiedenes.jpg\" class=\"wpex-align-middle\" alt=\"\" loading=\"lazy\" decoding=\"async\" srcset=\"https:\/\/siessen.org\/wp-content\/uploads\/2023\/06\/M_MFP-BRVerschiedenes.jpg 480w, https:\/\/siessen.org\/wp-content\/uploads\/2023\/06\/M_MFP-BRVerschiedenes-225x300.jpg 225w\" sizes=\"auto, (max-width: 480px) 100vw, 480px\" \/><\/a><\/div><div class=\"vcex-teaser-content wpex-p-20\"><h2 class=\"vcex-teaser-heading wpex-heading wpex-text-lg\"><a href=\"https:\/\/siessen.org\/pt-br\/donativos\/projectos-de-financiamento\/projeto-br-criancas-da-rua\/\" class=\"wpex-no-underline\" title=\"Projekt BR Kinder weg von der Stra\u00dfe\">Crian\u00e7as da rua<\/a><\/h2><div class=\"vcex-teaser-text wpex-mt-10 wpex-last-mb-0 wpex-clr\"><p>Nas localidades das nossas Irm\u00e3s, h\u00e1 muitos bairros que s\u00e3o pontos de transbordo de droga e onde as crian\u00e7as e os jovens vivem na rua. Assim, n\u00e3o s\u00e3o apenas presas f\u00e1ceis para os traficantes de droga, &#8230;<\/p>\n<\/div><\/div><\/div>[\/vc_column][vc_column width=&#8221;1\/3&#8243;]<div class=\"vcex-module vcex-teaser vcex-teaser-four wpex-flex wpex-flex-col wpex-shadow wpex-border wpex-border-solid wpex-border-main\"><div class=\"vcex-teaser-media\"><a href=\"https:\/\/siessen.org\/pt-br\/donativos\/projectos-de-financiamento\/projeto-br-ao-servico-da-vida\/\" class=\"wpex-no-underline\" title=\"Projekt BR Dem Leben dienen\"><img width=\"1417\" height=\"1063\" src=\"https:\/\/siessen.org\/wp-content\/uploads\/2023\/06\/BR_Dem-Leben-dienen.jpg\" class=\"wpex-align-middle\" alt=\"\" loading=\"lazy\" decoding=\"async\" srcset=\"https:\/\/siessen.org\/wp-content\/uploads\/2023\/06\/BR_Dem-Leben-dienen.jpg 1417w, https:\/\/siessen.org\/wp-content\/uploads\/2023\/06\/BR_Dem-Leben-dienen-300x225.jpg 300w, https:\/\/siessen.org\/wp-content\/uploads\/2023\/06\/BR_Dem-Leben-dienen-1024x768.jpg 1024w, https:\/\/siessen.org\/wp-content\/uploads\/2023\/06\/BR_Dem-Leben-dienen-768x576.jpg 768w\" sizes=\"auto, (max-width: 1417px) 100vw, 1417px\" \/><\/a><\/div><div class=\"vcex-teaser-content wpex-p-20\"><h2 class=\"vcex-teaser-heading wpex-heading wpex-text-lg\"><a href=\"https:\/\/siessen.org\/pt-br\/donativos\/projectos-de-financiamento\/projeto-br-ao-servico-da-vida\/\" class=\"wpex-no-underline\" title=\"Projekt BR Dem Leben dienen\">Cuidados de sa\u00fade<\/a><\/h2><div class=\"vcex-teaser-text wpex-mt-10 wpex-last-mb-0 wpex-clr\"><p>No estado mais pobre do nordeste do Brasil (Maranh\u00e3o), os cuidados de sa\u00fade p\u00fablica s\u00e3o insuficientemente garantidos. Os cuidados com as feridas que necessitariam de interven\u00e7\u00e3o cir\u00fargica n\u00e3o s\u00e3o frequentemente efetuados, &#8230;<\/p>\n<\/div><\/div><\/div><div class=\"vcex-spacing wpex-w-100 wpex-clear\" style=\"height:10px;\"><\/div><div class=\"vcex-module vcex-teaser vcex-teaser-four wpex-flex wpex-flex-col wpex-shadow wpex-border wpex-border-solid wpex-border-main\"><div class=\"vcex-teaser-media\"><a href=\"https:\/\/siessen.org\/pt-br\/donativos\/projectos-de-financiamento\/projeto-br-educacao\/\" class=\"wpex-no-underline\" title=\"Projekt BR Bildung\"><img width=\"1204\" height=\"1600\" src=\"https:\/\/siessen.org\/wp-content\/uploads\/2024\/07\/Marcelina-2.jpg\" class=\"wpex-align-middle\" alt=\"\" loading=\"lazy\" decoding=\"async\" srcset=\"https:\/\/siessen.org\/wp-content\/uploads\/2024\/07\/Marcelina-2.jpg 1204w, https:\/\/siessen.org\/wp-content\/uploads\/2024\/07\/Marcelina-2-226x300.jpg 226w, https:\/\/siessen.org\/wp-content\/uploads\/2024\/07\/Marcelina-2-771x1024.jpg 771w, https:\/\/siessen.org\/wp-content\/uploads\/2024\/07\/Marcelina-2-768x1021.jpg 768w, https:\/\/siessen.org\/wp-content\/uploads\/2024\/07\/Marcelina-2-1156x1536.jpg 1156w\" sizes=\"auto, (max-width: 1204px) 100vw, 1204px\" \/><\/a><\/div><div class=\"vcex-teaser-content wpex-p-20\"><h2 class=\"vcex-teaser-heading wpex-heading wpex-text-lg\"><a href=\"https:\/\/siessen.org\/pt-br\/donativos\/projectos-de-financiamento\/projeto-br-educacao\/\" class=\"wpex-no-underline\" title=\"Projekt BR Bildung\">Educa\u00e7\u00e3o<\/a><\/h2><div class=\"vcex-teaser-text wpex-mt-10 wpex-last-mb-0 wpex-clr\"><p>Muitos jovens s\u00e3o talentosos e ambiciosos, mas n\u00e3o disp\u00f5em de meios financeiros para pagar as propinas, as despesas de desloca\u00e7\u00e3o e a documenta\u00e7\u00e3o necess\u00e1ria. &#8230;<\/p>\n<\/div><\/div><\/div><div class=\"vcex-spacing wpex-w-100 wpex-clear\" style=\"height:10px;\"><\/div><div class=\"vcex-module vcex-teaser vcex-teaser-four wpex-flex wpex-flex-col wpex-shadow wpex-border wpex-border-solid wpex-border-main\"><div class=\"vcex-teaser-media\"><a href=\"https:\/\/siessen.org\/pt-br\/donativos\/projectos-de-financiamento\/projeto-br-garca\/\" class=\"wpex-no-underline\" title=\"Projekt BR Gar\u00e7a\"><img width=\"640\" height=\"480\" src=\"https:\/\/siessen.org\/wp-content\/uploads\/2023\/06\/M_MFP-BR-Garca.jpg\" class=\"wpex-align-middle\" alt=\"\" loading=\"lazy\" decoding=\"async\" srcset=\"https:\/\/siessen.org\/wp-content\/uploads\/2023\/06\/M_MFP-BR-Garca.jpg 640w, https:\/\/siessen.org\/wp-content\/uploads\/2023\/06\/M_MFP-BR-Garca-300x225.jpg 300w\" sizes=\"auto, (max-width: 640px) 100vw, 640px\" \/><\/a><\/div><div class=\"vcex-teaser-content wpex-p-20\"><h2 class=\"vcex-teaser-heading wpex-heading wpex-text-lg\"><a href=\"https:\/\/siessen.org\/pt-br\/donativos\/projectos-de-financiamento\/projeto-br-garca\/\" class=\"wpex-no-underline\" title=\"Projekt BR Gar\u00e7a\">Dona Maria Leonor<\/a><\/h2><div class=\"vcex-teaser-text wpex-mt-10 wpex-last-mb-0 wpex-clr\"><p>O Centro Infantil Dona Maria Leonor cuida de mais de 200 crian\u00e7as com idades entre 1 e 15 anos &#8230;<\/p>\n<\/div><\/div><\/div>[\/vc_column][\/vc_row][vc_row][vc_column][vc_separator border_width=&#8221;2&#8243; el_width=&#8221;80&#8243;][\/vc_column][\/vc_row][vc_row][vc_column width=&#8221;1\/3&#8243;][vc_column_text]\n<h1>\u00c1frica do Sul<\/h1>\n[\/vc_column_text]<figure class=\"vcex-image vcex-module\"><div class=\"vcex-image-inner wpex-relative wpex-inline-block\"><img width=\"571\" height=\"817\" src=\"https:\/\/siessen.org\/wp-content\/uploads\/2023\/06\/Suedafrika.png\" class=\"vcex-image-img wpex-align-middle\" alt=\"\" loading=\"lazy\" decoding=\"async\" srcset=\"https:\/\/siessen.org\/wp-content\/uploads\/2023\/06\/Suedafrika.png 571w, https:\/\/siessen.org\/wp-content\/uploads\/2023\/06\/Suedafrika-210x300.png 210w\" sizes=\"auto, (max-width: 571px) 100vw, 571px\" \/><\/div><\/figure>[\/vc_column][vc_column width=&#8221;1\/3&#8243;]<div class=\"vcex-module vcex-teaser vcex-teaser-four wpex-flex wpex-flex-col wpex-shadow wpex-border wpex-border-solid wpex-border-main\"><div class=\"vcex-teaser-media\"><a href=\"https:\/\/siessen.org\/pt-br\/donativos\/projectos-de-financiamento\/projeto-sa-bakery\/\" class=\"wpex-no-underline\" title=\"Projekt SA B\u00e4ckerei\"><img width=\"1280\" height=\"960\" src=\"https:\/\/siessen.org\/wp-content\/uploads\/2023\/06\/Bakery-Assisi-Mission-1.jpg\" class=\"wpex-align-middle\" alt=\"\" loading=\"lazy\" decoding=\"async\" srcset=\"https:\/\/siessen.org\/wp-content\/uploads\/2023\/06\/Bakery-Assisi-Mission-1.jpg 1280w, https:\/\/siessen.org\/wp-content\/uploads\/2023\/06\/Bakery-Assisi-Mission-1-300x225.jpg 300w, https:\/\/siessen.org\/wp-content\/uploads\/2023\/06\/Bakery-Assisi-Mission-1-1024x768.jpg 1024w, https:\/\/siessen.org\/wp-content\/uploads\/2023\/06\/Bakery-Assisi-Mission-1-768x576.jpg 768w\" sizes=\"auto, (max-width: 1280px) 100vw, 1280px\" \/><\/a><\/div><div class=\"vcex-teaser-content wpex-p-20\"><h2 class=\"vcex-teaser-heading wpex-heading wpex-text-lg\"><a href=\"https:\/\/siessen.org\/pt-br\/donativos\/projectos-de-financiamento\/projeto-sa-bakery\/\" class=\"wpex-no-underline\" title=\"Projekt SA B\u00e4ckerei\">Padaria de Assisi Mission<\/a><\/h2><div class=\"vcex-teaser-text wpex-mt-10 wpex-last-mb-0 wpex-clr\"><p>O projeto h\u00e1 muito planeado de fornecimento de p\u00e3o em Assisi Mission &#8230;.<\/p>\n<\/div><\/div><\/div><div class=\"vcex-spacing wpex-w-100 wpex-clear\" style=\"height:20px;\"><\/div><div class=\"vcex-module vcex-teaser vcex-teaser-four wpex-flex wpex-flex-col wpex-shadow wpex-border wpex-border-solid wpex-border-main\"><div class=\"vcex-teaser-media\"><a href=\"https:\/\/siessen.org\/pt-br\/donativos\/projectos-de-financiamento\/projeto-sa-centro-regina-pacis\/\" class=\"wpex-no-underline\" title=\"Projekt SA Regina Pacis Centre\"><img width=\"1417\" height=\"1063\" src=\"https:\/\/siessen.org\/wp-content\/uploads\/2023\/06\/RegP_Mechtilde.jpg\" class=\"wpex-align-middle\" alt=\"\" loading=\"lazy\" decoding=\"async\" srcset=\"https:\/\/siessen.org\/wp-content\/uploads\/2023\/06\/RegP_Mechtilde.jpg 1417w, https:\/\/siessen.org\/wp-content\/uploads\/2023\/06\/RegP_Mechtilde-300x225.jpg 300w, https:\/\/siessen.org\/wp-content\/uploads\/2023\/06\/RegP_Mechtilde-1024x768.jpg 1024w, https:\/\/siessen.org\/wp-content\/uploads\/2023\/06\/RegP_Mechtilde-768x576.jpg 768w\" sizes=\"auto, (max-width: 1417px) 100vw, 1417px\" \/><\/a><\/div><div class=\"vcex-teaser-content wpex-p-20\"><h2 class=\"vcex-teaser-heading wpex-heading wpex-text-lg\"><a href=\"https:\/\/siessen.org\/pt-br\/donativos\/projectos-de-financiamento\/projeto-sa-centro-regina-pacis\/\" class=\"wpex-no-underline\" title=\"Projekt SA Regina Pacis Centre\">Centro Regina Pacis<\/a><\/h2><div class=\"vcex-teaser-text wpex-mt-10 wpex-last-mb-0 wpex-clr\"><p>O Centro Regina Pacis oferece dias de reflex\u00e3o, v\u00e1rios programas educativos, cursos para casais, workshops para agricultores&#8230;.<\/p>\n<\/div><\/div><\/div><div class=\"vcex-spacing wpex-w-100 wpex-clear\" style=\"height:20px;\"><\/div><div class=\"vcex-module vcex-teaser vcex-teaser-four wpex-flex wpex-flex-col wpex-shadow wpex-border wpex-border-solid wpex-border-main\"><div class=\"vcex-teaser-media\"><a href=\"https:\/\/siessen.org\/pt-br\/donativos\/projectos-de-financiamento\/projeto-sa-st-marys-pre-school\/\" class=\"wpex-no-underline\" title=\"Projekt SA St. Mary\u2019s Pre-School \u2013 Kopie\"><img width=\"640\" height=\"480\" src=\"https:\/\/siessen.org\/wp-content\/uploads\/2023\/06\/M_MFP_SA-stmarypre.jpg\" class=\"wpex-align-middle\" alt=\"\" loading=\"lazy\" decoding=\"async\" srcset=\"https:\/\/siessen.org\/wp-content\/uploads\/2023\/06\/M_MFP_SA-stmarypre.jpg 640w, https:\/\/siessen.org\/wp-content\/uploads\/2023\/06\/M_MFP_SA-stmarypre-300x225.jpg 300w\" sizes=\"auto, (max-width: 640px) 100vw, 640px\" \/><\/a><\/div><div class=\"vcex-teaser-content wpex-p-20\"><h2 class=\"vcex-teaser-heading wpex-heading wpex-text-lg\"><a href=\"https:\/\/siessen.org\/pt-br\/donativos\/projectos-de-financiamento\/projeto-sa-st-marys-pre-school\/\" class=\"wpex-no-underline\" title=\"Projekt SA St. Mary\u2019s Pre-School \u2013 Kopie\">Jardins de inf\u00e2ncia<\/a><\/h2><div class=\"vcex-teaser-text wpex-mt-10 wpex-last-mb-0 wpex-clr\"><p>As irm\u00e3s administram os jardins de inf\u00e2ncia em Bothaville (St Mary&#8217;s Creche), Bloemfontein (St Joseph&#8217;s Creche) e em Botshabelo (La Verna Creche) &#8230;<\/p>\n<\/div><\/div><\/div><div class=\"vcex-spacing wpex-w-100 wpex-clear\" style=\"height:20px;\"><\/div>[\/vc_column][vc_column width=&#8221;1\/3&#8243;]<div class=\"vcex-module vcex-teaser vcex-teaser-four wpex-flex wpex-flex-col wpex-shadow wpex-border wpex-border-solid wpex-border-main\"><div class=\"vcex-teaser-media\"><a href=\"https:\/\/siessen.org\/pt-br\/donativos\/projectos-de-financiamento\/projeto-sa-cuidados-parciais\/\" class=\"wpex-no-underline\" title=\"Projekt SA Partial Care\"><img width=\"1417\" height=\"1063\" src=\"https:\/\/siessen.org\/wp-content\/uploads\/2023\/06\/partial-care1.jpg\" class=\"wpex-align-middle\" alt=\"\" loading=\"lazy\" decoding=\"async\" srcset=\"https:\/\/siessen.org\/wp-content\/uploads\/2023\/06\/partial-care1.jpg 1417w, https:\/\/siessen.org\/wp-content\/uploads\/2023\/06\/partial-care1-300x225.jpg 300w, https:\/\/siessen.org\/wp-content\/uploads\/2023\/06\/partial-care1-1024x768.jpg 1024w, https:\/\/siessen.org\/wp-content\/uploads\/2023\/06\/partial-care1-768x576.jpg 768w\" sizes=\"auto, (max-width: 1417px) 100vw, 1417px\" \/><\/a><\/div><div class=\"vcex-teaser-content wpex-p-20\"><h2 class=\"vcex-teaser-heading wpex-heading wpex-text-lg\"><a href=\"https:\/\/siessen.org\/pt-br\/donativos\/projectos-de-financiamento\/projeto-sa-cuidados-parciais\/\" class=\"wpex-no-underline\" title=\"Projekt SA Partial Care\">Centros infantis da Miss\u00e3o Assis<\/a><\/h2><div class=\"vcex-teaser-text wpex-mt-10 wpex-last-mb-0 wpex-clr\"><p>H\u00e1 duas instala\u00e7\u00f5es de cuidados para crian\u00e7as e jovens no local da Assisi Mission, o Bophelo Children and Youth Care Centre e o Rebabaletswe Centre &#8230;<\/p>\n<\/div><\/div><\/div><div class=\"vcex-spacing wpex-w-100 wpex-clear\" style=\"height:10px;\"><\/div><div class=\"vcex-module vcex-teaser vcex-teaser-four wpex-flex wpex-flex-col wpex-shadow wpex-border wpex-border-solid wpex-border-main\"><div class=\"vcex-teaser-media\"><a href=\"https:\/\/siessen.org\/pt-br\/donativos\/projectos-de-financiamento\/projeto-sa-apoio-a-familia\/\" class=\"wpex-no-underline\" title=\"Projekt SA Familienunterst\u00fctzung\"><img width=\"640\" height=\"480\" src=\"https:\/\/siessen.org\/wp-content\/uploads\/2023\/06\/M_MFP_SA-Familienunter.jpg\" class=\"wpex-align-middle\" alt=\"\" loading=\"lazy\" decoding=\"async\" srcset=\"https:\/\/siessen.org\/wp-content\/uploads\/2023\/06\/M_MFP_SA-Familienunter.jpg 640w, https:\/\/siessen.org\/wp-content\/uploads\/2023\/06\/M_MFP_SA-Familienunter-300x225.jpg 300w\" sizes=\"auto, (max-width: 640px) 100vw, 640px\" \/><\/a><\/div><div class=\"vcex-teaser-content wpex-p-20\"><h2 class=\"vcex-teaser-heading wpex-heading wpex-text-lg\"><a href=\"https:\/\/siessen.org\/pt-br\/donativos\/projectos-de-financiamento\/projeto-sa-apoio-a-familia\/\" class=\"wpex-no-underline\" title=\"Projekt SA Familienunterst\u00fctzung\">Apoio \u00e0 fam\u00edlia<\/a><\/h2><div class=\"vcex-teaser-text wpex-mt-10 wpex-last-mb-0 wpex-clr\"><p>Permitir que as crian\u00e7as e os jovens recebam uma educa\u00e7\u00e3o &#8230;<\/p>\n<\/div><\/div><\/div>[\/vc_column][\/vc_row][vc_row][vc_column][vc_column_text css=&#8221;.vc_custom_1686989136946{padding-top: 30px !important;padding-right: 30px !important;padding-bottom: 30px !important;padding-left: 30px !important;background-color: rgba(194,214,81,0.64) !important;background-position: center !important;background-repeat: no-repeat !important;background-size: cover !important;*background-color: rgb(194,214,81) !important;}&#8221;]Se quiser apoiar-nos financeiramente no nosso trabalho, ficaremos muito gratas. Aqui voc\u00ea encontrar\u00e1 nossos <a href=\"https:\/\/siessen.org\/pt-br\/donativos\/procuracao-de-missao\/\"><em>dados banc\u00e1rios<\/em><\/a>. Voc\u00ea pode inserir &#8220;doa\u00e7\u00e3o gratuita&#8221; como a finalidade pretendida (voc\u00ea receber\u00e1 um feedback sobre como seu dinheiro est\u00e1 sendo usado) ou pode especificar um pa\u00eds\/projeto espec\u00edfico. Emitimos um recibo, se nos fornecer o seu endere\u00e7o completo.[\/vc_column_text][\/vc_column][\/vc_row]\n<\/div>","protected":false},"excerpt":{"rendered":"<p>[vc_row][vc_column][vc_column_text css=&#8221;&#8221;] Os links levam-no a descri\u00e7\u00f5es de projetos espec\u00edficos. [\/vc_column_text][\/vc_column][\/vc_row][vc_row][vc_column width=&#8221;1\/3&#8243;][vc_column_text] Brasil [\/vc_column_text][\/vc_column][vc_column width=&#8221;1\/3&#8243;][\/vc_column][vc_column width=&#8221;1\/3&#8243;][\/vc_column][\/vc_row][vc_row][vc_column][vc_separator border_width=&#8221;2&#8243; el_width=&#8221;80&#8243;][\/vc_column][\/vc_row][vc_row][vc_column width=&#8221;1\/3&#8243;][vc_column_text] \u00c1frica do Sul [\/vc_column_text][\/vc_column][vc_column width=&#8221;1\/3&#8243;][\/vc_column][vc_column width=&#8221;1\/3&#8243;][\/vc_column][\/vc_row][vc_row][vc_column][vc_column_text css=&#8221;.vc_custom_1686989136946{padding-top: 30px !important;padding-right: 30px !important;padding-bottom: 30px !important;padding-left: 30px !important;background-color: rgba(194,214,81,0.64) !important;background-position: center !important;background-repeat: no-repeat !important;background-size: cover !important;*background-color: rgb(194,214,81) !important;}&#8221;]Se quiser apoiar-nos financeiramente no nosso trabalho, ficaremos muito gratas. Aqui voc\u00ea&hellip;<\/p>\n","protected":false},"author":1,"featured_media":0,"parent":2254,"menu_order":0,"comment_status":"closed","ping_status":"closed","template":"","meta":{"footnotes":""},"class_list":["post-2301","page","type-page","status-publish","hentry","entry","no-media"],"_links":{"self":[{"href":"https:\/\/siessen.org\/pt-br\/wp-json\/wp\/v2\/pages\/2301","targetHints":{"allow":["GET"]}}],"collection":[{"href":"https:\/\/siessen.org\/pt-br\/wp-json\/wp\/v2\/pages"}],"about":[{"href":"https:\/\/siessen.org\/pt-br\/wp-json\/wp\/v2\/types\/page"}],"author":[{"embeddable":true,"href":"https:\/\/siessen.org\/pt-br\/wp-json\/wp\/v2\/users\/1"}],"replies":[{"embeddable":true,"href":"https:\/\/siessen.org\/pt-br\/wp-json\/wp\/v2\/comments?post=2301"}],"version-history":[{"count":10,"href":"https:\/\/siessen.org\/pt-br\/wp-json\/wp\/v2\/pages\/2301\/revisions"}],"predecessor-version":[{"id":6853,"href":"https:\/\/siessen.org\/pt-br\/wp-json\/wp\/v2\/pages\/2301\/revisions\/6853"}],"up":[{"embeddable":true,"href":"https:\/\/siessen.org\/pt-br\/wp-json\/wp\/v2\/pages\/2254"}],"wp:attachment":[{"href":"https:\/\/siessen.org\/pt-br\/wp-json\/wp\/v2\/media?parent=2301"}],"curies":[{"name":"wp","href":"https:\/\/api.w.org\/{rel}","templated":true}]}}