{"id":2307,"date":"2023-03-23T16:31:52","date_gmt":"2023-03-23T15:31:52","guid":{"rendered":"https:\/\/siessen.org\/o-que-nos-move\/regra\/"},"modified":"2026-01-12T14:35:19","modified_gmt":"2026-01-12T13:35:19","slug":"regra","status":"publish","type":"page","link":"https:\/\/siessen.org\/pt-br\/o-que-nos-move\/regra\/","title":{"rendered":"Ordem de vida"},"content":{"rendered":"<div class=\"wpb-content-wrapper\">[vc_row][vc_column width=&#8221;1\/4&#8243;]<figure class=\"vcex-image vcex-module vcex-fill-column wpex-mb-0 wpex-text-left\"><div class=\"vcex-image-inner wpex-relative wpex-inline-block\"><img width=\"307\" height=\"200\" src=\"https:\/\/siessen.org\/wp-content\/uploads\/2023\/06\/aogk2019-schlussbild.jpg\" class=\"vcex-image-img wpex-align-middle\" alt=\"\" fetchpriority=\"low\" loading=\"lazy\" decoding=\"async\" srcset=\"https:\/\/siessen.org\/wp-content\/uploads\/2023\/06\/aogk2019-schlussbild.jpg 307w, https:\/\/siessen.org\/wp-content\/uploads\/2023\/06\/aogk2019-schlussbild-300x195.jpg 300w\" sizes=\"auto, (max-width: 307px) 100vw, 307px\" \/><\/div><\/figure>[\/vc_column][vc_column width=&#8221;3\/4&#8243;][vc_column_text css=&#8221;&#8221;]Quando perguntaram a S\u00e3o Francisco o que ele e seus irm\u00e3os viviam, sua resposta foi simples: n\u00f3s vivemos o Evangelho. Isso tamb\u00e9m se aplica a n\u00f3s, Irm\u00e3s Franciscanas de Sie\u00dfen, que seguimos seus passos. Entretanto, para liderar uma comunidade t\u00e3o diversificada hoje, precisamos de uma descri\u00e7\u00e3o mais precisa de nossa vida. Na Regra de Vida, encontramos orienta\u00e7\u00e3o para nossa vida espiritual, por um lado, mas tamb\u00e9m regulamentos legais sobre nossa estrutura, canais de tomada de decis\u00e3o,&#8230;.<br \/>\nDe 2014 a 2025, nossa comunidade revisou completamente suas regras de vida.[\/vc_column_text][\/vc_column][\/vc_row][vc_row][vc_column][vc_column_text css=&#8221;.vc_custom_1767812493611{margin-top: 40px !important;margin-right: 5px !important;margin-bottom: 40px !important;margin-left: 5px !important;border-radius: 4px !important;}&#8221; wpex_bg_color=&#8221;#dab0b0&#8243;]\n<h3>A ordem da vida tem as seguintes partes:<\/h3>\n<p>I Introdu\u00e7\u00e3o e vis\u00e3o geral da hist\u00f3ria<\/p>\n<p style=\"padding-left: 40px;\">II Regra da Ordem Terceira de S\u00e3o Francisco regulamentada<br \/>\n<span style=\"font-size: 13px;\">  Essa regra se aplica a todas as comunidades da Ordem Terceira Franciscana e foi aprovada em 8 de dezembro de 1982.<\/span><\/p>\n<p style=\"padding-left: 80px;\">III Espiritualidade<br \/>\n<span style=\"font-size: 13px;\"> Este texto foi desenvolvido em um processo sinodal com todas as irm\u00e3s e aprovado em agosto de 2025.<\/span><\/p>\n<p style=\"padding-left: 120px;\">IV Constitui\u00e7\u00f5es<br \/>\n<span style=\"font-size: 13px;\">  A estrutura e as principais quest\u00f5es legais est\u00e3o descritas aqui. Aprovado em 10 de outubro de 2019 pelo Bispo Dr. Gebhard F\u00fcrst <\/span><\/p>\n<p style=\"padding-left: 160px;\">V Estatuto<\/p>\n<p style=\"padding-left: 200px;\">VI Conselho Diretor Provincial<br \/>\n<span style=\"font-size: 13px;\"> \u00c9 aqui que cada prov\u00edncia regulamenta os assuntos relevantes para ela que v\u00e3o al\u00e9m dos documentos gerais.<\/span><\/p>\n[\/vc_column_text][\/vc_column][\/vc_row][vc_row][vc_column][vc_column_text css=&#8221;&#8221;]\n<h4>Voc\u00ea est\u00e1 interessado em nossas vidas?<\/h4>\n<p>Aqui voc\u00ea pode baixar os textos de Regra e Espiritualidade. Talvez eles tamb\u00e9m possam inspirar voc\u00ea em sua vida.[\/vc_column_text][\/vc_column][\/vc_row][vc_row][vc_column width=&#8221;1\/3&#8243;][vc_column_text css=&#8221;&#8221;]\n<h3>Regra<\/h3>\n<p><a href=\"https:\/\/siessen.org\/wp-content\/uploads\/2026\/01\/Die-Regel-dt.pdf\">Alem\u00e3o<\/a><\/p>\n<p><a href=\"https:\/\/siessen.org\/wp-content\/uploads\/2026\/01\/The-Rule-en.pdf\">Ingl\u00eas<\/a><\/p>\n<p><a href=\"https:\/\/siessen.org\/wp-content\/uploads\/2026\/01\/A-Regra-port.pdf\">Portugu\u00eas<\/a>[\/vc_column_text][\/vc_column][vc_column width=&#8221;1\/3&#8243;][vc_column_text css=&#8221;&#8221;]\n<h3>Espiritualidade<\/h3>\n<p><a href=\"https:\/\/siessen.org\/wp-content\/uploads\/2026\/01\/Spiritualitaet-DE.pdf\">Alem\u00e3o<\/a><\/p>\n<p><a href=\"https:\/\/siessen.org\/wp-content\/uploads\/2026\/01\/Spirituality-EN.pdf\">Ingl\u00eas<\/a><\/p>\n<p><a href=\"https:\/\/siessen.org\/wp-content\/uploads\/2026\/01\/Espiritualidade-PT.pdf\">Portugu\u00eas<\/a>[\/vc_column_text][\/vc_column][vc_column width=&#8221;1\/3&#8243;][\/vc_column][\/vc_row]\n<\/div>","protected":false},"excerpt":{"rendered":"<p>[vc_row][vc_column width=&#8221;1\/4&#8243;][\/vc_column][vc_column width=&#8221;3\/4&#8243;][vc_column_text css=&#8221;&#8221;]Quando perguntaram a S\u00e3o Francisco o que ele e seus irm\u00e3os viviam, sua resposta foi simples: n\u00f3s vivemos o Evangelho. Isso tamb\u00e9m se aplica a n\u00f3s, Irm\u00e3s Franciscanas de Sie\u00dfen, que seguimos seus passos. Entretanto, para liderar uma comunidade t\u00e3o diversificada hoje, precisamos de uma descri\u00e7\u00e3o mais precisa de nossa vida. Na&hellip;<\/p>\n","protected":false},"author":1,"featured_media":0,"parent":1931,"menu_order":0,"comment_status":"closed","ping_status":"closed","template":"","meta":{"footnotes":""},"class_list":["post-2307","page","type-page","status-publish","hentry","entry","no-media"],"_links":{"self":[{"href":"https:\/\/siessen.org\/pt-br\/wp-json\/wp\/v2\/pages\/2307","targetHints":{"allow":["GET"]}}],"collection":[{"href":"https:\/\/siessen.org\/pt-br\/wp-json\/wp\/v2\/pages"}],"about":[{"href":"https:\/\/siessen.org\/pt-br\/wp-json\/wp\/v2\/types\/page"}],"author":[{"embeddable":true,"href":"https:\/\/siessen.org\/pt-br\/wp-json\/wp\/v2\/users\/1"}],"replies":[{"embeddable":true,"href":"https:\/\/siessen.org\/pt-br\/wp-json\/wp\/v2\/comments?post=2307"}],"version-history":[{"count":10,"href":"https:\/\/siessen.org\/pt-br\/wp-json\/wp\/v2\/pages\/2307\/revisions"}],"predecessor-version":[{"id":6661,"href":"https:\/\/siessen.org\/pt-br\/wp-json\/wp\/v2\/pages\/2307\/revisions\/6661"}],"up":[{"embeddable":true,"href":"https:\/\/siessen.org\/pt-br\/wp-json\/wp\/v2\/pages\/1931"}],"wp:attachment":[{"href":"https:\/\/siessen.org\/pt-br\/wp-json\/wp\/v2\/media?parent=2307"}],"curies":[{"name":"wp","href":"https:\/\/api.w.org\/{rel}","templated":true}]}}