{"id":3376,"date":"2024-03-13T18:12:56","date_gmt":"2024-03-13T17:12:56","guid":{"rendered":"https:\/\/siessen.org\/responsabilidade-pela-criacao\/"},"modified":"2024-03-15T19:55:55","modified_gmt":"2024-03-15T18:55:55","slug":"responsabilidade-pela-criacao","status":"publish","type":"page","link":"https:\/\/siessen.org\/pt-br\/o-que-nos-move\/topicos\/responsabilidade-pela-criacao\/","title":{"rendered":"Responsabilidade pela cria\u00e7\u00e3o"},"content":{"rendered":"<div class=\"wpb-content-wrapper\">[vc_row][vc_column][vc_column_text]\n<h1 style=\"text-align: center;\"><span class=\"wpex-text-4xl\" style=\"color: #993300;\">Responsabilidade pela cria\u00e7\u00e3o<\/span><\/h1>\n[\/vc_column_text]<div class=\"vcex-module vcex-divider-dots wpex-mx-auto wpex-last-mr-0 wpex-text-center\"><span class=\"wpex-inline-block wpex-rounded-full wpex-bg-accent wpex-mr-10\"><\/span><span class=\"wpex-inline-block wpex-rounded-full wpex-bg-accent wpex-mr-10\"><\/span><span class=\"wpex-inline-block wpex-rounded-full wpex-bg-accent wpex-mr-10\"><\/span><\/div><div class=\"vcex-spacing wpex-w-100 wpex-clear\"><\/div>[\/vc_column][\/vc_row][vc_row][vc_column width=&#8221;2\/3&#8243;][vc_column_text]Desde a d\u00e9cada de 1980, um grupo de irm\u00e3s alem\u00e3s tem se reunido para manter viva a causa da justi\u00e7a, da paz e da integridade da cria\u00e7\u00e3o entre suas irm\u00e3s. Atualmente, h\u00e1 iniciativas em todas as nossas prov\u00edncias para promover uma ecologia hol\u00edstica. Os chamados grupos Laudato Si&#8217; tamb\u00e9m trabalham juntos em n\u00edvel internacional, por exemplo, eles criam um aux\u00edlio de trabalho lit\u00fargico para o Tempo da Cria\u00e7\u00e3o Laudato Si&#8217; anual que \u00e9 adaptado \u00e0s nossas necessidades. Vemos nosso compromisso como um processo de aprendizado cont\u00ednuo que exige consequ\u00eancias cada vez mais abrangentes em nossos pensamentos e a\u00e7\u00f5es.<\/p>\n<p>Depois da prov\u00edncia do Brasil, as prov\u00edncias da Alemanha e da \u00c1frica do Sul tamb\u00e9m est\u00e3o atualmente no processo de implementa\u00e7\u00e3o de gera\u00e7\u00e3o de energia alternativa para suas sedes provinciais.[\/vc_column_text][\/vc_column][vc_column width=&#8221;1\/3&#8243;]<div  class=\"vcex-module vcex-image-swap wpex-block\"><figure class=\"vcex-image-swap-inner wpex-block wpex-relative wpex-overflow-hidden\"><img width=\"2560\" height=\"1920\" src=\"https:\/\/siessen.org\/wp-content\/uploads\/2024\/03\/20240108_042057714_iOS-scaled.jpg\" class=\"vcex-image-swap-primary wpex-block wpex-w-100 wpex-overflow-hidden wpex-transition-opacity wpex-duration-500\" alt=\"\" loading=\"lazy\" decoding=\"async\" srcset=\"https:\/\/siessen.org\/wp-content\/uploads\/2024\/03\/20240108_042057714_iOS-scaled.jpg 2560w, https:\/\/siessen.org\/wp-content\/uploads\/2024\/03\/20240108_042057714_iOS-300x225.jpg 300w, https:\/\/siessen.org\/wp-content\/uploads\/2024\/03\/20240108_042057714_iOS-1024x768.jpg 1024w, https:\/\/siessen.org\/wp-content\/uploads\/2024\/03\/20240108_042057714_iOS-768x576.jpg 768w, https:\/\/siessen.org\/wp-content\/uploads\/2024\/03\/20240108_042057714_iOS-1536x1152.jpg 1536w, https:\/\/siessen.org\/wp-content\/uploads\/2024\/03\/20240108_042057714_iOS-2048x1536.jpg 2048w\" sizes=\"auto, (max-width: 2560px) 100vw, 2560px\" \/><img width=\"2560\" height=\"1719\" src=\"https:\/\/siessen.org\/wp-content\/uploads\/2024\/03\/20180524_181646-scaled-e1732531651365.jpg\" class=\"vcex-image-swap-secondary wpex-opacity-0 wpex-absolute wpex-inset-0 wpex-block wpex-w-100 wpex-overflow-hidden wpex-transition-opacity wpex-duration-500\" alt=\"\" loading=\"lazy\" decoding=\"async\" srcset=\"https:\/\/siessen.org\/wp-content\/uploads\/2024\/03\/20180524_181646-scaled-e1732531651365.jpg 2560w, https:\/\/siessen.org\/wp-content\/uploads\/2024\/03\/20180524_181646-scaled-e1732531651365-300x201.jpg 300w, https:\/\/siessen.org\/wp-content\/uploads\/2024\/03\/20180524_181646-scaled-e1732531651365-1024x688.jpg 1024w, https:\/\/siessen.org\/wp-content\/uploads\/2024\/03\/20180524_181646-scaled-e1732531651365-768x516.jpg 768w, https:\/\/siessen.org\/wp-content\/uploads\/2024\/03\/20180524_181646-scaled-e1732531651365-1536x1031.jpg 1536w, https:\/\/siessen.org\/wp-content\/uploads\/2024\/03\/20180524_181646-scaled-e1732531651365-2048x1375.jpg 2048w, https:\/\/siessen.org\/wp-content\/uploads\/2024\/03\/20180524_181646-scaled-e1732531651365-1200x806.jpg 1200w\" sizes=\"auto, (max-width: 2560px) 100vw, 2560px\" \/><\/figure><\/div>[\/vc_column][\/vc_row]\n<\/div>","protected":false},"excerpt":{"rendered":"<p>[vc_row][vc_column][vc_column_text] Responsabilidade pela cria\u00e7\u00e3o [\/vc_column_text][\/vc_column][\/vc_row][vc_row][vc_column width=&#8221;2\/3&#8243;][vc_column_text]Desde a d\u00e9cada de 1980, um grupo de irm\u00e3s alem\u00e3s tem se reunido para manter viva a causa da justi\u00e7a, da paz e da integridade da cria\u00e7\u00e3o entre suas irm\u00e3s. Atualmente, h\u00e1 iniciativas em todas as nossas prov\u00edncias para promover uma ecologia hol\u00edstica. Os chamados grupos Laudato Si&#8217; tamb\u00e9m trabalham&hellip;<\/p>\n","protected":false},"author":4,"featured_media":0,"parent":2012,"menu_order":0,"comment_status":"closed","ping_status":"closed","template":"","meta":{"footnotes":""},"class_list":["post-3376","page","type-page","status-publish","hentry","entry","no-media"],"_links":{"self":[{"href":"https:\/\/siessen.org\/pt-br\/wp-json\/wp\/v2\/pages\/3376","targetHints":{"allow":["GET"]}}],"collection":[{"href":"https:\/\/siessen.org\/pt-br\/wp-json\/wp\/v2\/pages"}],"about":[{"href":"https:\/\/siessen.org\/pt-br\/wp-json\/wp\/v2\/types\/page"}],"author":[{"embeddable":true,"href":"https:\/\/siessen.org\/pt-br\/wp-json\/wp\/v2\/users\/4"}],"replies":[{"embeddable":true,"href":"https:\/\/siessen.org\/pt-br\/wp-json\/wp\/v2\/comments?post=3376"}],"version-history":[{"count":10,"href":"https:\/\/siessen.org\/pt-br\/wp-json\/wp\/v2\/pages\/3376\/revisions"}],"predecessor-version":[{"id":3825,"href":"https:\/\/siessen.org\/pt-br\/wp-json\/wp\/v2\/pages\/3376\/revisions\/3825"}],"up":[{"embeddable":true,"href":"https:\/\/siessen.org\/pt-br\/wp-json\/wp\/v2\/pages\/2012"}],"wp:attachment":[{"href":"https:\/\/siessen.org\/pt-br\/wp-json\/wp\/v2\/media?parent=3376"}],"curies":[{"name":"wp","href":"https:\/\/api.w.org\/{rel}","templated":true}]}}