{"id":5125,"date":"2024-07-27T16:55:30","date_gmt":"2024-07-27T14:55:30","guid":{"rendered":"https:\/\/siessen.org\/contacto\/abuso-sexual-contato-com-as-vitimas\/"},"modified":"2024-11-15T11:21:14","modified_gmt":"2024-11-15T10:21:14","slug":"abuso-sexual-contato-com-as-vitimas","status":"publish","type":"page","link":"https:\/\/siessen.org\/pt-br\/contacto\/abuso-sexual-contato-com-as-vitimas\/","title":{"rendered":"Abuso sexual &#8211; contato com as v\u00edtimas"},"content":{"rendered":"<div class=\"wpb-content-wrapper\">[vc_row][vc_column][vc_column_text css=&#8221;&#8221;]\n<h2><strong>Abuso sexual de menores e adultos vulner\u00e1veis &#8211; detalhes de contato para v\u00edtimas<\/strong><\/h2>\n<p>O abuso sexual \u00e9 uma ofensa criminal desprez\u00edvel. As v\u00edtimas de viol\u00eancia sexualizada precisam ser tratadas com cuidado especial. Elas devem ser protegidas e receber apoio e aconselhamento. O Generalato das Irm\u00e3s Franciscanas de Siessen age de acordo com os &#8220;Regulamentos para lidar com o abuso sexual de menores e adultos vulner\u00e1veis na \u00e1rea de responsabilidade das ordens religiosas&#8221; da Confer\u00eancia Alem\u00e3 de Superiores de Ordens Religiosas (DOK) na vers\u00e3o datada de 24 de outubro de 2023. Incentivamos as pessoas que tenham sido v\u00edtimas de abuso sexual por um membro do Generalato das Irm\u00e3s Franciscanas de Siessen ou por uma pessoa agindo em nome do Generalato, ou que desejem denunciar abuso sexual de menores ou adultos vulner\u00e1veis, a proceder da seguinte forma:  <\/p>\n<ul>\n<li>Voc\u00ea entra em contato com a autoridade policial local com uma den\u00fancia.<\/li>\n<li>Entre em contato com uma das duas pessoas de contato para casos suspeitos de abuso sexual na Casa Geral das Irm\u00e3s Franciscanas de Siessen.<\/li>\n<li>Entre em contato com a Superiora Geral da Congrega\u00e7\u00e3o das Irm\u00e3s Franciscanas de Siessen <a href=\"mailto:generaloberin@klostersiessen.de\">(Ir. M. Karin Berger<\/a>, Kloster Siessen 6, 88348 Bad Saulgau, Alemanha)<\/li>\n<\/ul>\n<p><span style=\"color: #800000;\"> <\/span>[\/vc_column_text][vc_row_inner][vc_column_inner][vc_column_text css=&#8221;&#8221;]<span style=\"color: #800000;\"><strong>Pessoas de contato independentes para casos suspeitos de abuso sexual:<\/strong><\/span>[\/vc_column_text][\/vc_column_inner][\/vc_row_inner][vc_row_inner][vc_column_inner width=&#8221;1\/4&#8243;]<style>.vcex-image.vcex_69ea30958e1e9 .vcex-image-inner{max-width:200px;}.vcex-image.vcex_69ea30958e1e9 .vcex-image-img{height:300px;}<\/style><figure class=\"vcex-image vcex-module vcex_69ea30958e1e9\"><div class=\"vcex-image-inner wpex-relative wpex-inline-block\"><img width=\"946\" height=\"1366\" src=\"https:\/\/siessen.org\/wp-content\/uploads\/2024\/11\/2024-RA-Heinrich-beschn-e1731509591986.jpg\" class=\"vcex-image-img wpex-align-middle wpex-object-cover\" alt=\"\" loading=\"lazy\" decoding=\"async\" \/><\/div><\/figure>[vc_column_text css=&#8221;&#8221;]<a href=\"mailto:heinrich@rainheinrich.de\">Advogada Dra. Stefanie Heinrich<\/a>[\/vc_column_text][\/vc_column_inner][vc_column_inner width=&#8221;1\/4&#8243;]<style>.vcex-image.vcex_69ea30958e838 .vcex-image-inner{max-width:200px;}.vcex-image.vcex_69ea30958e838 .vcex-image-img{height:300px;}<\/style><figure class=\"vcex-image vcex-module vcex_69ea30958e838\"><div class=\"vcex-image-inner wpex-relative wpex-inline-block\"><img width=\"709\" height=\"1063\" src=\"https:\/\/siessen.org\/wp-content\/uploads\/2024\/11\/2024-Peter-Duttweiler-neu-e1731509345738.jpg\" class=\"vcex-image-img wpex-align-middle wpex-object-cover\" alt=\"\" loading=\"lazy\" decoding=\"async\" \/><\/div><\/figure>[vc_column_text css=&#8221;&#8221;][\/vc_column_text][vc_column_text css=&#8221;&#8221;]<a href=\"mailto:duttweiler.beratung@gmx.de\">Peter Duttweiler<\/a>[\/vc_column_text][\/vc_column_inner][vc_column_inner width=&#8221;1\/4&#8243;][\/vc_column_inner][vc_column_inner width=&#8221;1\/4&#8243;][\/vc_column_inner][\/vc_row_inner][vc_row_inner][vc_column_inner][vc_column_text css=&#8221;&#8221;]<span style=\"color: #000000;\">Na Alemanha, as pessoas que buscam ajuda podem usar o site do governo federal &#8220;<strong><a style=\"color: #000000;\" href=\"https:\/\/www.hilfe-portal-missbrauch.de\/startseite\"><span style=\"color: #800000;\">Portal de ajuda contra abuso<\/span><\/a><\/strong>&#8221; do governo federal para encontrar um centro de aconselhamento especializado em sua \u00e1rea.<\/span>[\/vc_column_text][\/vc_column_inner][\/vc_row_inner][vc_row_inner][vc_column_inner][vc_column_text css=&#8221;&#8221;]<span style=\"color: #800000;\"><strong>Oficial de preven\u00e7\u00e3o:<\/strong><\/span>[\/vc_column_text][\/vc_column_inner][\/vc_row_inner][vc_row_inner][vc_column_inner width=&#8221;1\/4&#8243;][vc_column_text css=&#8221;&#8221;]<a href=\"mailto:irtheresina@hotmail.com\">Irm\u00e3 M. Theresina Fehrenbacher<\/a><\/p>\n[\/vc_column_text][\/vc_column_inner][vc_column_inner width=&#8221;1\/4&#8243;][vc_column_text css=&#8221;&#8221;][\/vc_column_text][vc_column_text css=&#8221;&#8221;][\/vc_column_text][\/vc_column_inner][vc_column_inner width=&#8221;1\/4&#8243;][\/vc_column_inner][vc_column_inner width=&#8221;1\/4&#8243;][\/vc_column_inner][\/vc_row_inner][\/vc_column][\/vc_row][vc_row][vc_column][vc_column_text css=&#8221;&#8221;]Observe que, no caso de incidentes de abuso na \u00e1rea de responsabilidade das prov\u00edncias da Alemanha, \u00c1frica do Sul ou Brasil, as pessoas de contato respons\u00e1veis s\u00e3o: Prov\u00edncia Alem\u00e3:<a href=\"https:\/\/www.klostersiessen.de\/praevention-und-intervention\/\">Preven\u00e7\u00e3o e Interven\u00e7\u00e3o<\/a> Prov\u00edncia Sul-Africana:<a href=\"mailto:emmanuelakhwepe@gmail.com\">Ir. M. Emmanuela Khwepe<\/a> Prov\u00edncia Brasileira: Ir.<a href=\"mailto:rosasiessen@gmail.com\">Rosa Maria Severino<\/a> Se voc\u00ea n\u00e3o tiver certeza de quem \u00e9 respons\u00e1vel por voc\u00ea, teremos prazer em fornecer-lhe informa\u00e7\u00f5es.[\/vc_column_text][\/vc_column][\/vc_row]\n<\/div>","protected":false},"excerpt":{"rendered":"<p>[vc_row][vc_column][vc_column_text css=&#8221;&#8221;] Abuso sexual de menores e adultos vulner\u00e1veis &#8211; detalhes de contato para v\u00edtimas O abuso sexual \u00e9 uma ofensa criminal desprez\u00edvel. As v\u00edtimas de viol\u00eancia sexualizada precisam ser tratadas com cuidado especial. Elas devem ser protegidas e receber apoio e aconselhamento. O Generalato das Irm\u00e3s Franciscanas de Siessen age de acordo com os&hellip;<\/p>\n","protected":false},"author":3,"featured_media":0,"parent":1924,"menu_order":0,"comment_status":"closed","ping_status":"closed","template":"","meta":{"footnotes":""},"class_list":["post-5125","page","type-page","status-publish","hentry","entry","no-media"],"_links":{"self":[{"href":"https:\/\/siessen.org\/pt-br\/wp-json\/wp\/v2\/pages\/5125","targetHints":{"allow":["GET"]}}],"collection":[{"href":"https:\/\/siessen.org\/pt-br\/wp-json\/wp\/v2\/pages"}],"about":[{"href":"https:\/\/siessen.org\/pt-br\/wp-json\/wp\/v2\/types\/page"}],"author":[{"embeddable":true,"href":"https:\/\/siessen.org\/pt-br\/wp-json\/wp\/v2\/users\/3"}],"replies":[{"embeddable":true,"href":"https:\/\/siessen.org\/pt-br\/wp-json\/wp\/v2\/comments?post=5125"}],"version-history":[{"count":7,"href":"https:\/\/siessen.org\/pt-br\/wp-json\/wp\/v2\/pages\/5125\/revisions"}],"predecessor-version":[{"id":5151,"href":"https:\/\/siessen.org\/pt-br\/wp-json\/wp\/v2\/pages\/5125\/revisions\/5151"}],"up":[{"embeddable":true,"href":"https:\/\/siessen.org\/pt-br\/wp-json\/wp\/v2\/pages\/1924"}],"wp:attachment":[{"href":"https:\/\/siessen.org\/pt-br\/wp-json\/wp\/v2\/media?parent=5125"}],"curies":[{"name":"wp","href":"https:\/\/api.w.org\/{rel}","templated":true}]}}