{"id":6580,"date":"2026-01-08T11:10:40","date_gmt":"2026-01-08T10:10:40","guid":{"rendered":"https:\/\/siessen.org\/capitulo-geral-2026\/"},"modified":"2026-04-02T15:51:44","modified_gmt":"2026-04-02T13:51:44","slug":"capitulo-geral-2026","status":"publish","type":"page","link":"https:\/\/siessen.org\/pt-br\/o-que-nos-move\/topicos\/capitulo-geral-2026\/","title":{"rendered":"Cap\u00edtulo Geral 2026"},"content":{"rendered":"<div class=\"wpb-content-wrapper\">[vc_row][vc_column width=&#8221;2\/3&#8243;][vc_column_text css=&#8221;&#8221;]O Cap\u00edtulo Geral ser\u00e1 realizado de 2 a 21 de agosto de 2026. O Cap\u00edtulo Geral \u00e9 o mais alto \u00f3rg\u00e3o de tomada de decis\u00f5es da Congrega\u00e7\u00e3o. Ele elege a Lideran\u00e7a Geral para os pr\u00f3ximos seis anos e toma decis\u00f5es fundamentais para esse mandato.<br \/>\nOs participantes do Cap\u00edtulo Geral s\u00e3o os atuais portadores de cargos e os delegados eleitos das tr\u00eas prov\u00edncias.  <\/p>\n<h3>Todas as irm\u00e3s professas est\u00e3o envolvidas no Cap\u00edtulo Geral:<\/h3>\n<ul>\n<li>por meio da elei\u00e7\u00e3o de delegados,<\/li>\n<li>nomeando candidatos para o cargo de Superior Geral, Vig\u00e1rio Geral e Conselheiro Geral,<\/li>\n<li>trabalhando em t\u00f3picos futuros em reuni\u00f5es de irm\u00e3s, cap\u00edtulos de mat e cap\u00edtulos provinciais,<\/li>\n<li>enviando solicita\u00e7\u00f5es, sugest\u00f5es e declara\u00e7\u00f5es.<\/li>\n<\/ul>\n[\/vc_column_text][\/vc_column][vc_column width=&#8221;1\/3&#8243;]<figure class=\"vcex-image vcex-module\"><div class=\"vcex-image-inner wpex-relative wpex-inline-block\"><img width=\"2560\" height=\"1708\" src=\"https:\/\/siessen.org\/wp-content\/uploads\/2026\/01\/DSC_0141-scaled.jpg\" class=\"vcex-image-img wpex-align-middle\" alt=\"\" loading=\"lazy\" decoding=\"async\" srcset=\"https:\/\/siessen.org\/wp-content\/uploads\/2026\/01\/DSC_0141-scaled.jpg 2560w, https:\/\/siessen.org\/wp-content\/uploads\/2026\/01\/DSC_0141-300x200.jpg 300w, https:\/\/siessen.org\/wp-content\/uploads\/2026\/01\/DSC_0141-1024x683.jpg 1024w, https:\/\/siessen.org\/wp-content\/uploads\/2026\/01\/DSC_0141-768x512.jpg 768w, https:\/\/siessen.org\/wp-content\/uploads\/2026\/01\/DSC_0141-1536x1025.jpg 1536w, https:\/\/siessen.org\/wp-content\/uploads\/2026\/01\/DSC_0141-2048x1367.jpg 2048w\" sizes=\"auto, (max-width: 2560px) 100vw, 2560px\" \/><\/div><\/figure>[vc_column_text css=&#8221;&#8221;]Os capitulares do Cap\u00edtulo Geral Extraordin\u00e1rio 2025 ainda podem ser vistos nesta imagem.[\/vc_column_text][\/vc_column][\/vc_row][vc_row][vc_column width=&#8221;1\/4&#8243;][vc_column_text css=&#8221;&#8221;]\n<h3>A coragem de construir pontes<\/h3>\n<h4>Esse \u00e9 o lema do Cap\u00edtulo Geral deste ano.<\/h4>\n<p>Esse lema vem de uma ora\u00e7\u00e3o para o 800\u00ba anivers\u00e1rio do Transito de S\u00e3o Francisco.<br \/>\nO Papa Le\u00e3o o formulou e o colocou \u00e0 disposi\u00e7\u00e3o da Fam\u00edlia Franciscana.[\/vc_column_text][\/vc_column][vc_column width=&#8221;3\/4&#8243;][vc_column_text css=&#8221;&#8221;]\n<p>S\u00e3o Francisco, nosso irm\u00e3o,<br \/>\nque h\u00e1 800 anos se aproximou do irm\u00e3o Morte em completa paz,<br \/>\ninterceda por n\u00f3s diante do Senhor.<br \/>\nVoc\u00ea reconheceu a verdadeira paz no Crucificado de S\u00e3o Dami\u00e3o,<br \/>\nensine-nos a buscar nEle a fonte da reconcilia\u00e7\u00e3o que derruba todos os muros.<br \/>\nVoc\u00ea que, desarmado, rompeu as barreiras da guerra e da incompreens\u00e3o,<br \/>\nd\u00ea-nos a coragem de construir pontes onde o mundo tra\u00e7a fronteiras.<br \/>\nNeste tempo sobrecarregado por conflitos e divis\u00f5es,<br \/>\ninterceda por n\u00f3s para que nos tornemos pacificadores:<br \/>\ntestemunhas desarmadas e desarmadoras da paz que vem de Cristo.<\/p>\n<p>Am\u00e9m.[\/vc_column_text][\/vc_column][\/vc_row][vc_row][vc_column width=&#8221;1\/2&#8243;][vc_column_text css=&#8221;&#8221;]\n<h3>De acordo com as constitui\u00e7\u00f5es, as tarefas do Cap\u00edtulo Geral s\u00e3o eleger a nova Ger\u00eancia Geral:<\/h3>\n<p>As tarefas do Cap\u00edtulo Geral incluem<\/p>\n<ol>\n<li>Revis\u00e3o da vida franciscana da Congrega\u00e7\u00e3o e de sua miss\u00e3o \u00e0 luz dos sinais dos tempos,<\/li>\n<li>Recebimento dos relat\u00f3rios sobre a situa\u00e7\u00e3o da congrega\u00e7\u00e3o como base para outras consultas,<\/li>\n<li>Revisar e, se necess\u00e1rio, alterar as constitui\u00e7\u00f5es,<\/li>\n<li>Emitir, revisar e alterar artigos de associa\u00e7\u00e3o,<\/li>\n<li>Processamento de solicita\u00e7\u00f5es, sugest\u00f5es e coment\u00e1rios recebidos, estabelecimento de uma prov\u00edncia,<\/li>\n<li>Determina\u00e7\u00e3o dos territ\u00f3rios provinciais,<\/li>\n<li>Divis\u00e3o e fus\u00e3o de prov\u00edncias existentes,<\/li>\n<li>Convers\u00e3o de uma prov\u00edncia em uma regi\u00e3o,<\/li>\n<li>Cancelamento de uma prov\u00edncia e aliena\u00e7\u00e3o dos ativos da prov\u00edncia,<\/li>\n<li>Aconselhamento sobre quest\u00f5es financeiras e econ\u00f4micas fundamentais, se necess\u00e1rio, adapta\u00e7\u00e3o dos estatutos da entidade jur\u00eddica civil da congrega\u00e7\u00e3o, <\/li>\n<li>Determina\u00e7\u00e3o da chave de delegados para o pr\u00f3ximo Cap\u00edtulo Geral.<\/li>\n<\/ol>\n[\/vc_column_text][\/vc_column][vc_column width=&#8221;1\/2&#8243;][vc_column_text css=&#8221;&#8221;]\n<h3>T\u00f3picos deste Cap\u00edtulo Geral<\/h3>\n<p>Elas resultam das tarefas descritas \u00e0 esquerda, bem como dos aplicativos das irm\u00e3s.<\/p>\n<p>Em todo caso, os seguintes t\u00f3picos ser\u00e3o discutidos:<\/p>\n<p>Nossa miss\u00e3o<br \/>\nInternacionalidade<br \/>\nFormula\u00e7\u00e3o de nosso carisma.<\/p>\n<h3>Em que estamos trabalhando atualmente?<\/h3>\n<p>A elei\u00e7\u00e3o dos delegados foi conclu\u00edda.<\/p>\n<p>As irm\u00e3s enviaram solicita\u00e7\u00f5es e sugest\u00f5es at\u00e9 11 de janeiro.<br \/>\n. Elas agora est\u00e3o sendo traduzidas e disponibilizadas para todas as irm\u00e3s. As irm\u00e3s est\u00e3o atualmente preparando declara\u00e7\u00f5es sobre os pedidos.[\/vc_column_text][vc_column_text css=&#8221;&#8221; wpex_border_color=&#8221;#b31d1d&#8221;]\n<h2>Solicita\u00e7\u00e3o de ora\u00e7\u00e3o<\/h2>\n<p>Esse processo s\u00f3 pode ser bem-sucedido com a orienta\u00e7\u00e3o do Esp\u00edrito Santo. Por isso, pedimos a todos que orem por n\u00f3s!  <\/p>\n<p>Obrigado a voc\u00ea![\/vc_column_text][\/vc_column][\/vc_row]\n<\/div>","protected":false},"excerpt":{"rendered":"<p>[vc_row][vc_column width=&#8221;2\/3&#8243;][vc_column_text css=&#8221;&#8221;]O Cap\u00edtulo Geral ser\u00e1 realizado de 2 a 21 de agosto de 2026. O Cap\u00edtulo Geral \u00e9 o mais alto \u00f3rg\u00e3o de tomada de decis\u00f5es da Congrega\u00e7\u00e3o. Ele elege a Lideran\u00e7a Geral para os pr\u00f3ximos seis anos e toma decis\u00f5es fundamentais para esse mandato. Os participantes do Cap\u00edtulo Geral s\u00e3o os atuais portadores&hellip;<\/p>\n","protected":false},"author":3,"featured_media":0,"parent":2012,"menu_order":0,"comment_status":"closed","ping_status":"closed","template":"","meta":{"footnotes":""},"class_list":["post-6580","page","type-page","status-publish","hentry","entry","no-media"],"_links":{"self":[{"href":"https:\/\/siessen.org\/pt-br\/wp-json\/wp\/v2\/pages\/6580","targetHints":{"allow":["GET"]}}],"collection":[{"href":"https:\/\/siessen.org\/pt-br\/wp-json\/wp\/v2\/pages"}],"about":[{"href":"https:\/\/siessen.org\/pt-br\/wp-json\/wp\/v2\/types\/page"}],"author":[{"embeddable":true,"href":"https:\/\/siessen.org\/pt-br\/wp-json\/wp\/v2\/users\/3"}],"replies":[{"embeddable":true,"href":"https:\/\/siessen.org\/pt-br\/wp-json\/wp\/v2\/comments?post=6580"}],"version-history":[{"count":10,"href":"https:\/\/siessen.org\/pt-br\/wp-json\/wp\/v2\/pages\/6580\/revisions"}],"predecessor-version":[{"id":7224,"href":"https:\/\/siessen.org\/pt-br\/wp-json\/wp\/v2\/pages\/6580\/revisions\/7224"}],"up":[{"embeddable":true,"href":"https:\/\/siessen.org\/pt-br\/wp-json\/wp\/v2\/pages\/2012"}],"wp:attachment":[{"href":"https:\/\/siessen.org\/pt-br\/wp-json\/wp\/v2\/media?parent=6580"}],"curies":[{"name":"wp","href":"https:\/\/api.w.org\/{rel}","templated":true}]}}